{"id":200046,"date":"2024-05-23T20:40:45","date_gmt":"2024-05-24T00:40:45","guid":{"rendered":"https:\/\/www.breakthrought1d.org\/monthly-giving-es\/"},"modified":"2025-07-16T14:13:50","modified_gmt":"2025-07-16T18:13:50","slug":"donacion-mensual","status":"publish","type":"page","link":"https:\/\/www.breakthrought1d.org\/es\/formas-de-dar\/donacion-mensual\/","title":{"rendered":"Donaci\u00f3n mensual"},"content":{"rendered":"\n<div class=\"page-header alignfull wp-block-jdfr-page-header\">\n\t<div class=\"page-header__inner-container\">\n\t\t\n<nav id=\"breadcrumbs\" class=\"site-breadcrumbs alignfull\" aria-label=\"Breadcrumbs\">\n\t<ul class=\"site-breadcrumbs__inner\"><li class=\"breadcrumb-item\"><a href=\"https:\/\/www.breakthrought1d.org\/es\/\">Inicio<\/a><\/li><li class=\"site-breadcrumbs__separator\"><?xml version=\"1.0\"?>\n<svg xmlns=\"http:\/\/www.w3.org\/2000\/svg\" width=\"9.143\" height=\"16\" fill=\"currentColor\" viewBox=\"0 0 9.143 16\" aria-hidden=\"true\"><path d=\"M9.143,21a1.143,1.143,0,0,1-.808-1.951L14.384,13,8.335,6.951A1.143,1.143,0,0,1,9.951,5.335l6.857,6.857a1.143,1.143,0,0,1,0,1.616L9.951,20.665A1.139,1.139,0,0,1,9.143,21Z\" transform=\"translate(-8 -5)\"\/><\/svg>\n<\/li><li class=\"breadcrumb-item\" aria-current=\"page\" tabindex=\"0\" role=\"text\" aria-label=\"Current-page: \"><\/li><\/ul><\/nav>\n\n\t\t<div class=\"page-header__content\">\n\t\t\t<h1 class=\"page-header__title\">\u00danete al C\u00edrculo de Descubrimiento (Discovery Circle)<\/h1><div class=\"page-header__description\"><p>Los donantes mensuales de Breakthrough T1D se comprometen a financiar la investigaci\u00f3n de la diabetes tipo 1 durante todo el a\u00f1o. Tus contribuciones trazan el camino para curar, prevenir y tratar mejor la diabetes tipo 1 y sus complicaciones, y garantizar el acceso a los tratamientos en todo el mundo. <\/p>\n<\/div>\n\t\t\t\t\t<\/div>\n\t<\/div>\n<\/div>\n\n\n\n<div class=\"wp-block-group alignfull has-white-background-color has-background has-gradient is-layout-constrained wp-block-group-is-layout-constrained\">\n<div class=\"wp-block-columns is-layout-flex wp-container-core-columns-is-layout-28f84493 wp-block-columns-is-layout-flex has-2-columns\">\n<div class=\"wp-block-column is-layout-flow wp-block-column-is-layout-flow\" style=\"flex-basis:66.66%\">\n<h2 class=\"wp-block-heading\" id=\"your-monthly-gift-changes-lives\">Tu donativo mensual cambia vidas<\/h2>\n\n\n\n<p class=\"is-style-large-body wp-block-paragraph\">Cuando te unes al C\u00edrculo de Descubrimiento de Breakthrough T1D, no s\u00f3lo est\u00e1s haciendo donaciones mensuales: est\u00e1s cambiando vidas, \u00a1ahora mismo! Independientemente de lo que decidas donar, estar\u00e1s proporcionando recursos y herramientas fundamentales que ayudan a la comunidad de la diabetes tipo 1 (DT1) a prosperar hoy y todos los d\u00edas: <\/p>\n\n\n\n<ul class=\"wp-block-list\">\n<li class=\"wp-block-list-item\">Nuevas terapias y dispositivos para mejorar la vida diaria con DT1<\/li>\n\n\n\n<li class=\"wp-block-list-item\">Detecci\u00f3n temprana global de la DT1<\/li>\n\n\n\n<li class=\"wp-block-list-item\">Insulina m\u00e1s asequible para todas las personas con DT1<\/li>\n<\/ul>\n<\/div>\n\n\n\n<div class=\"wp-block-column is-layout-flow wp-block-column-is-layout-flow\" style=\"flex-basis:33.33%\"><\/div>\n<\/div>\n<\/div>\n\n\n\n<div class=\"wp-block-group alignfull has-light-gray-background-color has-background is-layout-constrained wp-block-group-is-layout-constrained\">\n<div class=\"wp-block-columns is-layout-flex wp-container-core-columns-is-layout-28f84493 wp-block-columns-is-layout-flex has-2-columns\">\n<div class=\"wp-block-column is-layout-flow wp-block-column-is-layout-flow\" style=\"flex-basis:33.33%\">\n<h2 class=\"wp-block-heading\" id=\"the-best-way-to-advance-t1d-research-1\">La mejor manera de avanzar en la investigaci\u00f3n de la DT1<\/h2>\n<\/div>\n\n\n\n<div class=\"wp-block-column is-layout-flow wp-block-column-is-layout-flow\" style=\"flex-basis:66.66%\">\n<p class=\"wp-block-paragraph\">Tu apoyo mensual a Breakthrough T1D ayuda a avanzar en los descubrimientos de la DT1, a desbloquear el acceso a esos avances y a profundizar en el compromiso y el apoyo de nuestra comunidad. <\/p>\n\n\n\n<p class=\"wp-block-paragraph\">Al unirte a nuestro C\u00edrculo de Descubrimiento, tambi\u00e9n: <\/p>\n\n\n\n<ul class=\"wp-block-list\">\n<li class=\"wp-block-list-item\">Recibes actualizaciones puntuales sobre los avances en la investigaci\u00f3n de la DT1<\/li>\n\n\n\n<li class=\"wp-block-list-item\">Conoces formas exclusivas de ampliar tu impacto<\/li>\n\n\n\n<li class=\"wp-block-list-item\">\u00danete a una comunidad apasionada centrada en curar la DT1<\/li>\n<\/ul>\n\n\n\n<div class=\"wp-block-buttons is-layout-flex wp-block-buttons-is-layout-flex\">\n<div class=\"wp-block-button is-style-link\"><a class=\"wp-block-button__link wp-element-button\" href=\"https:\/\/secure3.convio.net\/jdrf3\/site\/Donation2?2376.donation=form1&amp;df_id=2376&amp;mfc_pref=T&amp;s_src=monthlyGiving&amp;_gl=1*fpo9dw*_gcl_au*MTc0NDMyOTk3MS4xNzEyOTUyNjg3&amp;_ga=2.147507639.1841564846.1715615699-1190123159.1712952688\">\u00danete a nuestro c\u00edrculo de descubrimiento<\/a><\/div>\n<\/div>\n<\/div>\n<\/div>\n<\/div>\n\n\n\n<div class=\"wp-block-media-text alignfull is-stacked-on-mobile has-white-color has-navy-background-color has-text-color has-background has-link-color wp-elements-2171014780151aa9d71fc4f7f3212ea2\"><figure class=\"wp-block-media-text__media\"><img loading=\"lazy\" decoding=\"async\" width=\"1024\" height=\"683\" src=\"https:\/\/www.breakthrought1d.org\/wp-content\/uploads\/2024\/05\/LivingT1D-1720223377-1024x683.jpg\" alt=\"Enfermera apoyando a una ni\u00f1a con diabetes Tipo 1\" class=\"wp-image-191995 size-full\" srcset=\"https:\/\/www.breakthrought1d.org\/wp-content\/uploads\/2024\/05\/LivingT1D-1720223377-1024x683.jpg 1024w, https:\/\/www.breakthrought1d.org\/wp-content\/uploads\/2024\/05\/LivingT1D-1720223377-300x200.jpg 300w, https:\/\/www.breakthrought1d.org\/wp-content\/uploads\/2024\/05\/LivingT1D-1720223377-768x512.jpg 768w, https:\/\/www.breakthrought1d.org\/wp-content\/uploads\/2024\/05\/LivingT1D-1720223377-1536x1024.jpg 1536w, https:\/\/www.breakthrought1d.org\/wp-content\/uploads\/2024\/05\/LivingT1D-1720223377-2048x1365.jpg 2048w, https:\/\/www.breakthrought1d.org\/wp-content\/uploads\/2024\/05\/LivingT1D-1720223377-800x533.jpg 800w, https:\/\/www.breakthrought1d.org\/wp-content\/uploads\/2024\/05\/LivingT1D-1720223377-1200x800.jpg 1200w\" sizes=\"auto, (max-width: 1024px) 100vw, 1024px\" \/><\/figure><div class=\"wp-block-media-text__content\">\n<h2 class=\"wp-block-heading\" id=\"discover-our-impact\">Descubre nuestro impacto<\/h2>\n\n\n\n<p class=\"wp-block-paragraph\">Con tu apoyo, estamos creando un movimiento para mejorar y cambiar la vida con DT1, avanzando en el camino hacia la cura de la condici\u00f3n. Ninguna organizaci\u00f3n hace m\u00e1s por mejorar la vida cotidiana de las personas con DT1. <\/p>\n\n\n\n<div class=\"wp-block-buttons is-layout-flex wp-block-buttons-is-layout-flex\" style=\"margin-top:var(--wp--preset--spacing--32)\">\n<div class=\"wp-block-button is-style-primary\"><a class=\"wp-block-button__link wp-element-button\" href=\"https:\/\/www.breakthrought1d.org\/es\/nuestro-impacto\/\">Obt\u00e9n m\u00e1s informaci\u00f3n<\/a><\/div>\n<\/div>\n<\/div><\/div>\n","protected":false,"raw":""},"excerpt":{"rendered":"<p>Tu donativo mensual cambia vidas Cuando te unes al C\u00edrculo de Descubrimiento de Breakthrough T1D, no s\u00f3lo est\u00e1s haciendo donaciones mensuales: est\u00e1s cambiando vidas, \u00a1ahora mismo! Independientemente de lo que decidas donar, estar\u00e1s proporcionando recursos y herramientas fundamentales que ayudan a la comunidad de la diabetes tipo 1 (DT1) a prosperar hoy y todos los [&hellip;]<\/p>\n","protected":false},"author":1222,"featured_media":0,"parent":212376,"menu_order":0,"comment_status":"closed","ping_status":"closed","template":"","meta":{"_acf_changed":false,"ep_exclude_from_search":false,"publish_on_app_meta":"True","iawp_total_views":36,"footnotes":""},"class_list":["post-200046","page","type-page","status-publish","hentry"],"acf":[],"yoast_head":"<!-- This site is optimized with the Yoast SEO plugin v27.3 - https:\/\/yoast.com\/product\/yoast-seo-wordpress\/ -->\n<title>Donaci\u00f3n mensual - Breakthrough T1D<\/title>\n<meta name=\"robots\" content=\"index, follow, max-snippet:-1, max-image-preview:large, max-video-preview:-1\" \/>\n<link rel=\"canonical\" href=\"https:\/\/www.breakthrought1d.org\/es\/formas-de-dar\/donacion-mensual\/\" \/>\n<meta property=\"og:locale\" content=\"es_ES\" \/>\n<meta property=\"og:type\" content=\"article\" \/>\n<meta property=\"og:title\" content=\"Donaci\u00f3n mensual - Breakthrough T1D\" \/>\n<meta property=\"og:description\" content=\"Tu donativo mensual cambia vidas Cuando te unes al C\u00edrculo de Descubrimiento de Breakthrough T1D, no s\u00f3lo est\u00e1s haciendo donaciones mensuales: est\u00e1s cambiando vidas, \u00a1ahora mismo! Independientemente de lo que decidas donar, estar\u00e1s proporcionando recursos y herramientas fundamentales que ayudan a la comunidad de la diabetes tipo 1 (DT1) a prosperar hoy y todos los [&hellip;]\" \/>\n<meta property=\"og:url\" content=\"https:\/\/www.breakthrought1d.org\/es\/formas-de-dar\/donacion-mensual\/\" \/>\n<meta property=\"og:site_name\" content=\"Breakthrough T1D\" \/>\n<meta property=\"article:publisher\" content=\"https:\/\/www.facebook.com\/breakthrought1dHQ\" \/>\n<meta property=\"article:modified_time\" content=\"2025-07-16T18:13:50+00:00\" \/>\n<meta property=\"og:image\" content=\"https:\/\/www.breakthrought1d.org\/wp-content\/uploads\/2024\/05\/LivingT1D-1720223377-scaled.jpg\" \/>\n\t<meta property=\"og:image:width\" content=\"2560\" \/>\n\t<meta property=\"og:image:height\" content=\"1707\" \/>\n\t<meta property=\"og:image:type\" content=\"image\/jpeg\" \/>\n<meta name=\"twitter:card\" content=\"summary_large_image\" \/>\n<meta name=\"twitter:site\" content=\"@breakthrought1d\" \/>\n<meta name=\"twitter:label1\" content=\"Tiempo de lectura\" \/>\n\t<meta name=\"twitter:data1\" content=\"2 minutos\" \/>\n<script type=\"application\/ld+json\" class=\"yoast-schema-graph\">{\"@context\":\"https:\\\/\\\/schema.org\",\"@graph\":[{\"@type\":\"WebPage\",\"@id\":\"https:\\\/\\\/www.breakthrought1d.org\\\/es\\\/formas-de-dar\\\/donacion-mensual\\\/\",\"url\":\"https:\\\/\\\/www.breakthrought1d.org\\\/es\\\/formas-de-dar\\\/donacion-mensual\\\/\",\"name\":\"Donaci\u00f3n mensual - Breakthrough T1D\",\"isPartOf\":{\"@id\":\"https:\\\/\\\/www.breakthrought1d.org\\\/es\\\/#website\"},\"primaryImageOfPage\":{\"@id\":\"https:\\\/\\\/www.breakthrought1d.org\\\/es\\\/formas-de-dar\\\/donacion-mensual\\\/#primaryimage\"},\"image\":{\"@id\":\"https:\\\/\\\/www.breakthrought1d.org\\\/es\\\/formas-de-dar\\\/donacion-mensual\\\/#primaryimage\"},\"thumbnailUrl\":\"https:\\\/\\\/www.breakthrought1d.org\\\/wp-content\\\/uploads\\\/2024\\\/05\\\/LivingT1D-1720223377-1024x683.jpg\",\"datePublished\":\"2024-05-24T00:40:45+00:00\",\"dateModified\":\"2025-07-16T18:13:50+00:00\",\"breadcrumb\":{\"@id\":\"https:\\\/\\\/www.breakthrought1d.org\\\/es\\\/formas-de-dar\\\/donacion-mensual\\\/#breadcrumb\"},\"inLanguage\":\"es\",\"potentialAction\":[{\"@type\":\"ReadAction\",\"target\":[\"https:\\\/\\\/www.breakthrought1d.org\\\/es\\\/formas-de-dar\\\/donacion-mensual\\\/\"]}]},{\"@type\":\"ImageObject\",\"inLanguage\":\"es\",\"@id\":\"https:\\\/\\\/www.breakthrought1d.org\\\/es\\\/formas-de-dar\\\/donacion-mensual\\\/#primaryimage\",\"url\":\"https:\\\/\\\/www.breakthrought1d.org\\\/wp-content\\\/uploads\\\/2024\\\/05\\\/LivingT1D-1720223377-1024x683.jpg\",\"contentUrl\":\"https:\\\/\\\/www.breakthrought1d.org\\\/wp-content\\\/uploads\\\/2024\\\/05\\\/LivingT1D-1720223377-1024x683.jpg\"},{\"@type\":\"BreadcrumbList\",\"@id\":\"https:\\\/\\\/www.breakthrought1d.org\\\/es\\\/formas-de-dar\\\/donacion-mensual\\\/#breadcrumb\",\"itemListElement\":[{\"@type\":\"ListItem\",\"position\":1,\"name\":\"Inicio\",\"item\":\"https:\\\/\\\/www.breakthrought1d.org\\\/es\\\/\"},{\"@type\":\"ListItem\",\"position\":2,\"name\":\"Formas de dar\",\"item\":\"https:\\\/\\\/www.breakthrought1d.org\\\/es\\\/formas-de-dar\\\/\"},{\"@type\":\"ListItem\",\"position\":3,\"name\":\"Donaci\u00f3n mensual\"}]},{\"@type\":\"WebSite\",\"@id\":\"https:\\\/\\\/www.breakthrought1d.org\\\/es\\\/#website\",\"url\":\"https:\\\/\\\/www.breakthrought1d.org\\\/es\\\/\",\"name\":\"Breakthrough T1D\",\"description\":\"Improving Lives. Curing Type 1 Diabetes.\",\"publisher\":{\"@id\":\"https:\\\/\\\/www.breakthrought1d.org\\\/es\\\/#organization\"},\"potentialAction\":[{\"@type\":\"SearchAction\",\"target\":{\"@type\":\"EntryPoint\",\"urlTemplate\":\"https:\\\/\\\/www.breakthrought1d.org\\\/es\\\/?s={search_term_string}\"},\"query-input\":{\"@type\":\"PropertyValueSpecification\",\"valueRequired\":true,\"valueName\":\"search_term_string\"}}],\"inLanguage\":\"es\"},{\"@type\":\"Organization\",\"@id\":\"https:\\\/\\\/www.breakthrought1d.org\\\/es\\\/#organization\",\"name\":\"Breakthrough T1D\",\"url\":\"https:\\\/\\\/www.breakthrought1d.org\\\/es\\\/\",\"logo\":{\"@type\":\"ImageObject\",\"inLanguage\":\"es\",\"@id\":\"https:\\\/\\\/www.breakthrought1d.org\\\/es\\\/#\\\/schema\\\/logo\\\/image\\\/\",\"url\":\"https:\\\/\\\/www.breakthrought1d.org\\\/wp-content\\\/uploads\\\/2024\\\/06\\\/BT1D-favi.png\",\"contentUrl\":\"https:\\\/\\\/www.breakthrought1d.org\\\/wp-content\\\/uploads\\\/2024\\\/06\\\/BT1D-favi.png\",\"width\":400,\"height\":400,\"caption\":\"Breakthrough T1D\"},\"image\":{\"@id\":\"https:\\\/\\\/www.breakthrought1d.org\\\/es\\\/#\\\/schema\\\/logo\\\/image\\\/\"},\"sameAs\":[\"https:\\\/\\\/www.facebook.com\\\/breakthrought1dHQ\",\"https:\\\/\\\/x.com\\\/breakthrought1d\",\"https:\\\/\\\/www.youtube.com\\\/@breakthrought1d\",\"https:\\\/\\\/www.instagram.com\\\/breakthrought1d\\\/\",\"https:\\\/\\\/www.tiktok.com\\\/@breakthrought1dhq\"]}]}<\/script>\n<!-- \/ Yoast SEO plugin. -->","yoast_head_json":{"title":"Donaci\u00f3n mensual - Breakthrough T1D","robots":{"index":"index","follow":"follow","max-snippet":"max-snippet:-1","max-image-preview":"max-image-preview:large","max-video-preview":"max-video-preview:-1"},"canonical":"https:\/\/www.breakthrought1d.org\/es\/formas-de-dar\/donacion-mensual\/","og_locale":"es_ES","og_type":"article","og_title":"Donaci\u00f3n mensual - Breakthrough T1D","og_description":"Tu donativo mensual cambia vidas Cuando te unes al C\u00edrculo de Descubrimiento de Breakthrough T1D, no s\u00f3lo est\u00e1s haciendo donaciones mensuales: est\u00e1s cambiando vidas, \u00a1ahora mismo! Independientemente de lo que decidas donar, estar\u00e1s proporcionando recursos y herramientas fundamentales que ayudan a la comunidad de la diabetes tipo 1 (DT1) a prosperar hoy y todos los [&hellip;]","og_url":"https:\/\/www.breakthrought1d.org\/es\/formas-de-dar\/donacion-mensual\/","og_site_name":"Breakthrough T1D","article_publisher":"https:\/\/www.facebook.com\/breakthrought1dHQ","article_modified_time":"2025-07-16T18:13:50+00:00","og_image":[{"width":2560,"height":1707,"url":"https:\/\/www.breakthrought1d.org\/wp-content\/uploads\/2024\/05\/LivingT1D-1720223377-scaled.jpg","type":"image\/jpeg"}],"twitter_card":"summary_large_image","twitter_site":"@breakthrought1d","twitter_misc":{"Tiempo de lectura":"2 minutos"},"schema":{"@context":"https:\/\/schema.org","@graph":[{"@type":"WebPage","@id":"https:\/\/www.breakthrought1d.org\/es\/formas-de-dar\/donacion-mensual\/","url":"https:\/\/www.breakthrought1d.org\/es\/formas-de-dar\/donacion-mensual\/","name":"Donaci\u00f3n mensual - Breakthrough T1D","isPartOf":{"@id":"https:\/\/www.breakthrought1d.org\/es\/#website"},"primaryImageOfPage":{"@id":"https:\/\/www.breakthrought1d.org\/es\/formas-de-dar\/donacion-mensual\/#primaryimage"},"image":{"@id":"https:\/\/www.breakthrought1d.org\/es\/formas-de-dar\/donacion-mensual\/#primaryimage"},"thumbnailUrl":"https:\/\/www.breakthrought1d.org\/wp-content\/uploads\/2024\/05\/LivingT1D-1720223377-1024x683.jpg","datePublished":"2024-05-24T00:40:45+00:00","dateModified":"2025-07-16T18:13:50+00:00","breadcrumb":{"@id":"https:\/\/www.breakthrought1d.org\/es\/formas-de-dar\/donacion-mensual\/#breadcrumb"},"inLanguage":"es","potentialAction":[{"@type":"ReadAction","target":["https:\/\/www.breakthrought1d.org\/es\/formas-de-dar\/donacion-mensual\/"]}]},{"@type":"ImageObject","inLanguage":"es","@id":"https:\/\/www.breakthrought1d.org\/es\/formas-de-dar\/donacion-mensual\/#primaryimage","url":"https:\/\/www.breakthrought1d.org\/wp-content\/uploads\/2024\/05\/LivingT1D-1720223377-1024x683.jpg","contentUrl":"https:\/\/www.breakthrought1d.org\/wp-content\/uploads\/2024\/05\/LivingT1D-1720223377-1024x683.jpg"},{"@type":"BreadcrumbList","@id":"https:\/\/www.breakthrought1d.org\/es\/formas-de-dar\/donacion-mensual\/#breadcrumb","itemListElement":[{"@type":"ListItem","position":1,"name":"Inicio","item":"https:\/\/www.breakthrought1d.org\/es\/"},{"@type":"ListItem","position":2,"name":"Formas de dar","item":"https:\/\/www.breakthrought1d.org\/es\/formas-de-dar\/"},{"@type":"ListItem","position":3,"name":"Donaci\u00f3n mensual"}]},{"@type":"WebSite","@id":"https:\/\/www.breakthrought1d.org\/es\/#website","url":"https:\/\/www.breakthrought1d.org\/es\/","name":"Breakthrough T1D","description":"Improving Lives. Curing Type 1 Diabetes.","publisher":{"@id":"https:\/\/www.breakthrought1d.org\/es\/#organization"},"potentialAction":[{"@type":"SearchAction","target":{"@type":"EntryPoint","urlTemplate":"https:\/\/www.breakthrought1d.org\/es\/?s={search_term_string}"},"query-input":{"@type":"PropertyValueSpecification","valueRequired":true,"valueName":"search_term_string"}}],"inLanguage":"es"},{"@type":"Organization","@id":"https:\/\/www.breakthrought1d.org\/es\/#organization","name":"Breakthrough T1D","url":"https:\/\/www.breakthrought1d.org\/es\/","logo":{"@type":"ImageObject","inLanguage":"es","@id":"https:\/\/www.breakthrought1d.org\/es\/#\/schema\/logo\/image\/","url":"https:\/\/www.breakthrought1d.org\/wp-content\/uploads\/2024\/06\/BT1D-favi.png","contentUrl":"https:\/\/www.breakthrought1d.org\/wp-content\/uploads\/2024\/06\/BT1D-favi.png","width":400,"height":400,"caption":"Breakthrough T1D"},"image":{"@id":"https:\/\/www.breakthrought1d.org\/es\/#\/schema\/logo\/image\/"},"sameAs":["https:\/\/www.facebook.com\/breakthrought1dHQ","https:\/\/x.com\/breakthrought1d","https:\/\/www.youtube.com\/@breakthrought1d","https:\/\/www.instagram.com\/breakthrought1d\/","https:\/\/www.tiktok.com\/@breakthrought1dhq"]}]}},"_links":{"self":[{"href":"https:\/\/www.breakthrought1d.org\/es\/wp-json\/wp\/v2\/pages\/200046","targetHints":{"allow":["GET"]}}],"collection":[{"href":"https:\/\/www.breakthrought1d.org\/es\/wp-json\/wp\/v2\/pages"}],"about":[{"href":"https:\/\/www.breakthrought1d.org\/es\/wp-json\/wp\/v2\/types\/page"}],"author":[{"embeddable":true,"href":"https:\/\/www.breakthrought1d.org\/es\/wp-json\/wp\/v2\/users\/1222"}],"replies":[{"embeddable":true,"href":"https:\/\/www.breakthrought1d.org\/es\/wp-json\/wp\/v2\/comments?post=200046"}],"version-history":[{"count":0,"href":"https:\/\/www.breakthrought1d.org\/es\/wp-json\/wp\/v2\/pages\/200046\/revisions"}],"up":[{"embeddable":true,"href":"https:\/\/www.breakthrought1d.org\/es\/wp-json\/wp\/v2\/pages\/212376"}],"wp:attachment":[{"href":"https:\/\/www.breakthrought1d.org\/es\/wp-json\/wp\/v2\/media?parent=200046"}],"curies":[{"name":"wp","href":"https:\/\/api.w.org\/{rel}","templated":true}]}}