{"id":211864,"date":"2024-03-29T12:28:58","date_gmt":"2024-03-29T16:28:58","guid":{"rendered":"https:\/\/www.breakthrought1d.org\/breakthrough-t1d-community-forum-es\/"},"modified":"2025-07-16T12:52:07","modified_gmt":"2025-07-16T16:52:07","slug":"foro","status":"publish","type":"page","link":"https:\/\/www.breakthrought1d.org\/es\/comunidad-dt1\/foro\/","title":{"rendered":"Foro de la Comunidad Breakthrough T1D"},"content":{"rendered":"<div class=\"wp-block-jdrf-hero wp-block-jdrf-hero--Array wp-block-jdrf-hero\" data-video-id=\"\">\n\t<div class=\"wp-block-jdrf-hero__content-wrap has-blue-background-color has-white-color\">\n\t\t\t\t\t<h1 class=\"wp-block-jdrf-hero__title\">\n\t\t\t\tForo de la Comunidad Breakthrough T1D  \t\t\t<\/h1>\n\t\t\n\t\t\n\t\t\t<\/div>\n\n\t\t\t<figure class=\"wp-block-jdrf-hero__image-wrapper\">\n\t\t\t\t\t\t\t\t\t\n<svg xmlns=\"http:\/\/www.w3.org\/2000\/svg\" width=\"182.292\" height=\"545\" viewBox=\"0 0 182.292 545\" preserveAspectRatio=\"xMinYMax\" class=\"curve-circle--desktop\"><path d=\"M182.292,661H0V116H181.305A388.493,388.493,0,0,0,99.836,238.525,386.046,386.046,0,0,0,77.71,310.648c-2.535,12.531-4.47,25.356-5.751,38.116C70.659,361.71,70,374.911,70,388a394.188,394.188,0,0,0,1.978,39.418c1.294,12.819,3.247,25.7,5.806,38.289a385.884,385.884,0,0,0,57.677,138.032A390.8,390.8,0,0,0,182.29,661l0,0h0Z\" transform=\"translate(0 -116)\" fill=\"#002bff\" \/><\/svg>\n\t\t\t\t\t\n<svg xmlns=\"http:\/\/www.w3.org\/2000\/svg\" width=\"438.331\" height=\"84.084\" viewBox=\"0 0 438.331 84.084\" class=\"curve-circle--mobile\"><path d=\"M0,84.084V28.3H438.33v55.78ZM0,28.3V.086C17.471,4.65,35.33,8.716,53.085,12.169c17.9,3.481,36.154,6.43,54.268,8.768,18.279,2.359,36.9,4.155,55.343,5.342,18.62,1.2,37.564,1.805,56.3,1.805,18.77,0,37.742-.61,56.392-1.812,18.471-1.19,37.12-2.993,55.427-5.359,18.14-2.344,36.427-5.3,54.351-8.795C402.942,8.657,420.827,4.579,438.331,0V28.3Z\" fill=\"#002bff\" \/><\/svg>\n\t\t\t\t\n\t\t\t\t<img decoding=\"async\" width=\"2400\" height=\"1601\" src=\"https:\/\/www.breakthrought1d.org\/wp-content\/uploads\/2024\/05\/Mom-and-daughter.jpg\" class=\"wp-block-jdrf-hero__image\" alt=\"\" style=\"object-position: 34% 75%;\" loading=\"lazy\" srcset=\"https:\/\/www.breakthrought1d.org\/wp-content\/uploads\/2024\/05\/Mom-and-daughter.jpg 2400w, https:\/\/www.breakthrought1d.org\/wp-content\/uploads\/2024\/05\/Mom-and-daughter-300x200.jpg 300w, https:\/\/www.breakthrought1d.org\/wp-content\/uploads\/2024\/05\/Mom-and-daughter-1024x683.jpg 1024w, https:\/\/www.breakthrought1d.org\/wp-content\/uploads\/2024\/05\/Mom-and-daughter-768x512.jpg 768w, https:\/\/www.breakthrought1d.org\/wp-content\/uploads\/2024\/05\/Mom-and-daughter-1536x1025.jpg 1536w, https:\/\/www.breakthrought1d.org\/wp-content\/uploads\/2024\/05\/Mom-and-daughter-2048x1366.jpg 2048w, https:\/\/www.breakthrought1d.org\/wp-content\/uploads\/2024\/05\/Mom-and-daughter-800x534.jpg 800w, https:\/\/www.breakthrought1d.org\/wp-content\/uploads\/2024\/05\/Mom-and-daughter-1200x801.jpg 1200w\" sizes=\"auto, (max-width: 2400px) 100vw, 2400px\" \/>\t\t\t<\/figure>\n\t\n\t<\/div>\n\n\n\n<div class=\"wp-block-group alignfull is-layout-constrained wp-block-group-is-layout-constrained\">\n<div class=\"wp-block-columns is-layout-flex wp-container-core-columns-is-layout-28f84493 wp-block-columns-is-layout-flex has-2-columns\">\n<div class=\"wp-block-column is-layout-flow wp-block-column-is-layout-flow\" style=\"flex-basis:33.33%\">\n<h2 class=\"wp-block-heading\" id=\"welcome-to-the-breakthrough-t1d-community-forum\" style=\"margin-top:0;margin-bottom:0\">\u00a1Bienvenido al Foro de la Comunidad Breakthrough T1D!<\/h2>\n\n\n\n<p class=\"wp-block-paragraph\">El Foro de la Comunidad Breakthrough T1D es nuestra vibrante red social para personas con diabetes tipo 1 (T1D), sus familias y amigos. El sitio se ha creado para la comunidad de tipo 1 y est\u00e1 impulsado por ella. Los miembros de esta comunidad diversa y animada intercambian informaci\u00f3n, respuestas y apoyo. Cualquier persona mayor de 13 a\u00f1os puede inscribirse, conectar con otros y unirse a la conversaci\u00f3n.  <\/p>\n\n\n\n<div class=\"wp-block-buttons is-layout-flex wp-block-buttons-is-layout-flex\">\n<div class=\"wp-block-button\"><a class=\"wp-block-button__link wp-element-button\" href=\"https:\/\/forum.jdrf.org\/\" target=\"_blank\" rel=\"noreferrer noopener\">Visita el foro<\/a><\/div>\n<\/div>\n<\/div>\n\n\n\n<div class=\"wp-block-column is-layout-flow wp-block-column-is-layout-flow\" style=\"flex-basis:66.66%\">\n<figure class=\"wp-block-image size-full is-resized\"><a href=\"https:\/\/www.breakthrought1d.org\/wp-content\/uploads\/2024\/04\/Primary-Page-Community-568458147-scaled.jpg\"><img loading=\"lazy\" decoding=\"async\" width=\"2560\" height=\"1703\" src=\"https:\/\/www.breakthrought1d.org\/wp-content\/uploads\/2024\/04\/Primary-Page-Community-568458147-scaled.jpg\" alt=\"Tres mujeres que se unieron al foro comunitario de Breakthrough T1D\" class=\"wp-image-191496\" style=\"width:654px;height:auto\" srcset=\"https:\/\/www.breakthrought1d.org\/wp-content\/uploads\/2024\/04\/Primary-Page-Community-568458147-scaled.jpg 2560w, https:\/\/www.breakthrought1d.org\/wp-content\/uploads\/2024\/04\/Primary-Page-Community-568458147-300x200.jpg 300w, https:\/\/www.breakthrought1d.org\/wp-content\/uploads\/2024\/04\/Primary-Page-Community-568458147-1024x681.jpg 1024w, https:\/\/www.breakthrought1d.org\/wp-content\/uploads\/2024\/04\/Primary-Page-Community-568458147-768x511.jpg 768w, https:\/\/www.breakthrought1d.org\/wp-content\/uploads\/2024\/04\/Primary-Page-Community-568458147-1536x1022.jpg 1536w, https:\/\/www.breakthrought1d.org\/wp-content\/uploads\/2024\/04\/Primary-Page-Community-568458147-2048x1363.jpg 2048w, https:\/\/www.breakthrought1d.org\/wp-content\/uploads\/2024\/04\/Primary-Page-Community-568458147-800x532.jpg 800w, https:\/\/www.breakthrought1d.org\/wp-content\/uploads\/2024\/04\/Primary-Page-Community-568458147-1200x798.jpg 1200w\" sizes=\"auto, (max-width: 2560px) 100vw, 2560px\" \/><\/a><\/figure>\n\n\n\n<div class=\"wp-block-columns is-layout-flex wp-container-core-columns-is-layout-28f84493 wp-block-columns-is-layout-flex has-2-columns\">\n<div class=\"wp-block-column is-layout-flow wp-block-column-is-layout-flow\"><\/div>\n\n\n\n<div class=\"wp-block-column is-layout-flow wp-block-column-is-layout-flow\"><\/div>\n<\/div>\n<\/div>\n<\/div>\n<\/div>\n\n\n\n<div class=\"wp-block-group alignfull has-light-gray-background-color has-background is-layout-constrained wp-block-group-is-layout-constrained\">\n<div class=\"wp-block-columns is-layout-flex wp-container-core-columns-is-layout-f268d41e wp-block-columns-is-layout-flex has-2-columns\" style=\"margin-top:var(--wp--preset--spacing--base);margin-bottom:var(--wp--preset--spacing--base);padding-top:var(--wp--preset--spacing--base);padding-bottom:var(--wp--preset--spacing--base)\">\n<div class=\"wp-block-column is-layout-flow wp-block-column-is-layout-flow\">\n<h2 class=\"wp-block-heading\" id=\"more-community-resources\">M\u00e1s recursos comunitarios<\/h2>\n\n\n\n<figure class=\"wp-block-image size-large\"><a href=\"https:\/\/www.breakthrought1d.org\/wp-content\/uploads\/2024\/04\/NewlyDiag_Hero_Woman.jpg\"><img loading=\"lazy\" decoding=\"async\" width=\"1024\" height=\"683\" src=\"https:\/\/www.breakthrought1d.org\/wp-content\/uploads\/2024\/04\/NewlyDiag_Hero_Woman-1024x683.jpg\" alt=\"Mujer feliz de mantenerse actualizada con los recursos comunitarios sobre diabetes tipo 1\" class=\"wp-image-191630\" srcset=\"https:\/\/www.breakthrought1d.org\/wp-content\/uploads\/2024\/04\/NewlyDiag_Hero_Woman-1024x683.jpg 1024w, https:\/\/www.breakthrought1d.org\/wp-content\/uploads\/2024\/04\/NewlyDiag_Hero_Woman-300x200.jpg 300w, https:\/\/www.breakthrought1d.org\/wp-content\/uploads\/2024\/04\/NewlyDiag_Hero_Woman-768x512.jpg 768w, https:\/\/www.breakthrought1d.org\/wp-content\/uploads\/2024\/04\/NewlyDiag_Hero_Woman-1536x1025.jpg 1536w, https:\/\/www.breakthrought1d.org\/wp-content\/uploads\/2024\/04\/NewlyDiag_Hero_Woman-800x534.jpg 800w, https:\/\/www.breakthrought1d.org\/wp-content\/uploads\/2024\/04\/NewlyDiag_Hero_Woman-1200x800.jpg 1200w\" sizes=\"auto, (max-width: 1024px) 100vw, 1024px\" \/><\/a><\/figure>\n<\/div>\n\n\n\n<div class=\"wp-block-column is-vertically-aligned-center is-layout-flow wp-block-column-is-layout-flow\">\n<hr class=\"wp-block-separator has-alpha-channel-opacity\" \/>\n\n\n\n<div class=\"wp-block-buttons is-layout-flex wp-block-buttons-is-layout-flex\">\n<div class=\"wp-block-button is-style-large-link\"><a class=\"wp-block-button__link wp-element-button\" href=\"https:\/\/www.breakthrought1d.org\/es\/recursos-dt1\/\">T1D Resource Library &#8211; es<\/a><\/div>\n<\/div>\n\n\n\n<p class=\"wp-block-paragraph\">Lo que necesitas saber sobre c\u00f3mo afrontar la vida con diabetes tipo 1, incluido el seguro, el embarazo y mucho m\u00e1s.<\/p>\n\n\n\n<hr class=\"wp-block-separator has-alpha-channel-opacity\" \/>\n\n\n\n<div class=\"wp-block-buttons is-layout-flex wp-block-buttons-is-layout-flex\">\n<div class=\"wp-block-button is-style-large-link\"><a class=\"wp-block-button__link wp-element-button\" href=\"https:\/\/www.breakthrought1d.org\/discover-events\/\">Avances en la E1T<\/a><\/div>\n<\/div>\n\n\n\n<p class=\"wp-block-paragraph\">Defiende. Comprom\u00e9tete. Inspira. Participa. Hazte voluntario. \u00a1Ay\u00fadanos a acelerar los avances en la T1D! <\/p>\n\n\n\n<hr class=\"wp-block-separator has-alpha-channel-opacity\" \/>\n\n\n\n<div class=\"wp-block-buttons is-layout-flex wp-block-buttons-is-layout-flex\">\n<div class=\"wp-block-button is-style-large-link\"><a class=\"wp-block-button__link wp-element-button\" href=\"https:\/\/www.breakthrought1d.org\/es\/noticias-y-actualizaciones\/\">Noticias + Actualizaciones<\/a><\/div>\n<\/div>\n\n\n\n<p class=\"wp-block-paragraph\">Descubre historias de Breakthrough T1D sobre nuestra investigaci\u00f3n, defensa, iniciativas y simpatizantes.<\/p>\n\n\n\n<hr class=\"wp-block-separator has-alpha-channel-opacity\" \/>\n<\/div>\n<\/div>\n<\/div>\n\n\n\n<div class=\"wp-block-group alignfull has-white-color has-navy-background-color has-text-color has-background has-link-color wp-elements-e0c37f7d20f9ec062b49e1e0d8b4527b is-layout-constrained wp-block-group-is-layout-constrained\">\n<div class=\"wp-block-columns is-layout-flex wp-container-core-columns-is-layout-28f84493 wp-block-columns-is-layout-flex has-2-columns\">\n<div class=\"wp-block-column is-layout-flow wp-block-column-is-layout-flow\" style=\"flex-basis:66.66%\">\n<h2 class=\"wp-block-heading has-h-3-font-size\" id=\"breakthrough-t1d-community-summits\">Encuentros Comunitarios de Breakthrough T1D<\/h2>\n\n\n\n<p class=\"wp-block-paragraph\">Los Encuentros Comunitarios de Breakthrough T1D ofrecen sesiones educativas virtuales cuatro veces al a\u00f1o para ayudarte a ti y a tus seres queridos a vivir bien con diabetes tipo 1.<\/p>\n<\/div>\n\n\n\n<div class=\"wp-block-column is-vertically-aligned-center is-layout-flow wp-block-column-is-layout-flow\" style=\"flex-basis:33.33%\">\n<div class=\"wp-block-buttons is-content-justification-right is-layout-flex wp-container-core-buttons-is-layout-d445cf74 wp-block-buttons-is-layout-flex\">\n<div class=\"wp-block-button\"><a class=\"wp-block-button__link wp-element-button\" href=\"\/es\/?page_id=195528\">M\u00e1s informaci\u00f3n<\/a><\/div>\n<\/div>\n<\/div>\n<\/div>\n<\/div>\n","protected":false,"raw":""},"excerpt":{"rendered":"<p>\u00a1Bienvenido al Foro de la Comunidad Breakthrough T1D! El Foro de la Comunidad Breakthrough T1D es nuestra vibrante red social para personas con diabetes tipo 1 (T1D), sus familias y amigos. El sitio se ha creado para la comunidad de tipo 1 y est\u00e1 impulsado por ella. Los miembros de esta comunidad diversa y animada [&hellip;]<\/p>\n","protected":false},"author":1176,"featured_media":186922,"parent":212097,"menu_order":0,"comment_status":"closed","ping_status":"closed","template":"","meta":{"_acf_changed":false,"ep_exclude_from_search":false,"publish_on_app_meta":"True","iawp_total_views":133,"footnotes":""},"class_list":["post-211864","page","type-page","status-publish","has-post-thumbnail","hentry","jdrf-national-card-get_support_5"],"acf":[],"yoast_head":"<!-- This site is optimized with the Yoast SEO plugin v27.3 - https:\/\/yoast.com\/product\/yoast-seo-wordpress\/ -->\n<title>Foro de la Comunidad Breakthrough T1D - Breakthrough T1D<\/title>\n<meta name=\"description\" content=\"\u00danete al foro de la Comunidad Breakthrough T1D para ponerte en contacto con otras personas afectadas por la diabetes tipo 1. Accede a recursos, apoyo e informaci\u00f3n sobre la T1D.\" \/>\n<meta name=\"robots\" content=\"index, follow, max-snippet:-1, max-image-preview:large, max-video-preview:-1\" \/>\n<link rel=\"canonical\" href=\"https:\/\/www.breakthrought1d.org\/es\/comunidad-dt1\/foro\/\" \/>\n<meta property=\"og:locale\" content=\"es_ES\" \/>\n<meta property=\"og:type\" content=\"article\" \/>\n<meta property=\"og:title\" content=\"Foro de la Comunidad Breakthrough T1D - Breakthrough T1D\" \/>\n<meta property=\"og:description\" content=\"\u00danete al foro de la Comunidad Breakthrough T1D para ponerte en contacto con otras personas afectadas por la diabetes tipo 1. Accede a recursos, apoyo e informaci\u00f3n sobre la T1D.\" \/>\n<meta property=\"og:url\" content=\"https:\/\/www.breakthrought1d.org\/es\/comunidad-dt1\/foro\/\" \/>\n<meta property=\"og:site_name\" content=\"Breakthrough T1D\" \/>\n<meta property=\"article:publisher\" content=\"https:\/\/www.facebook.com\/breakthrought1dHQ\" \/>\n<meta property=\"article:modified_time\" content=\"2025-07-16T16:52:07+00:00\" \/>\n<meta property=\"og:image\" content=\"https:\/\/www.breakthrought1d.org\/wp-content\/uploads\/2018\/10\/Forum_1200x675-3-1.jpg\" \/>\n\t<meta property=\"og:image:width\" content=\"1200\" \/>\n\t<meta property=\"og:image:height\" content=\"675\" \/>\n\t<meta property=\"og:image:type\" content=\"image\/jpeg\" \/>\n<meta name=\"twitter:card\" content=\"summary_large_image\" \/>\n<meta name=\"twitter:site\" content=\"@breakthrought1d\" \/>\n<meta name=\"twitter:label1\" content=\"Tiempo de lectura\" \/>\n\t<meta name=\"twitter:data1\" content=\"2 minutos\" \/>\n<script type=\"application\/ld+json\" class=\"yoast-schema-graph\">{\"@context\":\"https:\\\/\\\/schema.org\",\"@graph\":[{\"@type\":\"WebPage\",\"@id\":\"https:\\\/\\\/www.breakthrought1d.org\\\/es\\\/comunidad-dt1\\\/foro\\\/\",\"url\":\"https:\\\/\\\/www.breakthrought1d.org\\\/es\\\/comunidad-dt1\\\/foro\\\/\",\"name\":\"Foro de la Comunidad Breakthrough T1D - Breakthrough T1D\",\"isPartOf\":{\"@id\":\"https:\\\/\\\/www.breakthrought1d.org\\\/es\\\/#website\"},\"primaryImageOfPage\":{\"@id\":\"https:\\\/\\\/www.breakthrought1d.org\\\/es\\\/comunidad-dt1\\\/foro\\\/#primaryimage\"},\"image\":{\"@id\":\"https:\\\/\\\/www.breakthrought1d.org\\\/es\\\/comunidad-dt1\\\/foro\\\/#primaryimage\"},\"thumbnailUrl\":\"https:\\\/\\\/www.breakthrought1d.org\\\/wp-content\\\/uploads\\\/2018\\\/10\\\/Forum_1200x675-3-1.jpg\",\"datePublished\":\"2024-03-29T16:28:58+00:00\",\"dateModified\":\"2025-07-16T16:52:07+00:00\",\"description\":\"\u00danete al foro de la Comunidad Breakthrough T1D para ponerte en contacto con otras personas afectadas por la diabetes tipo 1. Accede a recursos, apoyo e informaci\u00f3n sobre la T1D.\",\"breadcrumb\":{\"@id\":\"https:\\\/\\\/www.breakthrought1d.org\\\/es\\\/comunidad-dt1\\\/foro\\\/#breadcrumb\"},\"inLanguage\":\"es\",\"potentialAction\":[{\"@type\":\"ReadAction\",\"target\":[\"https:\\\/\\\/www.breakthrought1d.org\\\/es\\\/comunidad-dt1\\\/foro\\\/\"]}]},{\"@type\":\"ImageObject\",\"inLanguage\":\"es\",\"@id\":\"https:\\\/\\\/www.breakthrought1d.org\\\/es\\\/comunidad-dt1\\\/foro\\\/#primaryimage\",\"url\":\"https:\\\/\\\/www.breakthrought1d.org\\\/wp-content\\\/uploads\\\/2018\\\/10\\\/Forum_1200x675-3-1.jpg\",\"contentUrl\":\"https:\\\/\\\/www.breakthrought1d.org\\\/wp-content\\\/uploads\\\/2018\\\/10\\\/Forum_1200x675-3-1.jpg\",\"width\":1200,\"height\":675},{\"@type\":\"BreadcrumbList\",\"@id\":\"https:\\\/\\\/www.breakthrought1d.org\\\/es\\\/comunidad-dt1\\\/foro\\\/#breadcrumb\",\"itemListElement\":[{\"@type\":\"ListItem\",\"position\":1,\"name\":\"Inicio\",\"item\":\"https:\\\/\\\/www.breakthrought1d.org\\\/es\\\/\"},{\"@type\":\"ListItem\",\"position\":2,\"name\":\"Comunidad de DT1\",\"item\":\"https:\\\/\\\/www.breakthrought1d.org\\\/es\\\/comunidad-dt1\\\/\"},{\"@type\":\"ListItem\",\"position\":3,\"name\":\"Foro de la Comunidad Breakthrough T1D\"}]},{\"@type\":\"WebSite\",\"@id\":\"https:\\\/\\\/www.breakthrought1d.org\\\/es\\\/#website\",\"url\":\"https:\\\/\\\/www.breakthrought1d.org\\\/es\\\/\",\"name\":\"Breakthrough T1D\",\"description\":\"Improving Lives. Curing Type 1 Diabetes.\",\"publisher\":{\"@id\":\"https:\\\/\\\/www.breakthrought1d.org\\\/es\\\/#organization\"},\"potentialAction\":[{\"@type\":\"SearchAction\",\"target\":{\"@type\":\"EntryPoint\",\"urlTemplate\":\"https:\\\/\\\/www.breakthrought1d.org\\\/es\\\/?s={search_term_string}\"},\"query-input\":{\"@type\":\"PropertyValueSpecification\",\"valueRequired\":true,\"valueName\":\"search_term_string\"}}],\"inLanguage\":\"es\"},{\"@type\":\"Organization\",\"@id\":\"https:\\\/\\\/www.breakthrought1d.org\\\/es\\\/#organization\",\"name\":\"Breakthrough T1D\",\"url\":\"https:\\\/\\\/www.breakthrought1d.org\\\/es\\\/\",\"logo\":{\"@type\":\"ImageObject\",\"inLanguage\":\"es\",\"@id\":\"https:\\\/\\\/www.breakthrought1d.org\\\/es\\\/#\\\/schema\\\/logo\\\/image\\\/\",\"url\":\"https:\\\/\\\/www.breakthrought1d.org\\\/wp-content\\\/uploads\\\/2024\\\/06\\\/BT1D-favi.png\",\"contentUrl\":\"https:\\\/\\\/www.breakthrought1d.org\\\/wp-content\\\/uploads\\\/2024\\\/06\\\/BT1D-favi.png\",\"width\":400,\"height\":400,\"caption\":\"Breakthrough T1D\"},\"image\":{\"@id\":\"https:\\\/\\\/www.breakthrought1d.org\\\/es\\\/#\\\/schema\\\/logo\\\/image\\\/\"},\"sameAs\":[\"https:\\\/\\\/www.facebook.com\\\/breakthrought1dHQ\",\"https:\\\/\\\/x.com\\\/breakthrought1d\",\"https:\\\/\\\/www.youtube.com\\\/@breakthrought1d\",\"https:\\\/\\\/www.instagram.com\\\/breakthrought1d\\\/\",\"https:\\\/\\\/www.tiktok.com\\\/@breakthrought1dhq\"]}]}<\/script>\n<!-- \/ Yoast SEO plugin. -->","yoast_head_json":{"title":"Foro de la Comunidad Breakthrough T1D - Breakthrough T1D","description":"\u00danete al foro de la Comunidad Breakthrough T1D para ponerte en contacto con otras personas afectadas por la diabetes tipo 1. Accede a recursos, apoyo e informaci\u00f3n sobre la T1D.","robots":{"index":"index","follow":"follow","max-snippet":"max-snippet:-1","max-image-preview":"max-image-preview:large","max-video-preview":"max-video-preview:-1"},"canonical":"https:\/\/www.breakthrought1d.org\/es\/comunidad-dt1\/foro\/","og_locale":"es_ES","og_type":"article","og_title":"Foro de la Comunidad Breakthrough T1D - Breakthrough T1D","og_description":"\u00danete al foro de la Comunidad Breakthrough T1D para ponerte en contacto con otras personas afectadas por la diabetes tipo 1. Accede a recursos, apoyo e informaci\u00f3n sobre la T1D.","og_url":"https:\/\/www.breakthrought1d.org\/es\/comunidad-dt1\/foro\/","og_site_name":"Breakthrough T1D","article_publisher":"https:\/\/www.facebook.com\/breakthrought1dHQ","article_modified_time":"2025-07-16T16:52:07+00:00","og_image":[{"width":1200,"height":675,"url":"https:\/\/www.breakthrought1d.org\/wp-content\/uploads\/2018\/10\/Forum_1200x675-3-1.jpg","type":"image\/jpeg"}],"twitter_card":"summary_large_image","twitter_site":"@breakthrought1d","twitter_misc":{"Tiempo de lectura":"2 minutos"},"schema":{"@context":"https:\/\/schema.org","@graph":[{"@type":"WebPage","@id":"https:\/\/www.breakthrought1d.org\/es\/comunidad-dt1\/foro\/","url":"https:\/\/www.breakthrought1d.org\/es\/comunidad-dt1\/foro\/","name":"Foro de la Comunidad Breakthrough T1D - Breakthrough T1D","isPartOf":{"@id":"https:\/\/www.breakthrought1d.org\/es\/#website"},"primaryImageOfPage":{"@id":"https:\/\/www.breakthrought1d.org\/es\/comunidad-dt1\/foro\/#primaryimage"},"image":{"@id":"https:\/\/www.breakthrought1d.org\/es\/comunidad-dt1\/foro\/#primaryimage"},"thumbnailUrl":"https:\/\/www.breakthrought1d.org\/wp-content\/uploads\/2018\/10\/Forum_1200x675-3-1.jpg","datePublished":"2024-03-29T16:28:58+00:00","dateModified":"2025-07-16T16:52:07+00:00","description":"\u00danete al foro de la Comunidad Breakthrough T1D para ponerte en contacto con otras personas afectadas por la diabetes tipo 1. Accede a recursos, apoyo e informaci\u00f3n sobre la T1D.","breadcrumb":{"@id":"https:\/\/www.breakthrought1d.org\/es\/comunidad-dt1\/foro\/#breadcrumb"},"inLanguage":"es","potentialAction":[{"@type":"ReadAction","target":["https:\/\/www.breakthrought1d.org\/es\/comunidad-dt1\/foro\/"]}]},{"@type":"ImageObject","inLanguage":"es","@id":"https:\/\/www.breakthrought1d.org\/es\/comunidad-dt1\/foro\/#primaryimage","url":"https:\/\/www.breakthrought1d.org\/wp-content\/uploads\/2018\/10\/Forum_1200x675-3-1.jpg","contentUrl":"https:\/\/www.breakthrought1d.org\/wp-content\/uploads\/2018\/10\/Forum_1200x675-3-1.jpg","width":1200,"height":675},{"@type":"BreadcrumbList","@id":"https:\/\/www.breakthrought1d.org\/es\/comunidad-dt1\/foro\/#breadcrumb","itemListElement":[{"@type":"ListItem","position":1,"name":"Inicio","item":"https:\/\/www.breakthrought1d.org\/es\/"},{"@type":"ListItem","position":2,"name":"Comunidad de DT1","item":"https:\/\/www.breakthrought1d.org\/es\/comunidad-dt1\/"},{"@type":"ListItem","position":3,"name":"Foro de la Comunidad Breakthrough T1D"}]},{"@type":"WebSite","@id":"https:\/\/www.breakthrought1d.org\/es\/#website","url":"https:\/\/www.breakthrought1d.org\/es\/","name":"Breakthrough T1D","description":"Improving Lives. Curing Type 1 Diabetes.","publisher":{"@id":"https:\/\/www.breakthrought1d.org\/es\/#organization"},"potentialAction":[{"@type":"SearchAction","target":{"@type":"EntryPoint","urlTemplate":"https:\/\/www.breakthrought1d.org\/es\/?s={search_term_string}"},"query-input":{"@type":"PropertyValueSpecification","valueRequired":true,"valueName":"search_term_string"}}],"inLanguage":"es"},{"@type":"Organization","@id":"https:\/\/www.breakthrought1d.org\/es\/#organization","name":"Breakthrough T1D","url":"https:\/\/www.breakthrought1d.org\/es\/","logo":{"@type":"ImageObject","inLanguage":"es","@id":"https:\/\/www.breakthrought1d.org\/es\/#\/schema\/logo\/image\/","url":"https:\/\/www.breakthrought1d.org\/wp-content\/uploads\/2024\/06\/BT1D-favi.png","contentUrl":"https:\/\/www.breakthrought1d.org\/wp-content\/uploads\/2024\/06\/BT1D-favi.png","width":400,"height":400,"caption":"Breakthrough T1D"},"image":{"@id":"https:\/\/www.breakthrought1d.org\/es\/#\/schema\/logo\/image\/"},"sameAs":["https:\/\/www.facebook.com\/breakthrought1dHQ","https:\/\/x.com\/breakthrought1d","https:\/\/www.youtube.com\/@breakthrought1d","https:\/\/www.instagram.com\/breakthrought1d\/","https:\/\/www.tiktok.com\/@breakthrought1dhq"]}]}},"_links":{"self":[{"href":"https:\/\/www.breakthrought1d.org\/es\/wp-json\/wp\/v2\/pages\/211864","targetHints":{"allow":["GET"]}}],"collection":[{"href":"https:\/\/www.breakthrought1d.org\/es\/wp-json\/wp\/v2\/pages"}],"about":[{"href":"https:\/\/www.breakthrought1d.org\/es\/wp-json\/wp\/v2\/types\/page"}],"author":[{"embeddable":true,"href":"https:\/\/www.breakthrought1d.org\/es\/wp-json\/wp\/v2\/users\/1176"}],"replies":[{"embeddable":true,"href":"https:\/\/www.breakthrought1d.org\/es\/wp-json\/wp\/v2\/comments?post=211864"}],"version-history":[{"count":0,"href":"https:\/\/www.breakthrought1d.org\/es\/wp-json\/wp\/v2\/pages\/211864\/revisions"}],"up":[{"embeddable":true,"href":"https:\/\/www.breakthrought1d.org\/es\/wp-json\/wp\/v2\/pages\/212097"}],"wp:featuredmedia":[{"embeddable":true,"href":"https:\/\/www.breakthrought1d.org\/es\/wp-json\/wp\/v2\/media\/186922"}],"wp:attachment":[{"href":"https:\/\/www.breakthrought1d.org\/es\/wp-json\/wp\/v2\/media?parent=211864"}],"curies":[{"name":"wp","href":"https:\/\/api.w.org\/{rel}","templated":true}]}}