{"id":211872,"date":"2024-05-13T18:37:28","date_gmt":"2024-05-13T22:37:28","guid":{"rendered":"https:\/\/www.breakthrought1d.org\/funding-opportunities-es\/"},"modified":"2025-04-30T18:21:56","modified_gmt":"2025-04-30T22:21:56","slug":"oportunidades-financiamiento","status":"publish","type":"page","link":"https:\/\/www.breakthrought1d.org\/es\/explora-investigacion\/oportunidades-financiamiento\/","title":{"rendered":"Oportunidades de financiamiento"},"content":{"rendered":"\n<div class=\"page-header alignfull wp-block-jdfr-page-header\">\n\t<div class=\"page-header__inner-container\">\n\t\t\n<nav id=\"breadcrumbs\" class=\"site-breadcrumbs alignfull\" aria-label=\"Breadcrumbs\">\n\t<ul class=\"site-breadcrumbs__inner\"><li class=\"breadcrumb-item\"><a href=\"https:\/\/www.breakthrought1d.org\/es\/\">Inicio<\/a><\/li><li class=\"site-breadcrumbs__separator\"><?xml version=\"1.0\"?>\n<svg xmlns=\"http:\/\/www.w3.org\/2000\/svg\" width=\"9.143\" height=\"16\" fill=\"currentColor\" viewBox=\"0 0 9.143 16\" aria-hidden=\"true\"><path d=\"M9.143,21a1.143,1.143,0,0,1-.808-1.951L14.384,13,8.335,6.951A1.143,1.143,0,0,1,9.951,5.335l6.857,6.857a1.143,1.143,0,0,1,0,1.616L9.951,20.665A1.139,1.139,0,0,1,9.143,21Z\" transform=\"translate(-8 -5)\"\/><\/svg>\n<\/li><li class=\"breadcrumb-item\" aria-current=\"page\" tabindex=\"0\" role=\"text\" aria-label=\"Current-page: \"><\/li><\/ul><\/nav>\n\n\t\t<div class=\"page-header__content\">\n\t\t\t<h1 class=\"page-header__title\">Oportunidades de financiamiento<\/h1>\n\t\t\t\t\t<\/div>\n\t<\/div>\n<\/div>\n\n\n\n<div class=\"wp-block-group alignfull has-navy-color has-light-gray-background-color has-text-color has-background has-link-color wp-elements-86915cef114ad13739bb4fcf3c708e39 is-layout-constrained wp-block-group-is-layout-constrained\">\n<div class=\"wp-block-columns is-layout-flex wp-container-core-columns-is-layout-28f84493 wp-block-columns-is-layout-flex has-2-columns\">\n<div class=\"wp-block-column is-layout-flow wp-block-column-is-layout-flow\" style=\"flex-basis:33.33%\">\n<h2 class=\"wp-block-heading has-h-3-font-size\" id=\"rms360-login\">Inicio de sesi\u00f3n en RMS360<\/h2>\n<\/div>\n\n\n\n<div class=\"wp-block-column is-layout-flow wp-block-column-is-layout-flow\" style=\"flex-basis:66.66%\">\n<p class=\"is-style-large-body wp-block-paragraph\">El sistema de gesti\u00f3n de la investigaci\u00f3n para las solicitudes de investigaci\u00f3n de Breakthrough T1D, asignaciones activas y revisiones por pares.<\/p>\n\n\n\n<div class=\"wp-block-buttons is-layout-flex wp-block-buttons-is-layout-flex\">\n<div class=\"wp-block-button is-style-secondary\"><a class=\"wp-block-button__link wp-element-button\" href=\"https:\/\/breakthrought1d.smartsimple.us\/s_Login.jsp\">Con\u00e9ctate ahora<\/a><\/div>\n<\/div>\n<\/div>\n<\/div>\n<\/div>\n\n\n\n<div class=\"wp-block-group alignfull has-gradient is-layout-constrained wp-block-group-is-layout-constrained\">\n<div class=\"wp-block-columns is-layout-flex wp-container-core-columns-is-layout-28f84493 wp-block-columns-is-layout-flex has-2-columns\">\n<div class=\"wp-block-column is-layout-flow wp-block-column-is-layout-flow\" style=\"flex-basis:33.33%\">\n<h2 class=\"wp-block-heading has-h-3-font-size\" id=\"content-block-b-body-copy-image-video\">Oportunidades de financiamiento y plazos<\/h2>\n<\/div>\n\n\n\n<div class=\"wp-block-column is-layout-flow wp-block-column-is-layout-flow\" style=\"flex-basis:66.66%\">\n<p class=\"wp-block-paragraph\">Breakthrough T1D anima a todos los investigadores cualificados interesados en abordar los retos cient\u00edficos y cl\u00ednicos y las lagunas en la cura de la diabetes tipo 1 y sus complicaciones a solicitar financiamiento.<\/p>\n\n\n\n<p class=\"wp-block-paragraph\">Las decisiones sobre financiamiento se basan en la calidad, la relevancia para la misi\u00f3n y la prioridad de la investigaci\u00f3n propuesta. Breakthrough T1D anima a presentar propuestas de investigaci\u00f3n innovadoras, de alto riesgo\/alta recompensa y que cambien el campo para acelerar su misi\u00f3n. <\/p>\n\n\n\n<p class=\"wp-block-paragraph\">Las oportunidades de financiamiento y los plazos se indicar\u00e1n a medida que se disponga de informaci\u00f3n.<\/p>\n<\/div>\n<\/div>\n<\/div>\n\n\n\n<div class=\"wp-block-group alignfull has-light-gray-background-color has-background is-layout-constrained wp-block-group-is-layout-constrained\">\n<div class=\"wp-block-columns is-layout-flex wp-container-core-columns-is-layout-28f84493 wp-block-columns-is-layout-flex has-2-columns\">\n<div class=\"wp-block-column is-layout-flow wp-block-column-is-layout-flow\" style=\"flex-basis:33.33%\">\n<h2 class=\"wp-block-heading has-h-3-font-size\" id=\"content-block-b-body-copy-image-video\">Oportunidades en curso<\/h2>\n<\/div>\n\n\n\n<div class=\"wp-block-column is-layout-flow wp-block-column-is-layout-flow\" style=\"flex-basis:66.66%\">\n<p class=\"wp-block-paragraph\">Estas fuentes de financiamiento suelen estar disponibles anualmente o de forma continua. <\/p>\n\n\n\n<section style=\"margin-top:var(--wp--preset--spacing--40);margin-bottom:var(--wp--preset--spacing--40);\" class=\"wp-block-jdrf-accordion\">\n\n\t<div class=\"wp-block-jdrf-accordion__items\">\n\t\t\n\n<div class=\"wp-block-jdrf-accordion-item\">\n\t<button type=\"button\" class=\"wp-block-jdrf-accordion-item__header accordion-header\">\n\t\t<span id=\"oportunidades-de-formacion\" class=\"wp-block-jdrf-accordion-item__title\">\n\t\t\tOportunidades de formaci\u00f3n\t\t<\/span>\n\n\t\t<span class=\"wp-block-jdrf-accordion-item__icon icon-open\">\n\t\t\t\n<svg xmlns=\"http:\/\/www.w3.org\/2000\/svg\" width=\"16\" height=\"2\" viewBox=\"0 0 16 2\" fill=\"currentColor\">\n<path d=\"M1 0.944336H15\" stroke=\"currentColor\" stroke-width=\"1.5\" \/>\n<\/svg>\n\t\t<\/span>\n\t\t<span class=\"wp-block-jdrf-accordion-item__icon icon-close\">\n\t\t\t\n<svg xmlns=\"http:\/\/www.w3.org\/2000\/svg\" width=\"16\" height=\"15.999\" viewBox=\"0 0 16 15.999\"><path d=\"M-907.686-470.686v-6.628h-6.628A.686.686,0,0,1-915-478a.686.686,0,0,1,.686-.685h6.628v-6.629A.686.686,0,0,1-907-486a.685.685,0,0,1,.685.685v6.629h6.628A.686.686,0,0,1-899-478a.686.686,0,0,1-.686.686h-6.628v6.628A.685.685,0,0,1-907-470,.686.686,0,0,1-907.686-470.686Z\" transform=\"translate(915 486)\" \/><\/svg>\n\t\t<\/span>\n\t<\/button>\n\n\t<div class=\"wp-block-jdrf-accordion-item__content accordion-content\">\n\t\t\n\n<p class=\"wp-block-paragraph\">Dise\u00f1adas para atraer a cient\u00edficos y psic\u00f3logos cualificados y prometedores que inician su carrera profesional en el campo de la investigaci\u00f3n de la DT1. <\/p>\n\n\t<\/div>\n<\/div>\n\n\n\n<div class=\"wp-block-jdrf-accordion-item\">\n\t<button type=\"button\" class=\"wp-block-jdrf-accordion-item__header accordion-header\">\n\t\t<span id=\"acuerdo-de-investigacion-estrategico-sra-por-sus-siglas-en-ingles\" class=\"wp-block-jdrf-accordion-item__title\">\n\t\t\tAcuerdo de Investigaci\u00f3n Estrat\u00e9gico (SRA, por sus siglas en ingl\u00e9s)\t\t<\/span>\n\n\t\t<span class=\"wp-block-jdrf-accordion-item__icon icon-open\">\n\t\t\t\n<svg xmlns=\"http:\/\/www.w3.org\/2000\/svg\" width=\"16\" height=\"2\" viewBox=\"0 0 16 2\" fill=\"currentColor\">\n<path d=\"M1 0.944336H15\" stroke=\"currentColor\" stroke-width=\"1.5\" \/>\n<\/svg>\n\t\t<\/span>\n\t\t<span class=\"wp-block-jdrf-accordion-item__icon icon-close\">\n\t\t\t\n<svg xmlns=\"http:\/\/www.w3.org\/2000\/svg\" width=\"16\" height=\"15.999\" viewBox=\"0 0 16 15.999\"><path d=\"M-907.686-470.686v-6.628h-6.628A.686.686,0,0,1-915-478a.686.686,0,0,1,.686-.685h6.628v-6.629A.686.686,0,0,1-907-486a.685.685,0,0,1,.685.685v6.629h6.628A.686.686,0,0,1-899-478a.686.686,0,0,1-.686.686h-6.628v6.628A.685.685,0,0,1-907-470,.686.686,0,0,1-907.686-470.686Z\" transform=\"translate(915 486)\" \/><\/svg>\n\t\t<\/span>\n\t<\/button>\n\n\t<div class=\"wp-block-jdrf-accordion-item__content accordion-content\">\n\t\t\n\n<p class=\"wp-block-paragraph\">El Acuerdo de Investigaci\u00f3n Estrat\u00e9gica financia a uno o varios investigadores para abordar lagunas, retos y posibles avances cr\u00edticos en la investigaci\u00f3n de la DT1. <\/p>\n\n\t<\/div>\n<\/div>\n\n\n\n<div class=\"wp-block-jdrf-accordion-item\">\n\t<button type=\"button\" class=\"wp-block-jdrf-accordion-item__header accordion-header\">\n\t\t<span id=\"ayudas-innovadoras\" class=\"wp-block-jdrf-accordion-item__title\">\n\t\t\tAyudas innovadoras\t\t<\/span>\n\n\t\t<span class=\"wp-block-jdrf-accordion-item__icon icon-open\">\n\t\t\t\n<svg xmlns=\"http:\/\/www.w3.org\/2000\/svg\" width=\"16\" height=\"2\" viewBox=\"0 0 16 2\" fill=\"currentColor\">\n<path d=\"M1 0.944336H15\" stroke=\"currentColor\" stroke-width=\"1.5\" \/>\n<\/svg>\n\t\t<\/span>\n\t\t<span class=\"wp-block-jdrf-accordion-item__icon icon-close\">\n\t\t\t\n<svg xmlns=\"http:\/\/www.w3.org\/2000\/svg\" width=\"16\" height=\"15.999\" viewBox=\"0 0 16 15.999\"><path d=\"M-907.686-470.686v-6.628h-6.628A.686.686,0,0,1-915-478a.686.686,0,0,1,.686-.685h6.628v-6.629A.686.686,0,0,1-907-486a.685.685,0,0,1,.685.685v6.629h6.628A.686.686,0,0,1-899-478a.686.686,0,0,1-.686.686h-6.628v6.628A.685.685,0,0,1-907-470,.686.686,0,0,1-907.686-470.686Z\" transform=\"translate(915 486)\" \/><\/svg>\n\t\t<\/span>\n\t<\/button>\n\n\t<div class=\"wp-block-jdrf-accordion-item__content accordion-content\">\n\t\t\n\n<p class=\"wp-block-paragraph\">Este programa proporciona financiamiento inicial para la investigaci\u00f3n altamente innovadora con un potencial significativo para acelerar la misi\u00f3n de Breakthrough T1D. Las propuestas deben abordar cuestiones clave pendientes y tener potencial para conducir a un cambio en el paradigma actual o en la sabidur\u00eda convencional y\/o conducir a un descubrimiento innovador. <\/p>\n\n\t<\/div>\n<\/div>\n\n\n\n<div class=\"wp-block-jdrf-accordion-item\">\n\t<button type=\"button\" class=\"wp-block-jdrf-accordion-item__header accordion-header\">\n\t\t<span id=\"alianzas-con-la-industria\" class=\"wp-block-jdrf-accordion-item__title\">\n\t\t\tAlianzas con la industria\t\t<\/span>\n\n\t\t<span class=\"wp-block-jdrf-accordion-item__icon icon-open\">\n\t\t\t\n<svg xmlns=\"http:\/\/www.w3.org\/2000\/svg\" width=\"16\" height=\"2\" viewBox=\"0 0 16 2\" fill=\"currentColor\">\n<path d=\"M1 0.944336H15\" stroke=\"currentColor\" stroke-width=\"1.5\" \/>\n<\/svg>\n\t\t<\/span>\n\t\t<span class=\"wp-block-jdrf-accordion-item__icon icon-close\">\n\t\t\t\n<svg xmlns=\"http:\/\/www.w3.org\/2000\/svg\" width=\"16\" height=\"15.999\" viewBox=\"0 0 16 15.999\"><path d=\"M-907.686-470.686v-6.628h-6.628A.686.686,0,0,1-915-478a.686.686,0,0,1,.686-.685h6.628v-6.629A.686.686,0,0,1-907-486a.685.685,0,0,1,.685.685v6.629h6.628A.686.686,0,0,1-899-478a.686.686,0,0,1-.686.686h-6.628v6.628A.685.685,0,0,1-907-470,.686.686,0,0,1-907.686-470.686Z\" transform=\"translate(915 486)\" \/><\/svg>\n\t\t<\/span>\n\t<\/button>\n\n\t<div class=\"wp-block-jdrf-accordion-item__content accordion-content\">\n\t\t\n\n<p class=\"wp-block-paragraph\">El programa Industry Discovery &amp; Development Partnership (IDDP) est\u00e1 destinado a proporcionar apoyo a entidades con \u00e1nimo de lucro para programas de investigaci\u00f3n que est\u00e9n estrechamente alineados con las \u00e1reas prioritarias de Breakthrough T1D. Los IDDP pretenden fomentar las relaciones de colaboraci\u00f3n a largo plazo entre Breakthrough T1D, los socios de la industria y la comunidad de DT1. <\/p>\n\n\t<\/div>\n<\/div>\n\n\n\n<div class=\"wp-block-jdrf-accordion-item\">\n\t<button type=\"button\" class=\"wp-block-jdrf-accordion-item__header accordion-header\">\n\t\t<span id=\"subvenciones-para-conferencias\" class=\"wp-block-jdrf-accordion-item__title\">\n\t\t\tSubvenciones para conferencias\t\t<\/span>\n\n\t\t<span class=\"wp-block-jdrf-accordion-item__icon icon-open\">\n\t\t\t\n<svg xmlns=\"http:\/\/www.w3.org\/2000\/svg\" width=\"16\" height=\"2\" viewBox=\"0 0 16 2\" fill=\"currentColor\">\n<path d=\"M1 0.944336H15\" stroke=\"currentColor\" stroke-width=\"1.5\" \/>\n<\/svg>\n\t\t<\/span>\n\t\t<span class=\"wp-block-jdrf-accordion-item__icon icon-close\">\n\t\t\t\n<svg xmlns=\"http:\/\/www.w3.org\/2000\/svg\" width=\"16\" height=\"15.999\" viewBox=\"0 0 16 15.999\"><path d=\"M-907.686-470.686v-6.628h-6.628A.686.686,0,0,1-915-478a.686.686,0,0,1,.686-.685h6.628v-6.629A.686.686,0,0,1-907-486a.685.685,0,0,1,.685.685v6.629h6.628A.686.686,0,0,1-899-478a.686.686,0,0,1-.686.686h-6.628v6.628A.685.685,0,0,1-907-470,.686.686,0,0,1-907.686-470.686Z\" transform=\"translate(915 486)\" \/><\/svg>\n\t\t<\/span>\n\t<\/button>\n\n\t<div class=\"wp-block-jdrf-accordion-item__content accordion-content\">\n\t\t\n\n<p class=\"wp-block-paragraph\">Propuestas de apoyo a reuniones cient\u00edficas, conferencias y talleres relacionados con la misi\u00f3n de Breakthrough T1D. <\/p>\n\n\t<\/div>\n<\/div>\n\n\t<\/div>\n<\/section>\n<\/div>\n<\/div>\n<\/div>\n\n\n\n<div class=\"wp-block-group alignfull is-layout-constrained wp-block-group-is-layout-constrained\">\n<div class=\"wp-block-columns is-layout-flex wp-container-core-columns-is-layout-28f84493 wp-block-columns-is-layout-flex has-2-columns\">\n<div class=\"wp-block-column is-layout-flow wp-block-column-is-layout-flow\" style=\"flex-basis:66.66%\">\n<h2 class=\"wp-block-heading has-h-3-font-size\" id=\"rfas-awaiting-notification\">Solicitudes de Propuestas (AFR, por sus siglas en ingl\u00e9s) en espera de notificaci\u00f3n<\/h2>\n<\/div>\n\n\n\n<div class=\"wp-block-column is-layout-flow wp-block-column-is-layout-flow\" style=\"flex-basis:33.33%\"><\/div>\n<\/div>\n\n\n\n<div class=\"wp-block-columns is-layout-flex wp-container-core-columns-is-layout-28f84493 wp-block-columns-is-layout-flex has-1-columns\">\n<div class=\"wp-block-column is-layout-flow wp-block-column-is-layout-flow\">\n<p class=\"wp-block-paragraph\">Control gluc\u00e9mico y de c\u00e9lulas beta en individuos con riesgo de diabetes tipo 1<br>30 de julio de 2024<\/p>\n\n\n\n<p class=\"wp-block-paragraph\">Ensayos de eficacia e implementaci\u00f3n para abordar la salud mental en la diabetes tipo 1<br>31 de julio de 2024<\/p>\n\n\n\n<p class=\"wp-block-paragraph\">Desarrollo de intervenciones para modular el tr\u00e1fico de c\u00e9lulas inmunitarias en la DT1<br>31 de agosto de 2024<\/p>\n<\/div>\n<\/div>\n<\/div>\n","protected":false,"raw":""},"excerpt":{"rendered":"<p>Inicio de sesi\u00f3n en RMS360 El sistema de gesti\u00f3n de la investigaci\u00f3n para las solicitudes de investigaci\u00f3n de Breakthrough T1D, asignaciones activas y revisiones por pares. Oportunidades de financiamiento y plazos Breakthrough T1D anima a todos los investigadores cualificados interesados en abordar los retos cient\u00edficos y cl\u00ednicos y las lagunas en la cura de la [&hellip;]<\/p>\n","protected":false},"author":1222,"featured_media":0,"parent":212319,"menu_order":0,"comment_status":"closed","ping_status":"closed","template":"","meta":{"_acf_changed":false,"ep_exclude_from_search":false,"publish_on_app_meta":"True","iawp_total_views":119,"footnotes":""},"class_list":["post-211872","page","type-page","status-publish","hentry"],"acf":[],"yoast_head":"<!-- This site is optimized with the Yoast SEO plugin v27.3 - https:\/\/yoast.com\/product\/yoast-seo-wordpress\/ -->\n<title>Oportunidades de financiamiento - Breakthrough T1D<\/title>\n<meta name=\"robots\" content=\"index, follow, max-snippet:-1, max-image-preview:large, max-video-preview:-1\" \/>\n<link rel=\"canonical\" href=\"https:\/\/www.breakthrought1d.org\/es\/explora-investigacion\/oportunidades-financiamiento\/\" \/>\n<meta property=\"og:locale\" content=\"es_ES\" \/>\n<meta property=\"og:type\" content=\"article\" \/>\n<meta property=\"og:title\" content=\"Oportunidades de financiamiento - Breakthrough T1D\" \/>\n<meta property=\"og:description\" content=\"Inicio de sesi\u00f3n en RMS360 El sistema de gesti\u00f3n de la investigaci\u00f3n para las solicitudes de investigaci\u00f3n de Breakthrough T1D, asignaciones activas y revisiones por pares. Oportunidades de financiamiento y plazos Breakthrough T1D anima a todos los investigadores cualificados interesados en abordar los retos cient\u00edficos y cl\u00ednicos y las lagunas en la cura de la [&hellip;]\" \/>\n<meta property=\"og:url\" content=\"https:\/\/www.breakthrought1d.org\/es\/explora-investigacion\/oportunidades-financiamiento\/\" \/>\n<meta property=\"og:site_name\" content=\"Breakthrough T1D\" \/>\n<meta property=\"article:publisher\" content=\"https:\/\/www.facebook.com\/breakthrought1dHQ\" \/>\n<meta property=\"article:modified_time\" content=\"2025-04-30T22:21:56+00:00\" \/>\n<meta property=\"og:image\" content=\"https:\/\/www.breakthrought1d.org\/wp-content\/uploads\/2024\/06\/BT1D-fallbck-scaled.jpg\" \/>\n\t<meta property=\"og:image:width\" content=\"2560\" \/>\n\t<meta property=\"og:image:height\" content=\"1440\" \/>\n\t<meta property=\"og:image:type\" content=\"image\/jpeg\" \/>\n<meta name=\"twitter:card\" content=\"summary_large_image\" \/>\n<meta name=\"twitter:site\" content=\"@breakthrought1d\" \/>\n<meta name=\"twitter:label1\" content=\"Tiempo de lectura\" \/>\n\t<meta name=\"twitter:data1\" content=\"2 minutos\" \/>\n<script type=\"application\/ld+json\" class=\"yoast-schema-graph\">{\"@context\":\"https:\\\/\\\/schema.org\",\"@graph\":[{\"@type\":\"WebPage\",\"@id\":\"https:\\\/\\\/www.breakthrought1d.org\\\/es\\\/explora-investigacion\\\/oportunidades-financiamiento\\\/\",\"url\":\"https:\\\/\\\/www.breakthrought1d.org\\\/es\\\/explora-investigacion\\\/oportunidades-financiamiento\\\/\",\"name\":\"Oportunidades de financiamiento - Breakthrough T1D\",\"isPartOf\":{\"@id\":\"https:\\\/\\\/www.breakthrought1d.org\\\/es\\\/#website\"},\"datePublished\":\"2024-05-13T22:37:28+00:00\",\"dateModified\":\"2025-04-30T22:21:56+00:00\",\"breadcrumb\":{\"@id\":\"https:\\\/\\\/www.breakthrought1d.org\\\/es\\\/explora-investigacion\\\/oportunidades-financiamiento\\\/#breadcrumb\"},\"inLanguage\":\"es\",\"potentialAction\":[{\"@type\":\"ReadAction\",\"target\":[\"https:\\\/\\\/www.breakthrought1d.org\\\/es\\\/explora-investigacion\\\/oportunidades-financiamiento\\\/\"]}]},{\"@type\":\"BreadcrumbList\",\"@id\":\"https:\\\/\\\/www.breakthrought1d.org\\\/es\\\/explora-investigacion\\\/oportunidades-financiamiento\\\/#breadcrumb\",\"itemListElement\":[{\"@type\":\"ListItem\",\"position\":1,\"name\":\"Inicio\",\"item\":\"https:\\\/\\\/www.breakthrought1d.org\\\/es\\\/\"},{\"@type\":\"ListItem\",\"position\":2,\"name\":\"Explora nuestra investigaci\u00f3n\",\"item\":\"https:\\\/\\\/www.breakthrought1d.org\\\/es\\\/explora-investigacion\\\/\"},{\"@type\":\"ListItem\",\"position\":3,\"name\":\"Oportunidades de financiamiento\"}]},{\"@type\":\"WebSite\",\"@id\":\"https:\\\/\\\/www.breakthrought1d.org\\\/es\\\/#website\",\"url\":\"https:\\\/\\\/www.breakthrought1d.org\\\/es\\\/\",\"name\":\"Breakthrough T1D\",\"description\":\"Improving Lives. Curing Type 1 Diabetes.\",\"publisher\":{\"@id\":\"https:\\\/\\\/www.breakthrought1d.org\\\/es\\\/#organization\"},\"potentialAction\":[{\"@type\":\"SearchAction\",\"target\":{\"@type\":\"EntryPoint\",\"urlTemplate\":\"https:\\\/\\\/www.breakthrought1d.org\\\/es\\\/?s={search_term_string}\"},\"query-input\":{\"@type\":\"PropertyValueSpecification\",\"valueRequired\":true,\"valueName\":\"search_term_string\"}}],\"inLanguage\":\"es\"},{\"@type\":\"Organization\",\"@id\":\"https:\\\/\\\/www.breakthrought1d.org\\\/es\\\/#organization\",\"name\":\"Breakthrough T1D\",\"url\":\"https:\\\/\\\/www.breakthrought1d.org\\\/es\\\/\",\"logo\":{\"@type\":\"ImageObject\",\"inLanguage\":\"es\",\"@id\":\"https:\\\/\\\/www.breakthrought1d.org\\\/es\\\/#\\\/schema\\\/logo\\\/image\\\/\",\"url\":\"https:\\\/\\\/www.breakthrought1d.org\\\/wp-content\\\/uploads\\\/2024\\\/06\\\/BT1D-favi.png\",\"contentUrl\":\"https:\\\/\\\/www.breakthrought1d.org\\\/wp-content\\\/uploads\\\/2024\\\/06\\\/BT1D-favi.png\",\"width\":400,\"height\":400,\"caption\":\"Breakthrough T1D\"},\"image\":{\"@id\":\"https:\\\/\\\/www.breakthrought1d.org\\\/es\\\/#\\\/schema\\\/logo\\\/image\\\/\"},\"sameAs\":[\"https:\\\/\\\/www.facebook.com\\\/breakthrought1dHQ\",\"https:\\\/\\\/x.com\\\/breakthrought1d\",\"https:\\\/\\\/www.youtube.com\\\/@breakthrought1d\",\"https:\\\/\\\/www.instagram.com\\\/breakthrought1d\\\/\",\"https:\\\/\\\/www.tiktok.com\\\/@breakthrought1dhq\"]}]}<\/script>\n<!-- \/ Yoast SEO plugin. -->","yoast_head_json":{"title":"Oportunidades de financiamiento - Breakthrough T1D","robots":{"index":"index","follow":"follow","max-snippet":"max-snippet:-1","max-image-preview":"max-image-preview:large","max-video-preview":"max-video-preview:-1"},"canonical":"https:\/\/www.breakthrought1d.org\/es\/explora-investigacion\/oportunidades-financiamiento\/","og_locale":"es_ES","og_type":"article","og_title":"Oportunidades de financiamiento - Breakthrough T1D","og_description":"Inicio de sesi\u00f3n en RMS360 El sistema de gesti\u00f3n de la investigaci\u00f3n para las solicitudes de investigaci\u00f3n de Breakthrough T1D, asignaciones activas y revisiones por pares. Oportunidades de financiamiento y plazos Breakthrough T1D anima a todos los investigadores cualificados interesados en abordar los retos cient\u00edficos y cl\u00ednicos y las lagunas en la cura de la [&hellip;]","og_url":"https:\/\/www.breakthrought1d.org\/es\/explora-investigacion\/oportunidades-financiamiento\/","og_site_name":"Breakthrough T1D","article_publisher":"https:\/\/www.facebook.com\/breakthrought1dHQ","article_modified_time":"2025-04-30T22:21:56+00:00","og_image":[{"width":2560,"height":1440,"url":"https:\/\/www.breakthrought1d.org\/wp-content\/uploads\/2024\/06\/BT1D-fallbck-scaled.jpg","type":"image\/jpeg"}],"twitter_card":"summary_large_image","twitter_site":"@breakthrought1d","twitter_misc":{"Tiempo de lectura":"2 minutos"},"schema":{"@context":"https:\/\/schema.org","@graph":[{"@type":"WebPage","@id":"https:\/\/www.breakthrought1d.org\/es\/explora-investigacion\/oportunidades-financiamiento\/","url":"https:\/\/www.breakthrought1d.org\/es\/explora-investigacion\/oportunidades-financiamiento\/","name":"Oportunidades de financiamiento - Breakthrough T1D","isPartOf":{"@id":"https:\/\/www.breakthrought1d.org\/es\/#website"},"datePublished":"2024-05-13T22:37:28+00:00","dateModified":"2025-04-30T22:21:56+00:00","breadcrumb":{"@id":"https:\/\/www.breakthrought1d.org\/es\/explora-investigacion\/oportunidades-financiamiento\/#breadcrumb"},"inLanguage":"es","potentialAction":[{"@type":"ReadAction","target":["https:\/\/www.breakthrought1d.org\/es\/explora-investigacion\/oportunidades-financiamiento\/"]}]},{"@type":"BreadcrumbList","@id":"https:\/\/www.breakthrought1d.org\/es\/explora-investigacion\/oportunidades-financiamiento\/#breadcrumb","itemListElement":[{"@type":"ListItem","position":1,"name":"Inicio","item":"https:\/\/www.breakthrought1d.org\/es\/"},{"@type":"ListItem","position":2,"name":"Explora nuestra investigaci\u00f3n","item":"https:\/\/www.breakthrought1d.org\/es\/explora-investigacion\/"},{"@type":"ListItem","position":3,"name":"Oportunidades de financiamiento"}]},{"@type":"WebSite","@id":"https:\/\/www.breakthrought1d.org\/es\/#website","url":"https:\/\/www.breakthrought1d.org\/es\/","name":"Breakthrough T1D","description":"Improving Lives. Curing Type 1 Diabetes.","publisher":{"@id":"https:\/\/www.breakthrought1d.org\/es\/#organization"},"potentialAction":[{"@type":"SearchAction","target":{"@type":"EntryPoint","urlTemplate":"https:\/\/www.breakthrought1d.org\/es\/?s={search_term_string}"},"query-input":{"@type":"PropertyValueSpecification","valueRequired":true,"valueName":"search_term_string"}}],"inLanguage":"es"},{"@type":"Organization","@id":"https:\/\/www.breakthrought1d.org\/es\/#organization","name":"Breakthrough T1D","url":"https:\/\/www.breakthrought1d.org\/es\/","logo":{"@type":"ImageObject","inLanguage":"es","@id":"https:\/\/www.breakthrought1d.org\/es\/#\/schema\/logo\/image\/","url":"https:\/\/www.breakthrought1d.org\/wp-content\/uploads\/2024\/06\/BT1D-favi.png","contentUrl":"https:\/\/www.breakthrought1d.org\/wp-content\/uploads\/2024\/06\/BT1D-favi.png","width":400,"height":400,"caption":"Breakthrough T1D"},"image":{"@id":"https:\/\/www.breakthrought1d.org\/es\/#\/schema\/logo\/image\/"},"sameAs":["https:\/\/www.facebook.com\/breakthrought1dHQ","https:\/\/x.com\/breakthrought1d","https:\/\/www.youtube.com\/@breakthrought1d","https:\/\/www.instagram.com\/breakthrought1d\/","https:\/\/www.tiktok.com\/@breakthrought1dhq"]}]}},"_links":{"self":[{"href":"https:\/\/www.breakthrought1d.org\/es\/wp-json\/wp\/v2\/pages\/211872","targetHints":{"allow":["GET"]}}],"collection":[{"href":"https:\/\/www.breakthrought1d.org\/es\/wp-json\/wp\/v2\/pages"}],"about":[{"href":"https:\/\/www.breakthrought1d.org\/es\/wp-json\/wp\/v2\/types\/page"}],"author":[{"embeddable":true,"href":"https:\/\/www.breakthrought1d.org\/es\/wp-json\/wp\/v2\/users\/1222"}],"replies":[{"embeddable":true,"href":"https:\/\/www.breakthrought1d.org\/es\/wp-json\/wp\/v2\/comments?post=211872"}],"version-history":[{"count":0,"href":"https:\/\/www.breakthrought1d.org\/es\/wp-json\/wp\/v2\/pages\/211872\/revisions"}],"up":[{"embeddable":true,"href":"https:\/\/www.breakthrought1d.org\/es\/wp-json\/wp\/v2\/pages\/212319"}],"wp:attachment":[{"href":"https:\/\/www.breakthrought1d.org\/es\/wp-json\/wp\/v2\/media?parent=211872"}],"curies":[{"name":"wp","href":"https:\/\/api.w.org\/{rel}","templated":true}]}}