{"id":211954,"date":"2024-04-25T07:24:27","date_gmt":"2024-04-25T11:24:27","guid":{"rendered":"https:\/\/www.breakthrought1d.org\/mejorar-vidas\/"},"modified":"2025-04-30T18:15:09","modified_gmt":"2025-04-30T22:15:09","slug":"mejorando-vidas","status":"publish","type":"page","link":"https:\/\/www.breakthrought1d.org\/es\/explora-investigacion\/mejorando-vidas\/","title":{"rendered":"Mejorando vidas"},"content":{"rendered":"\n<div class=\"page-header alignfull wp-block-jdfr-page-header\">\n\t<div class=\"page-header__inner-container\">\n\t\t\n<nav id=\"breadcrumbs\" class=\"site-breadcrumbs alignfull\" aria-label=\"Breadcrumbs\">\n\t<ul class=\"site-breadcrumbs__inner\"><li class=\"breadcrumb-item\"><a href=\"https:\/\/www.breakthrought1d.org\/es\/\">Inicio<\/a><\/li><li class=\"site-breadcrumbs__separator\"><?xml version=\"1.0\"?>\n<svg xmlns=\"http:\/\/www.w3.org\/2000\/svg\" width=\"9.143\" height=\"16\" fill=\"currentColor\" viewBox=\"0 0 9.143 16\" aria-hidden=\"true\"><path d=\"M9.143,21a1.143,1.143,0,0,1-.808-1.951L14.384,13,8.335,6.951A1.143,1.143,0,0,1,9.951,5.335l6.857,6.857a1.143,1.143,0,0,1,0,1.616L9.951,20.665A1.139,1.139,0,0,1,9.143,21Z\" transform=\"translate(-8 -5)\"\/><\/svg>\n<\/li><li class=\"breadcrumb-item\" aria-current=\"page\" tabindex=\"0\" role=\"text\" aria-label=\"Current-page: \"><\/li><\/ul><\/nav>\n\n\t\t<div class=\"page-header__content\">\n\t\t\t<h1 class=\"page-header__title\">Mejorando vidas<\/h1><div class=\"page-header__description\"><p>Como principal organizaci\u00f3n mundial de investigaci\u00f3n y defensa de la diabetes tipo 1, ayudamos a mejorar la vida cotidiana de las personas con diabetes tipo 1, al tiempo que impulsamos su cura.<\/p>\n<\/div>\n\t\t\t\t\t<\/div>\n\t<\/div>\n<\/div>\n\n\n\n<div class=\"wp-block-group alignfull has-gradient is-layout-constrained wp-block-group-is-layout-constrained\">\n<div class=\"wp-block-columns is-layout-flex wp-container-core-columns-is-layout-28f84493 wp-block-columns-is-layout-flex\">\n<div class=\"wp-block-column is-layout-flow wp-block-column-is-layout-flow\" style=\"flex-basis:80%\">\n<h2 class=\"wp-block-heading has-h-3-font-size\" id=\"today-we-are-leading-the-way-to-more-effective-solutions-tomorrow-we-will-make-this-condition-a-thing-of-the-past-1\">Hoy lideramos el camino hacia soluciones m\u00e1s eficaces. Ma\u00f1ana haremos que esta condici\u00f3n sea cosa del pasado.<\/h2>\n<\/div>\n\n\n\n<div class=\"wp-block-column is-layout-flow wp-block-column-is-layout-flow\" style=\"flex-basis:20%\"><\/div>\n<\/div>\n<\/div>\n\n\n\n<div class=\"wp-block-group alignfull is-layout-constrained wp-block-group-is-layout-constrained\">\n<div class=\"wp-block-columns is-layout-flex wp-container-core-columns-is-layout-28f84493 wp-block-columns-is-layout-flex\">\n<div class=\"wp-block-column is-layout-flow wp-block-column-is-layout-flow\" style=\"flex-basis:33.33%\">\n<h3 class=\"wp-block-heading has-h-4-font-size\" id=\"our-commitment-our-promise\">Nuestro compromiso, nuestra promesa<\/h3>\n<\/div>\n\n\n\n<div class=\"wp-block-column is-layout-flow wp-block-column-is-layout-flow\" style=\"flex-basis:66.66%\">\n<p>En Breakthrough T1D, nos centramos en lo que la comunidad de diabetes tipo 1 (DT1) necesita ahora y en el futuro.<\/p>\n\n\n\n<p>Tu salud es nuestra mayor prioridad. Impulsamos la investigaci\u00f3n para curar, prevenir y tratar mejor la diabetes tipo 1 y sus complicaciones, y garantizar que tengas acceso a los tratamientos, vivas donde vivas.<\/p>\n\n\n\n<p>Para seguir impulsando un cambio impactante, nuestro Programa Mejorando Vidas est\u00e1 desarrollando f\u00e1rmacos, dispositivos, intervenciones de salud conductual y combinaciones de estas terapias para mejorar los resultados y la calidad de vida de las personas con DT1.<\/p>\n<\/div>\n<\/div>\n<\/div>\n\n\n\n<div class=\"wp-block-group alignfull has-light-gray-background-color has-background is-layout-constrained wp-block-group-is-layout-constrained\">\n<div class=\"wp-block-columns is-layout-flex wp-container-core-columns-is-layout-28f84493 wp-block-columns-is-layout-flex\">\n<div class=\"wp-block-column is-layout-flow wp-block-column-is-layout-flow\" style=\"flex-basis:33.33%\">\n<h3 class=\"wp-block-heading has-h-4-font-size\" id=\"managing-blood-sugar-levels\">Manejo de los niveles de glucosa en sangre<\/h3>\n<\/div>\n\n\n\n<div class=\"wp-block-column is-layout-flow wp-block-column-is-layout-flow\" style=\"flex-basis:66.66%\">\n<p>Sabemos que los tratamientos y las tecnolog\u00edas salvan vidas cada d\u00eda. Al controlar los niveles de glucosa en sangre, proporcionar una dosificaci\u00f3n precisa y enviar alertas de subidas y bajadas incluso por la noche, estas innovaciones est\u00e1n consiguiendo m\u00e1s tiempo en rango, menos subidas y bajadas peligrosas, embarazos m\u00e1s sanos e incluso un mejor sue\u00f1o.<\/p>\n\n\n\n<p>Debemos acelerar el desarrollo de medicamentos avanzados y de dispositivos m\u00e1s peque\u00f1os y f\u00e1ciles de usar. Esto mejorar\u00e1 continuamente el patr\u00f3n de tratamiento a todas las personas con DT1 y les ayudar\u00e1 a vivir vidas m\u00e1s libres, plenas y sanas hasta que tengamos curas.<\/p>\n\n\n\n<div class=\"wp-block-buttons is-layout-flex wp-block-buttons-is-layout-flex\">\n<div class=\"wp-block-button is-style-secondary\"><a class=\"wp-block-button__link wp-element-button\" href=\"https:\/\/www.breakthrought1d.org\/es\/explora-investigacion\/mejorando-vidas\/farmacos-y-dispositivos-para-el-control-de-la-glucosa\/\">Obt\u00e9n m\u00e1s informaci\u00f3n sobre los f\u00e1rmacos y los dispositivos para el manejo de la glucosa<\/a><\/div>\n<\/div>\n<\/div>\n<\/div>\n<\/div>\n\n\n\n<div class=\"wp-block-group alignfull is-layout-constrained wp-block-group-is-layout-constrained\">\n<div class=\"wp-block-columns is-layout-flex wp-container-core-columns-is-layout-28f84493 wp-block-columns-is-layout-flex\">\n<div class=\"wp-block-column is-layout-flow wp-block-column-is-layout-flow\" style=\"flex-basis:33.33%\">\n<h3 class=\"wp-block-heading has-h-4-font-size\" id=\"complications-and-behavioral-health\">Complicaciones y salud conductual<\/h3>\n<\/div>\n\n\n\n<div class=\"wp-block-column is-layout-flow wp-block-column-is-layout-flow\" style=\"flex-basis:66.66%\">\n<p>La DT1 deja secuelas f\u00edsicas y emocionales. Las complicaciones a largo plazo son una realidad para muchas personas con la condici\u00f3n, y los problemas de salud mental afectan de forma desproporcionada a las personas con DT1.<\/p>\n\n\n\n<p>Breakthrough T1D se centra tanto en las complicaciones a largo plazo como en la salud psicosocial y conductual con el objetivo de detener las complicaciones en una fase m\u00e1s temprana de su desarrollo y establecer intervenciones de salud conductual que ayuden a las personas con DT1 a estar mejor.<\/p>\n\n\n\n<div class=\"wp-block-buttons is-layout-flex wp-block-buttons-is-layout-flex\">\n<div class=\"wp-block-button is-style-secondary\"><a class=\"wp-block-button__link wp-element-button\" href=\"https:\/\/www.breakthrought1d.org\/es\/explora-investigacion\/mejorando-vidas\/complicaciones-y-salud-mental\/\">Obt\u00e9n m\u00e1s informaci\u00f3n sobre las intervenciones para las complicaciones y la salud mental<\/a><\/div>\n<\/div>\n<\/div>\n<\/div>\n<\/div>\n\n\n\n<div class=\"wp-block-group alignfull has-white-color has-navy-background-color has-text-color has-background has-link-color wp-elements-5f47ef7bae972f3ebf50cdc91a8f1cd9 is-layout-constrained wp-block-group-is-layout-constrained\">\n<div class=\"wp-block-columns is-layout-flex wp-container-core-columns-is-layout-28f84493 wp-block-columns-is-layout-flex\">\n<div class=\"wp-block-column is-layout-flow wp-block-column-is-layout-flow\" style=\"flex-basis:66.66%\">\n<h2 class=\"wp-block-heading\" id=\"explore-our-research\">Explora nuestra investigaci\u00f3n<\/h2>\n\n\n\n<p>Desde la primera insulina sint\u00e9tica hasta la mejora de las tecnolog\u00edas de tratamiento de la DT1, nuestra investigaci\u00f3n est\u00e1 cambiando vidas a mejor. <\/p>\n<\/div>\n\n\n\n<div class=\"wp-block-column is-vertically-aligned-center is-layout-flow wp-block-column-is-layout-flow\" style=\"flex-basis:33.33%\">\n<div class=\"wp-block-buttons is-content-justification-right is-layout-flex wp-container-core-buttons-is-layout-d445cf74 wp-block-buttons-is-layout-flex\">\n<div class=\"wp-block-button\"><a class=\"wp-block-button__link wp-element-button\" href=\"https:\/\/www.breakthrought1d.org\/es\/explora-investigacion\/\">M\u00e1s informaci\u00f3n<\/a><\/div>\n<\/div>\n<\/div>\n<\/div>\n<\/div>\n","protected":false,"raw":""},"excerpt":{"rendered":"<p>Hoy lideramos el camino hacia soluciones m\u00e1s eficaces. Ma\u00f1ana haremos que esta condici\u00f3n sea cosa del pasado. Nuestro compromiso, nuestra promesa En Breakthrough T1D, nos centramos en lo que la comunidad de diabetes tipo 1 (DT1) necesita ahora y en el futuro. Tu salud es nuestra mayor prioridad. Impulsamos la investigaci\u00f3n para curar, prevenir y [&hellip;]<\/p>\n","protected":false},"author":1220,"featured_media":0,"parent":212319,"menu_order":0,"comment_status":"closed","ping_status":"closed","template":"","meta":{"_acf_changed":false,"ep_exclude_from_search":false,"publish_on_app_meta":"True","iawp_total_views":27,"footnotes":""},"class_list":["post-211954","page","type-page","status-publish","hentry"],"acf":[],"yoast_head":"<!-- This site is optimized with the Yoast SEO plugin v27.2 - https:\/\/yoast.com\/product\/yoast-seo-wordpress\/ -->\n<title>Mejorando vidas - Breakthrough T1D<\/title>\n<meta name=\"robots\" content=\"index, follow, max-snippet:-1, max-image-preview:large, max-video-preview:-1\" \/>\n<link rel=\"canonical\" href=\"https:\/\/www.breakthrought1d.org\/es\/explora-investigacion\/mejorando-vidas\/\" \/>\n<meta property=\"og:locale\" content=\"es_ES\" \/>\n<meta property=\"og:type\" content=\"article\" \/>\n<meta property=\"og:title\" content=\"Mejorando vidas - Breakthrough T1D\" \/>\n<meta property=\"og:description\" content=\"Hoy lideramos el camino hacia soluciones m\u00e1s eficaces. Ma\u00f1ana haremos que esta condici\u00f3n sea cosa del pasado. Nuestro compromiso, nuestra promesa En Breakthrough T1D, nos centramos en lo que la comunidad de diabetes tipo 1 (DT1) necesita ahora y en el futuro. Tu salud es nuestra mayor prioridad. Impulsamos la investigaci\u00f3n para curar, prevenir y [&hellip;]\" \/>\n<meta property=\"og:url\" content=\"https:\/\/www.breakthrought1d.org\/es\/explora-investigacion\/mejorando-vidas\/\" \/>\n<meta property=\"og:site_name\" content=\"Breakthrough T1D\" \/>\n<meta property=\"article:publisher\" content=\"https:\/\/www.facebook.com\/breakthrought1dHQ\" \/>\n<meta property=\"article:modified_time\" content=\"2025-04-30T22:15:09+00:00\" \/>\n<meta property=\"og:image\" content=\"https:\/\/www.breakthrought1d.org\/wp-content\/uploads\/2024\/06\/BT1D-fallbck-scaled.jpg\" \/>\n\t<meta property=\"og:image:width\" content=\"2560\" \/>\n\t<meta property=\"og:image:height\" content=\"1440\" \/>\n\t<meta property=\"og:image:type\" content=\"image\/jpeg\" \/>\n<meta name=\"twitter:card\" content=\"summary_large_image\" \/>\n<meta name=\"twitter:site\" content=\"@breakthrought1d\" \/>\n<meta name=\"twitter:label1\" content=\"Tiempo de lectura\" \/>\n\t<meta name=\"twitter:data1\" content=\"2 minutos\" \/>\n<script type=\"application\/ld+json\" class=\"yoast-schema-graph\">{\"@context\":\"https:\/\/schema.org\",\"@graph\":[{\"@type\":\"WebPage\",\"@id\":\"https:\/\/www.breakthrought1d.org\/es\/explora-investigacion\/mejorando-vidas\/\",\"url\":\"https:\/\/www.breakthrought1d.org\/es\/explora-investigacion\/mejorando-vidas\/\",\"name\":\"Mejorando vidas - Breakthrough T1D\",\"isPartOf\":{\"@id\":\"https:\/\/www.breakthrought1d.org\/es\/#website\"},\"datePublished\":\"2024-04-25T11:24:27+00:00\",\"dateModified\":\"2025-04-30T22:15:09+00:00\",\"breadcrumb\":{\"@id\":\"https:\/\/www.breakthrought1d.org\/es\/explora-investigacion\/mejorando-vidas\/#breadcrumb\"},\"inLanguage\":\"es\",\"potentialAction\":[{\"@type\":\"ReadAction\",\"target\":[\"https:\/\/www.breakthrought1d.org\/es\/explora-investigacion\/mejorando-vidas\/\"]}]},{\"@type\":\"BreadcrumbList\",\"@id\":\"https:\/\/www.breakthrought1d.org\/es\/explora-investigacion\/mejorando-vidas\/#breadcrumb\",\"itemListElement\":[{\"@type\":\"ListItem\",\"position\":1,\"name\":\"Inicio\",\"item\":\"https:\/\/www.breakthrought1d.org\/es\/\"},{\"@type\":\"ListItem\",\"position\":2,\"name\":\"Explora nuestra investigaci\u00f3n\",\"item\":\"https:\/\/www.breakthrought1d.org\/es\/explora-investigacion\/\"},{\"@type\":\"ListItem\",\"position\":3,\"name\":\"Mejorando vidas\"}]},{\"@type\":\"WebSite\",\"@id\":\"https:\/\/www.breakthrought1d.org\/es\/#website\",\"url\":\"https:\/\/www.breakthrought1d.org\/es\/\",\"name\":\"Breakthrough T1D\",\"description\":\"Improving Lives. Curing Type 1 Diabetes.\",\"publisher\":{\"@id\":\"https:\/\/www.breakthrought1d.org\/es\/#organization\"},\"potentialAction\":[{\"@type\":\"SearchAction\",\"target\":{\"@type\":\"EntryPoint\",\"urlTemplate\":\"https:\/\/www.breakthrought1d.org\/es\/?s={search_term_string}\"},\"query-input\":{\"@type\":\"PropertyValueSpecification\",\"valueRequired\":true,\"valueName\":\"search_term_string\"}}],\"inLanguage\":\"es\"},{\"@type\":\"Organization\",\"@id\":\"https:\/\/www.breakthrought1d.org\/es\/#organization\",\"name\":\"Breakthrough T1D\",\"url\":\"https:\/\/www.breakthrought1d.org\/es\/\",\"logo\":{\"@type\":\"ImageObject\",\"inLanguage\":\"es\",\"@id\":\"https:\/\/www.breakthrought1d.org\/es\/#\/schema\/logo\/image\/\",\"url\":\"https:\/\/www.breakthrought1d.org\/wp-content\/uploads\/2024\/06\/BT1D-favi.png\",\"contentUrl\":\"https:\/\/www.breakthrought1d.org\/wp-content\/uploads\/2024\/06\/BT1D-favi.png\",\"width\":400,\"height\":400,\"caption\":\"Breakthrough T1D\"},\"image\":{\"@id\":\"https:\/\/www.breakthrought1d.org\/es\/#\/schema\/logo\/image\/\"},\"sameAs\":[\"https:\/\/www.facebook.com\/breakthrought1dHQ\",\"https:\/\/x.com\/breakthrought1d\",\"https:\/\/www.youtube.com\/@breakthrought1d\",\"https:\/\/www.instagram.com\/breakthrought1d\/\",\"https:\/\/www.tiktok.com\/@breakthrought1dhq\"]}]}<\/script>\n<!-- \/ Yoast SEO plugin. -->","yoast_head_json":{"title":"Mejorando vidas - Breakthrough T1D","robots":{"index":"index","follow":"follow","max-snippet":"max-snippet:-1","max-image-preview":"max-image-preview:large","max-video-preview":"max-video-preview:-1"},"canonical":"https:\/\/www.breakthrought1d.org\/es\/explora-investigacion\/mejorando-vidas\/","og_locale":"es_ES","og_type":"article","og_title":"Mejorando vidas - Breakthrough T1D","og_description":"Hoy lideramos el camino hacia soluciones m\u00e1s eficaces. Ma\u00f1ana haremos que esta condici\u00f3n sea cosa del pasado. Nuestro compromiso, nuestra promesa En Breakthrough T1D, nos centramos en lo que la comunidad de diabetes tipo 1 (DT1) necesita ahora y en el futuro. Tu salud es nuestra mayor prioridad. Impulsamos la investigaci\u00f3n para curar, prevenir y [&hellip;]","og_url":"https:\/\/www.breakthrought1d.org\/es\/explora-investigacion\/mejorando-vidas\/","og_site_name":"Breakthrough T1D","article_publisher":"https:\/\/www.facebook.com\/breakthrought1dHQ","article_modified_time":"2025-04-30T22:15:09+00:00","og_image":[{"width":2560,"height":1440,"url":"https:\/\/www.breakthrought1d.org\/wp-content\/uploads\/2024\/06\/BT1D-fallbck-scaled.jpg","type":"image\/jpeg"}],"twitter_card":"summary_large_image","twitter_site":"@breakthrought1d","twitter_misc":{"Tiempo de lectura":"2 minutos"},"schema":{"@context":"https:\/\/schema.org","@graph":[{"@type":"WebPage","@id":"https:\/\/www.breakthrought1d.org\/es\/explora-investigacion\/mejorando-vidas\/","url":"https:\/\/www.breakthrought1d.org\/es\/explora-investigacion\/mejorando-vidas\/","name":"Mejorando vidas - Breakthrough T1D","isPartOf":{"@id":"https:\/\/www.breakthrought1d.org\/es\/#website"},"datePublished":"2024-04-25T11:24:27+00:00","dateModified":"2025-04-30T22:15:09+00:00","breadcrumb":{"@id":"https:\/\/www.breakthrought1d.org\/es\/explora-investigacion\/mejorando-vidas\/#breadcrumb"},"inLanguage":"es","potentialAction":[{"@type":"ReadAction","target":["https:\/\/www.breakthrought1d.org\/es\/explora-investigacion\/mejorando-vidas\/"]}]},{"@type":"BreadcrumbList","@id":"https:\/\/www.breakthrought1d.org\/es\/explora-investigacion\/mejorando-vidas\/#breadcrumb","itemListElement":[{"@type":"ListItem","position":1,"name":"Inicio","item":"https:\/\/www.breakthrought1d.org\/es\/"},{"@type":"ListItem","position":2,"name":"Explora nuestra investigaci\u00f3n","item":"https:\/\/www.breakthrought1d.org\/es\/explora-investigacion\/"},{"@type":"ListItem","position":3,"name":"Mejorando vidas"}]},{"@type":"WebSite","@id":"https:\/\/www.breakthrought1d.org\/es\/#website","url":"https:\/\/www.breakthrought1d.org\/es\/","name":"Breakthrough T1D","description":"Improving Lives. Curing Type 1 Diabetes.","publisher":{"@id":"https:\/\/www.breakthrought1d.org\/es\/#organization"},"potentialAction":[{"@type":"SearchAction","target":{"@type":"EntryPoint","urlTemplate":"https:\/\/www.breakthrought1d.org\/es\/?s={search_term_string}"},"query-input":{"@type":"PropertyValueSpecification","valueRequired":true,"valueName":"search_term_string"}}],"inLanguage":"es"},{"@type":"Organization","@id":"https:\/\/www.breakthrought1d.org\/es\/#organization","name":"Breakthrough T1D","url":"https:\/\/www.breakthrought1d.org\/es\/","logo":{"@type":"ImageObject","inLanguage":"es","@id":"https:\/\/www.breakthrought1d.org\/es\/#\/schema\/logo\/image\/","url":"https:\/\/www.breakthrought1d.org\/wp-content\/uploads\/2024\/06\/BT1D-favi.png","contentUrl":"https:\/\/www.breakthrought1d.org\/wp-content\/uploads\/2024\/06\/BT1D-favi.png","width":400,"height":400,"caption":"Breakthrough T1D"},"image":{"@id":"https:\/\/www.breakthrought1d.org\/es\/#\/schema\/logo\/image\/"},"sameAs":["https:\/\/www.facebook.com\/breakthrought1dHQ","https:\/\/x.com\/breakthrought1d","https:\/\/www.youtube.com\/@breakthrought1d","https:\/\/www.instagram.com\/breakthrought1d\/","https:\/\/www.tiktok.com\/@breakthrought1dhq"]}]}},"_links":{"self":[{"href":"https:\/\/www.breakthrought1d.org\/es\/wp-json\/wp\/v2\/pages\/211954","targetHints":{"allow":["GET"]}}],"collection":[{"href":"https:\/\/www.breakthrought1d.org\/es\/wp-json\/wp\/v2\/pages"}],"about":[{"href":"https:\/\/www.breakthrought1d.org\/es\/wp-json\/wp\/v2\/types\/page"}],"author":[{"embeddable":true,"href":"https:\/\/www.breakthrought1d.org\/es\/wp-json\/wp\/v2\/users\/1220"}],"replies":[{"embeddable":true,"href":"https:\/\/www.breakthrought1d.org\/es\/wp-json\/wp\/v2\/comments?post=211954"}],"version-history":[{"count":0,"href":"https:\/\/www.breakthrought1d.org\/es\/wp-json\/wp\/v2\/pages\/211954\/revisions"}],"up":[{"embeddable":true,"href":"https:\/\/www.breakthrought1d.org\/es\/wp-json\/wp\/v2\/pages\/212319"}],"wp:attachment":[{"href":"https:\/\/www.breakthrought1d.org\/es\/wp-json\/wp\/v2\/media?parent=211954"}],"curies":[{"name":"wp","href":"https:\/\/api.w.org\/{rel}","templated":true}]}}