{"id":212078,"date":"2024-04-22T17:40:40","date_gmt":"2024-04-22T21:40:40","guid":{"rendered":"https:\/\/www.breakthrought1d.org\/basicos-dt1\/insulina\/"},"modified":"2025-10-10T10:03:01","modified_gmt":"2025-10-10T14:03:01","slug":"insulina","status":"publish","type":"page","link":"https:\/\/www.breakthrought1d.org\/es\/basicos-dt1\/insulina\/","title":{"rendered":"Insulina"},"content":{"rendered":"\n<div class=\"page-header alignfull wp-block-jdfr-page-header\">\n\t<div class=\"page-header__inner-container\">\n\t\t\n<nav id=\"breadcrumbs\" class=\"site-breadcrumbs alignfull\" aria-label=\"Breadcrumbs\">\n\t<ul class=\"site-breadcrumbs__inner\"><li class=\"breadcrumb-item\"><a href=\"https:\/\/www.breakthrought1d.org\/es\/\">Inicio<\/a><\/li><li class=\"site-breadcrumbs__separator\"><?xml version=\"1.0\"?>\n<svg xmlns=\"http:\/\/www.w3.org\/2000\/svg\" width=\"9.143\" height=\"16\" fill=\"currentColor\" viewBox=\"0 0 9.143 16\" aria-hidden=\"true\"><path d=\"M9.143,21a1.143,1.143,0,0,1-.808-1.951L14.384,13,8.335,6.951A1.143,1.143,0,0,1,9.951,5.335l6.857,6.857a1.143,1.143,0,0,1,0,1.616L9.951,20.665A1.139,1.139,0,0,1,9.143,21Z\" transform=\"translate(-8 -5)\"\/><\/svg>\n<\/li><li class=\"breadcrumb-item\" aria-current=\"page\" tabindex=\"0\" role=\"text\" aria-label=\"Current-page: \"><\/li><\/ul><\/nav>\n\n\t\t<div class=\"page-header__content\">\n\t\t\t<h1 class=\"page-header__title\">Insulina<\/h1><div class=\"page-header__description\"><p>C\u00f3mo funciona la insulina y los tipos de insulinoterapia<\/p>\n<\/div>\n\t\t\t\t\t<\/div>\n\t<\/div>\n<\/div>\n\n\n\n<div class=\"wp-block-group alignfull has-white-background-color has-background is-layout-constrained wp-block-group-is-layout-constrained\">\n<div class=\"wp-block-columns is-layout-flex wp-container-core-columns-is-layout-28f84493 wp-block-columns-is-layout-flex\">\n<div class=\"wp-block-column is-layout-flow wp-block-column-is-layout-flow\" style=\"flex-basis:33.33%\">\n<h2 class=\"wp-block-heading has-h-2-font-size\" id=\"how-does-insulin-work\">Conceptos b\u00e1sicos sobre la insulina<\/h2>\n<\/div>\n\n\n\n<div class=\"wp-block-column is-layout-flow wp-block-column-is-layout-flow\" style=\"flex-basis:66.66%\">\n<p>Las personas con diabetes tipo 1 (DT1) necesitan administrarse insulina para sobrevivir. Esto se debe a que sus cuerpos producen muy poca cantidad. La insulina es un tratamiento para la diabetes tipo 1. No es una cura.<\/p>\n\n\n\n<figure class=\"wp-block-embed is-type-video is-provider-youtube wp-block-embed-youtube wp-embed-aspect-16-9 wp-has-aspect-ratio\"><div class=\"wp-block-embed__wrapper\">\n<iframe loading=\"lazy\" title=\"\u00bfQu\u00e9 es la insulina?\" width=\"500\" height=\"281\" src=\"https:\/\/www.youtube.com\/embed\/fE6TBUHKYkY?feature=oembed\" frameborder=\"0\" allow=\"accelerometer; autoplay; clipboard-write; encrypted-media; gyroscope; picture-in-picture; web-share\" referrerpolicy=\"strict-origin-when-cross-origin\" allowfullscreen><\/iframe>\n<\/div><\/figure>\n<\/div>\n<\/div>\n<\/div>\n\n\n\n<div class=\"wp-block-group alignfull has-light-gray-background-color has-background is-layout-constrained wp-block-group-is-layout-constrained\">\n<div class=\"wp-block-columns is-layout-flex wp-container-core-columns-is-layout-28f84493 wp-block-columns-is-layout-flex\">\n<div class=\"wp-block-column is-layout-flow wp-block-column-is-layout-flow\" style=\"flex-basis:33.33%\">\n<h2 class=\"wp-block-heading has-h-3-font-size\" id=\"how-does-insulin-work\">\u00bfC\u00f3mo funciona la insulina?<\/h2>\n<\/div>\n\n\n\n<div class=\"wp-block-column is-layout-flow wp-block-column-is-layout-flow\" style=\"flex-basis:66.66%\">\n<p>La insulina es una hormona producida por las c\u00e9lulas beta del p\u00e1ncreas que ayuda a regular los niveles de glucosa en sangre.<\/p>\n\n\n\n<p>Tu cuerpo descompone los alimentos que ingieres en glucosa y la libera en el torrente sangu\u00edneo. La insulina es la &#8220;llave&#8221; que abre las c\u00e9lulas de tu cuerpo para permitir que esa glucosa entre y se utilice como energ\u00eda. Sin insulina, o sin suficiente insulina, los niveles de glucosa en sangre aumentan. <\/p>\n\n\n\n<p>Las personas con DT1 no producen insulina. Por tanto, deben recurrir a la insulinoterapia para controlar sus niveles de glucosa en sangre.<\/p>\n<\/div>\n<\/div>\n<\/div>\n\n\n\n<div class=\"wp-block-group alignfull is-layout-constrained wp-block-group-is-layout-constrained\">\n<div class=\"wp-block-columns is-layout-flex wp-container-core-columns-is-layout-28f84493 wp-block-columns-is-layout-flex\">\n<div class=\"wp-block-column is-layout-flow wp-block-column-is-layout-flow\" style=\"flex-basis:33.33%\">\n<h2 class=\"wp-block-heading has-h-3-font-size\" id=\"types-of-insulin-therapy\">Tipos de insulinoterapia<\/h2>\n<\/div>\n\n\n\n<div class=\"wp-block-column is-layout-flow wp-block-column-is-layout-flow\" style=\"flex-basis:66.66%\">\n<p>El tipo de insulina que utiliza una persona con DT1 depende de cada individuo. T\u00fa y tu m\u00e9dico trabajar\u00e1n juntos para desarrollar un tratamiento de insulina personalizado. Existen tres reg\u00edmenes est\u00e1ndar de insulina:<\/p>\n\n\n\n<h3 class=\"wp-block-heading has-h-5-font-size\" id=\"optional-subheader\">Inyecciones diarias m\u00faltiples de insulina (IDM)<\/h3>\n\n\n\n<p>Normalmente se utilizan dos tipos de insulina para el tratamiento con inyecciones diarias m\u00faltiples de insulina:<\/p>\n\n\n\n<ul class=\"wp-block-list\">\n<li>La insulina basal, o de acci\u00f3n prolongada, empieza a actuar aproximadamente una hora despu\u00e9s de la inyecci\u00f3n y tiende a reducir los niveles de glucosa durante 24 a 40 horas, es decir, casi un d\u00eda entero.<br><em>Ejemplos: insulina glargina (Lantus, Toujeo) e insulina degludec (Tresiba)<\/em><br><\/li>\n\n\n\n<li>La insulina en bolo, o de acci\u00f3n r\u00e1pida, se administra durante las comidas y para controlar los niveles elevados de glucosa. La insulina de acci\u00f3n r\u00e1pida empieza a actuar unos 15 minutos despu\u00e9s de su administraci\u00f3n, alcanza su punto m\u00e1ximo (o su m\u00e1xima eficacia) en unos 60 a 90 minutos, y sigue actuando de 3 a 5 horas despu\u00e9s de su administraci\u00f3n.<br><em>Ejemplos: insulina glulisina (Apidra), insulina lispro (Admelog, Humalog), insulina aspart (NovoLog, Fiasp) e insulina lispro-aabc (Lyumjev).<\/em><\/li>\n<\/ul>\n\n\n\n<hr class=\"wp-block-separator has-alpha-channel-opacity\" style=\"margin-top:var(--wp--preset--spacing--40);margin-bottom:var(--wp--preset--spacing--40)\"\/>\n\n\n\n<h3 class=\"wp-block-heading has-h-5-font-size\" id=\"optional-subheader\">Bombas de insulina y sistemas autom\u00e1ticos de administraci\u00f3n de insulina (AID, por sus siglas en ingl\u00e9s)<\/h3>\n\n\n\n<p>La insulina de acci\u00f3n r\u00e1pida se utiliza en bombas de insulina y sistemas de administraci\u00f3n autom\u00e1tica de insulina (AID), tambi\u00e9n llamados sistemas de p\u00e1ncreas artificial (PA). La insulina de acci\u00f3n r\u00e1pida empieza a actuar unos 15 minutos despu\u00e9s de su administraci\u00f3n, alcanza su punto m\u00e1ximo (o su m\u00e1xima eficacia) en unos 60 a 90 minutos, y sigue actuando de 3 a 5 horas despu\u00e9s de su administraci\u00f3n.<br><em>Ejemplos: insulina glulisina (Apidra), insulina lispro (Admelog, Humalog), insulina aspart (NovoLog, Fiasp) e insulina lispro-aabc (Lyumjev).<\/em><\/p>\n\n\n\n<hr class=\"wp-block-separator has-alpha-channel-opacity\" style=\"margin-top:var(--wp--preset--spacing--40);margin-bottom:var(--wp--preset--spacing--40)\"\/>\n\n\n\n<h3 class=\"wp-block-heading has-h-5-font-size\" id=\"optional-subheader\">Insulina de dosis fija<\/h3>\n\n\n\n<p>El tratamiento con insulina de dosis fija suele utilizar insulinas de acci\u00f3n corta o r\u00e1pida en combinaci\u00f3n con insulinas de acci\u00f3n intermedia.<\/p>\n\n\n\n<p>La insulina de acci\u00f3n corta empieza a actuar 30 minutos despu\u00e9s de la inyecci\u00f3n, alcanza su punto m\u00e1ximo entre 2 y 3 horas despu\u00e9s de la inyecci\u00f3n y sigue actuando entre 3 y 6 horas.<br><em>Ejemplo: Humana Regular<\/em><\/p>\n\n\n\n<p>La insulina de acci\u00f3n intermedia<strong><em> <\/em><\/strong>empieza a actuar entre 2 y 4 horas despu\u00e9s de la inyecci\u00f3n, alcanza su punto m\u00e1ximo entre 4 y 12 horas despu\u00e9s, y dura aproximadamente entre 12 y 18 horas.<br><em>Ejemplo: isofana (insulina NPH) <\/em><\/p>\n\n\n\n<p>Los reg\u00edmenes de insulina a dosis fijas tambi\u00e9n pueden incluir insulina premezclada.<\/p>\n<\/div>\n<\/div>\n<\/div>\n\n\n\n<div class=\"wp-block-group alignfull has-light-gray-background-color has-background is-layout-constrained wp-block-group-is-layout-constrained\">\n<div class=\"wp-block-media-text is-stacked-on-mobile\"><figure class=\"wp-block-media-text__media\"><img loading=\"lazy\" decoding=\"async\" width=\"1024\" height=\"683\" src=\"https:\/\/www.breakthrought1d.org\/wp-content\/uploads\/2024\/05\/Woman-Insulin-Doctor-1024x683.jpg\" alt=\"Doctor administrando insulina a un paciente con diabetes tipo 1\" class=\"wp-image-192146 size-full\" srcset=\"https:\/\/www.breakthrought1d.org\/wp-content\/uploads\/2024\/05\/Woman-Insulin-Doctor-1024x683.jpg 1024w, https:\/\/www.breakthrought1d.org\/wp-content\/uploads\/2024\/05\/Woman-Insulin-Doctor-300x200.jpg 300w, https:\/\/www.breakthrought1d.org\/wp-content\/uploads\/2024\/05\/Woman-Insulin-Doctor-768x512.jpg 768w, https:\/\/www.breakthrought1d.org\/wp-content\/uploads\/2024\/05\/Woman-Insulin-Doctor-1536x1024.jpg 1536w, https:\/\/www.breakthrought1d.org\/wp-content\/uploads\/2024\/05\/Woman-Insulin-Doctor-2048x1365.jpg 2048w, https:\/\/www.breakthrought1d.org\/wp-content\/uploads\/2024\/05\/Woman-Insulin-Doctor-800x533.jpg 800w, https:\/\/www.breakthrought1d.org\/wp-content\/uploads\/2024\/05\/Woman-Insulin-Doctor-1200x800.jpg 1200w\" sizes=\"auto, (max-width: 1024px) 100vw, 1024px\" \/><\/figure><div class=\"wp-block-media-text__content\">\n<h2 class=\"wp-block-heading has-h-3-font-size\" id=\"highlight-for-priority-content-e-g-event-1\">Administraci\u00f3n de insulina<\/h2>\n\n\n\n<p style=\"margin-top:var(--wp--preset--spacing--24);margin-bottom:var(--wp--preset--spacing--32)\">Existen cuatro m\u00e9todos principales de administraci\u00f3n de insulina: inyecciones, inhaladores, bombas y sistemas autom\u00e1ticos de administraci\u00f3n de insulina.<\/p>\n\n\n\n<div class=\"wp-block-buttons is-layout-flex wp-block-buttons-is-layout-flex\">\n<div class=\"wp-block-button is-style-secondary\"><a class=\"wp-block-button__link wp-element-button\" href=\"https:\/\/www.breakthrought1d.org\/es\/manejo-diario\/administrar-insulina\/\">M\u00e1s informaci\u00f3n sobre los m\u00e9todos de administraci\u00f3n de insulina<\/a><\/div>\n<\/div>\n<\/div><\/div>\n<\/div>\n\n\n\n<div class=\"wp-block-group alignfull has-opal-background-color has-background is-layout-constrained wp-block-group-is-layout-constrained\">\n<div class=\"wp-block-columns is-layout-flex wp-container-core-columns-is-layout-28f84493 wp-block-columns-is-layout-flex\">\n<div class=\"wp-block-column is-layout-flow wp-block-column-is-layout-flow\" style=\"flex-basis:33.33%\">\n<h2 class=\"wp-block-heading has-h-3-font-size\" id=\"caring-for-insulin-1\">Cuidado de la insulina<\/h2>\n<\/div>\n\n\n\n<div class=\"wp-block-column is-layout-flow wp-block-column-is-layout-flow\" style=\"flex-basis:66.66%\">\n<ul class=\"wp-block-list\">\n<li>Refrigera la insulina sin abrir<\/li>\n\n\n\n<li>Guarda la insulina abierta a temperatura ambiente y nunca cerca del calor o fr\u00edo extremos<\/li>\n\n\n\n<li>Comprueba la fecha de caducidad de la insulina antes de usarla<\/li>\n\n\n\n<li>Desecha la insulina caducada o la que presente decoloraci\u00f3n o part\u00edculas<\/li>\n\n\n\n<li>Desecha los viales o plumas abiertos seg\u00fan recomiende el fabricante<\/li>\n<\/ul>\n<\/div>\n<\/div>\n<\/div>\n\n\n\n<div class=\"wp-block-group alignfull is-layout-constrained wp-block-group-is-layout-constrained\">\n<div class=\"wp-block-columns is-layout-flex wp-container-core-columns-is-layout-28f84493 wp-block-columns-is-layout-flex\">\n<div class=\"wp-block-column is-layout-flow wp-block-column-is-layout-flow\" style=\"flex-basis:66.66%\">\n<h2 class=\"wp-block-heading\" id=\"learn-more-t1d-basics\">M\u00e1s informaci\u00f3n sobre conceptos b\u00e1sicos de la DT1<\/h2>\n<\/div>\n\n\n\n<div class=\"wp-block-column is-layout-flow wp-block-column-is-layout-flow\" style=\"flex-basis:33.33%\"><\/div>\n<\/div>\n\n\n\n<div class=\"wp-block-columns is-layout-flex wp-container-core-columns-is-layout-69cf8084 wp-block-columns-is-layout-flex\" style=\"margin-top:var(--wp--preset--spacing--40)\">\n<div class=\"wp-block-column has-light-gray-background-color has-background is-layout-flow wp-block-column-is-layout-flow\" style=\"padding-top:var(--wp--preset--spacing--24);padding-right:var(--wp--preset--spacing--16);padding-bottom:var(--wp--preset--spacing--24);padding-left:var(--wp--preset--spacing--16)\">\n<div class=\"wp-block-buttons is-layout-flex wp-block-buttons-is-layout-flex\">\n<div class=\"wp-block-button is-style-large-link\"><a class=\"wp-block-button__link wp-element-button\" href=\"https:\/\/www.breakthrought1d.org\/es\/basicos-dt1\/biologia\/\">Biolog\u00eda<\/a><\/div>\n<\/div>\n\n\n\n<p>La ciencia detr\u00e1s de la DT1<\/p>\n<\/div>\n\n\n\n<div class=\"wp-block-column has-light-gray-background-color has-background is-layout-flow wp-block-column-is-layout-flow\" style=\"padding-top:var(--wp--preset--spacing--24);padding-right:var(--wp--preset--spacing--16);padding-bottom:var(--wp--preset--spacing--24);padding-left:var(--wp--preset--spacing--16)\">\n<div class=\"wp-block-buttons is-layout-flex wp-block-buttons-is-layout-flex\">\n<div class=\"wp-block-button is-style-large-link\"><a class=\"wp-block-button__link wp-element-button\" href=\"https:\/\/www.breakthrought1d.org\/es\/basicos-dt1\/tratamientos\/\">Tratamientos<\/a><\/div>\n<\/div>\n\n\n\n<p>Terapias para tratar la diabetes tipo 1<\/p>\n<\/div>\n\n\n\n<div class=\"wp-block-column has-light-gray-background-color has-background is-layout-flow wp-block-column-is-layout-flow\" style=\"padding-top:var(--wp--preset--spacing--24);padding-right:var(--wp--preset--spacing--16);padding-bottom:var(--wp--preset--spacing--24);padding-left:var(--wp--preset--spacing--16)\">\n<div class=\"wp-block-buttons is-layout-flex wp-block-buttons-is-layout-flex\">\n<div class=\"wp-block-button is-style-large-link\"><a class=\"wp-block-button__link wp-element-button\" href=\"https:\/\/www.breakthrought1d.org\/es\/basicos-dt1\/preguntas-frecuentes\/\">Preguntas Frecuentes<\/a><\/div>\n<\/div>\n\n\n\n<p>Inf\u00f3rmate sobre c\u00f3mo vivir con DT1<\/p>\n<\/div>\n<\/div>\n<\/div>\n","protected":false,"raw":""},"excerpt":{"rendered":"<p>Conceptos b\u00e1sicos sobre la insulina Las personas con diabetes tipo 1 (DT1) necesitan administrarse insulina para sobrevivir. Esto se debe a que sus cuerpos producen muy poca cantidad. La insulina es un tratamiento para la diabetes tipo 1. No es una cura. \u00bfC\u00f3mo funciona la insulina? La insulina es una hormona producida por las c\u00e9lulas [&hellip;]<\/p>\n","protected":false},"author":1222,"featured_media":0,"parent":194844,"menu_order":0,"comment_status":"closed","ping_status":"closed","template":"","meta":{"_acf_changed":false,"ep_exclude_from_search":false,"publish_on_app_meta":"True","iawp_total_views":362,"footnotes":""},"class_list":["post-212078","page","type-page","status-publish","hentry"],"acf":[],"yoast_head":"<!-- This site is optimized with the Yoast SEO plugin v27.2 - https:\/\/yoast.com\/product\/yoast-seo-wordpress\/ -->\n<title>Insulina - Breakthrough T1D<\/title>\n<meta name=\"description\" content=\"Las personas con diabetes tipo 1 dependen del tratamiento con insulina para controlar sus niveles de glucosa en sangre. Conoce los distintos tipos de insulina y c\u00f3mo funcionan.\" \/>\n<meta name=\"robots\" content=\"index, follow, max-snippet:-1, max-image-preview:large, max-video-preview:-1\" \/>\n<link rel=\"canonical\" href=\"https:\/\/www.breakthrought1d.org\/es\/basicos-dt1\/insulina\/\" \/>\n<meta property=\"og:locale\" content=\"es_ES\" \/>\n<meta property=\"og:type\" content=\"article\" \/>\n<meta property=\"og:title\" content=\"Insulina - Breakthrough T1D\" \/>\n<meta property=\"og:description\" content=\"Las personas con diabetes tipo 1 dependen del tratamiento con insulina para controlar sus niveles de glucosa en sangre. Conoce los distintos tipos de insulina y c\u00f3mo funcionan.\" \/>\n<meta property=\"og:url\" content=\"https:\/\/www.breakthrought1d.org\/es\/basicos-dt1\/insulina\/\" \/>\n<meta property=\"og:site_name\" content=\"Breakthrough T1D\" \/>\n<meta property=\"article:publisher\" content=\"https:\/\/www.facebook.com\/breakthrought1dHQ\" \/>\n<meta property=\"article:modified_time\" content=\"2025-10-10T14:03:01+00:00\" \/>\n<meta property=\"og:image\" content=\"https:\/\/www.breakthrought1d.org\/wp-content\/uploads\/2024\/05\/Woman-Insulin-Doctor.jpg\" \/>\n\t<meta property=\"og:image:width\" content=\"2100\" \/>\n\t<meta property=\"og:image:height\" content=\"1400\" \/>\n\t<meta property=\"og:image:type\" content=\"image\/jpeg\" \/>\n<meta name=\"twitter:card\" content=\"summary_large_image\" \/>\n<meta name=\"twitter:site\" content=\"@breakthrought1d\" \/>\n<meta name=\"twitter:label1\" content=\"Tiempo de lectura\" \/>\n\t<meta name=\"twitter:data1\" content=\"4 minutos\" \/>\n<script type=\"application\/ld+json\" class=\"yoast-schema-graph\">{\"@context\":\"https:\/\/schema.org\",\"@graph\":[{\"@type\":\"WebPage\",\"@id\":\"https:\/\/www.breakthrought1d.org\/es\/basicos-dt1\/insulina\/\",\"url\":\"https:\/\/www.breakthrought1d.org\/es\/basicos-dt1\/insulina\/\",\"name\":\"Insulina - Breakthrough T1D\",\"isPartOf\":{\"@id\":\"https:\/\/www.breakthrought1d.org\/es\/#website\"},\"primaryImageOfPage\":{\"@id\":\"https:\/\/www.breakthrought1d.org\/es\/basicos-dt1\/insulina\/#primaryimage\"},\"image\":{\"@id\":\"https:\/\/www.breakthrought1d.org\/es\/basicos-dt1\/insulina\/#primaryimage\"},\"thumbnailUrl\":\"https:\/\/www.breakthrought1d.org\/wp-content\/uploads\/2024\/05\/Woman-Insulin-Doctor-1024x683.jpg\",\"datePublished\":\"2024-04-22T21:40:40+00:00\",\"dateModified\":\"2025-10-10T14:03:01+00:00\",\"description\":\"Las personas con diabetes tipo 1 dependen del tratamiento con insulina para controlar sus niveles de glucosa en sangre. Conoce los distintos tipos de insulina y c\u00f3mo funcionan.\",\"breadcrumb\":{\"@id\":\"https:\/\/www.breakthrought1d.org\/es\/basicos-dt1\/insulina\/#breadcrumb\"},\"inLanguage\":\"es\",\"potentialAction\":[{\"@type\":\"ReadAction\",\"target\":[\"https:\/\/www.breakthrought1d.org\/es\/basicos-dt1\/insulina\/\"]}]},{\"@type\":\"ImageObject\",\"inLanguage\":\"es\",\"@id\":\"https:\/\/www.breakthrought1d.org\/es\/basicos-dt1\/insulina\/#primaryimage\",\"url\":\"https:\/\/www.breakthrought1d.org\/wp-content\/uploads\/2024\/05\/Woman-Insulin-Doctor-1024x683.jpg\",\"contentUrl\":\"https:\/\/www.breakthrought1d.org\/wp-content\/uploads\/2024\/05\/Woman-Insulin-Doctor-1024x683.jpg\"},{\"@type\":\"BreadcrumbList\",\"@id\":\"https:\/\/www.breakthrought1d.org\/es\/basicos-dt1\/insulina\/#breadcrumb\",\"itemListElement\":[{\"@type\":\"ListItem\",\"position\":1,\"name\":\"Inicio\",\"item\":\"https:\/\/www.breakthrought1d.org\/es\/\"},{\"@type\":\"ListItem\",\"position\":2,\"name\":\"Conceptos b\u00e1sicos sobre la diabetes tipo 1\",\"item\":\"https:\/\/www.breakthrought1d.org\/es\/basicos-dt1\/\"},{\"@type\":\"ListItem\",\"position\":3,\"name\":\"Insulina\"}]},{\"@type\":\"WebSite\",\"@id\":\"https:\/\/www.breakthrought1d.org\/es\/#website\",\"url\":\"https:\/\/www.breakthrought1d.org\/es\/\",\"name\":\"Breakthrough T1D\",\"description\":\"Improving Lives. Curing Type 1 Diabetes.\",\"publisher\":{\"@id\":\"https:\/\/www.breakthrought1d.org\/es\/#organization\"},\"potentialAction\":[{\"@type\":\"SearchAction\",\"target\":{\"@type\":\"EntryPoint\",\"urlTemplate\":\"https:\/\/www.breakthrought1d.org\/es\/?s={search_term_string}\"},\"query-input\":{\"@type\":\"PropertyValueSpecification\",\"valueRequired\":true,\"valueName\":\"search_term_string\"}}],\"inLanguage\":\"es\"},{\"@type\":\"Organization\",\"@id\":\"https:\/\/www.breakthrought1d.org\/es\/#organization\",\"name\":\"Breakthrough T1D\",\"url\":\"https:\/\/www.breakthrought1d.org\/es\/\",\"logo\":{\"@type\":\"ImageObject\",\"inLanguage\":\"es\",\"@id\":\"https:\/\/www.breakthrought1d.org\/es\/#\/schema\/logo\/image\/\",\"url\":\"https:\/\/www.breakthrought1d.org\/wp-content\/uploads\/2024\/06\/BT1D-favi.png\",\"contentUrl\":\"https:\/\/www.breakthrought1d.org\/wp-content\/uploads\/2024\/06\/BT1D-favi.png\",\"width\":400,\"height\":400,\"caption\":\"Breakthrough T1D\"},\"image\":{\"@id\":\"https:\/\/www.breakthrought1d.org\/es\/#\/schema\/logo\/image\/\"},\"sameAs\":[\"https:\/\/www.facebook.com\/breakthrought1dHQ\",\"https:\/\/x.com\/breakthrought1d\",\"https:\/\/www.youtube.com\/@breakthrought1d\",\"https:\/\/www.instagram.com\/breakthrought1d\/\",\"https:\/\/www.tiktok.com\/@breakthrought1dhq\"]}]}<\/script>\n<!-- \/ Yoast SEO plugin. -->","yoast_head_json":{"title":"Insulina - Breakthrough T1D","description":"Las personas con diabetes tipo 1 dependen del tratamiento con insulina para controlar sus niveles de glucosa en sangre. Conoce los distintos tipos de insulina y c\u00f3mo funcionan.","robots":{"index":"index","follow":"follow","max-snippet":"max-snippet:-1","max-image-preview":"max-image-preview:large","max-video-preview":"max-video-preview:-1"},"canonical":"https:\/\/www.breakthrought1d.org\/es\/basicos-dt1\/insulina\/","og_locale":"es_ES","og_type":"article","og_title":"Insulina - Breakthrough T1D","og_description":"Las personas con diabetes tipo 1 dependen del tratamiento con insulina para controlar sus niveles de glucosa en sangre. Conoce los distintos tipos de insulina y c\u00f3mo funcionan.","og_url":"https:\/\/www.breakthrought1d.org\/es\/basicos-dt1\/insulina\/","og_site_name":"Breakthrough T1D","article_publisher":"https:\/\/www.facebook.com\/breakthrought1dHQ","article_modified_time":"2025-10-10T14:03:01+00:00","og_image":[{"width":2100,"height":1400,"url":"https:\/\/www.breakthrought1d.org\/wp-content\/uploads\/2024\/05\/Woman-Insulin-Doctor.jpg","type":"image\/jpeg"}],"twitter_card":"summary_large_image","twitter_site":"@breakthrought1d","twitter_misc":{"Tiempo de lectura":"4 minutos"},"schema":{"@context":"https:\/\/schema.org","@graph":[{"@type":"WebPage","@id":"https:\/\/www.breakthrought1d.org\/es\/basicos-dt1\/insulina\/","url":"https:\/\/www.breakthrought1d.org\/es\/basicos-dt1\/insulina\/","name":"Insulina - Breakthrough T1D","isPartOf":{"@id":"https:\/\/www.breakthrought1d.org\/es\/#website"},"primaryImageOfPage":{"@id":"https:\/\/www.breakthrought1d.org\/es\/basicos-dt1\/insulina\/#primaryimage"},"image":{"@id":"https:\/\/www.breakthrought1d.org\/es\/basicos-dt1\/insulina\/#primaryimage"},"thumbnailUrl":"https:\/\/www.breakthrought1d.org\/wp-content\/uploads\/2024\/05\/Woman-Insulin-Doctor-1024x683.jpg","datePublished":"2024-04-22T21:40:40+00:00","dateModified":"2025-10-10T14:03:01+00:00","description":"Las personas con diabetes tipo 1 dependen del tratamiento con insulina para controlar sus niveles de glucosa en sangre. Conoce los distintos tipos de insulina y c\u00f3mo funcionan.","breadcrumb":{"@id":"https:\/\/www.breakthrought1d.org\/es\/basicos-dt1\/insulina\/#breadcrumb"},"inLanguage":"es","potentialAction":[{"@type":"ReadAction","target":["https:\/\/www.breakthrought1d.org\/es\/basicos-dt1\/insulina\/"]}]},{"@type":"ImageObject","inLanguage":"es","@id":"https:\/\/www.breakthrought1d.org\/es\/basicos-dt1\/insulina\/#primaryimage","url":"https:\/\/www.breakthrought1d.org\/wp-content\/uploads\/2024\/05\/Woman-Insulin-Doctor-1024x683.jpg","contentUrl":"https:\/\/www.breakthrought1d.org\/wp-content\/uploads\/2024\/05\/Woman-Insulin-Doctor-1024x683.jpg"},{"@type":"BreadcrumbList","@id":"https:\/\/www.breakthrought1d.org\/es\/basicos-dt1\/insulina\/#breadcrumb","itemListElement":[{"@type":"ListItem","position":1,"name":"Inicio","item":"https:\/\/www.breakthrought1d.org\/es\/"},{"@type":"ListItem","position":2,"name":"Conceptos b\u00e1sicos sobre la diabetes tipo 1","item":"https:\/\/www.breakthrought1d.org\/es\/basicos-dt1\/"},{"@type":"ListItem","position":3,"name":"Insulina"}]},{"@type":"WebSite","@id":"https:\/\/www.breakthrought1d.org\/es\/#website","url":"https:\/\/www.breakthrought1d.org\/es\/","name":"Breakthrough T1D","description":"Improving Lives. Curing Type 1 Diabetes.","publisher":{"@id":"https:\/\/www.breakthrought1d.org\/es\/#organization"},"potentialAction":[{"@type":"SearchAction","target":{"@type":"EntryPoint","urlTemplate":"https:\/\/www.breakthrought1d.org\/es\/?s={search_term_string}"},"query-input":{"@type":"PropertyValueSpecification","valueRequired":true,"valueName":"search_term_string"}}],"inLanguage":"es"},{"@type":"Organization","@id":"https:\/\/www.breakthrought1d.org\/es\/#organization","name":"Breakthrough T1D","url":"https:\/\/www.breakthrought1d.org\/es\/","logo":{"@type":"ImageObject","inLanguage":"es","@id":"https:\/\/www.breakthrought1d.org\/es\/#\/schema\/logo\/image\/","url":"https:\/\/www.breakthrought1d.org\/wp-content\/uploads\/2024\/06\/BT1D-favi.png","contentUrl":"https:\/\/www.breakthrought1d.org\/wp-content\/uploads\/2024\/06\/BT1D-favi.png","width":400,"height":400,"caption":"Breakthrough T1D"},"image":{"@id":"https:\/\/www.breakthrought1d.org\/es\/#\/schema\/logo\/image\/"},"sameAs":["https:\/\/www.facebook.com\/breakthrought1dHQ","https:\/\/x.com\/breakthrought1d","https:\/\/www.youtube.com\/@breakthrought1d","https:\/\/www.instagram.com\/breakthrought1d\/","https:\/\/www.tiktok.com\/@breakthrought1dhq"]}]}},"_links":{"self":[{"href":"https:\/\/www.breakthrought1d.org\/es\/wp-json\/wp\/v2\/pages\/212078","targetHints":{"allow":["GET"]}}],"collection":[{"href":"https:\/\/www.breakthrought1d.org\/es\/wp-json\/wp\/v2\/pages"}],"about":[{"href":"https:\/\/www.breakthrought1d.org\/es\/wp-json\/wp\/v2\/types\/page"}],"author":[{"embeddable":true,"href":"https:\/\/www.breakthrought1d.org\/es\/wp-json\/wp\/v2\/users\/1222"}],"replies":[{"embeddable":true,"href":"https:\/\/www.breakthrought1d.org\/es\/wp-json\/wp\/v2\/comments?post=212078"}],"version-history":[{"count":0,"href":"https:\/\/www.breakthrought1d.org\/es\/wp-json\/wp\/v2\/pages\/212078\/revisions"}],"up":[{"embeddable":true,"href":"https:\/\/www.breakthrought1d.org\/es\/wp-json\/wp\/v2\/pages\/194844"}],"wp:attachment":[{"href":"https:\/\/www.breakthrought1d.org\/es\/wp-json\/wp\/v2\/media?parent=212078"}],"curies":[{"name":"wp","href":"https:\/\/api.w.org\/{rel}","templated":true}]}}