{"id":212083,"date":"2024-05-11T15:49:35","date_gmt":"2024-05-11T19:49:35","guid":{"rendered":"https:\/\/www.breakthrought1d.org\/crianza-y-relaciones\/t1d-y-relaciones-comprometidas\/"},"modified":"2025-04-30T12:55:35","modified_gmt":"2025-04-30T16:55:35","slug":"dt1-y-relaciones-serias","status":"publish","type":"page","link":"https:\/\/www.breakthrought1d.org\/es\/recursos-dt1\/relaciones\/dt1-y-relaciones-serias\/","title":{"rendered":"DT1 y Relaciones Serias"},"content":{"rendered":"\n<div class=\"page-header alignfull wp-block-jdfr-page-header\">\n\t<div class=\"page-header__inner-container\">\n\t\t\n<nav id=\"breadcrumbs\" class=\"site-breadcrumbs alignfull\" aria-label=\"Breadcrumbs\">\n\t<ul class=\"site-breadcrumbs__inner\"><li class=\"breadcrumb-item\"><a href=\"https:\/\/www.breakthrought1d.org\/es\/\">Inicio<\/a><\/li><li class=\"site-breadcrumbs__separator\"><?xml version=\"1.0\"?>\n<svg xmlns=\"http:\/\/www.w3.org\/2000\/svg\" width=\"9.143\" height=\"16\" fill=\"currentColor\" viewBox=\"0 0 9.143 16\" aria-hidden=\"true\"><path d=\"M9.143,21a1.143,1.143,0,0,1-.808-1.951L14.384,13,8.335,6.951A1.143,1.143,0,0,1,9.951,5.335l6.857,6.857a1.143,1.143,0,0,1,0,1.616L9.951,20.665A1.139,1.139,0,0,1,9.143,21Z\" transform=\"translate(-8 -5)\"\/><\/svg>\n<\/li><li class=\"breadcrumb-item\" aria-current=\"page\" tabindex=\"0\" role=\"text\" aria-label=\"Current-page: \"><\/li><\/ul><\/nav>\n\n\t\t<div class=\"page-header__content\">\n\t\t\t<h1 class=\"page-header__title\">DT1 y relaciones serias<\/h1>\n\t\t\t\t\t<\/div>\n\t<\/div>\n<\/div>\n\n\n\n<div class=\"wp-block-group alignfull has-gradient is-layout-constrained wp-block-group-is-layout-constrained\">\n<div class=\"wp-block-columns is-layout-flex wp-container-core-columns-is-layout-28f84493 wp-block-columns-is-layout-flex has-2-columns\">\n<div class=\"wp-block-column is-layout-flow wp-block-column-is-layout-flow\" style=\"flex-basis:80%\">\n<h2 class=\"wp-block-heading has-h-3-font-size\" id=\"letting-your-partner-support-your-type-1-diabetes-can-bring-you-closer-together\">Dejar que tu pareja apoye tu diabetes tipo 1 puede acercarlos m\u00e1s.<\/h2>\n<\/div>\n\n\n\n<div class=\"wp-block-column is-layout-flow wp-block-column-is-layout-flow\" style=\"flex-basis:20%\"><\/div>\n<\/div>\n<\/div>\n\n\n\n<div class=\"wp-block-group alignfull has-light-gray-background-color has-background is-layout-constrained wp-block-group-is-layout-constrained\">\n<div class=\"wp-block-columns is-layout-flex wp-container-core-columns-is-layout-28f84493 wp-block-columns-is-layout-flex has-2-columns\">\n<div class=\"wp-block-column is-layout-flow wp-block-column-is-layout-flow\" style=\"flex-basis:33.33%\">\n<h3 class=\"wp-block-heading has-h-4-font-size\" id=\"content-block-a-body-copy-1-section\">No debes ocultar tu DT1<\/h3>\n<\/div>\n\n\n\n<div class=\"wp-block-column is-layout-flow wp-block-column-is-layout-flow\" style=\"flex-basis:66.66%\">\n<p class=\"wp-block-paragraph\">Si tienes una primera cita, compartir tu diagn\u00f3stico de diabetes tipo 1 (DT1) puede resultar desalentador. Algunas personas deciden esperar, otras lo comparten r\u00e1pidamente. S\u00f3lo aseg\u00farate de no sacrificar tu salud para ocultarlo. Si esta persona es realmente una pareja potencial, tendr\u00e1 que aceptarte a ti en su totalidad, \u00a1incluida tu DT1!<\/p>\n<\/div>\n<\/div>\n<\/div>\n\n\n\n<div class=\"wp-block-group alignfull is-layout-constrained wp-block-group-is-layout-constrained\">\n<div class=\"wp-block-columns is-layout-flex wp-container-core-columns-is-layout-28f84493 wp-block-columns-is-layout-flex has-2-columns\">\n<div class=\"wp-block-column is-layout-flow wp-block-column-is-layout-flow\" style=\"flex-basis:33.33%\">\n<h3 class=\"wp-block-heading has-h-4-font-size\" id=\"content-block-a-body-copy-1-section\">Sean abiertos y honestos entre ustedes<\/h3>\n<\/div>\n\n\n\n<div class=\"wp-block-column is-layout-flow wp-block-column-is-layout-flow\" style=\"flex-basis:66.66%\">\n<p class=\"wp-block-paragraph\">La DT1 a\u00f1ade un nuevo plano a cualquier relaci\u00f3n. La DT1 es una parte importante de tu vida diaria, lo que significa que inevitablemente tambi\u00e9n desempe\u00f1ar\u00e1 un papel en la vida de tu pareja. Cualquier relaci\u00f3n seria requiere de comunicaci\u00f3n y apoyo mutuo pero esto es especialmente importante con DT1. <\/p>\n\n\n\n<p class=\"wp-block-paragraph\">Recuerda que hay muchas \u00e1reas de su vida en las que t\u00fa tambi\u00e9n les apoyas. Las relaciones satisfactorias requieren franqueza, honestidad y confianza, especialmente con DT1. <\/p>\n<\/div>\n<\/div>\n<\/div>\n\n\n\n<div class=\"wp-block-group alignfull has-light-gray-background-color has-background is-layout-constrained wp-block-group-is-layout-constrained\">\n<div class=\"wp-block-columns is-layout-flex wp-container-core-columns-is-layout-28f84493 wp-block-columns-is-layout-flex has-2-columns\">\n<div class=\"wp-block-column is-layout-flow wp-block-column-is-layout-flow\" style=\"flex-basis:33.33%\">\n<h3 class=\"wp-block-heading has-h-4-font-size\" id=\"content-block-a-body-copy-1-section\">Ense\u00f1a a tu pareja a apoyarte<\/h3>\n<\/div>\n\n\n\n<div class=\"wp-block-column is-layout-flow wp-block-column-is-layout-flow\" style=\"flex-basis:66.66%\">\n<p class=\"wp-block-paragraph\">\u00a1Puede ser un reto que las personas sin DT1 en tu vida se den cuenta de qu\u00e9 tipo de apoyo te hace sentir bien! Ens\u00e9\u00f1ales con detalles concretos. Hazles saber, por ejemplo, que no te sientes apoyado cuando comentan sobre tus niveles de glucosa en sangre pero que no te importa que te recuerden que te pongas la insulina antes de comer. Dales m\u00e9todos claros para apoyarte: no pueden evitarlo, se preocupan por ti.<\/p>\n<\/div>\n<\/div>\n<\/div>\n\n\n\n<div class=\"wp-block-group alignfull is-layout-constrained wp-block-group-is-layout-constrained\">\n<div class=\"wp-block-columns is-layout-flex wp-container-core-columns-is-layout-28f84493 wp-block-columns-is-layout-flex has-2-columns\">\n<div class=\"wp-block-column is-layout-flow wp-block-column-is-layout-flow\" style=\"flex-basis:33.33%\">\n<h3 class=\"wp-block-heading has-h-4-font-size\" id=\"content-block-a-body-copy-1-section\">Hazles saber si tu nivel de glucosa en sangre est\u00e1 afectando a tu estado de \u00e1nimo<\/h3>\n<\/div>\n\n\n\n<div class=\"wp-block-column is-layout-flow wp-block-column-is-layout-flow\" style=\"flex-basis:66.66%\">\n<p class=\"wp-block-paragraph\">Los niveles elevados de glucosa en sangre pueden ponerte de mal humor y hacerte sentir fatal. Los niveles bajos de glucosa en sangre te hacen sentir d\u00e9bil, desorientado y con dificultades para pensar con claridad. Tampoco es un buen momento para un debate importante. Ayuda a tu pareja a comprender estos factores por si intenta mantener una conversaci\u00f3n o interacci\u00f3n contigo cuando tus niveles de glucosa en sangre fluct\u00faan. <\/p>\n<\/div>\n<\/div>\n<\/div>\n\n\n\n<div class=\"wp-block-group alignfull has-light-gray-background-color has-background is-layout-constrained wp-block-group-is-layout-constrained\">\n<div class=\"wp-block-columns is-layout-flex wp-container-core-columns-is-layout-28f84493 wp-block-columns-is-layout-flex has-2-columns\">\n<div class=\"wp-block-column is-layout-flow wp-block-column-is-layout-flow\" style=\"flex-basis:33.33%\">\n<h3 class=\"wp-block-heading has-h-4-font-size\" id=\"content-block-a-body-copy-1-section\">Trabajen juntos en h\u00e1bitos saludables<\/h3>\n<\/div>\n\n\n\n<div class=\"wp-block-column is-layout-flow wp-block-column-is-layout-flow\" style=\"flex-basis:66.66%\">\n<p class=\"wp-block-paragraph\">Tu DT1 afecta a todos los aspectos de tu vida, y viceversa. Si est\u00e1s intentando mejorar tus elecciones nutricionales, \u00a1incluye a tu pareja en este objetivo! Lo ideal es que tu pareja est\u00e9 tan preocupada por su salud como t\u00fa por la tuya, lo que crea una conexi\u00f3n af\u00edn.<\/p>\n<\/div>\n<\/div>\n<\/div>\n\n\n\n<div class=\"wp-block-group alignfull is-layout-constrained wp-block-group-is-layout-constrained\">\n<div class=\"wp-block-columns is-layout-flex wp-container-core-columns-is-layout-28f84493 wp-block-columns-is-layout-flex has-2-columns\">\n<div class=\"wp-block-column is-layout-flow wp-block-column-is-layout-flow\" style=\"flex-basis:33.33%\">\n<h3 class=\"wp-block-heading has-h-4-font-size\" id=\"content-block-a-body-copy-1-section\">Hazles saber si tienes dificultades<\/h3>\n<\/div>\n\n\n\n<div class=\"wp-block-column is-layout-flow wp-block-column-is-layout-flow\" style=\"flex-basis:66.66%\">\n<p class=\"wp-block-paragraph\">A veces, el mero hecho de decirlo en voz alta: &#8220;Tengo un d\u00eda dif\u00edcil con la diabetes&#8221;, puede marcar la diferencia. \u00a1D\u00e9jales entrar! Deja que te escuchen. Deja que te den un abrazo. <\/p>\n<\/div>\n<\/div>\n<\/div>\n\n\n\n<div class=\"wp-block-group alignfull has-light-gray-background-color has-background is-layout-constrained wp-block-group-is-layout-constrained\">\n<div class=\"wp-block-columns is-layout-flex wp-container-core-columns-is-layout-28f84493 wp-block-columns-is-layout-flex has-2-columns\">\n<div class=\"wp-block-column is-layout-flow wp-block-column-is-layout-flow\" style=\"flex-basis:33.33%\">\n<h3 class=\"wp-block-heading has-h-4-font-size\" id=\"content-block-a-body-copy-1-section\">Ense\u00f1a a tu pareja sobre la hipoglucemia grave<\/h3>\n<\/div>\n\n\n\n<div class=\"wp-block-column is-layout-flow wp-block-column-is-layout-flow\" style=\"flex-basis:66.66%\">\n<p class=\"wp-block-paragraph\">Tu pareja puede aprender cu\u00e1ndo puedes necesitar ayuda en caso de un nivel bajo de glucosa grave, d\u00f3nde guardas el glucag\u00f3n de emergencia y cu\u00e1ndo llamar al 911. <\/p>\n<\/div>\n<\/div>\n<\/div>\n\n\n\n<div class=\"wp-block-group alignfull is-layout-constrained wp-block-group-is-layout-constrained\">\n<div class=\"wp-block-columns is-layout-flex wp-container-core-columns-is-layout-28f84493 wp-block-columns-is-layout-flex has-2-columns\">\n<div class=\"wp-block-column is-layout-flow wp-block-column-is-layout-flow\" style=\"flex-basis:66.66%\">\n<h2 class=\"wp-block-heading\" id=\"more-parenting-and-relationship-guidance\">M\u00e1s orientaci\u00f3n sobre crianza y relaciones<\/h2>\n<\/div>\n\n\n\n<div class=\"wp-block-column is-layout-flow wp-block-column-is-layout-flow\" style=\"flex-basis:33.33%\"><\/div>\n<\/div>\n\n\n\n<div class=\"wp-block-columns is-layout-flex wp-container-core-columns-is-layout-5f1c768b wp-block-columns-is-layout-flex has-2-columns\" style=\"margin-top:var(--wp--preset--spacing--56)\">\n<div class=\"wp-block-column is-layout-flow wp-block-column-is-layout-flow\">\n<hr class=\"wp-block-separator has-alpha-channel-opacity\" \/>\n\n\n\n<div class=\"wp-block-buttons is-layout-flex wp-block-buttons-is-layout-flex\" style=\"margin-top:var(--wp--preset--spacing--24)\">\n<div class=\"wp-block-button is-style-large-link\"><a class=\"wp-block-button__link wp-element-button\" href=\"https:\/\/www.breakthrought1d.org\/es\/recursos-dt1\/relaciones\/crianza-de-un-nino-con-dt1\/\">Criar a un ni\u00f1o con DT1<\/a><\/div>\n<\/div>\n\n\n\n<p class=\"wp-block-paragraph\">Orientaci\u00f3n para ayudar a tu hijo a adquirir las habilidades y la confianza necesarias para manejar alg\u00fan d\u00eda la DT1 por s\u00ed mismo.<\/p>\n\n\n\n<hr class=\"wp-block-separator has-alpha-channel-opacity\" style=\"margin-top:var(--wp--preset--spacing--24)\" \/>\n\n\n\n<div class=\"wp-block-buttons is-layout-flex wp-block-buttons-is-layout-flex\" style=\"margin-top:var(--wp--preset--spacing--24)\">\n<div class=\"wp-block-button is-style-large-link\"><a class=\"wp-block-button__link wp-element-button\" href=\"https:\/\/www.breakthrought1d.org\/es\/recursos-dt1\/relaciones\/apoyo-de-adolescentes-con-dt1\/\">Apoyar a los adolescentes con DT1<\/a><\/div>\n<\/div>\n\n\n\n<p class=\"wp-block-paragraph\">Ayudar a tu hijo en esta \u00e9poca de transici\u00f3n y a prepararse para la edad adulta.<\/p>\n\n\n\n<hr class=\"wp-block-separator has-alpha-channel-opacity\" style=\"margin-top:var(--wp--preset--spacing--24)\" \/>\n<\/div>\n\n\n\n<div class=\"wp-block-column is-layout-flow wp-block-column-is-layout-flow\">\n<hr class=\"wp-block-separator has-alpha-channel-opacity\" \/>\n\n\n\n<div class=\"wp-block-buttons is-layout-flex wp-block-buttons-is-layout-flex\" style=\"margin-top:var(--wp--preset--spacing--24)\">\n<div class=\"wp-block-button is-style-large-link\"><a class=\"wp-block-button__link wp-element-button\" href=\"https:\/\/www.breakthrought1d.org\/es\/recursos-dt1\/relaciones\/navegar-situaciones-sociales-con-dt1\/\">C\u00f3mo desenvolverse en situaciones sociales con DT1<\/a><\/div>\n<\/div>\n\n\n\n<p class=\"wp-block-paragraph\">Aprende a apoyar la participaci\u00f3n de tu hijo en actividades y su tiempo con los amigos. <\/p>\n\n\n\n<hr class=\"wp-block-separator has-alpha-channel-opacity\" style=\"margin-top:var(--wp--preset--spacing--24)\" \/>\n\n\n\n<div class=\"wp-block-buttons is-layout-flex wp-block-buttons-is-layout-flex\" style=\"margin-top:var(--wp--preset--spacing--24)\">\n<div class=\"wp-block-button is-style-large-link\"><a class=\"wp-block-button__link wp-element-button\" href=\"https:\/\/www.breakthrought1d.org\/es\/recursos-dt1\/relaciones\/hablar-con-otros-sobre-dt1\/\">Hablar con los dem\u00e1s sobre la DT1<\/a><\/div>\n<\/div>\n\n\n\n<p class=\"wp-block-paragraph\">Cosas a tener en cuenta al hablar de tu condici\u00f3n con otras personas.<\/p>\n\n\n\n<hr class=\"wp-block-separator has-alpha-channel-opacity\" style=\"margin-top:var(--wp--preset--spacing--24)\" \/>\n<\/div>\n<\/div>\n<\/div>\n","protected":false,"raw":""},"excerpt":{"rendered":"<p>Dejar que tu pareja apoye tu diabetes tipo 1 puede acercarlos m\u00e1s. No debes ocultar tu DT1 Si tienes una primera cita, compartir tu diagn\u00f3stico de diabetes tipo 1 (DT1) puede resultar desalentador. Algunas personas deciden esperar, otras lo comparten r\u00e1pidamente. S\u00f3lo aseg\u00farate de no sacrificar tu salud para ocultarlo. Si esta persona es realmente [&hellip;]<\/p>\n","protected":false},"author":1222,"featured_media":0,"parent":212082,"menu_order":0,"comment_status":"closed","ping_status":"closed","template":"","meta":{"_acf_changed":false,"ep_exclude_from_search":false,"publish_on_app_meta":"True","iawp_total_views":48,"footnotes":""},"class_list":["post-212083","page","type-page","status-publish","hentry"],"acf":[],"yoast_head":"<!-- This site is optimized with the Yoast SEO plugin v27.3 - https:\/\/yoast.com\/product\/yoast-seo-wordpress\/ -->\n<title>DT1 y Relaciones Serias - Breakthrough T1D<\/title>\n<meta name=\"robots\" content=\"index, follow, max-snippet:-1, max-image-preview:large, max-video-preview:-1\" \/>\n<link rel=\"canonical\" href=\"https:\/\/www.breakthrought1d.org\/es\/recursos-dt1\/relaciones\/dt1-y-relaciones-serias\/\" \/>\n<meta property=\"og:locale\" content=\"es_ES\" \/>\n<meta property=\"og:type\" content=\"article\" \/>\n<meta property=\"og:title\" content=\"DT1 y Relaciones Serias - Breakthrough T1D\" \/>\n<meta property=\"og:description\" content=\"Dejar que tu pareja apoye tu diabetes tipo 1 puede acercarlos m\u00e1s. No debes ocultar tu DT1 Si tienes una primera cita, compartir tu diagn\u00f3stico de diabetes tipo 1 (DT1) puede resultar desalentador. Algunas personas deciden esperar, otras lo comparten r\u00e1pidamente. S\u00f3lo aseg\u00farate de no sacrificar tu salud para ocultarlo. Si esta persona es realmente [&hellip;]\" \/>\n<meta property=\"og:url\" content=\"https:\/\/www.breakthrought1d.org\/es\/recursos-dt1\/relaciones\/dt1-y-relaciones-serias\/\" \/>\n<meta property=\"og:site_name\" content=\"Breakthrough T1D\" \/>\n<meta property=\"article:publisher\" content=\"https:\/\/www.facebook.com\/breakthrought1dHQ\" \/>\n<meta property=\"article:modified_time\" content=\"2025-04-30T16:55:35+00:00\" \/>\n<meta property=\"og:image\" content=\"https:\/\/www.breakthrought1d.org\/wp-content\/uploads\/2024\/06\/BT1D-fallbck-scaled.jpg\" \/>\n\t<meta property=\"og:image:width\" content=\"2560\" \/>\n\t<meta property=\"og:image:height\" content=\"1440\" \/>\n\t<meta property=\"og:image:type\" content=\"image\/jpeg\" \/>\n<meta name=\"twitter:card\" content=\"summary_large_image\" \/>\n<meta name=\"twitter:site\" content=\"@breakthrought1d\" \/>\n<meta name=\"twitter:label1\" content=\"Tiempo de lectura\" \/>\n\t<meta name=\"twitter:data1\" content=\"3 minutos\" \/>\n<script type=\"application\/ld+json\" class=\"yoast-schema-graph\">{\"@context\":\"https:\\\/\\\/schema.org\",\"@graph\":[{\"@type\":\"WebPage\",\"@id\":\"https:\\\/\\\/www.breakthrought1d.org\\\/es\\\/recursos-dt1\\\/relaciones\\\/dt1-y-relaciones-serias\\\/\",\"url\":\"https:\\\/\\\/www.breakthrought1d.org\\\/es\\\/recursos-dt1\\\/relaciones\\\/dt1-y-relaciones-serias\\\/\",\"name\":\"DT1 y Relaciones Serias - Breakthrough T1D\",\"isPartOf\":{\"@id\":\"https:\\\/\\\/www.breakthrought1d.org\\\/es\\\/#website\"},\"datePublished\":\"2024-05-11T19:49:35+00:00\",\"dateModified\":\"2025-04-30T16:55:35+00:00\",\"breadcrumb\":{\"@id\":\"https:\\\/\\\/www.breakthrought1d.org\\\/es\\\/recursos-dt1\\\/relaciones\\\/dt1-y-relaciones-serias\\\/#breadcrumb\"},\"inLanguage\":\"es\",\"potentialAction\":[{\"@type\":\"ReadAction\",\"target\":[\"https:\\\/\\\/www.breakthrought1d.org\\\/es\\\/recursos-dt1\\\/relaciones\\\/dt1-y-relaciones-serias\\\/\"]}]},{\"@type\":\"BreadcrumbList\",\"@id\":\"https:\\\/\\\/www.breakthrought1d.org\\\/es\\\/recursos-dt1\\\/relaciones\\\/dt1-y-relaciones-serias\\\/#breadcrumb\",\"itemListElement\":[{\"@type\":\"ListItem\",\"position\":1,\"name\":\"Inicio\",\"item\":\"https:\\\/\\\/www.breakthrought1d.org\\\/es\\\/\"},{\"@type\":\"ListItem\",\"position\":2,\"name\":\"Biblioteca de recursos para la diabetes tipo 1\",\"item\":\"https:\\\/\\\/www.breakthrought1d.org\\\/es\\\/recursos-dt1\\\/\"},{\"@type\":\"ListItem\",\"position\":3,\"name\":\"Crianza y Relaciones\",\"item\":\"https:\\\/\\\/www.breakthrought1d.org\\\/es\\\/recursos-dt1\\\/relaciones\\\/\"},{\"@type\":\"ListItem\",\"position\":4,\"name\":\"DT1 y Relaciones Serias\"}]},{\"@type\":\"WebSite\",\"@id\":\"https:\\\/\\\/www.breakthrought1d.org\\\/es\\\/#website\",\"url\":\"https:\\\/\\\/www.breakthrought1d.org\\\/es\\\/\",\"name\":\"Breakthrough T1D\",\"description\":\"Improving Lives. Curing Type 1 Diabetes.\",\"publisher\":{\"@id\":\"https:\\\/\\\/www.breakthrought1d.org\\\/es\\\/#organization\"},\"potentialAction\":[{\"@type\":\"SearchAction\",\"target\":{\"@type\":\"EntryPoint\",\"urlTemplate\":\"https:\\\/\\\/www.breakthrought1d.org\\\/es\\\/?s={search_term_string}\"},\"query-input\":{\"@type\":\"PropertyValueSpecification\",\"valueRequired\":true,\"valueName\":\"search_term_string\"}}],\"inLanguage\":\"es\"},{\"@type\":\"Organization\",\"@id\":\"https:\\\/\\\/www.breakthrought1d.org\\\/es\\\/#organization\",\"name\":\"Breakthrough T1D\",\"url\":\"https:\\\/\\\/www.breakthrought1d.org\\\/es\\\/\",\"logo\":{\"@type\":\"ImageObject\",\"inLanguage\":\"es\",\"@id\":\"https:\\\/\\\/www.breakthrought1d.org\\\/es\\\/#\\\/schema\\\/logo\\\/image\\\/\",\"url\":\"https:\\\/\\\/www.breakthrought1d.org\\\/wp-content\\\/uploads\\\/2024\\\/06\\\/BT1D-favi.png\",\"contentUrl\":\"https:\\\/\\\/www.breakthrought1d.org\\\/wp-content\\\/uploads\\\/2024\\\/06\\\/BT1D-favi.png\",\"width\":400,\"height\":400,\"caption\":\"Breakthrough T1D\"},\"image\":{\"@id\":\"https:\\\/\\\/www.breakthrought1d.org\\\/es\\\/#\\\/schema\\\/logo\\\/image\\\/\"},\"sameAs\":[\"https:\\\/\\\/www.facebook.com\\\/breakthrought1dHQ\",\"https:\\\/\\\/x.com\\\/breakthrought1d\",\"https:\\\/\\\/www.youtube.com\\\/@breakthrought1d\",\"https:\\\/\\\/www.instagram.com\\\/breakthrought1d\\\/\",\"https:\\\/\\\/www.tiktok.com\\\/@breakthrought1dhq\"]}]}<\/script>\n<!-- \/ Yoast SEO plugin. -->","yoast_head_json":{"title":"DT1 y Relaciones Serias - Breakthrough T1D","robots":{"index":"index","follow":"follow","max-snippet":"max-snippet:-1","max-image-preview":"max-image-preview:large","max-video-preview":"max-video-preview:-1"},"canonical":"https:\/\/www.breakthrought1d.org\/es\/recursos-dt1\/relaciones\/dt1-y-relaciones-serias\/","og_locale":"es_ES","og_type":"article","og_title":"DT1 y Relaciones Serias - Breakthrough T1D","og_description":"Dejar que tu pareja apoye tu diabetes tipo 1 puede acercarlos m\u00e1s. No debes ocultar tu DT1 Si tienes una primera cita, compartir tu diagn\u00f3stico de diabetes tipo 1 (DT1) puede resultar desalentador. Algunas personas deciden esperar, otras lo comparten r\u00e1pidamente. S\u00f3lo aseg\u00farate de no sacrificar tu salud para ocultarlo. Si esta persona es realmente [&hellip;]","og_url":"https:\/\/www.breakthrought1d.org\/es\/recursos-dt1\/relaciones\/dt1-y-relaciones-serias\/","og_site_name":"Breakthrough T1D","article_publisher":"https:\/\/www.facebook.com\/breakthrought1dHQ","article_modified_time":"2025-04-30T16:55:35+00:00","og_image":[{"width":2560,"height":1440,"url":"https:\/\/www.breakthrought1d.org\/wp-content\/uploads\/2024\/06\/BT1D-fallbck-scaled.jpg","type":"image\/jpeg"}],"twitter_card":"summary_large_image","twitter_site":"@breakthrought1d","twitter_misc":{"Tiempo de lectura":"3 minutos"},"schema":{"@context":"https:\/\/schema.org","@graph":[{"@type":"WebPage","@id":"https:\/\/www.breakthrought1d.org\/es\/recursos-dt1\/relaciones\/dt1-y-relaciones-serias\/","url":"https:\/\/www.breakthrought1d.org\/es\/recursos-dt1\/relaciones\/dt1-y-relaciones-serias\/","name":"DT1 y Relaciones Serias - Breakthrough T1D","isPartOf":{"@id":"https:\/\/www.breakthrought1d.org\/es\/#website"},"datePublished":"2024-05-11T19:49:35+00:00","dateModified":"2025-04-30T16:55:35+00:00","breadcrumb":{"@id":"https:\/\/www.breakthrought1d.org\/es\/recursos-dt1\/relaciones\/dt1-y-relaciones-serias\/#breadcrumb"},"inLanguage":"es","potentialAction":[{"@type":"ReadAction","target":["https:\/\/www.breakthrought1d.org\/es\/recursos-dt1\/relaciones\/dt1-y-relaciones-serias\/"]}]},{"@type":"BreadcrumbList","@id":"https:\/\/www.breakthrought1d.org\/es\/recursos-dt1\/relaciones\/dt1-y-relaciones-serias\/#breadcrumb","itemListElement":[{"@type":"ListItem","position":1,"name":"Inicio","item":"https:\/\/www.breakthrought1d.org\/es\/"},{"@type":"ListItem","position":2,"name":"Biblioteca de recursos para la diabetes tipo 1","item":"https:\/\/www.breakthrought1d.org\/es\/recursos-dt1\/"},{"@type":"ListItem","position":3,"name":"Crianza y Relaciones","item":"https:\/\/www.breakthrought1d.org\/es\/recursos-dt1\/relaciones\/"},{"@type":"ListItem","position":4,"name":"DT1 y Relaciones Serias"}]},{"@type":"WebSite","@id":"https:\/\/www.breakthrought1d.org\/es\/#website","url":"https:\/\/www.breakthrought1d.org\/es\/","name":"Breakthrough T1D","description":"Improving Lives. Curing Type 1 Diabetes.","publisher":{"@id":"https:\/\/www.breakthrought1d.org\/es\/#organization"},"potentialAction":[{"@type":"SearchAction","target":{"@type":"EntryPoint","urlTemplate":"https:\/\/www.breakthrought1d.org\/es\/?s={search_term_string}"},"query-input":{"@type":"PropertyValueSpecification","valueRequired":true,"valueName":"search_term_string"}}],"inLanguage":"es"},{"@type":"Organization","@id":"https:\/\/www.breakthrought1d.org\/es\/#organization","name":"Breakthrough T1D","url":"https:\/\/www.breakthrought1d.org\/es\/","logo":{"@type":"ImageObject","inLanguage":"es","@id":"https:\/\/www.breakthrought1d.org\/es\/#\/schema\/logo\/image\/","url":"https:\/\/www.breakthrought1d.org\/wp-content\/uploads\/2024\/06\/BT1D-favi.png","contentUrl":"https:\/\/www.breakthrought1d.org\/wp-content\/uploads\/2024\/06\/BT1D-favi.png","width":400,"height":400,"caption":"Breakthrough T1D"},"image":{"@id":"https:\/\/www.breakthrought1d.org\/es\/#\/schema\/logo\/image\/"},"sameAs":["https:\/\/www.facebook.com\/breakthrought1dHQ","https:\/\/x.com\/breakthrought1d","https:\/\/www.youtube.com\/@breakthrought1d","https:\/\/www.instagram.com\/breakthrought1d\/","https:\/\/www.tiktok.com\/@breakthrought1dhq"]}]}},"_links":{"self":[{"href":"https:\/\/www.breakthrought1d.org\/es\/wp-json\/wp\/v2\/pages\/212083","targetHints":{"allow":["GET"]}}],"collection":[{"href":"https:\/\/www.breakthrought1d.org\/es\/wp-json\/wp\/v2\/pages"}],"about":[{"href":"https:\/\/www.breakthrought1d.org\/es\/wp-json\/wp\/v2\/types\/page"}],"author":[{"embeddable":true,"href":"https:\/\/www.breakthrought1d.org\/es\/wp-json\/wp\/v2\/users\/1222"}],"replies":[{"embeddable":true,"href":"https:\/\/www.breakthrought1d.org\/es\/wp-json\/wp\/v2\/comments?post=212083"}],"version-history":[{"count":0,"href":"https:\/\/www.breakthrought1d.org\/es\/wp-json\/wp\/v2\/pages\/212083\/revisions"}],"up":[{"embeddable":true,"href":"https:\/\/www.breakthrought1d.org\/es\/wp-json\/wp\/v2\/pages\/212082"}],"wp:attachment":[{"href":"https:\/\/www.breakthrought1d.org\/es\/wp-json\/wp\/v2\/media?parent=212083"}],"curies":[{"name":"wp","href":"https:\/\/api.w.org\/{rel}","templated":true}]}}