{"id":212095,"date":"2024-05-21T14:42:08","date_gmt":"2024-05-21T18:42:08","guid":{"rendered":"https:\/\/www.breakthrought1d.org\/cambiar-de-tratamiento\/"},"modified":"2025-04-30T13:42:18","modified_gmt":"2025-04-30T17:42:18","slug":"cambiar-de-tratamiento","status":"publish","type":"page","link":"https:\/\/www.breakthrought1d.org\/es\/recursos-dt1\/seguro\/cambiar-de-tratamiento\/","title":{"rendered":"Cambio de tratamiento"},"content":{"rendered":"\n<div class=\"page-header alignfull wp-block-jdfr-page-header\">\n\t<div class=\"page-header__inner-container\">\n\t\t\n<nav id=\"breadcrumbs\" class=\"site-breadcrumbs alignfull\" aria-label=\"Breadcrumbs\">\n\t<ul class=\"site-breadcrumbs__inner\"><li class=\"breadcrumb-item\"><a href=\"https:\/\/www.breakthrought1d.org\/es\/\">Inicio<\/a><\/li><li class=\"site-breadcrumbs__separator\"><?xml version=\"1.0\"?>\n<svg xmlns=\"http:\/\/www.w3.org\/2000\/svg\" width=\"9.143\" height=\"16\" fill=\"currentColor\" viewBox=\"0 0 9.143 16\" aria-hidden=\"true\"><path d=\"M9.143,21a1.143,1.143,0,0,1-.808-1.951L14.384,13,8.335,6.951A1.143,1.143,0,0,1,9.951,5.335l6.857,6.857a1.143,1.143,0,0,1,0,1.616L9.951,20.665A1.139,1.139,0,0,1,9.143,21Z\" transform=\"translate(-8 -5)\"\/><\/svg>\n<\/li><li class=\"breadcrumb-item\" aria-current=\"page\" tabindex=\"0\" role=\"text\" aria-label=\"Current-page: \"><\/li><\/ul><\/nav>\n\n\t\t<div class=\"page-header__content\">\n\t\t\t<h1 class=\"page-header__title\">Qu\u00e9 hacer cuando necesitas cambiar de tratamiento<\/h1>\n\t\t\t\t\t<\/div>\n\t<\/div>\n<\/div>\n\n\n<nav class=\"alignfull alignfull wp-block-jdrf-quick-links\" aria-label=\"Quick Links\">\n\t<ul class=\"wp-block-jdrf-quick-links__list\">\n\t\t\n<li class=\"wp-block-jdrf-quick-link\">\n\t\t<a href=\"#insulin-types\"  class=\"wp-block-jdrf-quick-link__link\">Qu\u00e9 hacer al cambiar de tipo de insulina o de tratamiento<\/a>\n<\/li>\n\n\n<li class=\"wp-block-jdrf-quick-link\">\n\t\t<a href=\"#switching-treatments\"  class=\"wp-block-jdrf-quick-link__link\">Tus opciones para cambiar de tratamiento<\/a>\n<\/li>\n\n\t<\/ul>\n<\/nav>\n\n\n\n<div class=\"wp-block-group alignfull has-white-background-color has-background has-gradient is-layout-constrained wp-block-group-is-layout-constrained\">\n<div class=\"wp-block-columns is-layout-flex wp-container-core-columns-is-layout-28f84493 wp-block-columns-is-layout-flex\">\n<div class=\"wp-block-column is-layout-flow wp-block-column-is-layout-flow\" style=\"flex-basis:90%\"><div class=\"alignright wp-block-jdrf-quote\">\n\t\t\t<blockquote class=\"wp-block-jdrf-quote__blockquote\">\n\t\t\tCuando mi m\u00e9dico me dijo que me vendr\u00eda bien otra bomba de insulina, me puse en contacto con mi compa\u00f1\u00eda de seguros. Me explicaron que la bomba m\u00e1s nueva no estaba cubierta pero que pod\u00eda solicitar una excepci\u00f3n. Como mi m\u00e9dico demostr\u00f3 que era m\u00e9dicamente necesario, se concedi\u00f3 la excepci\u00f3n&#8221;.\t\t<\/blockquote>\n\t\n\t\t\t<cite class=\"wp-block-jdrf-quote__cite\">\n\t\t\t\t\t\t\t<span class=\"wp-block-jdrf-quote__author-name\">\n\t\t\t\t\tPaciente con DT1\t\t\t\t<\/span>\n\t\t\t\n\t\t\t\t\t\t\t<span class=\"wp-block-jdrf-quote__author-title\">\n\t\t\t\t\tArizona\t\t\t\t<\/span>\n\t\t\t\t\t<\/cite>\n\t<\/div>\n<\/div>\n\n\n\n<div class=\"wp-block-column is-layout-flow wp-block-column-is-layout-flow\" style=\"flex-basis:10%\"><\/div>\n<\/div>\n<\/div>\n\n\n\n<div class=\"wp-block-group alignfull has-light-gray-background-color has-background is-layout-constrained wp-block-group-is-layout-constrained\" id=\"insulin-types\">\n<div class=\"wp-block-columns is-layout-flex wp-container-core-columns-is-layout-28f84493 wp-block-columns-is-layout-flex\">\n<div class=\"wp-block-column is-layout-flow wp-block-column-is-layout-flow\" style=\"flex-basis:33.33%\">\n<h2 class=\"wp-block-heading has-h-4-font-size\" id=\"what-to-do-when-switching-insulin-types-or-treatments\">Qu\u00e9 hacer al cambiar de tipo de insulina o de tratamiento<\/h2>\n<\/div>\n\n\n\n<div class=\"wp-block-column is-layout-flow wp-block-column-is-layout-flow\" style=\"flex-basis:66.66%\">\n<p>Hay varios pasos que dar una vez que t\u00fa y tu m\u00e9dico hayan decidido que cambiar de tratamiento para la diabetes es lo mejor para ti. Primero, revisa tu p\u00f3liza. Si el lenguaje no deja claro si el nuevo tratamiento est\u00e1 cubierto, llama a tu departamento de recursos humanos o a tu compa\u00f1\u00eda de seguros m\u00e9dicos (debe haber un n\u00famero de atenci\u00f3n al afiliado en el reverso de tu tarjeta). Es importante comprobar el estado de la cobertura de la marca concreta de insulina, bomba de insulina o monitor continuo de glucosa (MCG). Si el nuevo tratamiento no est\u00e1 cubierto, puedes solicitar una excepci\u00f3n. Ten en cuenta que tu m\u00e9dico necesitar\u00e1 un motivo m\u00e9dico para respaldar una solicitud de excepci\u00f3n de cobertura.<\/p>\n<\/div>\n<\/div>\n<\/div>\n\n\n\n<div class=\"wp-block-group alignfull is-layout-constrained wp-block-group-is-layout-constrained\" id=\"switching-treatments\">\n<div class=\"wp-block-columns is-layout-flex wp-container-core-columns-is-layout-28f84493 wp-block-columns-is-layout-flex\">\n<div class=\"wp-block-column is-layout-flow wp-block-column-is-layout-flow\" style=\"flex-basis:33.33%\">\n<h2 class=\"wp-block-heading has-h-4-font-size\" id=\"your-options-for-switching-treatments\">Tus opciones para cambiar de tratamiento<\/h2>\n<\/div>\n\n\n\n<div class=\"wp-block-column is-layout-flow wp-block-column-is-layout-flow\" style=\"flex-basis:66.66%\">\n<h3 class=\"wp-block-heading has-h-5-font-size\" id=\"optional-subheader\">Si el tratamiento est\u00e1 cubierto<\/h3>\n\n\n\n<p>En este caso, probablemente no ser\u00e1 un problema cambiar pero deber\u00e1s tener en cuenta algunas cosas:<\/p>\n\n\n\n<ul class=\"wp-block-list\">\n<li>Aseg\u00farate de saber cu\u00e1nto te costar\u00e1 revisando los detalles en el <a href=\"https:\/\/www.breakthrought1d.org\/es\/recursos-dt1\/seguro\/terminos-del-seguro-medico-comunes\/#F\">formulario de<\/a> tu plan o llamando a un representante de servicios para afiliados de tu compa\u00f1\u00eda de seguros. Aunque est\u00e9 cubierto, puede tener un costo distinto del que pagas actualmente.<\/li>\n\n\n\n<li>Si la nueva insulina u otro tratamiento se encuentra en un nivel de receta diferente al de tu tratamiento actual, o tu compa\u00f1\u00eda de seguros lo ha pasado a un nivel superior, esto aumentar\u00e1 tus <a href=\"https:\/\/www.breakthrought1d.org\/es\/recursos-dt1\/seguro\/terminos-del-seguro-medico-comunes\/#G\">gastos de bolsillo<\/a>. Si es as\u00ed, tienes la opci\u00f3n de apelar o solicitar una excepci\u00f3n a la modificaci\u00f3n de tus costos.<\/li>\n\n\n\n<li>\u00bfEl nuevo tratamiento requiere una <a href=\"https:\/\/www.breakthrought1d.org\/es\/recursos-dt1\/seguro\/terminos-del-seguro-medico-comunes\/#A\">autorizaci\u00f3n previa<\/a>? Consulta la secci\u00f3n <a href=\"https:\/\/www.breakthrought1d.org\/es\/recursos-dt1\/seguro\/como-obtener-autorizacion-previa\/\">C\u00f3mo Obtener una Autorizaci\u00f3n<\/a> previa para obtener m\u00e1s informaci\u00f3n y consejos \u00fatiles. \u00bfEmpezar el nuevo tratamiento requerir\u00e1 visitas al m\u00e9dico para comprobar la dosis o para aprender a utilizar una nueva tecnolog\u00eda? Estas visitas supondr\u00e1n un costo para ti.<\/li>\n<\/ul>\n\n\n\n<hr class=\"wp-block-separator has-alpha-channel-opacity\" style=\"margin-top:var(--wp--preset--spacing--40);margin-bottom:var(--wp--preset--spacing--40)\" \/>\n\n\n\n<h3 class=\"wp-block-heading has-h-5-font-size\" id=\"optional-subheader\">Si el tratamiento no est\u00e1 cubierto<\/h3>\n\n\n\n<p>En este caso, deber\u00e1s tener en cuenta algunas cosas:<\/p>\n\n\n\n<ul class=\"wp-block-list\">\n<li>\u00bfCu\u00e1les son los pros y los contras de seguir con tu tratamiento actual?<\/li>\n\n\n\n<li>\u00bfPuedes seguir con el mismo tratamiento y mantenerte sano?<\/li>\n\n\n\n<li>\u00bfHay otras alternativas que est\u00e9n cubiertas?<\/li>\n\n\n\n<li>\u00bfCu\u00e1l es la diferencia de costo?<\/li>\n\n\n\n<li>Si tu m\u00e9dico considera que el tratamiento <a href=\"https:\/\/www.breakthrought1d.org\/es\/recursos-dt1\/seguro\/terminos-del-seguro-medico-comunes\/#N\">es m\u00e9dicamente necesario<\/a>, puedes solicitar una <a href=\"https:\/\/www.breakthrought1d.org\/es\/recursos-dt1\/seguro\/terminos-del-seguro-medico-comunes\/#S\">excepci\u00f3n<\/a> para pedir que tu compa\u00f1\u00eda de seguros lo cubra. Encuentra m\u00e1s informaci\u00f3n y consejos en C\u00f3mo solicitar <a href=\"https:\/\/www.breakthrought1d.org\/es\/recursos-dt1\/seguro\/terminos-del-seguro-medico-comunes\/#S\">una Excepci\u00f3n<\/a>.<\/li>\n<\/ul>\n<\/div>\n<\/div>\n<\/div>\n","protected":false,"raw":""},"excerpt":{"rendered":"<p>Qu\u00e9 hacer al cambiar de tipo de insulina o de tratamiento Hay varios pasos que dar una vez que t\u00fa y tu m\u00e9dico hayan decidido que cambiar de tratamiento para la diabetes es lo mejor para ti. Primero, revisa tu p\u00f3liza. Si el lenguaje no deja claro si el nuevo tratamiento est\u00e1 cubierto, llama a [&hellip;]<\/p>\n","protected":false},"author":1176,"featured_media":0,"parent":212104,"menu_order":0,"comment_status":"closed","ping_status":"closed","template":"","meta":{"_acf_changed":false,"ep_exclude_from_search":false,"publish_on_app_meta":"True","iawp_total_views":10,"footnotes":""},"class_list":["post-212095","page","type-page","status-publish","hentry"],"acf":[],"yoast_head":"<!-- This site is optimized with the Yoast SEO plugin v27.2 - https:\/\/yoast.com\/product\/yoast-seo-wordpress\/ -->\n<title>Cambio de tratamiento - Breakthrough T1D<\/title>\n<meta name=\"robots\" content=\"index, follow, max-snippet:-1, max-image-preview:large, max-video-preview:-1\" \/>\n<link rel=\"canonical\" href=\"https:\/\/www.breakthrought1d.org\/es\/recursos-dt1\/seguro\/cambiar-de-tratamiento\/\" \/>\n<meta property=\"og:locale\" content=\"es_ES\" \/>\n<meta property=\"og:type\" content=\"article\" \/>\n<meta property=\"og:title\" content=\"Cambio de tratamiento - Breakthrough T1D\" \/>\n<meta property=\"og:description\" content=\"Qu\u00e9 hacer al cambiar de tipo de insulina o de tratamiento Hay varios pasos que dar una vez que t\u00fa y tu m\u00e9dico hayan decidido que cambiar de tratamiento para la diabetes es lo mejor para ti. Primero, revisa tu p\u00f3liza. Si el lenguaje no deja claro si el nuevo tratamiento est\u00e1 cubierto, llama a [&hellip;]\" \/>\n<meta property=\"og:url\" content=\"https:\/\/www.breakthrought1d.org\/es\/recursos-dt1\/seguro\/cambiar-de-tratamiento\/\" \/>\n<meta property=\"og:site_name\" content=\"Breakthrough T1D\" \/>\n<meta property=\"article:publisher\" content=\"https:\/\/www.facebook.com\/breakthrought1dHQ\" \/>\n<meta property=\"article:modified_time\" content=\"2025-04-30T17:42:18+00:00\" \/>\n<meta property=\"og:image\" content=\"https:\/\/www.breakthrought1d.org\/wp-content\/uploads\/2024\/06\/BT1D-fallbck-scaled.jpg\" \/>\n\t<meta property=\"og:image:width\" content=\"2560\" \/>\n\t<meta property=\"og:image:height\" content=\"1440\" \/>\n\t<meta property=\"og:image:type\" content=\"image\/jpeg\" \/>\n<meta name=\"twitter:card\" content=\"summary_large_image\" \/>\n<meta name=\"twitter:site\" content=\"@breakthrought1d\" \/>\n<meta name=\"twitter:label1\" content=\"Tiempo de lectura\" \/>\n\t<meta name=\"twitter:data1\" content=\"2 minutos\" \/>\n<script type=\"application\/ld+json\" class=\"yoast-schema-graph\">{\"@context\":\"https:\/\/schema.org\",\"@graph\":[{\"@type\":\"WebPage\",\"@id\":\"https:\/\/www.breakthrought1d.org\/es\/recursos-dt1\/seguro\/cambiar-de-tratamiento\/\",\"url\":\"https:\/\/www.breakthrought1d.org\/es\/recursos-dt1\/seguro\/cambiar-de-tratamiento\/\",\"name\":\"Cambio de tratamiento - Breakthrough T1D\",\"isPartOf\":{\"@id\":\"https:\/\/www.breakthrought1d.org\/es\/#website\"},\"datePublished\":\"2024-05-21T18:42:08+00:00\",\"dateModified\":\"2025-04-30T17:42:18+00:00\",\"breadcrumb\":{\"@id\":\"https:\/\/www.breakthrought1d.org\/es\/recursos-dt1\/seguro\/cambiar-de-tratamiento\/#breadcrumb\"},\"inLanguage\":\"es\",\"potentialAction\":[{\"@type\":\"ReadAction\",\"target\":[\"https:\/\/www.breakthrought1d.org\/es\/recursos-dt1\/seguro\/cambiar-de-tratamiento\/\"]}]},{\"@type\":\"BreadcrumbList\",\"@id\":\"https:\/\/www.breakthrought1d.org\/es\/recursos-dt1\/seguro\/cambiar-de-tratamiento\/#breadcrumb\",\"itemListElement\":[{\"@type\":\"ListItem\",\"position\":1,\"name\":\"Inicio\",\"item\":\"https:\/\/www.breakthrought1d.org\/es\/\"},{\"@type\":\"ListItem\",\"position\":2,\"name\":\"Biblioteca de recursos para la diabetes tipo 1\",\"item\":\"https:\/\/www.breakthrought1d.org\/es\/recursos-dt1\/\"},{\"@type\":\"ListItem\",\"position\":3,\"name\":\"Gu\u00eda del Seguro M\u00e9dico\",\"item\":\"https:\/\/www.breakthrought1d.org\/es\/recursos-dt1\/seguro\/\"},{\"@type\":\"ListItem\",\"position\":4,\"name\":\"Cambio de tratamiento\"}]},{\"@type\":\"WebSite\",\"@id\":\"https:\/\/www.breakthrought1d.org\/es\/#website\",\"url\":\"https:\/\/www.breakthrought1d.org\/es\/\",\"name\":\"Breakthrough T1D\",\"description\":\"Improving Lives. Curing Type 1 Diabetes.\",\"publisher\":{\"@id\":\"https:\/\/www.breakthrought1d.org\/es\/#organization\"},\"potentialAction\":[{\"@type\":\"SearchAction\",\"target\":{\"@type\":\"EntryPoint\",\"urlTemplate\":\"https:\/\/www.breakthrought1d.org\/es\/?s={search_term_string}\"},\"query-input\":{\"@type\":\"PropertyValueSpecification\",\"valueRequired\":true,\"valueName\":\"search_term_string\"}}],\"inLanguage\":\"es\"},{\"@type\":\"Organization\",\"@id\":\"https:\/\/www.breakthrought1d.org\/es\/#organization\",\"name\":\"Breakthrough T1D\",\"url\":\"https:\/\/www.breakthrought1d.org\/es\/\",\"logo\":{\"@type\":\"ImageObject\",\"inLanguage\":\"es\",\"@id\":\"https:\/\/www.breakthrought1d.org\/es\/#\/schema\/logo\/image\/\",\"url\":\"https:\/\/www.breakthrought1d.org\/wp-content\/uploads\/2024\/06\/BT1D-favi.png\",\"contentUrl\":\"https:\/\/www.breakthrought1d.org\/wp-content\/uploads\/2024\/06\/BT1D-favi.png\",\"width\":400,\"height\":400,\"caption\":\"Breakthrough T1D\"},\"image\":{\"@id\":\"https:\/\/www.breakthrought1d.org\/es\/#\/schema\/logo\/image\/\"},\"sameAs\":[\"https:\/\/www.facebook.com\/breakthrought1dHQ\",\"https:\/\/x.com\/breakthrought1d\",\"https:\/\/www.youtube.com\/@breakthrought1d\",\"https:\/\/www.instagram.com\/breakthrought1d\/\",\"https:\/\/www.tiktok.com\/@breakthrought1dhq\"]}]}<\/script>\n<!-- \/ Yoast SEO plugin. -->","yoast_head_json":{"title":"Cambio de tratamiento - Breakthrough T1D","robots":{"index":"index","follow":"follow","max-snippet":"max-snippet:-1","max-image-preview":"max-image-preview:large","max-video-preview":"max-video-preview:-1"},"canonical":"https:\/\/www.breakthrought1d.org\/es\/recursos-dt1\/seguro\/cambiar-de-tratamiento\/","og_locale":"es_ES","og_type":"article","og_title":"Cambio de tratamiento - Breakthrough T1D","og_description":"Qu\u00e9 hacer al cambiar de tipo de insulina o de tratamiento Hay varios pasos que dar una vez que t\u00fa y tu m\u00e9dico hayan decidido que cambiar de tratamiento para la diabetes es lo mejor para ti. Primero, revisa tu p\u00f3liza. Si el lenguaje no deja claro si el nuevo tratamiento est\u00e1 cubierto, llama a [&hellip;]","og_url":"https:\/\/www.breakthrought1d.org\/es\/recursos-dt1\/seguro\/cambiar-de-tratamiento\/","og_site_name":"Breakthrough T1D","article_publisher":"https:\/\/www.facebook.com\/breakthrought1dHQ","article_modified_time":"2025-04-30T17:42:18+00:00","og_image":[{"width":2560,"height":1440,"url":"https:\/\/www.breakthrought1d.org\/wp-content\/uploads\/2024\/06\/BT1D-fallbck-scaled.jpg","type":"image\/jpeg"}],"twitter_card":"summary_large_image","twitter_site":"@breakthrought1d","twitter_misc":{"Tiempo de lectura":"2 minutos"},"schema":{"@context":"https:\/\/schema.org","@graph":[{"@type":"WebPage","@id":"https:\/\/www.breakthrought1d.org\/es\/recursos-dt1\/seguro\/cambiar-de-tratamiento\/","url":"https:\/\/www.breakthrought1d.org\/es\/recursos-dt1\/seguro\/cambiar-de-tratamiento\/","name":"Cambio de tratamiento - Breakthrough T1D","isPartOf":{"@id":"https:\/\/www.breakthrought1d.org\/es\/#website"},"datePublished":"2024-05-21T18:42:08+00:00","dateModified":"2025-04-30T17:42:18+00:00","breadcrumb":{"@id":"https:\/\/www.breakthrought1d.org\/es\/recursos-dt1\/seguro\/cambiar-de-tratamiento\/#breadcrumb"},"inLanguage":"es","potentialAction":[{"@type":"ReadAction","target":["https:\/\/www.breakthrought1d.org\/es\/recursos-dt1\/seguro\/cambiar-de-tratamiento\/"]}]},{"@type":"BreadcrumbList","@id":"https:\/\/www.breakthrought1d.org\/es\/recursos-dt1\/seguro\/cambiar-de-tratamiento\/#breadcrumb","itemListElement":[{"@type":"ListItem","position":1,"name":"Inicio","item":"https:\/\/www.breakthrought1d.org\/es\/"},{"@type":"ListItem","position":2,"name":"Biblioteca de recursos para la diabetes tipo 1","item":"https:\/\/www.breakthrought1d.org\/es\/recursos-dt1\/"},{"@type":"ListItem","position":3,"name":"Gu\u00eda del Seguro M\u00e9dico","item":"https:\/\/www.breakthrought1d.org\/es\/recursos-dt1\/seguro\/"},{"@type":"ListItem","position":4,"name":"Cambio de tratamiento"}]},{"@type":"WebSite","@id":"https:\/\/www.breakthrought1d.org\/es\/#website","url":"https:\/\/www.breakthrought1d.org\/es\/","name":"Breakthrough T1D","description":"Improving Lives. Curing Type 1 Diabetes.","publisher":{"@id":"https:\/\/www.breakthrought1d.org\/es\/#organization"},"potentialAction":[{"@type":"SearchAction","target":{"@type":"EntryPoint","urlTemplate":"https:\/\/www.breakthrought1d.org\/es\/?s={search_term_string}"},"query-input":{"@type":"PropertyValueSpecification","valueRequired":true,"valueName":"search_term_string"}}],"inLanguage":"es"},{"@type":"Organization","@id":"https:\/\/www.breakthrought1d.org\/es\/#organization","name":"Breakthrough T1D","url":"https:\/\/www.breakthrought1d.org\/es\/","logo":{"@type":"ImageObject","inLanguage":"es","@id":"https:\/\/www.breakthrought1d.org\/es\/#\/schema\/logo\/image\/","url":"https:\/\/www.breakthrought1d.org\/wp-content\/uploads\/2024\/06\/BT1D-favi.png","contentUrl":"https:\/\/www.breakthrought1d.org\/wp-content\/uploads\/2024\/06\/BT1D-favi.png","width":400,"height":400,"caption":"Breakthrough T1D"},"image":{"@id":"https:\/\/www.breakthrought1d.org\/es\/#\/schema\/logo\/image\/"},"sameAs":["https:\/\/www.facebook.com\/breakthrought1dHQ","https:\/\/x.com\/breakthrought1d","https:\/\/www.youtube.com\/@breakthrought1d","https:\/\/www.instagram.com\/breakthrought1d\/","https:\/\/www.tiktok.com\/@breakthrought1dhq"]}]}},"_links":{"self":[{"href":"https:\/\/www.breakthrought1d.org\/es\/wp-json\/wp\/v2\/pages\/212095","targetHints":{"allow":["GET"]}}],"collection":[{"href":"https:\/\/www.breakthrought1d.org\/es\/wp-json\/wp\/v2\/pages"}],"about":[{"href":"https:\/\/www.breakthrought1d.org\/es\/wp-json\/wp\/v2\/types\/page"}],"author":[{"embeddable":true,"href":"https:\/\/www.breakthrought1d.org\/es\/wp-json\/wp\/v2\/users\/1176"}],"replies":[{"embeddable":true,"href":"https:\/\/www.breakthrought1d.org\/es\/wp-json\/wp\/v2\/comments?post=212095"}],"version-history":[{"count":0,"href":"https:\/\/www.breakthrought1d.org\/es\/wp-json\/wp\/v2\/pages\/212095\/revisions"}],"up":[{"embeddable":true,"href":"https:\/\/www.breakthrought1d.org\/es\/wp-json\/wp\/v2\/pages\/212104"}],"wp:attachment":[{"href":"https:\/\/www.breakthrought1d.org\/es\/wp-json\/wp\/v2\/media?parent=212095"}],"curies":[{"name":"wp","href":"https:\/\/api.w.org\/{rel}","templated":true}]}}