{"id":212101,"date":"2024-05-08T20:32:32","date_gmt":"2024-05-09T00:32:32","guid":{"rendered":"https:\/\/www.breakthrought1d.org\/cuando-pierdes-la-cobertura\/"},"modified":"2025-04-30T13:53:50","modified_gmt":"2025-04-30T17:53:50","slug":"cuando-pierdes-tu-cobertura","status":"publish","type":"page","link":"https:\/\/www.breakthrought1d.org\/es\/recursos-dt1\/seguro\/cuando-pierdes-tu-cobertura\/","title":{"rendered":"Cuando pierdes la cobertura"},"content":{"rendered":"\n<div class=\"page-header alignfull wp-block-jdfr-page-header\">\n\t<div class=\"page-header__inner-container\">\n\t\t\n<nav id=\"breadcrumbs\" class=\"site-breadcrumbs alignfull\" aria-label=\"Breadcrumbs\">\n\t<ul class=\"site-breadcrumbs__inner\"><li class=\"breadcrumb-item\"><a href=\"https:\/\/www.breakthrought1d.org\/es\/\">Inicio<\/a><\/li><li class=\"site-breadcrumbs__separator\"><?xml version=\"1.0\"?>\n<svg xmlns=\"http:\/\/www.w3.org\/2000\/svg\" width=\"9.143\" height=\"16\" fill=\"currentColor\" viewBox=\"0 0 9.143 16\" aria-hidden=\"true\"><path d=\"M9.143,21a1.143,1.143,0,0,1-.808-1.951L14.384,13,8.335,6.951A1.143,1.143,0,0,1,9.951,5.335l6.857,6.857a1.143,1.143,0,0,1,0,1.616L9.951,20.665A1.139,1.139,0,0,1,9.143,21Z\" transform=\"translate(-8 -5)\"\/><\/svg>\n<\/li><li class=\"breadcrumb-item\" aria-current=\"page\" tabindex=\"0\" role=\"text\" aria-label=\"Current-page: \"><\/li><\/ul><\/nav>\n\n\t\t<div class=\"page-header__content\">\n\t\t\t<h1 class=\"page-header__title\">Cuando pierdes la cobertura<\/h1>\n\t\t\t\t\t<\/div>\n\t<\/div>\n<\/div>\n\n\n\n<div class=\"wp-block-group alignfull is-layout-constrained wp-block-group-is-layout-constrained\">\n<div class=\"wp-block-columns is-layout-flex wp-container-core-columns-is-layout-28f84493 wp-block-columns-is-layout-flex\">\n<div class=\"wp-block-column is-layout-flow wp-block-column-is-layout-flow\" style=\"flex-basis:33.33%\">\n<h2 class=\"wp-block-heading has-h-4-font-size\" id=\"content-block-a-body-copy-1-section\">\u00bfQu\u00e9 puedes hacer cuando se acaba tu seguro?<\/h2>\n<\/div>\n\n\n\n<div class=\"wp-block-column is-layout-flow wp-block-column-is-layout-flow\" style=\"flex-basis:66.66%\">\n<p>En estos tiempos impredecibles y estresantes, estamos conscientes de que muchos miembros de nuestra comunidad pueden enfrentarse a la realidad de perder su empleo. En el lenguaje de los seguros, perder el trabajo es un &#8220;acontecimiento calificador&#8221; que te permite algunas opciones para continuar con la cobertura de salud. Si puedes actuar con rapidez, muchas de las opciones que se comentan a continuaci\u00f3n est\u00e1n a tu disposici\u00f3n si act\u00faas en los primeros 30 d\u00edas tras la p\u00e9rdida del empleo.<\/p>\n<\/div>\n<\/div>\n<\/div>\n\n\n\n<div class=\"wp-block-group alignfull has-light-gray-background-color has-background is-layout-constrained wp-block-group-is-layout-constrained\">\n<div class=\"wp-block-columns is-layout-flex wp-container-core-columns-is-layout-28f84493 wp-block-columns-is-layout-flex\">\n<div class=\"wp-block-column is-layout-flow wp-block-column-is-layout-flow\" style=\"flex-basis:33.33%\">\n<h2 class=\"wp-block-heading has-h-4-font-size\" id=\"content-block-a-body-copy-1-section\">Medidas inmediatas a tomar<br><\/h2>\n<\/div>\n\n\n\n<div class=\"wp-block-column is-layout-flow wp-block-column-is-layout-flow\" style=\"flex-basis:66.66%\">\n<p>Normalmente, cuando pierdes el empleo, la cobertura de tu seguro m\u00e9dico se prolonga durante el resto del mes, o durante alg\u00fan periodo de tiempo despu\u00e9s de que dejes de trabajar activamente. Debes aprovechar esta ventana para resurtir las recetas de insulina y de inyecciones as\u00ed como las tiras reactivas de glucosa, el MCG o los suministros de la bomba de insulina. <\/p>\n\n\n\n<p>Cuando un estado emite una orden de emergencia en respuesta a un acontecimiento de salud p\u00fablica, como el brote de COVID-19, la declaraci\u00f3n puede activar una exenci\u00f3n de resurtido de recetas. Estas exenciones permiten a las farmacias resurtir las recetas antes de tiempo si consideran que un medicamento, como la insulina, es fundamental para salvar la vida de una persona o mantener su tratamiento. Deber\u00edas buscar resurtidos aunque el actual a\u00fan no se haya agotado. <\/p>\n\n\n\n<p>Debes pedir a tu proveedor recetas para un suministro de 90 d\u00edas de cualquiera de estos art\u00edculos y hacer que te las dispensen dentro del plazo durante el cual a\u00fan tienes cobertura. Muchas aseguradoras est\u00e1n facilitando a la gente la obtenci\u00f3n de surtidos para 90 d\u00edas de sus medicamentos y suministros. Debes consultar con tu aseguradora los detalles de tu situaci\u00f3n.<br><br>Incluso estando asegurado, debes aprovechar los programas de cupones del fabricante de insulina que figuran en nuestra p\u00e1gina <a href=\"https:\/\/www.breakthrought1d.org\/es\/recursos-dt1\/seguro\/ayuda-con-costos-recetas\/\">Ayuda con los Gastos<\/a>. Antes de que finalice tu seguro, debes ponerte en contacto con los programas de asistencia al paciente enumerados en nuestra p\u00e1gina Ayuda con los Gastos que est\u00e9n asociados a la insulina que tomas y comenzar el proceso de solicitud. Normalmente, puedes obtener insulina gratuita a trav\u00e9s de estos programas si no tienes seguro pero el proceso de solicitud puede llevar tiempo. Intenta empezar a aplicarlo antes de que se te acaben las existencias.<\/p>\n<\/div>\n<\/div>\n<\/div>\n\n\n\n<div class=\"wp-block-group alignfull is-layout-constrained wp-block-group-is-layout-constrained\">\n<div class=\"wp-block-columns is-layout-flex wp-container-core-columns-is-layout-28f84493 wp-block-columns-is-layout-flex\">\n<div class=\"wp-block-column is-layout-flow wp-block-column-is-layout-flow\" style=\"flex-basis:33.33%\">\n<h2 class=\"wp-block-heading has-h-4-font-size\" id=\"content-block-a-body-copy-1-section\">Opciones para obtener cobertura de seguro tras perder el empleo <br><\/h2>\n<\/div>\n\n\n\n<div class=\"wp-block-column is-layout-flow wp-block-column-is-layout-flow\" style=\"flex-basis:66.66%\">\n<h3 class=\"wp-block-heading has-h-5-font-size\" id=\"optional-subheader\">Cobertura de c\u00f3nyuge\/padres<\/h3>\n\n\n\n<p>Si pierdes tu trabajo, muchos planes de seguro te permiten estar cubierto por el plan de salud que cubre a tu c\u00f3nyuge, o si tienes menos de 26 a\u00f1os podr\u00edas estar cubierto por el plan de tus padres, aunque est\u00e9s casado, aunque tu c\u00f3nyuge o tus hijos no puedan estar cubiertos por el plan de tus padres. Tu c\u00f3nyuge o padre debe ponerse en contacto con su departamento de Recursos Humanos lo antes posible para informarles de tu p\u00e9rdida de empleo y solicitar que te cubran. Si ambos c\u00f3nyuges o una familia estaban cubiertos por el c\u00f3nyuge que se queda sin empleo, el otro c\u00f3nyuge tendr\u00e1 la oportunidad de obtener cobertura para los c\u00f3nyuges o la familia a trav\u00e9s de su empleador.<\/p>\n\n\n\n<hr class=\"wp-block-separator has-alpha-channel-opacity\" style=\"margin-top:var(--wp--preset--spacing--40);margin-bottom:var(--wp--preset--spacing--40)\" \/>\n\n\n\n<h3 class=\"wp-block-heading has-h-5-font-size\" id=\"optional-subheader\">COBRA<\/h3>\n\n\n\n<p>La Ley de Conciliaci\u00f3n del Presupuesto General Consolidado, o COBRA (por sus siglas en ingl\u00e9s), es una opci\u00f3n que proporciona cobertura continuada con el mismo seguro que ten\u00edas con tu empleador pero eres responsable de pagar toda la prima m\u00e1s los gastos compartidos que tengas. Probablemente sea una de las opciones m\u00e1s caras pero permite la continuidad con el mismo plan de salud, los mismos m\u00e9dicos y la misma farmacia. <\/p>\n\n\n\n<hr class=\"wp-block-separator has-alpha-channel-opacity\" style=\"margin-top:var(--wp--preset--spacing--40);margin-bottom:var(--wp--preset--spacing--40)\" \/>\n\n\n\n<h3 class=\"wp-block-heading has-h-5-font-size\" id=\"optional-subheader\">HealthCare.gov<\/h3>\n\n\n\n<p>Inicia sesi\u00f3n y explora tus opciones en <a href=\"https:\/\/www.healthcare.gov\/\" target=\"_blank\" rel=\"noreferrer noopener\">HealthCare.gov<\/a>. Durante las ventanas de inscripci\u00f3n, no necesitar\u00e1s presentar pruebas de p\u00e9rdida de empleo u otros cambios en tu vida para inscribirte en un seguro m\u00e9dico a trav\u00e9s de <a href=\"https:\/\/www.healthcare.gov\/\" target=\"_blank\" rel=\"noreferrer noopener\">HealthCare.gov<\/a>. Dependiendo de tus ingresos mientras estabas empleado, puedes obtener cr\u00e9ditos fiscales que te ayuden a pagar un plan de salud. Tienes la opci\u00f3n de obtener los cr\u00e9ditos fiscales de dos maneras: todos los meses, directamente para pagar la prima o de una sola vez al presentar la declaraci\u00f3n de la renta. Lo importante es que los cr\u00e9ditos est\u00e1n vinculados a tus ingresos reales y debes &#8220;rectificar&#8221; al final del a\u00f1o. Si subestimas tus ingresos del a\u00f1o, puedes acabar debiendo cr\u00e9ditos fiscales al gobierno. <\/p>\n\n\n\n<p>Aunque no tengas derecho a cr\u00e9ditos fiscales que te ayuden a pagar la prima, puede haber planes de salud disponibles que cuesten menos que tu cobertura COBRA. Ten en cuenta que cualquier deducible o gasto m\u00e1ximo de bolsillo volver\u00e1 a empezar si cambias de plan de salud (incluso si pasas de un plan del empleador a un plan de HealthCare.gov administrado por la misma compa\u00f1\u00eda de seguros). Si necesitas ayuda para elegir un plan entre las opciones disponibles en <a href=\"https:\/\/www.healthcare.gov\/\" target=\"_blank\" rel=\"noreferrer noopener\">HealthCare.gov<\/a>, visita nuestro <a href=\"https:\/\/www.breakthrought1d.org\/es\/recursos-dt1\/seguro\/escoger-seguro\/\">recurso<\/a> sobre c\u00f3mo elegir un plan de seguro.<\/p>\n\n\n\n<hr class=\"wp-block-separator has-alpha-channel-opacity\" style=\"margin-top:var(--wp--preset--spacing--40);margin-bottom:var(--wp--preset--spacing--40)\" \/>\n\n\n\n<h3 class=\"wp-block-heading has-h-5-font-size\" id=\"optional-subheader\">Medicaid<\/h3>\n\n\n\n<p><a href=\"https:\/\/www.healthcare.gov\/\" target=\"_blank\" rel=\"noreferrer noopener\">HealthCare.gov<\/a> puede ayudarte a determinar si t\u00fa (o tus hijos) llenas los requisitos para recibir Medicaid. En muchos estados es m\u00e1s f\u00e1cil que los ni\u00f1os obtengan cobertura de Medicaid que los adultos, as\u00ed que aunque t\u00fa no tengas derecho a Medicaid, puede que tus hijos s\u00ed lo tengan. <br> <br>Esperamos que esta informaci\u00f3n te proporcione una orientaci\u00f3n \u00fatil en unos momentos por lo dem\u00e1s dif\u00edciles. Para m\u00e1s informaci\u00f3n sobre el seguro y la diabetes tipo 1, visita las dem\u00e1s secciones de nuestra <a href=\"https:\/\/www.breakthrought1d.org\/es\/recursos-dt1\/seguro\/\">Gu\u00eda del Seguro M\u00e9dico<\/a>.<\/p>\n<\/div>\n<\/div>\n<\/div>\n","protected":false,"raw":""},"excerpt":{"rendered":"<p>\u00bfQu\u00e9 puedes hacer cuando se acaba tu seguro? En estos tiempos impredecibles y estresantes, estamos conscientes de que muchos miembros de nuestra comunidad pueden enfrentarse a la realidad de perder su empleo. En el lenguaje de los seguros, perder el trabajo es un &#8220;acontecimiento calificador&#8221; que te permite algunas opciones para continuar con la cobertura [&hellip;]<\/p>\n","protected":false},"author":1176,"featured_media":0,"parent":212104,"menu_order":0,"comment_status":"closed","ping_status":"closed","template":"","meta":{"_acf_changed":false,"ep_exclude_from_search":false,"publish_on_app_meta":"True","iawp_total_views":15,"footnotes":""},"class_list":["post-212101","page","type-page","status-publish","hentry"],"acf":[],"yoast_head":"<!-- This site is optimized with the Yoast SEO plugin v27.2 - https:\/\/yoast.com\/product\/yoast-seo-wordpress\/ -->\n<title>Cuando pierdes la cobertura - Breakthrough T1D<\/title>\n<meta name=\"robots\" content=\"index, follow, max-snippet:-1, max-image-preview:large, max-video-preview:-1\" \/>\n<link rel=\"canonical\" href=\"https:\/\/www.breakthrought1d.org\/es\/recursos-dt1\/seguro\/cuando-pierdes-tu-cobertura\/\" \/>\n<meta property=\"og:locale\" content=\"es_ES\" \/>\n<meta property=\"og:type\" content=\"article\" \/>\n<meta property=\"og:title\" content=\"Cuando pierdes la cobertura - Breakthrough T1D\" \/>\n<meta property=\"og:description\" content=\"\u00bfQu\u00e9 puedes hacer cuando se acaba tu seguro? En estos tiempos impredecibles y estresantes, estamos conscientes de que muchos miembros de nuestra comunidad pueden enfrentarse a la realidad de perder su empleo. En el lenguaje de los seguros, perder el trabajo es un &#8220;acontecimiento calificador&#8221; que te permite algunas opciones para continuar con la cobertura [&hellip;]\" \/>\n<meta property=\"og:url\" content=\"https:\/\/www.breakthrought1d.org\/es\/recursos-dt1\/seguro\/cuando-pierdes-tu-cobertura\/\" \/>\n<meta property=\"og:site_name\" content=\"Breakthrough T1D\" \/>\n<meta property=\"article:publisher\" content=\"https:\/\/www.facebook.com\/breakthrought1dHQ\" \/>\n<meta property=\"article:modified_time\" content=\"2025-04-30T17:53:50+00:00\" \/>\n<meta property=\"og:image\" content=\"https:\/\/www.breakthrought1d.org\/wp-content\/uploads\/2024\/06\/BT1D-fallbck-scaled.jpg\" \/>\n\t<meta property=\"og:image:width\" content=\"2560\" \/>\n\t<meta property=\"og:image:height\" content=\"1440\" \/>\n\t<meta property=\"og:image:type\" content=\"image\/jpeg\" \/>\n<meta name=\"twitter:card\" content=\"summary_large_image\" \/>\n<meta name=\"twitter:site\" content=\"@breakthrought1d\" \/>\n<meta name=\"twitter:label1\" content=\"Tiempo de lectura\" \/>\n\t<meta name=\"twitter:data1\" content=\"4 minutos\" \/>\n<script type=\"application\/ld+json\" class=\"yoast-schema-graph\">{\"@context\":\"https:\/\/schema.org\",\"@graph\":[{\"@type\":\"WebPage\",\"@id\":\"https:\/\/www.breakthrought1d.org\/es\/recursos-dt1\/seguro\/cuando-pierdes-tu-cobertura\/\",\"url\":\"https:\/\/www.breakthrought1d.org\/es\/recursos-dt1\/seguro\/cuando-pierdes-tu-cobertura\/\",\"name\":\"Cuando pierdes la cobertura - Breakthrough T1D\",\"isPartOf\":{\"@id\":\"https:\/\/www.breakthrought1d.org\/es\/#website\"},\"datePublished\":\"2024-05-09T00:32:32+00:00\",\"dateModified\":\"2025-04-30T17:53:50+00:00\",\"breadcrumb\":{\"@id\":\"https:\/\/www.breakthrought1d.org\/es\/recursos-dt1\/seguro\/cuando-pierdes-tu-cobertura\/#breadcrumb\"},\"inLanguage\":\"es\",\"potentialAction\":[{\"@type\":\"ReadAction\",\"target\":[\"https:\/\/www.breakthrought1d.org\/es\/recursos-dt1\/seguro\/cuando-pierdes-tu-cobertura\/\"]}]},{\"@type\":\"BreadcrumbList\",\"@id\":\"https:\/\/www.breakthrought1d.org\/es\/recursos-dt1\/seguro\/cuando-pierdes-tu-cobertura\/#breadcrumb\",\"itemListElement\":[{\"@type\":\"ListItem\",\"position\":1,\"name\":\"Inicio\",\"item\":\"https:\/\/www.breakthrought1d.org\/es\/\"},{\"@type\":\"ListItem\",\"position\":2,\"name\":\"Biblioteca de recursos para la diabetes tipo 1\",\"item\":\"https:\/\/www.breakthrought1d.org\/es\/recursos-dt1\/\"},{\"@type\":\"ListItem\",\"position\":3,\"name\":\"Gu\u00eda del Seguro M\u00e9dico\",\"item\":\"https:\/\/www.breakthrought1d.org\/es\/recursos-dt1\/seguro\/\"},{\"@type\":\"ListItem\",\"position\":4,\"name\":\"Cuando pierdes la cobertura\"}]},{\"@type\":\"WebSite\",\"@id\":\"https:\/\/www.breakthrought1d.org\/es\/#website\",\"url\":\"https:\/\/www.breakthrought1d.org\/es\/\",\"name\":\"Breakthrough T1D\",\"description\":\"Improving Lives. Curing Type 1 Diabetes.\",\"publisher\":{\"@id\":\"https:\/\/www.breakthrought1d.org\/es\/#organization\"},\"potentialAction\":[{\"@type\":\"SearchAction\",\"target\":{\"@type\":\"EntryPoint\",\"urlTemplate\":\"https:\/\/www.breakthrought1d.org\/es\/?s={search_term_string}\"},\"query-input\":{\"@type\":\"PropertyValueSpecification\",\"valueRequired\":true,\"valueName\":\"search_term_string\"}}],\"inLanguage\":\"es\"},{\"@type\":\"Organization\",\"@id\":\"https:\/\/www.breakthrought1d.org\/es\/#organization\",\"name\":\"Breakthrough T1D\",\"url\":\"https:\/\/www.breakthrought1d.org\/es\/\",\"logo\":{\"@type\":\"ImageObject\",\"inLanguage\":\"es\",\"@id\":\"https:\/\/www.breakthrought1d.org\/es\/#\/schema\/logo\/image\/\",\"url\":\"https:\/\/www.breakthrought1d.org\/wp-content\/uploads\/2024\/06\/BT1D-favi.png\",\"contentUrl\":\"https:\/\/www.breakthrought1d.org\/wp-content\/uploads\/2024\/06\/BT1D-favi.png\",\"width\":400,\"height\":400,\"caption\":\"Breakthrough T1D\"},\"image\":{\"@id\":\"https:\/\/www.breakthrought1d.org\/es\/#\/schema\/logo\/image\/\"},\"sameAs\":[\"https:\/\/www.facebook.com\/breakthrought1dHQ\",\"https:\/\/x.com\/breakthrought1d\",\"https:\/\/www.youtube.com\/@breakthrought1d\",\"https:\/\/www.instagram.com\/breakthrought1d\/\",\"https:\/\/www.tiktok.com\/@breakthrought1dhq\"]}]}<\/script>\n<!-- \/ Yoast SEO plugin. -->","yoast_head_json":{"title":"Cuando pierdes la cobertura - Breakthrough T1D","robots":{"index":"index","follow":"follow","max-snippet":"max-snippet:-1","max-image-preview":"max-image-preview:large","max-video-preview":"max-video-preview:-1"},"canonical":"https:\/\/www.breakthrought1d.org\/es\/recursos-dt1\/seguro\/cuando-pierdes-tu-cobertura\/","og_locale":"es_ES","og_type":"article","og_title":"Cuando pierdes la cobertura - Breakthrough T1D","og_description":"\u00bfQu\u00e9 puedes hacer cuando se acaba tu seguro? En estos tiempos impredecibles y estresantes, estamos conscientes de que muchos miembros de nuestra comunidad pueden enfrentarse a la realidad de perder su empleo. En el lenguaje de los seguros, perder el trabajo es un &#8220;acontecimiento calificador&#8221; que te permite algunas opciones para continuar con la cobertura [&hellip;]","og_url":"https:\/\/www.breakthrought1d.org\/es\/recursos-dt1\/seguro\/cuando-pierdes-tu-cobertura\/","og_site_name":"Breakthrough T1D","article_publisher":"https:\/\/www.facebook.com\/breakthrought1dHQ","article_modified_time":"2025-04-30T17:53:50+00:00","og_image":[{"width":2560,"height":1440,"url":"https:\/\/www.breakthrought1d.org\/wp-content\/uploads\/2024\/06\/BT1D-fallbck-scaled.jpg","type":"image\/jpeg"}],"twitter_card":"summary_large_image","twitter_site":"@breakthrought1d","twitter_misc":{"Tiempo de lectura":"4 minutos"},"schema":{"@context":"https:\/\/schema.org","@graph":[{"@type":"WebPage","@id":"https:\/\/www.breakthrought1d.org\/es\/recursos-dt1\/seguro\/cuando-pierdes-tu-cobertura\/","url":"https:\/\/www.breakthrought1d.org\/es\/recursos-dt1\/seguro\/cuando-pierdes-tu-cobertura\/","name":"Cuando pierdes la cobertura - Breakthrough T1D","isPartOf":{"@id":"https:\/\/www.breakthrought1d.org\/es\/#website"},"datePublished":"2024-05-09T00:32:32+00:00","dateModified":"2025-04-30T17:53:50+00:00","breadcrumb":{"@id":"https:\/\/www.breakthrought1d.org\/es\/recursos-dt1\/seguro\/cuando-pierdes-tu-cobertura\/#breadcrumb"},"inLanguage":"es","potentialAction":[{"@type":"ReadAction","target":["https:\/\/www.breakthrought1d.org\/es\/recursos-dt1\/seguro\/cuando-pierdes-tu-cobertura\/"]}]},{"@type":"BreadcrumbList","@id":"https:\/\/www.breakthrought1d.org\/es\/recursos-dt1\/seguro\/cuando-pierdes-tu-cobertura\/#breadcrumb","itemListElement":[{"@type":"ListItem","position":1,"name":"Inicio","item":"https:\/\/www.breakthrought1d.org\/es\/"},{"@type":"ListItem","position":2,"name":"Biblioteca de recursos para la diabetes tipo 1","item":"https:\/\/www.breakthrought1d.org\/es\/recursos-dt1\/"},{"@type":"ListItem","position":3,"name":"Gu\u00eda del Seguro M\u00e9dico","item":"https:\/\/www.breakthrought1d.org\/es\/recursos-dt1\/seguro\/"},{"@type":"ListItem","position":4,"name":"Cuando pierdes la cobertura"}]},{"@type":"WebSite","@id":"https:\/\/www.breakthrought1d.org\/es\/#website","url":"https:\/\/www.breakthrought1d.org\/es\/","name":"Breakthrough T1D","description":"Improving Lives. Curing Type 1 Diabetes.","publisher":{"@id":"https:\/\/www.breakthrought1d.org\/es\/#organization"},"potentialAction":[{"@type":"SearchAction","target":{"@type":"EntryPoint","urlTemplate":"https:\/\/www.breakthrought1d.org\/es\/?s={search_term_string}"},"query-input":{"@type":"PropertyValueSpecification","valueRequired":true,"valueName":"search_term_string"}}],"inLanguage":"es"},{"@type":"Organization","@id":"https:\/\/www.breakthrought1d.org\/es\/#organization","name":"Breakthrough T1D","url":"https:\/\/www.breakthrought1d.org\/es\/","logo":{"@type":"ImageObject","inLanguage":"es","@id":"https:\/\/www.breakthrought1d.org\/es\/#\/schema\/logo\/image\/","url":"https:\/\/www.breakthrought1d.org\/wp-content\/uploads\/2024\/06\/BT1D-favi.png","contentUrl":"https:\/\/www.breakthrought1d.org\/wp-content\/uploads\/2024\/06\/BT1D-favi.png","width":400,"height":400,"caption":"Breakthrough T1D"},"image":{"@id":"https:\/\/www.breakthrought1d.org\/es\/#\/schema\/logo\/image\/"},"sameAs":["https:\/\/www.facebook.com\/breakthrought1dHQ","https:\/\/x.com\/breakthrought1d","https:\/\/www.youtube.com\/@breakthrought1d","https:\/\/www.instagram.com\/breakthrought1d\/","https:\/\/www.tiktok.com\/@breakthrought1dhq"]}]}},"_links":{"self":[{"href":"https:\/\/www.breakthrought1d.org\/es\/wp-json\/wp\/v2\/pages\/212101","targetHints":{"allow":["GET"]}}],"collection":[{"href":"https:\/\/www.breakthrought1d.org\/es\/wp-json\/wp\/v2\/pages"}],"about":[{"href":"https:\/\/www.breakthrought1d.org\/es\/wp-json\/wp\/v2\/types\/page"}],"author":[{"embeddable":true,"href":"https:\/\/www.breakthrought1d.org\/es\/wp-json\/wp\/v2\/users\/1176"}],"replies":[{"embeddable":true,"href":"https:\/\/www.breakthrought1d.org\/es\/wp-json\/wp\/v2\/comments?post=212101"}],"version-history":[{"count":0,"href":"https:\/\/www.breakthrought1d.org\/es\/wp-json\/wp\/v2\/pages\/212101\/revisions"}],"up":[{"embeddable":true,"href":"https:\/\/www.breakthrought1d.org\/es\/wp-json\/wp\/v2\/pages\/212104"}],"wp:attachment":[{"href":"https:\/\/www.breakthrought1d.org\/es\/wp-json\/wp\/v2\/media?parent=212101"}],"curies":[{"name":"wp","href":"https:\/\/api.w.org\/{rel}","templated":true}]}}