{"id":212103,"date":"2024-05-22T21:09:40","date_gmt":"2024-05-23T01:09:40","guid":{"rendered":"https:\/\/www.breakthrought1d.org\/donacion-en-el-lugar-de-trabajo\/"},"modified":"2025-04-30T18:47:26","modified_gmt":"2025-04-30T22:47:26","slug":"donaciones-en-lugar-de-trabajo","status":"publish","type":"page","link":"https:\/\/www.breakthrought1d.org\/es\/formas-de-dar\/donaciones-en-lugar-de-trabajo\/","title":{"rendered":"Donaci\u00f3n en el lugar de trabajo"},"content":{"rendered":"\n<div class=\"page-header alignfull wp-block-jdfr-page-header\">\n\t<div class=\"page-header__inner-container\">\n\t\t\n<nav id=\"breadcrumbs\" class=\"site-breadcrumbs alignfull\" aria-label=\"Breadcrumbs\">\n\t<ul class=\"site-breadcrumbs__inner\"><li class=\"breadcrumb-item\"><a href=\"https:\/\/www.breakthrought1d.org\/es\/pagina-de-actualizacion-de-test\/\">Inicio<\/a><\/li><li class=\"site-breadcrumbs__separator\"><?xml version=\"1.0\"?>\n<svg xmlns=\"http:\/\/www.w3.org\/2000\/svg\" width=\"9.143\" height=\"16\" fill=\"currentColor\" viewBox=\"0 0 9.143 16\" aria-hidden=\"true\"><path d=\"M9.143,21a1.143,1.143,0,0,1-.808-1.951L14.384,13,8.335,6.951A1.143,1.143,0,0,1,9.951,5.335l6.857,6.857a1.143,1.143,0,0,1,0,1.616L9.951,20.665A1.139,1.139,0,0,1,9.143,21Z\" transform=\"translate(-8 -5)\"\/><\/svg>\n<\/li><li class=\"breadcrumb-item\" aria-current=\"page\" tabindex=\"0\" role=\"text\" aria-label=\"Current-page: \"><\/li><\/ul><\/nav>\n\n\t\t<div class=\"page-header__content\">\n\t\t\t<h1 class=\"page-header__title\">Donaci\u00f3n en el lugar de trabajo<\/h1><div class=\"page-header__description\"><p>Las campa\u00f1as de donaciones en el lugar de trabajo ofrecen a los empleados una forma c\u00f3moda de apoyar a Breakthrough T1D.<\/p>\n<\/div>\n\t\t\t\t\t<\/div>\n\t<\/div>\n<\/div>\n\n\n\n<div class=\"wp-block-group alignfull has-white-background-color has-background has-gradient is-layout-constrained wp-block-group-is-layout-constrained\">\n<div class=\"wp-block-columns is-layout-flex wp-container-core-columns-is-layout-28f84493 wp-block-columns-is-layout-flex has-2-columns\">\n<div class=\"wp-block-column is-layout-flow wp-block-column-is-layout-flow\" style=\"flex-basis:100%\">\n<h2 class=\"wp-block-heading has-h-4-font-size\" id=\"donating-through-payroll-deduction-is-one-of-the-most-straightforward-ways-to-give\">Donar a trav\u00e9s de la deducci\u00f3n en n\u00f3mina es una de las formas m\u00e1s sencillas de donar. <\/h2>\n\n\n\n<p class=\"wp-block-paragraph\">Tambi\u00e9n aceptamos donaciones a trav\u00e9s de las campa\u00f1as de donaciones en el lugar de trabajo de los sectores p\u00fablico y privado que se indican a continuaci\u00f3n. Sea cual sea la forma en que decidas contribuir, tu donaci\u00f3n ayudar\u00e1 a Breakthrough T1D a impulsar la cura mientras mejora la vida de las personas que enfrentan la DT1. <\/p>\n<\/div>\n\n\n\n<div class=\"wp-block-column is-layout-flow wp-block-column-is-layout-flow\" style=\"flex-basis:15%\"><\/div>\n<\/div>\n<\/div>\n\n\n\n<div class=\"wp-block-group alignfull has-light-gray-background-color has-background is-layout-constrained wp-block-group-is-layout-constrained\">\n<div class=\"wp-block-columns is-layout-flex wp-container-core-columns-is-layout-28f84493 wp-block-columns-is-layout-flex has-2-columns\">\n<div class=\"wp-block-column is-layout-flow wp-block-column-is-layout-flow\" style=\"flex-basis:33.33%\">\n<h3 class=\"wp-block-heading has-h-4-font-size\" id=\"federal-employees\">Empleados federales<\/h3>\n<\/div>\n\n\n\n<div class=\"wp-block-column is-layout-flow wp-block-column-is-layout-flow\" style=\"flex-basis:66.66%\">\n<p class=\"wp-block-paragraph\">Los empleados federales pueden hacer donaciones a Breakthrough T1D a trav\u00e9s de la Campa\u00f1a Federal Combinada (CFC, por sus siglas en ingl\u00e9s), que se celebra anualmente del 1 de septiembre al 15 de enero. La CFC es la mayor y m\u00e1s exitosa campa\u00f1a ben\u00e9fica anual en el lugar de trabajo del mundo, con 38 zonas de CFC que recaudan millones de d\u00f3lares cada a\u00f1o.<\/p>\n\n\n\n<p class=\"wp-block-paragraph\">Para designar a Breakthrough T1D como beneficiario de tu deducci\u00f3n de n\u00f3mina, <a href=\"https:\/\/cfcgiving.opm.gov\/welcome\" target=\"_blank\" rel=\"noreferrer noopener\">utiliza nuestro c\u00f3digo nacional de CFC 10569<\/a>. Si deseas destinar tu donaci\u00f3n a un lugar o programa de recaudaci\u00f3n de fondos espec\u00edfico de Breakthrough T1D, env\u00edanos un correo electr\u00f3nico a <a href=\"mailto:wpgcampaigns@BreakthroughT1D.org\">wpgcampaigns@BreakthroughT1D.org<\/a> para que podamos asignarlo adecuadamente.<\/p>\n<\/div>\n<\/div>\n<\/div>\n\n\n\n<div class=\"wp-block-group alignfull is-layout-constrained wp-block-group-is-layout-constrained\">\n<div class=\"wp-block-columns is-layout-flex wp-container-core-columns-is-layout-28f84493 wp-block-columns-is-layout-flex has-2-columns\">\n<div class=\"wp-block-column is-layout-flow wp-block-column-is-layout-flow\" style=\"flex-basis:33.33%\">\n<h3 class=\"wp-block-heading has-h-4-font-size\" id=\"content-block-a-body-copy-1-section\">Empleados corporativos<\/h3>\n<\/div>\n\n\n\n<div class=\"wp-block-column is-layout-flow wp-block-column-is-layout-flow\" style=\"flex-basis:66.66%\">\n<p class=\"wp-block-paragraph\">Breakthrough T1D es un miembro orgulloso de CHC: Creating Healthier Communities Federation (Federaci\u00f3n Creando Comunidades M\u00e1s Saludables) Muchas empresas se asocian con la CHC para dar a sus empleados la oportunidad de apoyar nuestra misi\u00f3n mediante contribuciones por deducci\u00f3n en n\u00f3mina. Para obtener m\u00e1s informaci\u00f3n -incluido c\u00f3mo crear una campa\u00f1a en el lugar de trabajo de tu organizaci\u00f3n o incluir a CHC en tu campa\u00f1a de donaciones en el lugar de trabajo- llama a CHC al 800-645-0845.<\/p>\n<\/div>\n<\/div>\n<\/div>\n\n\n\n<div class=\"wp-block-group alignfull has-light-gray-background-color has-background is-layout-constrained wp-block-group-is-layout-constrained\">\n<div class=\"wp-block-columns is-layout-flex wp-container-core-columns-is-layout-28f84493 wp-block-columns-is-layout-flex has-2-columns\">\n<div class=\"wp-block-column is-layout-flow wp-block-column-is-layout-flow\" style=\"flex-basis:33.33%\">\n<h3 class=\"wp-block-heading has-h-4-font-size\" id=\"content-block-a-body-copy-1-section\">Empleados estatales y locales<\/h3>\n<\/div>\n\n\n\n<div class=\"wp-block-column is-layout-flow wp-block-column-is-layout-flow\" style=\"flex-basis:66.66%\">\n<p class=\"wp-block-paragraph\">Si eres empleado de un estado, condado, municipio o escuela (Junta de Educaci\u00f3n) y te gustar\u00eda contribuir a Breakthrough T1D en el trabajo, ponte en contacto con tu departamento de recursos humanos para informarte sobre la disponibilidad de la campa\u00f1a, el calendario y los m\u00e9todos de designaci\u00f3n.<\/p>\n<\/div>\n<\/div>\n<\/div>\n\n\n\n<div class=\"wp-block-group alignfull is-layout-constrained wp-block-group-is-layout-constrained\">\n<div class=\"wp-block-columns is-layout-flex wp-container-core-columns-is-layout-28f84493 wp-block-columns-is-layout-flex has-2-columns\">\n<div class=\"wp-block-column is-layout-flow wp-block-column-is-layout-flow\" style=\"flex-basis:33.33%\">\n<h3 class=\"wp-block-heading has-h-4-font-size\" id=\"content-block-a-body-copy-1-section\">Igualamiento de donaciones<\/h3>\n<\/div>\n\n\n\n<div class=\"wp-block-column is-layout-flow wp-block-column-is-layout-flow\" style=\"flex-basis:66.66%\">\n<p class=\"wp-block-paragraph\">Muchas empresas igualan las donaciones de sus empleados a organizaciones ben\u00e9ficas, lo que duplica o triplica tu donaci\u00f3n personal a Breakthrough T1D. Pregunta a tu empleador si tiene un programa de igualamiento de donaciones.<\/p>\n<\/div>\n<\/div>\n<\/div>\n","protected":false,"raw":""},"excerpt":{"rendered":"<p>Donar a trav\u00e9s de la deducci\u00f3n en n\u00f3mina es una de las formas m\u00e1s sencillas de donar. Tambi\u00e9n aceptamos donaciones a trav\u00e9s de las campa\u00f1as de donaciones en el lugar de trabajo de los sectores p\u00fablico y privado que se indican a continuaci\u00f3n. Sea cual sea la forma en que decidas contribuir, tu donaci\u00f3n ayudar\u00e1 [&hellip;]<\/p>\n","protected":false},"author":1222,"featured_media":0,"parent":212376,"menu_order":0,"comment_status":"closed","ping_status":"closed","template":"","meta":{"_acf_changed":false,"ep_exclude_from_search":false,"publish_on_app_meta":"True","iawp_total_views":31,"footnotes":""},"class_list":["post-212103","page","type-page","status-publish","hentry"],"acf":[],"yoast_head":"<!-- This site is optimized with the Yoast SEO plugin v27.3 - https:\/\/yoast.com\/product\/yoast-seo-wordpress\/ -->\n<title>Donaci\u00f3n en el lugar de trabajo - Breakthrough T1D<\/title>\n<meta name=\"robots\" content=\"index, follow, max-snippet:-1, max-image-preview:large, max-video-preview:-1\" \/>\n<link rel=\"canonical\" href=\"https:\/\/www.breakthrought1d.org\/es\/formas-de-dar\/donaciones-en-lugar-de-trabajo\/\" \/>\n<meta property=\"og:locale\" content=\"es_ES\" \/>\n<meta property=\"og:type\" content=\"article\" \/>\n<meta property=\"og:title\" content=\"Donaci\u00f3n en el lugar de trabajo - Breakthrough T1D\" \/>\n<meta property=\"og:description\" content=\"Donar a trav\u00e9s de la deducci\u00f3n en n\u00f3mina es una de las formas m\u00e1s sencillas de donar. Tambi\u00e9n aceptamos donaciones a trav\u00e9s de las campa\u00f1as de donaciones en el lugar de trabajo de los sectores p\u00fablico y privado que se indican a continuaci\u00f3n. Sea cual sea la forma en que decidas contribuir, tu donaci\u00f3n ayudar\u00e1 [&hellip;]\" \/>\n<meta property=\"og:url\" content=\"https:\/\/www.breakthrought1d.org\/es\/formas-de-dar\/donaciones-en-lugar-de-trabajo\/\" \/>\n<meta property=\"og:site_name\" content=\"Breakthrough T1D\" \/>\n<meta property=\"article:publisher\" content=\"https:\/\/www.facebook.com\/breakthrought1dHQ\" \/>\n<meta property=\"article:modified_time\" content=\"2025-04-30T22:47:26+00:00\" \/>\n<meta property=\"og:image\" content=\"https:\/\/www.breakthrought1d.org\/wp-content\/uploads\/2024\/06\/BT1D-fallbck-scaled.jpg\" \/>\n\t<meta property=\"og:image:width\" content=\"2560\" \/>\n\t<meta property=\"og:image:height\" content=\"1440\" \/>\n\t<meta property=\"og:image:type\" content=\"image\/jpeg\" \/>\n<meta name=\"twitter:card\" content=\"summary_large_image\" \/>\n<meta name=\"twitter:site\" content=\"@breakthrought1d\" \/>\n<meta name=\"twitter:label1\" content=\"Tiempo de lectura\" \/>\n\t<meta name=\"twitter:data1\" content=\"2 minutos\" \/>\n<script type=\"application\/ld+json\" class=\"yoast-schema-graph\">{\"@context\":\"https:\\\/\\\/schema.org\",\"@graph\":[{\"@type\":\"WebPage\",\"@id\":\"https:\\\/\\\/www.breakthrought1d.org\\\/es\\\/formas-de-dar\\\/donaciones-en-lugar-de-trabajo\\\/\",\"url\":\"https:\\\/\\\/www.breakthrought1d.org\\\/es\\\/formas-de-dar\\\/donaciones-en-lugar-de-trabajo\\\/\",\"name\":\"Donaci\u00f3n en el lugar de trabajo - Breakthrough T1D\",\"isPartOf\":{\"@id\":\"https:\\\/\\\/www.breakthrought1d.org\\\/es\\\/#website\"},\"datePublished\":\"2024-05-23T01:09:40+00:00\",\"dateModified\":\"2025-04-30T22:47:26+00:00\",\"breadcrumb\":{\"@id\":\"https:\\\/\\\/www.breakthrought1d.org\\\/es\\\/formas-de-dar\\\/donaciones-en-lugar-de-trabajo\\\/#breadcrumb\"},\"inLanguage\":\"es\",\"potentialAction\":[{\"@type\":\"ReadAction\",\"target\":[\"https:\\\/\\\/www.breakthrought1d.org\\\/es\\\/formas-de-dar\\\/donaciones-en-lugar-de-trabajo\\\/\"]}]},{\"@type\":\"BreadcrumbList\",\"@id\":\"https:\\\/\\\/www.breakthrought1d.org\\\/es\\\/formas-de-dar\\\/donaciones-en-lugar-de-trabajo\\\/#breadcrumb\",\"itemListElement\":[{\"@type\":\"ListItem\",\"position\":1,\"name\":\"Inicio\",\"item\":\"https:\\\/\\\/www.breakthrought1d.org\\\/es\\\/pagina-de-actualizacion-de-test\\\/\"},{\"@type\":\"ListItem\",\"position\":2,\"name\":\"Formas de dar\",\"item\":\"https:\\\/\\\/www.breakthrought1d.org\\\/es\\\/formas-de-dar\\\/\"},{\"@type\":\"ListItem\",\"position\":3,\"name\":\"Donaci\u00f3n en el lugar de trabajo\"}]},{\"@type\":\"WebSite\",\"@id\":\"https:\\\/\\\/www.breakthrought1d.org\\\/es\\\/#website\",\"url\":\"https:\\\/\\\/www.breakthrought1d.org\\\/es\\\/\",\"name\":\"Breakthrough T1D\",\"description\":\"Improving Lives. Curing Type 1 Diabetes.\",\"publisher\":{\"@id\":\"https:\\\/\\\/www.breakthrought1d.org\\\/es\\\/#organization\"},\"potentialAction\":[{\"@type\":\"SearchAction\",\"target\":{\"@type\":\"EntryPoint\",\"urlTemplate\":\"https:\\\/\\\/www.breakthrought1d.org\\\/es\\\/?s={search_term_string}\"},\"query-input\":{\"@type\":\"PropertyValueSpecification\",\"valueRequired\":true,\"valueName\":\"search_term_string\"}}],\"inLanguage\":\"es\"},{\"@type\":\"Organization\",\"@id\":\"https:\\\/\\\/www.breakthrought1d.org\\\/es\\\/#organization\",\"name\":\"Breakthrough T1D\",\"url\":\"https:\\\/\\\/www.breakthrought1d.org\\\/es\\\/\",\"logo\":{\"@type\":\"ImageObject\",\"inLanguage\":\"es\",\"@id\":\"https:\\\/\\\/www.breakthrought1d.org\\\/es\\\/#\\\/schema\\\/logo\\\/image\\\/\",\"url\":\"https:\\\/\\\/www.breakthrought1d.org\\\/wp-content\\\/uploads\\\/2024\\\/06\\\/BT1D-favi.png\",\"contentUrl\":\"https:\\\/\\\/www.breakthrought1d.org\\\/wp-content\\\/uploads\\\/2024\\\/06\\\/BT1D-favi.png\",\"width\":400,\"height\":400,\"caption\":\"Breakthrough T1D\"},\"image\":{\"@id\":\"https:\\\/\\\/www.breakthrought1d.org\\\/es\\\/#\\\/schema\\\/logo\\\/image\\\/\"},\"sameAs\":[\"https:\\\/\\\/www.facebook.com\\\/breakthrought1dHQ\",\"https:\\\/\\\/x.com\\\/breakthrought1d\",\"https:\\\/\\\/www.youtube.com\\\/@breakthrought1d\",\"https:\\\/\\\/www.instagram.com\\\/breakthrought1d\\\/\",\"https:\\\/\\\/www.tiktok.com\\\/@breakthrought1dhq\"]}]}<\/script>\n<!-- \/ Yoast SEO plugin. -->","yoast_head_json":{"title":"Donaci\u00f3n en el lugar de trabajo - Breakthrough T1D","robots":{"index":"index","follow":"follow","max-snippet":"max-snippet:-1","max-image-preview":"max-image-preview:large","max-video-preview":"max-video-preview:-1"},"canonical":"https:\/\/www.breakthrought1d.org\/es\/formas-de-dar\/donaciones-en-lugar-de-trabajo\/","og_locale":"es_ES","og_type":"article","og_title":"Donaci\u00f3n en el lugar de trabajo - Breakthrough T1D","og_description":"Donar a trav\u00e9s de la deducci\u00f3n en n\u00f3mina es una de las formas m\u00e1s sencillas de donar. Tambi\u00e9n aceptamos donaciones a trav\u00e9s de las campa\u00f1as de donaciones en el lugar de trabajo de los sectores p\u00fablico y privado que se indican a continuaci\u00f3n. Sea cual sea la forma en que decidas contribuir, tu donaci\u00f3n ayudar\u00e1 [&hellip;]","og_url":"https:\/\/www.breakthrought1d.org\/es\/formas-de-dar\/donaciones-en-lugar-de-trabajo\/","og_site_name":"Breakthrough T1D","article_publisher":"https:\/\/www.facebook.com\/breakthrought1dHQ","article_modified_time":"2025-04-30T22:47:26+00:00","og_image":[{"width":2560,"height":1440,"url":"https:\/\/www.breakthrought1d.org\/wp-content\/uploads\/2024\/06\/BT1D-fallbck-scaled.jpg","type":"image\/jpeg"}],"twitter_card":"summary_large_image","twitter_site":"@breakthrought1d","twitter_misc":{"Tiempo de lectura":"2 minutos"},"schema":{"@context":"https:\/\/schema.org","@graph":[{"@type":"WebPage","@id":"https:\/\/www.breakthrought1d.org\/es\/formas-de-dar\/donaciones-en-lugar-de-trabajo\/","url":"https:\/\/www.breakthrought1d.org\/es\/formas-de-dar\/donaciones-en-lugar-de-trabajo\/","name":"Donaci\u00f3n en el lugar de trabajo - Breakthrough T1D","isPartOf":{"@id":"https:\/\/www.breakthrought1d.org\/es\/#website"},"datePublished":"2024-05-23T01:09:40+00:00","dateModified":"2025-04-30T22:47:26+00:00","breadcrumb":{"@id":"https:\/\/www.breakthrought1d.org\/es\/formas-de-dar\/donaciones-en-lugar-de-trabajo\/#breadcrumb"},"inLanguage":"es","potentialAction":[{"@type":"ReadAction","target":["https:\/\/www.breakthrought1d.org\/es\/formas-de-dar\/donaciones-en-lugar-de-trabajo\/"]}]},{"@type":"BreadcrumbList","@id":"https:\/\/www.breakthrought1d.org\/es\/formas-de-dar\/donaciones-en-lugar-de-trabajo\/#breadcrumb","itemListElement":[{"@type":"ListItem","position":1,"name":"Inicio","item":"https:\/\/www.breakthrought1d.org\/es\/pagina-de-actualizacion-de-test\/"},{"@type":"ListItem","position":2,"name":"Formas de dar","item":"https:\/\/www.breakthrought1d.org\/es\/formas-de-dar\/"},{"@type":"ListItem","position":3,"name":"Donaci\u00f3n en el lugar de trabajo"}]},{"@type":"WebSite","@id":"https:\/\/www.breakthrought1d.org\/es\/#website","url":"https:\/\/www.breakthrought1d.org\/es\/","name":"Breakthrough T1D","description":"Improving Lives. Curing Type 1 Diabetes.","publisher":{"@id":"https:\/\/www.breakthrought1d.org\/es\/#organization"},"potentialAction":[{"@type":"SearchAction","target":{"@type":"EntryPoint","urlTemplate":"https:\/\/www.breakthrought1d.org\/es\/?s={search_term_string}"},"query-input":{"@type":"PropertyValueSpecification","valueRequired":true,"valueName":"search_term_string"}}],"inLanguage":"es"},{"@type":"Organization","@id":"https:\/\/www.breakthrought1d.org\/es\/#organization","name":"Breakthrough T1D","url":"https:\/\/www.breakthrought1d.org\/es\/","logo":{"@type":"ImageObject","inLanguage":"es","@id":"https:\/\/www.breakthrought1d.org\/es\/#\/schema\/logo\/image\/","url":"https:\/\/www.breakthrought1d.org\/wp-content\/uploads\/2024\/06\/BT1D-favi.png","contentUrl":"https:\/\/www.breakthrought1d.org\/wp-content\/uploads\/2024\/06\/BT1D-favi.png","width":400,"height":400,"caption":"Breakthrough T1D"},"image":{"@id":"https:\/\/www.breakthrought1d.org\/es\/#\/schema\/logo\/image\/"},"sameAs":["https:\/\/www.facebook.com\/breakthrought1dHQ","https:\/\/x.com\/breakthrought1d","https:\/\/www.youtube.com\/@breakthrought1d","https:\/\/www.instagram.com\/breakthrought1d\/","https:\/\/www.tiktok.com\/@breakthrought1dhq"]}]}},"_links":{"self":[{"href":"https:\/\/www.breakthrought1d.org\/es\/wp-json\/wp\/v2\/pages\/212103","targetHints":{"allow":["GET"]}}],"collection":[{"href":"https:\/\/www.breakthrought1d.org\/es\/wp-json\/wp\/v2\/pages"}],"about":[{"href":"https:\/\/www.breakthrought1d.org\/es\/wp-json\/wp\/v2\/types\/page"}],"author":[{"embeddable":true,"href":"https:\/\/www.breakthrought1d.org\/es\/wp-json\/wp\/v2\/users\/1222"}],"replies":[{"embeddable":true,"href":"https:\/\/www.breakthrought1d.org\/es\/wp-json\/wp\/v2\/comments?post=212103"}],"version-history":[{"count":0,"href":"https:\/\/www.breakthrought1d.org\/es\/wp-json\/wp\/v2\/pages\/212103\/revisions"}],"up":[{"embeddable":true,"href":"https:\/\/www.breakthrought1d.org\/es\/wp-json\/wp\/v2\/pages\/212376"}],"wp:attachment":[{"href":"https:\/\/www.breakthrought1d.org\/es\/wp-json\/wp\/v2\/media?parent=212103"}],"curies":[{"name":"wp","href":"https:\/\/api.w.org\/{rel}","templated":true}]}}