{"id":212302,"date":"2024-05-29T09:57:54","date_gmt":"2024-05-29T13:57:54","guid":{"rendered":"https:\/\/www.breakthrought1d.org\/bolsa-de-esperanza-de-breakthrough-t1d-gracias\/"},"modified":"2025-04-29T19:08:00","modified_gmt":"2025-04-29T23:08:00","slug":"gracias-bde","status":"publish","type":"page","link":"https:\/\/www.breakthrought1d.org\/es\/soporte-ninos\/bolsa-de-esperanza\/solicita-bolsa-de-esperanza\/gracias-bde\/","title":{"rendered":"Gracias Bolsa de esperanza de Breakthrough T1D"},"content":{"rendered":"\n<div class=\"page-header alignfull wp-block-jdfr-page-header\">\n\t<div class=\"page-header__inner-container\">\n\t\t\n<nav id=\"breadcrumbs\" class=\"site-breadcrumbs alignfull\" aria-label=\"Breadcrumbs\">\n\t<ul class=\"site-breadcrumbs__inner\"><li class=\"breadcrumb-item\"><a href=\"https:\/\/www.breakthrought1d.org\/es\/\">Inicio<\/a><\/li><li class=\"site-breadcrumbs__separator\"><?xml version=\"1.0\"?>\n<svg xmlns=\"http:\/\/www.w3.org\/2000\/svg\" width=\"9.143\" height=\"16\" fill=\"currentColor\" viewBox=\"0 0 9.143 16\" aria-hidden=\"true\"><path d=\"M9.143,21a1.143,1.143,0,0,1-.808-1.951L14.384,13,8.335,6.951A1.143,1.143,0,0,1,9.951,5.335l6.857,6.857a1.143,1.143,0,0,1,0,1.616L9.951,20.665A1.139,1.139,0,0,1,9.143,21Z\" transform=\"translate(-8 -5)\"\/><\/svg>\n<\/li><li class=\"breadcrumb-item\" aria-current=\"page\" tabindex=\"0\" role=\"text\" aria-label=\"Current-page: \"><\/li><\/ul><\/nav>\n\n\t\t<div class=\"page-header__content\">\n\t\t\t<h1 class=\"page-header__title\">Bolsa de Esperanza de Breakthrough T1D<\/h1>\n\t\t\t\t\t<\/div>\n\t<\/div>\n<\/div>\n\n\n\n<div class=\"wp-block-group alignfull is-layout-constrained wp-block-group-is-layout-constrained\">\n<div class=\"wp-block-columns is-layout-flex wp-container-core-columns-is-layout-28f84493 wp-block-columns-is-layout-flex\">\n<div class=\"wp-block-column is-layout-flow wp-block-column-is-layout-flow\" style=\"flex-basis:33.33%\">\n<h2 class=\"wp-block-heading has-h-4-font-size\" id=\"thank-you-for-requesting-your-breakthrough-t1d-bag-of-hope\">Gracias por solicitar tu Bolsa de Esperanza de Breakthrough T1D <\/h2>\n<\/div>\n\n\n\n<div class=\"wp-block-column is-layout-flow wp-block-column-is-layout-flow\" style=\"flex-basis:66.66%\">\n<p class=\"is-style-large-body\">La Bolsa de la Esperanza de Breakthrough T1D es s\u00f3lo tu punto de partida: \u00a1hay m\u00e1s ayuda en camino! Pronto tendr\u00e1s noticias de un voluntario que podr\u00e1 responder a cualquier pregunta que tengas. Tambi\u00e9n te pondr\u00e1n en contacto con recursos adicionales para ayudar a tu familia en tu trayectoria con la DT1. <\/p>\n\n\n\n<div class=\"wp-block-buttons is-layout-flex wp-block-buttons-is-layout-flex\">\n<div class=\"wp-block-button is-style-secondary\"><a class=\"wp-block-button__link wp-element-button\" href=\"https:\/\/www.breakthrought1d.org\/es\/soporte-ninos\/\">Volver a Apoyo para los Ni\u00f1os<\/a><\/div>\n<\/div>\n<\/div>\n<\/div>\n<\/div>\n","protected":false,"raw":""},"excerpt":{"rendered":"<p>Gracias por solicitar tu Bolsa de Esperanza de Breakthrough T1D La Bolsa de la Esperanza de Breakthrough T1D es s\u00f3lo tu punto de partida: \u00a1hay m\u00e1s ayuda en camino! Pronto tendr\u00e1s noticias de un voluntario que podr\u00e1 responder a cualquier pregunta que tengas. Tambi\u00e9n te pondr\u00e1n en contacto con recursos adicionales para ayudar a tu [&hellip;]<\/p>\n","protected":false},"author":1222,"featured_media":0,"parent":212329,"menu_order":0,"comment_status":"closed","ping_status":"closed","template":"","meta":{"_acf_changed":false,"ep_exclude_from_search":false,"publish_on_app_meta":"True","iawp_total_views":14,"footnotes":""},"class_list":["post-212302","page","type-page","status-publish","hentry"],"acf":[],"yoast_head":"<!-- This site is optimized with the Yoast SEO plugin v27.2 - https:\/\/yoast.com\/product\/yoast-seo-wordpress\/ -->\n<title>Gracias Bolsa de esperanza de Breakthrough T1D - Breakthrough T1D<\/title>\n<meta name=\"robots\" content=\"index, follow, max-snippet:-1, max-image-preview:large, max-video-preview:-1\" \/>\n<link rel=\"canonical\" href=\"https:\/\/www.breakthrought1d.org\/es\/soporte-ninos\/bolsa-de-esperanza\/solicita-bolsa-de-esperanza\/gracias-bde\/\" \/>\n<meta property=\"og:locale\" content=\"es_ES\" \/>\n<meta property=\"og:type\" content=\"article\" \/>\n<meta property=\"og:title\" content=\"Gracias Bolsa de esperanza de Breakthrough T1D - Breakthrough T1D\" \/>\n<meta property=\"og:description\" content=\"Gracias por solicitar tu Bolsa de Esperanza de Breakthrough T1D La Bolsa de la Esperanza de Breakthrough T1D es s\u00f3lo tu punto de partida: \u00a1hay m\u00e1s ayuda en camino! Pronto tendr\u00e1s noticias de un voluntario que podr\u00e1 responder a cualquier pregunta que tengas. Tambi\u00e9n te pondr\u00e1n en contacto con recursos adicionales para ayudar a tu [&hellip;]\" \/>\n<meta property=\"og:url\" content=\"https:\/\/www.breakthrought1d.org\/es\/soporte-ninos\/bolsa-de-esperanza\/solicita-bolsa-de-esperanza\/gracias-bde\/\" \/>\n<meta property=\"og:site_name\" content=\"Breakthrough T1D\" \/>\n<meta property=\"article:publisher\" content=\"https:\/\/www.facebook.com\/breakthrought1dHQ\" \/>\n<meta property=\"article:modified_time\" content=\"2025-04-29T23:08:00+00:00\" \/>\n<meta property=\"og:image\" content=\"https:\/\/www.breakthrought1d.org\/wp-content\/uploads\/2024\/06\/BT1D-fallbck-scaled.jpg\" \/>\n\t<meta property=\"og:image:width\" content=\"2560\" \/>\n\t<meta property=\"og:image:height\" content=\"1440\" \/>\n\t<meta property=\"og:image:type\" content=\"image\/jpeg\" \/>\n<meta name=\"twitter:card\" content=\"summary_large_image\" \/>\n<meta name=\"twitter:site\" content=\"@breakthrought1d\" \/>\n<meta name=\"twitter:label1\" content=\"Tiempo de lectura\" \/>\n\t<meta name=\"twitter:data1\" content=\"1 minuto\" \/>\n<script type=\"application\/ld+json\" class=\"yoast-schema-graph\">{\"@context\":\"https:\/\/schema.org\",\"@graph\":[{\"@type\":\"WebPage\",\"@id\":\"https:\/\/www.breakthrought1d.org\/es\/soporte-ninos\/bolsa-de-esperanza\/solicita-bolsa-de-esperanza\/gracias-bde\/\",\"url\":\"https:\/\/www.breakthrought1d.org\/es\/soporte-ninos\/bolsa-de-esperanza\/solicita-bolsa-de-esperanza\/gracias-bde\/\",\"name\":\"Gracias Bolsa de esperanza de Breakthrough T1D - Breakthrough T1D\",\"isPartOf\":{\"@id\":\"https:\/\/www.breakthrought1d.org\/es\/#website\"},\"datePublished\":\"2024-05-29T13:57:54+00:00\",\"dateModified\":\"2025-04-29T23:08:00+00:00\",\"breadcrumb\":{\"@id\":\"https:\/\/www.breakthrought1d.org\/es\/soporte-ninos\/bolsa-de-esperanza\/solicita-bolsa-de-esperanza\/gracias-bde\/#breadcrumb\"},\"inLanguage\":\"es\",\"potentialAction\":[{\"@type\":\"ReadAction\",\"target\":[\"https:\/\/www.breakthrought1d.org\/es\/soporte-ninos\/bolsa-de-esperanza\/solicita-bolsa-de-esperanza\/gracias-bde\/\"]}]},{\"@type\":\"BreadcrumbList\",\"@id\":\"https:\/\/www.breakthrought1d.org\/es\/soporte-ninos\/bolsa-de-esperanza\/solicita-bolsa-de-esperanza\/gracias-bde\/#breadcrumb\",\"itemListElement\":[{\"@type\":\"ListItem\",\"position\":1,\"name\":\"Inicio\",\"item\":\"https:\/\/www.breakthrought1d.org\/es\/\"},{\"@type\":\"ListItem\",\"position\":2,\"name\":\"Apoyo Ni\u00f1os\",\"item\":\"https:\/\/www.breakthrought1d.org\/es\/soporte-ninos\/\"},{\"@type\":\"ListItem\",\"position\":3,\"name\":\"Bolsa de Esperanza de Breakthrough T1D\",\"item\":\"https:\/\/www.breakthrought1d.org\/es\/soporte-ninos\/bolsa-de-esperanza\/\"},{\"@type\":\"ListItem\",\"position\":4,\"name\":\"Solicita una Bolsa de Esperanza\",\"item\":\"https:\/\/www.breakthrought1d.org\/es\/soporte-ninos\/bolsa-de-esperanza\/solicita-bolsa-de-esperanza\/\"},{\"@type\":\"ListItem\",\"position\":5,\"name\":\"Gracias Bolsa de esperanza de Breakthrough T1D\"}]},{\"@type\":\"WebSite\",\"@id\":\"https:\/\/www.breakthrought1d.org\/es\/#website\",\"url\":\"https:\/\/www.breakthrought1d.org\/es\/\",\"name\":\"Breakthrough T1D\",\"description\":\"Improving Lives. Curing Type 1 Diabetes.\",\"publisher\":{\"@id\":\"https:\/\/www.breakthrought1d.org\/es\/#organization\"},\"potentialAction\":[{\"@type\":\"SearchAction\",\"target\":{\"@type\":\"EntryPoint\",\"urlTemplate\":\"https:\/\/www.breakthrought1d.org\/es\/?s={search_term_string}\"},\"query-input\":{\"@type\":\"PropertyValueSpecification\",\"valueRequired\":true,\"valueName\":\"search_term_string\"}}],\"inLanguage\":\"es\"},{\"@type\":\"Organization\",\"@id\":\"https:\/\/www.breakthrought1d.org\/es\/#organization\",\"name\":\"Breakthrough T1D\",\"url\":\"https:\/\/www.breakthrought1d.org\/es\/\",\"logo\":{\"@type\":\"ImageObject\",\"inLanguage\":\"es\",\"@id\":\"https:\/\/www.breakthrought1d.org\/es\/#\/schema\/logo\/image\/\",\"url\":\"https:\/\/www.breakthrought1d.org\/wp-content\/uploads\/2024\/06\/BT1D-favi.png\",\"contentUrl\":\"https:\/\/www.breakthrought1d.org\/wp-content\/uploads\/2024\/06\/BT1D-favi.png\",\"width\":400,\"height\":400,\"caption\":\"Breakthrough T1D\"},\"image\":{\"@id\":\"https:\/\/www.breakthrought1d.org\/es\/#\/schema\/logo\/image\/\"},\"sameAs\":[\"https:\/\/www.facebook.com\/breakthrought1dHQ\",\"https:\/\/x.com\/breakthrought1d\",\"https:\/\/www.youtube.com\/@breakthrought1d\",\"https:\/\/www.instagram.com\/breakthrought1d\/\",\"https:\/\/www.tiktok.com\/@breakthrought1dhq\"]}]}<\/script>\n<!-- \/ Yoast SEO plugin. -->","yoast_head_json":{"title":"Gracias Bolsa de esperanza de Breakthrough T1D - Breakthrough T1D","robots":{"index":"index","follow":"follow","max-snippet":"max-snippet:-1","max-image-preview":"max-image-preview:large","max-video-preview":"max-video-preview:-1"},"canonical":"https:\/\/www.breakthrought1d.org\/es\/soporte-ninos\/bolsa-de-esperanza\/solicita-bolsa-de-esperanza\/gracias-bde\/","og_locale":"es_ES","og_type":"article","og_title":"Gracias Bolsa de esperanza de Breakthrough T1D - Breakthrough T1D","og_description":"Gracias por solicitar tu Bolsa de Esperanza de Breakthrough T1D La Bolsa de la Esperanza de Breakthrough T1D es s\u00f3lo tu punto de partida: \u00a1hay m\u00e1s ayuda en camino! Pronto tendr\u00e1s noticias de un voluntario que podr\u00e1 responder a cualquier pregunta que tengas. Tambi\u00e9n te pondr\u00e1n en contacto con recursos adicionales para ayudar a tu [&hellip;]","og_url":"https:\/\/www.breakthrought1d.org\/es\/soporte-ninos\/bolsa-de-esperanza\/solicita-bolsa-de-esperanza\/gracias-bde\/","og_site_name":"Breakthrough T1D","article_publisher":"https:\/\/www.facebook.com\/breakthrought1dHQ","article_modified_time":"2025-04-29T23:08:00+00:00","og_image":[{"width":2560,"height":1440,"url":"https:\/\/www.breakthrought1d.org\/wp-content\/uploads\/2024\/06\/BT1D-fallbck-scaled.jpg","type":"image\/jpeg"}],"twitter_card":"summary_large_image","twitter_site":"@breakthrought1d","twitter_misc":{"Tiempo de lectura":"1 minuto"},"schema":{"@context":"https:\/\/schema.org","@graph":[{"@type":"WebPage","@id":"https:\/\/www.breakthrought1d.org\/es\/soporte-ninos\/bolsa-de-esperanza\/solicita-bolsa-de-esperanza\/gracias-bde\/","url":"https:\/\/www.breakthrought1d.org\/es\/soporte-ninos\/bolsa-de-esperanza\/solicita-bolsa-de-esperanza\/gracias-bde\/","name":"Gracias Bolsa de esperanza de Breakthrough T1D - Breakthrough T1D","isPartOf":{"@id":"https:\/\/www.breakthrought1d.org\/es\/#website"},"datePublished":"2024-05-29T13:57:54+00:00","dateModified":"2025-04-29T23:08:00+00:00","breadcrumb":{"@id":"https:\/\/www.breakthrought1d.org\/es\/soporte-ninos\/bolsa-de-esperanza\/solicita-bolsa-de-esperanza\/gracias-bde\/#breadcrumb"},"inLanguage":"es","potentialAction":[{"@type":"ReadAction","target":["https:\/\/www.breakthrought1d.org\/es\/soporte-ninos\/bolsa-de-esperanza\/solicita-bolsa-de-esperanza\/gracias-bde\/"]}]},{"@type":"BreadcrumbList","@id":"https:\/\/www.breakthrought1d.org\/es\/soporte-ninos\/bolsa-de-esperanza\/solicita-bolsa-de-esperanza\/gracias-bde\/#breadcrumb","itemListElement":[{"@type":"ListItem","position":1,"name":"Inicio","item":"https:\/\/www.breakthrought1d.org\/es\/"},{"@type":"ListItem","position":2,"name":"Apoyo Ni\u00f1os","item":"https:\/\/www.breakthrought1d.org\/es\/soporte-ninos\/"},{"@type":"ListItem","position":3,"name":"Bolsa de Esperanza de Breakthrough T1D","item":"https:\/\/www.breakthrought1d.org\/es\/soporte-ninos\/bolsa-de-esperanza\/"},{"@type":"ListItem","position":4,"name":"Solicita una Bolsa de Esperanza","item":"https:\/\/www.breakthrought1d.org\/es\/soporte-ninos\/bolsa-de-esperanza\/solicita-bolsa-de-esperanza\/"},{"@type":"ListItem","position":5,"name":"Gracias Bolsa de esperanza de Breakthrough T1D"}]},{"@type":"WebSite","@id":"https:\/\/www.breakthrought1d.org\/es\/#website","url":"https:\/\/www.breakthrought1d.org\/es\/","name":"Breakthrough T1D","description":"Improving Lives. Curing Type 1 Diabetes.","publisher":{"@id":"https:\/\/www.breakthrought1d.org\/es\/#organization"},"potentialAction":[{"@type":"SearchAction","target":{"@type":"EntryPoint","urlTemplate":"https:\/\/www.breakthrought1d.org\/es\/?s={search_term_string}"},"query-input":{"@type":"PropertyValueSpecification","valueRequired":true,"valueName":"search_term_string"}}],"inLanguage":"es"},{"@type":"Organization","@id":"https:\/\/www.breakthrought1d.org\/es\/#organization","name":"Breakthrough T1D","url":"https:\/\/www.breakthrought1d.org\/es\/","logo":{"@type":"ImageObject","inLanguage":"es","@id":"https:\/\/www.breakthrought1d.org\/es\/#\/schema\/logo\/image\/","url":"https:\/\/www.breakthrought1d.org\/wp-content\/uploads\/2024\/06\/BT1D-favi.png","contentUrl":"https:\/\/www.breakthrought1d.org\/wp-content\/uploads\/2024\/06\/BT1D-favi.png","width":400,"height":400,"caption":"Breakthrough T1D"},"image":{"@id":"https:\/\/www.breakthrought1d.org\/es\/#\/schema\/logo\/image\/"},"sameAs":["https:\/\/www.facebook.com\/breakthrought1dHQ","https:\/\/x.com\/breakthrought1d","https:\/\/www.youtube.com\/@breakthrought1d","https:\/\/www.instagram.com\/breakthrought1d\/","https:\/\/www.tiktok.com\/@breakthrought1dhq"]}]}},"_links":{"self":[{"href":"https:\/\/www.breakthrought1d.org\/es\/wp-json\/wp\/v2\/pages\/212302","targetHints":{"allow":["GET"]}}],"collection":[{"href":"https:\/\/www.breakthrought1d.org\/es\/wp-json\/wp\/v2\/pages"}],"about":[{"href":"https:\/\/www.breakthrought1d.org\/es\/wp-json\/wp\/v2\/types\/page"}],"author":[{"embeddable":true,"href":"https:\/\/www.breakthrought1d.org\/es\/wp-json\/wp\/v2\/users\/1222"}],"replies":[{"embeddable":true,"href":"https:\/\/www.breakthrought1d.org\/es\/wp-json\/wp\/v2\/comments?post=212302"}],"version-history":[{"count":0,"href":"https:\/\/www.breakthrought1d.org\/es\/wp-json\/wp\/v2\/pages\/212302\/revisions"}],"up":[{"embeddable":true,"href":"https:\/\/www.breakthrought1d.org\/es\/wp-json\/wp\/v2\/pages\/212329"}],"wp:attachment":[{"href":"https:\/\/www.breakthrought1d.org\/es\/wp-json\/wp\/v2\/media?parent=212302"}],"curies":[{"name":"wp","href":"https:\/\/api.w.org\/{rel}","templated":true}]}}