{"id":212327,"date":"2024-04-26T17:40:11","date_gmt":"2024-04-26T21:40:11","guid":{"rendered":"https:\/\/www.breakthrought1d.org\/unete-a-nuestro-movimiento-de-defensa\/inscribete-para-ser-promotor\/"},"modified":"2025-04-30T21:04:39","modified_gmt":"2025-05-01T01:04:39","slug":"inscribete-para-ser-promotor","status":"publish","type":"page","link":"https:\/\/www.breakthrought1d.org\/es\/defensa\/inscribete-para-ser-promotor\/","title":{"rendered":"Inscr\u00edbete para ser promotor"},"content":{"rendered":"\n<div class=\"page-header alignfull wp-block-jdfr-page-header\">\n\t<div class=\"page-header__inner-container\">\n\t\t\n<nav id=\"breadcrumbs\" class=\"site-breadcrumbs alignfull\" aria-label=\"Breadcrumbs\">\n\t<ul class=\"site-breadcrumbs__inner\"><li class=\"breadcrumb-item\"><a href=\"https:\/\/www.breakthrought1d.org\/es\/\">Inicio<\/a><\/li><li class=\"site-breadcrumbs__separator\"><?xml version=\"1.0\"?>\n<svg xmlns=\"http:\/\/www.w3.org\/2000\/svg\" width=\"9.143\" height=\"16\" fill=\"currentColor\" viewBox=\"0 0 9.143 16\" aria-hidden=\"true\"><path d=\"M9.143,21a1.143,1.143,0,0,1-.808-1.951L14.384,13,8.335,6.951A1.143,1.143,0,0,1,9.951,5.335l6.857,6.857a1.143,1.143,0,0,1,0,1.616L9.951,20.665A1.139,1.139,0,0,1,9.143,21Z\" transform=\"translate(-8 -5)\"\/><\/svg>\n<\/li><li class=\"breadcrumb-item\" aria-current=\"page\" tabindex=\"0\" role=\"text\" aria-label=\"Current-page: \"><\/li><\/ul><\/nav>\n\n\t\t<div class=\"page-header__content\">\n\t\t\t<h1 class=\"page-header__title\">Inscr\u00edbete para ser promotor<\/h1>\n\t\t\t\t\t<\/div>\n\t<\/div>\n<\/div>\n\n\n\n<div class=\"wp-block-group alignfull is-layout-constrained wp-block-group-is-layout-constrained\">\n<div class=\"wp-block-columns is-layout-flex wp-container-core-columns-is-layout-28f84493 wp-block-columns-is-layout-flex has-2-columns\">\n<div class=\"wp-block-column is-layout-flow wp-block-column-is-layout-flow\" style=\"flex-basis:33.33%\">\n<h2 class=\"wp-block-heading has-h-4-font-size\" id=\"advocate-for-progress-join-the-movement\">Defiende el progreso. \u00danete al movimiento.<\/h2>\n<\/div>\n\n\n\n<div class=\"wp-block-column is-layout-flow wp-block-column-is-layout-flow\" style=\"flex-basis:66.66%\">\n<h3 class=\"wp-block-heading has-h-5-font-size\" id=\"make-your-voice-heard\">\u00a1Haz o\u00edr tu voz!<\/h3>\n\n\n\n<p class=\"wp-block-paragraph\">Estamos cambiando lo que significa vivir con una T1D comunicando los costes m\u00e9dicos, emocionales y econ\u00f3micos de la T1D a los l\u00edderes de nuestra naci\u00f3n.<\/p>\n\n\n\n<p class=\"wp-block-paragraph\">Ayuda a Breakthrough T1D a conseguir financiaci\u00f3n federal continuada para importantes investigaciones sobre la diabetes, a informar la pol\u00edtica sanitaria y reguladora y a mejorar la calidad de vida de los afectados por la T1D en nuestro camino hacia la cura.<\/p>\n<\/div>\n<\/div>\n<\/div>\n\n\n\n<div class=\"wp-block-group alignfull has-white-color has-navy-background-color has-text-color has-background has-link-color wp-elements-2833ad0618a1e3c363cc2726ba25ad03 is-layout-constrained wp-block-group-is-layout-constrained\">\n<div class=\"wp-block-columns is-layout-flex wp-container-core-columns-is-layout-28f84493 wp-block-columns-is-layout-flex has-2-columns\">\n<div class=\"wp-block-column is-layout-flow wp-block-column-is-layout-flow\" style=\"flex-basis:66.66%\">\n<h2 class=\"wp-block-heading\" id=\"sign-up-today-1\">Inscr\u00edbete hoy<\/h2>\n<\/div>\n\n\n\n<div class=\"wp-block-column is-vertically-aligned-center is-layout-flow wp-block-column-is-layout-flow\" style=\"flex-basis:33.33%\">\n<div class=\"wp-block-buttons is-content-justification-right is-layout-flex wp-container-core-buttons-is-layout-d445cf74 wp-block-buttons-is-layout-flex\"><\/div>\n<\/div>\n<\/div>\n<\/div>\n","protected":false,"raw":""},"excerpt":{"rendered":"<p>Defiende el progreso. \u00danete al movimiento. \u00a1Haz o\u00edr tu voz! Estamos cambiando lo que significa vivir con una T1D comunicando los costes m\u00e9dicos, emocionales y econ\u00f3micos de la T1D a los l\u00edderes de nuestra naci\u00f3n. Ayuda a Breakthrough T1D a conseguir financiaci\u00f3n federal continuada para importantes investigaciones sobre la diabetes, a informar la pol\u00edtica sanitaria [&hellip;]<\/p>\n","protected":false},"author":1222,"featured_media":194489,"parent":212307,"menu_order":0,"comment_status":"closed","ping_status":"closed","template":"","meta":{"_acf_changed":false,"ep_exclude_from_search":false,"publish_on_app_meta":"True","iawp_total_views":2,"footnotes":""},"class_list":["post-212327","page","type-page","status-publish","has-post-thumbnail","hentry","jdrf-national-card-get_involved_4"],"acf":[],"yoast_head":"<!-- This site is optimized with the Yoast SEO plugin v27.3 - https:\/\/yoast.com\/product\/yoast-seo-wordpress\/ -->\n<title>Inscr\u00edbete para ser promotor - Breakthrough T1D<\/title>\n<meta name=\"description\" content=\"Defender el progreso en el tratamiento y la cura de la diabetes. \u00danete al movimiento Breakthrough T1D.\" \/>\n<meta name=\"robots\" content=\"index, follow, max-snippet:-1, max-image-preview:large, max-video-preview:-1\" \/>\n<link rel=\"canonical\" href=\"https:\/\/www.breakthrought1d.org\/es\/defensa\/inscribete-para-ser-promotor\/\" \/>\n<meta property=\"og:locale\" content=\"es_ES\" \/>\n<meta property=\"og:type\" content=\"article\" \/>\n<meta property=\"og:title\" content=\"Inscr\u00edbete para ser promotor - Breakthrough T1D\" \/>\n<meta property=\"og:description\" content=\"Defender el progreso en el tratamiento y la cura de la diabetes. \u00danete al movimiento Breakthrough T1D.\" \/>\n<meta property=\"og:url\" content=\"https:\/\/www.breakthrought1d.org\/es\/defensa\/inscribete-para-ser-promotor\/\" \/>\n<meta property=\"og:site_name\" content=\"Breakthrough T1D\" \/>\n<meta property=\"article:publisher\" content=\"https:\/\/www.facebook.com\/breakthrought1dHQ\" \/>\n<meta property=\"article:modified_time\" content=\"2025-05-01T01:04:39+00:00\" \/>\n<meta property=\"og:image\" content=\"https:\/\/www.breakthrought1d.org\/wp-content\/uploads\/2024\/05\/become-an-advocate.jpg\" \/>\n\t<meta property=\"og:image:width\" content=\"1200\" \/>\n\t<meta property=\"og:image:height\" content=\"675\" \/>\n\t<meta property=\"og:image:type\" content=\"image\/jpeg\" \/>\n<meta name=\"twitter:card\" content=\"summary_large_image\" \/>\n<meta name=\"twitter:site\" content=\"@breakthrought1d\" \/>\n<meta name=\"twitter:label1\" content=\"Tiempo de lectura\" \/>\n\t<meta name=\"twitter:data1\" content=\"1 minuto\" \/>\n<script type=\"application\/ld+json\" class=\"yoast-schema-graph\">{\"@context\":\"https:\\\/\\\/schema.org\",\"@graph\":[{\"@type\":\"WebPage\",\"@id\":\"https:\\\/\\\/www.breakthrought1d.org\\\/es\\\/defensa\\\/inscribete-para-ser-promotor\\\/\",\"url\":\"https:\\\/\\\/www.breakthrought1d.org\\\/es\\\/defensa\\\/inscribete-para-ser-promotor\\\/\",\"name\":\"Inscr\u00edbete para ser promotor - Breakthrough T1D\",\"isPartOf\":{\"@id\":\"https:\\\/\\\/www.breakthrought1d.org\\\/es\\\/#website\"},\"primaryImageOfPage\":{\"@id\":\"https:\\\/\\\/www.breakthrought1d.org\\\/es\\\/defensa\\\/inscribete-para-ser-promotor\\\/#primaryimage\"},\"image\":{\"@id\":\"https:\\\/\\\/www.breakthrought1d.org\\\/es\\\/defensa\\\/inscribete-para-ser-promotor\\\/#primaryimage\"},\"thumbnailUrl\":\"https:\\\/\\\/www.breakthrought1d.org\\\/wp-content\\\/uploads\\\/2024\\\/05\\\/become-an-advocate.jpg\",\"datePublished\":\"2024-04-26T21:40:11+00:00\",\"dateModified\":\"2025-05-01T01:04:39+00:00\",\"description\":\"Defender el progreso en el tratamiento y la cura de la diabetes. \u00danete al movimiento Breakthrough T1D.\",\"breadcrumb\":{\"@id\":\"https:\\\/\\\/www.breakthrought1d.org\\\/es\\\/defensa\\\/inscribete-para-ser-promotor\\\/#breadcrumb\"},\"inLanguage\":\"es\",\"potentialAction\":[{\"@type\":\"ReadAction\",\"target\":[\"https:\\\/\\\/www.breakthrought1d.org\\\/es\\\/defensa\\\/inscribete-para-ser-promotor\\\/\"]}]},{\"@type\":\"ImageObject\",\"inLanguage\":\"es\",\"@id\":\"https:\\\/\\\/www.breakthrought1d.org\\\/es\\\/defensa\\\/inscribete-para-ser-promotor\\\/#primaryimage\",\"url\":\"https:\\\/\\\/www.breakthrought1d.org\\\/wp-content\\\/uploads\\\/2024\\\/05\\\/become-an-advocate.jpg\",\"contentUrl\":\"https:\\\/\\\/www.breakthrought1d.org\\\/wp-content\\\/uploads\\\/2024\\\/05\\\/become-an-advocate.jpg\",\"width\":1200,\"height\":675},{\"@type\":\"BreadcrumbList\",\"@id\":\"https:\\\/\\\/www.breakthrought1d.org\\\/es\\\/defensa\\\/inscribete-para-ser-promotor\\\/#breadcrumb\",\"itemListElement\":[{\"@type\":\"ListItem\",\"position\":1,\"name\":\"Inicio\",\"item\":\"https:\\\/\\\/www.breakthrought1d.org\\\/es\\\/\"},{\"@type\":\"ListItem\",\"position\":2,\"name\":\"\u00danete a Nuestro Movimiento de Defensa\",\"item\":\"https:\\\/\\\/www.breakthrought1d.org\\\/es\\\/defensa\\\/\"},{\"@type\":\"ListItem\",\"position\":3,\"name\":\"Inscr\u00edbete para ser promotor\"}]},{\"@type\":\"WebSite\",\"@id\":\"https:\\\/\\\/www.breakthrought1d.org\\\/es\\\/#website\",\"url\":\"https:\\\/\\\/www.breakthrought1d.org\\\/es\\\/\",\"name\":\"Breakthrough T1D\",\"description\":\"Improving Lives. Curing Type 1 Diabetes.\",\"publisher\":{\"@id\":\"https:\\\/\\\/www.breakthrought1d.org\\\/es\\\/#organization\"},\"potentialAction\":[{\"@type\":\"SearchAction\",\"target\":{\"@type\":\"EntryPoint\",\"urlTemplate\":\"https:\\\/\\\/www.breakthrought1d.org\\\/es\\\/?s={search_term_string}\"},\"query-input\":{\"@type\":\"PropertyValueSpecification\",\"valueRequired\":true,\"valueName\":\"search_term_string\"}}],\"inLanguage\":\"es\"},{\"@type\":\"Organization\",\"@id\":\"https:\\\/\\\/www.breakthrought1d.org\\\/es\\\/#organization\",\"name\":\"Breakthrough T1D\",\"url\":\"https:\\\/\\\/www.breakthrought1d.org\\\/es\\\/\",\"logo\":{\"@type\":\"ImageObject\",\"inLanguage\":\"es\",\"@id\":\"https:\\\/\\\/www.breakthrought1d.org\\\/es\\\/#\\\/schema\\\/logo\\\/image\\\/\",\"url\":\"https:\\\/\\\/www.breakthrought1d.org\\\/wp-content\\\/uploads\\\/2024\\\/06\\\/BT1D-favi.png\",\"contentUrl\":\"https:\\\/\\\/www.breakthrought1d.org\\\/wp-content\\\/uploads\\\/2024\\\/06\\\/BT1D-favi.png\",\"width\":400,\"height\":400,\"caption\":\"Breakthrough T1D\"},\"image\":{\"@id\":\"https:\\\/\\\/www.breakthrought1d.org\\\/es\\\/#\\\/schema\\\/logo\\\/image\\\/\"},\"sameAs\":[\"https:\\\/\\\/www.facebook.com\\\/breakthrought1dHQ\",\"https:\\\/\\\/x.com\\\/breakthrought1d\",\"https:\\\/\\\/www.youtube.com\\\/@breakthrought1d\",\"https:\\\/\\\/www.instagram.com\\\/breakthrought1d\\\/\",\"https:\\\/\\\/www.tiktok.com\\\/@breakthrought1dhq\"]}]}<\/script>\n<!-- \/ Yoast SEO plugin. -->","yoast_head_json":{"title":"Inscr\u00edbete para ser promotor - Breakthrough T1D","description":"Defender el progreso en el tratamiento y la cura de la diabetes. \u00danete al movimiento Breakthrough T1D.","robots":{"index":"index","follow":"follow","max-snippet":"max-snippet:-1","max-image-preview":"max-image-preview:large","max-video-preview":"max-video-preview:-1"},"canonical":"https:\/\/www.breakthrought1d.org\/es\/defensa\/inscribete-para-ser-promotor\/","og_locale":"es_ES","og_type":"article","og_title":"Inscr\u00edbete para ser promotor - Breakthrough T1D","og_description":"Defender el progreso en el tratamiento y la cura de la diabetes. \u00danete al movimiento Breakthrough T1D.","og_url":"https:\/\/www.breakthrought1d.org\/es\/defensa\/inscribete-para-ser-promotor\/","og_site_name":"Breakthrough T1D","article_publisher":"https:\/\/www.facebook.com\/breakthrought1dHQ","article_modified_time":"2025-05-01T01:04:39+00:00","og_image":[{"width":1200,"height":675,"url":"https:\/\/www.breakthrought1d.org\/wp-content\/uploads\/2024\/05\/become-an-advocate.jpg","type":"image\/jpeg"}],"twitter_card":"summary_large_image","twitter_site":"@breakthrought1d","twitter_misc":{"Tiempo de lectura":"1 minuto"},"schema":{"@context":"https:\/\/schema.org","@graph":[{"@type":"WebPage","@id":"https:\/\/www.breakthrought1d.org\/es\/defensa\/inscribete-para-ser-promotor\/","url":"https:\/\/www.breakthrought1d.org\/es\/defensa\/inscribete-para-ser-promotor\/","name":"Inscr\u00edbete para ser promotor - Breakthrough T1D","isPartOf":{"@id":"https:\/\/www.breakthrought1d.org\/es\/#website"},"primaryImageOfPage":{"@id":"https:\/\/www.breakthrought1d.org\/es\/defensa\/inscribete-para-ser-promotor\/#primaryimage"},"image":{"@id":"https:\/\/www.breakthrought1d.org\/es\/defensa\/inscribete-para-ser-promotor\/#primaryimage"},"thumbnailUrl":"https:\/\/www.breakthrought1d.org\/wp-content\/uploads\/2024\/05\/become-an-advocate.jpg","datePublished":"2024-04-26T21:40:11+00:00","dateModified":"2025-05-01T01:04:39+00:00","description":"Defender el progreso en el tratamiento y la cura de la diabetes. \u00danete al movimiento Breakthrough T1D.","breadcrumb":{"@id":"https:\/\/www.breakthrought1d.org\/es\/defensa\/inscribete-para-ser-promotor\/#breadcrumb"},"inLanguage":"es","potentialAction":[{"@type":"ReadAction","target":["https:\/\/www.breakthrought1d.org\/es\/defensa\/inscribete-para-ser-promotor\/"]}]},{"@type":"ImageObject","inLanguage":"es","@id":"https:\/\/www.breakthrought1d.org\/es\/defensa\/inscribete-para-ser-promotor\/#primaryimage","url":"https:\/\/www.breakthrought1d.org\/wp-content\/uploads\/2024\/05\/become-an-advocate.jpg","contentUrl":"https:\/\/www.breakthrought1d.org\/wp-content\/uploads\/2024\/05\/become-an-advocate.jpg","width":1200,"height":675},{"@type":"BreadcrumbList","@id":"https:\/\/www.breakthrought1d.org\/es\/defensa\/inscribete-para-ser-promotor\/#breadcrumb","itemListElement":[{"@type":"ListItem","position":1,"name":"Inicio","item":"https:\/\/www.breakthrought1d.org\/es\/"},{"@type":"ListItem","position":2,"name":"\u00danete a Nuestro Movimiento de Defensa","item":"https:\/\/www.breakthrought1d.org\/es\/defensa\/"},{"@type":"ListItem","position":3,"name":"Inscr\u00edbete para ser promotor"}]},{"@type":"WebSite","@id":"https:\/\/www.breakthrought1d.org\/es\/#website","url":"https:\/\/www.breakthrought1d.org\/es\/","name":"Breakthrough T1D","description":"Improving Lives. Curing Type 1 Diabetes.","publisher":{"@id":"https:\/\/www.breakthrought1d.org\/es\/#organization"},"potentialAction":[{"@type":"SearchAction","target":{"@type":"EntryPoint","urlTemplate":"https:\/\/www.breakthrought1d.org\/es\/?s={search_term_string}"},"query-input":{"@type":"PropertyValueSpecification","valueRequired":true,"valueName":"search_term_string"}}],"inLanguage":"es"},{"@type":"Organization","@id":"https:\/\/www.breakthrought1d.org\/es\/#organization","name":"Breakthrough T1D","url":"https:\/\/www.breakthrought1d.org\/es\/","logo":{"@type":"ImageObject","inLanguage":"es","@id":"https:\/\/www.breakthrought1d.org\/es\/#\/schema\/logo\/image\/","url":"https:\/\/www.breakthrought1d.org\/wp-content\/uploads\/2024\/06\/BT1D-favi.png","contentUrl":"https:\/\/www.breakthrought1d.org\/wp-content\/uploads\/2024\/06\/BT1D-favi.png","width":400,"height":400,"caption":"Breakthrough T1D"},"image":{"@id":"https:\/\/www.breakthrought1d.org\/es\/#\/schema\/logo\/image\/"},"sameAs":["https:\/\/www.facebook.com\/breakthrought1dHQ","https:\/\/x.com\/breakthrought1d","https:\/\/www.youtube.com\/@breakthrought1d","https:\/\/www.instagram.com\/breakthrought1d\/","https:\/\/www.tiktok.com\/@breakthrought1dhq"]}]}},"_links":{"self":[{"href":"https:\/\/www.breakthrought1d.org\/es\/wp-json\/wp\/v2\/pages\/212327","targetHints":{"allow":["GET"]}}],"collection":[{"href":"https:\/\/www.breakthrought1d.org\/es\/wp-json\/wp\/v2\/pages"}],"about":[{"href":"https:\/\/www.breakthrought1d.org\/es\/wp-json\/wp\/v2\/types\/page"}],"author":[{"embeddable":true,"href":"https:\/\/www.breakthrought1d.org\/es\/wp-json\/wp\/v2\/users\/1222"}],"replies":[{"embeddable":true,"href":"https:\/\/www.breakthrought1d.org\/es\/wp-json\/wp\/v2\/comments?post=212327"}],"version-history":[{"count":0,"href":"https:\/\/www.breakthrought1d.org\/es\/wp-json\/wp\/v2\/pages\/212327\/revisions"}],"up":[{"embeddable":true,"href":"https:\/\/www.breakthrought1d.org\/es\/wp-json\/wp\/v2\/pages\/212307"}],"wp:featuredmedia":[{"embeddable":true,"href":"https:\/\/www.breakthrought1d.org\/es\/wp-json\/wp\/v2\/media\/194489"}],"wp:attachment":[{"href":"https:\/\/www.breakthrought1d.org\/es\/wp-json\/wp\/v2\/media?parent=212327"}],"curies":[{"name":"wp","href":"https:\/\/api.w.org\/{rel}","templated":true}]}}