{"id":212388,"date":"2024-05-03T18:25:14","date_gmt":"2024-05-03T22:25:14","guid":{"rendered":"https:\/\/www.breakthrought1d.org\/para-los-medios-de-comunicacion\/"},"modified":"2026-01-27T16:14:46","modified_gmt":"2026-01-27T21:14:46","slug":"para-los-medios","status":"publish","type":"page","link":"https:\/\/www.breakthrought1d.org\/es\/para-los-medios\/","title":{"rendered":"Para los medios de comunicaci\u00f3n"},"content":{"rendered":"\n<div class=\"page-header alignfull wp-block-jdfr-page-header\">\n\t<div class=\"page-header__inner-container\">\n\t\t\n<nav id=\"breadcrumbs\" class=\"site-breadcrumbs alignfull\" aria-label=\"Breadcrumbs\">\n\t<ul class=\"site-breadcrumbs__inner\"><li class=\"breadcrumb-item\"><a href=\"https:\/\/www.breakthrought1d.org\/es\/\">Inicio<\/a><\/li><li class=\"site-breadcrumbs__separator\"><?xml version=\"1.0\"?>\n<svg xmlns=\"http:\/\/www.w3.org\/2000\/svg\" width=\"9.143\" height=\"16\" fill=\"currentColor\" viewBox=\"0 0 9.143 16\" aria-hidden=\"true\"><path d=\"M9.143,21a1.143,1.143,0,0,1-.808-1.951L14.384,13,8.335,6.951A1.143,1.143,0,0,1,9.951,5.335l6.857,6.857a1.143,1.143,0,0,1,0,1.616L9.951,20.665A1.139,1.139,0,0,1,9.143,21Z\" transform=\"translate(-8 -5)\"\/><\/svg>\n<\/li><li class=\"breadcrumb-item\" aria-current=\"page\" tabindex=\"0\" role=\"text\" aria-label=\"Current-page: \"><\/li><\/ul><\/nav>\n\n\t\t<div class=\"page-header__content\">\n\t\t\t<h1 class=\"page-header__title\">Para los medios de comunicaci\u00f3n<\/h1><div class=\"page-header__description\"><p>Los \u00faltimos comunicados de prensa y declaraciones de Breakthrough T1D y la cobertura de Breakthrough T1D en los medios de comunicaci\u00f3n.  <\/p>\n<\/div>\n\t\t\t\t\t<\/div>\n\t<\/div>\n<\/div>\n\n\n\n<div class=\"wp-block-group alignfull has-white-background-color has-background is-layout-constrained wp-block-group-is-layout-constrained\">\n<div class=\"wp-block-columns is-layout-flex wp-container-core-columns-is-layout-28f84493 wp-block-columns-is-layout-flex\">\n<div class=\"wp-block-column is-layout-flow wp-block-column-is-layout-flow\" style=\"flex-basis:33.33%\">\n<h2 class=\"wp-block-heading has-h-3-font-size\" id=\"contact-our-media-relations-team\">Comun\u00edcate con nuestro equipo de relaciones con los medios de comunicaci\u00f3n<\/h2>\n<\/div>\n\n\n\n<div class=\"wp-block-column is-layout-flow wp-block-column-is-layout-flow\" style=\"flex-basis:66.66%\">\n<h3 class=\"wp-block-heading has-h-5-font-size\" id=\"optional-subheader\"><strong>Chelsea-Lyn Rudder <\/strong><\/h3>\n\n\n\n<p>Todas las solicitudes de medios de comunicaci\u00f3n de EE. UU<br><a href=\"mailto:media@breakthrought1d.org\" target=\"_blank\" rel=\"noreferrer noopener\"><strong>media@BreakthroughT1D.org<\/strong><\/a><\/p>\n\n\n\n<hr class=\"wp-block-separator has-alpha-channel-opacity\" style=\"margin-top:var(--wp--preset--spacing--40);margin-bottom:var(--wp--preset--spacing--40)\"\/>\n\n\n\n<p>Todas las solicitudes de medios de comunicaci\u00f3n del Reino Unido<br><a href=\"mailto:pressoffice@breakthrought1d.org.uk\" target=\"_blank\" rel=\"noreferrer noopener\"><strong><u>pressoffice@breakthrought1d.org.uk<\/u><\/strong><\/a><\/p>\n\n\n\n<hr class=\"wp-block-separator has-alpha-channel-opacity\" style=\"margin-top:var(--wp--preset--spacing--40);margin-bottom:var(--wp--preset--spacing--40)\"\/>\n\n\n\n<h3 class=\"wp-block-heading has-h-5-font-size\" id=\"optional-subheader\"><strong>Kenia Felton<\/strong><\/h3>\n\n\n\n<p>Consultas sobre famosos y embajadores  <br><a href=\"mailto:media@breakthrought1d.org\" target=\"_blank\" rel=\"noreferrer noopener\"><strong>media@BreakthroughT1D.org<\/strong><\/a><\/p>\n<\/div>\n<\/div>\n<\/div>\n\n\n\n<div class=\"wp-block-group alignfull has-light-gray-background-color has-background is-layout-constrained wp-block-group-is-layout-constrained\">\n<div class=\"wp-block-columns is-layout-flex wp-container-core-columns-is-layout-a5cf46d6 wp-block-columns-is-layout-flex\" style=\"margin-bottom:var(--wp--preset--spacing--40)\">\n<div class=\"wp-block-column is-layout-flow wp-block-column-is-layout-flow\" style=\"flex-basis:66.66%\">\n<h2 class=\"wp-block-heading\" id=\"press-releases-1\">Comunicados de prensa y declaraciones  <\/h2>\n<\/div>\n\n\n\n<div class=\"wp-block-column is-layout-flow wp-block-column-is-layout-flow\" style=\"flex-basis:33.33%\"><\/div>\n<\/div>\n\n\n\n<div class=\"wp-block-query jdrf-theme-date-title-category is-layout-flow wp-block-query-is-layout-flow\"><ul class=\"wp-block-jdrf-query\"><\/ul><\/div>\n\n\n\n<div class=\"wp-block-buttons is-layout-flex wp-block-buttons-is-layout-flex\" style=\"margin-top:var(--wp--preset--spacing--40)\">\n<div class=\"wp-block-button is-style-secondary\"><a class=\"wp-block-button__link wp-element-button\" href=\"https:\/\/www.breakthrought1d.org\/for-the-media\/press-releases\/\">Ver todo<\/a><\/div>\n<\/div>\n<\/div>\n\n\n\n<div class=\"wp-block-group alignfull is-layout-constrained wp-block-group-is-layout-constrained\">\n<div class=\"wp-block-columns is-layout-flex wp-container-core-columns-is-layout-a5cf46d6 wp-block-columns-is-layout-flex\" style=\"margin-bottom:var(--wp--preset--spacing--40)\">\n<div class=\"wp-block-column is-layout-flow wp-block-column-is-layout-flow\" style=\"flex-basis:66.66%\">\n<h2 class=\"wp-block-heading\" id=\"the-latest-1\">El avance de la DT1 en los medios de comunicaci\u00f3n<\/h2>\n<\/div>\n\n\n\n<div class=\"wp-block-column is-layout-flow wp-block-column-is-layout-flow\" style=\"flex-basis:33.33%\"><\/div>\n<\/div>\n\n\n\n<div class=\"wp-block-query jdrf-theme-image-date-title-category is-layout-flow wp-block-query-is-layout-flow\"><ul class=\"wp-block-jdrf-query\"><li class=\"wp-block-jdrf-query__item\"><article class=\"card image-date-title-category\" itemscope itemtype=\"https:\/\/schema.org\/Thing\">\n\t\t\t<figure class=\"card__image\">\n\t\t\t<img decoding=\"async\" src=\"https:\/\/www.breakthrought1d.org\/wp-content\/uploads\/2026\/02\/Screenshot-2026-02-17-at-11.17.29-AM.png\" alt=\"\">\n\t\t<\/figure>\n\t\n\t\t<div class=\"card__content\">\n\t\t\t\t\t<time class=\"card__date\" aria-label=\"published date\">enero 27, 2026<\/time>\n\t\t\n\t\t\n\t\t\t\t\n\t\t\t\t\t\t\t<a href=\"https:\/\/www.usatoday.com\/story\/cars\/news\/2026\/01\/27\/ford-mustang-dark-horse-auction\/88378771007\/\" class=\"card__link\" aria-label=\"Ford Mustang Dark Horse SC raises $1.25 million at auction\" itemprop=\"url\">\n\t\t\t\n\t\t\t<div class=\"card__title-wrapper\" itemprop=\"name\">\n\t\t\t\t\t\t\t\t\t<span class=\"card__title\">Ford Mustang Dark Horse SC raises $1.25 million at auction<\/span>\n\t\t\t\t\t\t\t\t<span class=\"card__title-icon\">\n<svg xmlns=\"http:\/\/www.w3.org\/2000\/svg\" width=\"14\" height=\"9.282\" viewBox=\"0 0 14 9.282\">\n\t<path d=\"m9.923 9.054 3.849-3.849a.812.812 0 0 0 0-1.127L9.923.228a.778.778 0 1 0-1.1 1.1l2.533 2.535H.777a.778.778 0 1 0 0 1.556h10.579L8.82 7.954a.778.778 0 0 0 1.1 1.1Z\" \/>\n<\/svg>\n<\/span>\n\t\t\t<\/div>\n\n\t\t\t\t\t\t\t<\/a>\n\t\t\t\t\t\n\t\t\n\t<\/div>\n\t\n\t\n<\/article>\n<\/li><li class=\"wp-block-jdrf-query__item\"><article class=\"card image-date-title-category\" itemscope itemtype=\"https:\/\/schema.org\/Thing\">\n\t\t\t<figure class=\"card__image\">\n\t\t\t<img decoding=\"async\" src=\"https:\/\/www.breakthrought1d.org\/wp-content\/uploads\/2026\/02\/bbc-world-1.svg\" alt=\"\">\n\t\t<\/figure>\n\t\n\t\t<div class=\"card__content\">\n\t\t\t\t\t<time class=\"card__date\" aria-label=\"published date\">noviembre 29, 2025<\/time>\n\t\t\n\t\t\n\t\t\t\t\n\t\t\t\t\t\t\t<a href=\"https:\/\/podcasts.apple.com\/us\/podcast\/the-happy-pod-diabetes-awareness-month-special\/id135067274?i=1000738820764\" class=\"card__link\" aria-label=\"The Happy Pod: Diabetes Awareness Month special\" itemprop=\"url\">\n\t\t\t\n\t\t\t<div class=\"card__title-wrapper\" itemprop=\"name\">\n\t\t\t\t\t\t\t\t\t<span class=\"card__title\">The Happy Pod: Diabetes Awareness Month special<\/span>\n\t\t\t\t\t\t\t\t<span class=\"card__title-icon\">\n<svg xmlns=\"http:\/\/www.w3.org\/2000\/svg\" width=\"14\" height=\"9.282\" viewBox=\"0 0 14 9.282\">\n\t<path d=\"m9.923 9.054 3.849-3.849a.812.812 0 0 0 0-1.127L9.923.228a.778.778 0 1 0-1.1 1.1l2.533 2.535H.777a.778.778 0 1 0 0 1.556h10.579L8.82 7.954a.778.778 0 0 0 1.1 1.1Z\" \/>\n<\/svg>\n<\/span>\n\t\t\t<\/div>\n\n\t\t\t\t\t\t\t<\/a>\n\t\t\t\t\t\n\t\t\n\t<\/div>\n\t\n\t\n<\/article>\n<\/li><li class=\"wp-block-jdrf-query__item\"><article class=\"card image-date-title-category\" itemscope itemtype=\"https:\/\/schema.org\/Thing\">\n\t\t\t<figure class=\"card__image\">\n\t\t\t<img decoding=\"async\" src=\"https:\/\/www.breakthrought1d.org\/wp-content\/uploads\/2025\/11\/Final-01.png\" alt=\"\">\n\t\t<\/figure>\n\t\n\t\t<div class=\"card__content\">\n\t\t\t\t\t<time class=\"card__date\" aria-label=\"published date\">noviembre 16, 2025<\/time>\n\t\t\n\t\t\n\t\t\t\t\n\t\t\t\t\t\t\t<a href=\"https:\/\/t2conline.com\/breakthrough-t1d-promise-gala-honors-diabetes-awareness-month\/\" class=\"card__link\" aria-label=\"Breakthrough T1D Promise Gala Honors Diabetes Awareness Month\" itemprop=\"url\">\n\t\t\t\n\t\t\t<div class=\"card__title-wrapper\" itemprop=\"name\">\n\t\t\t\t\t\t\t\t\t<span class=\"card__title\">Breakthrough T1D Promise Gala Honors Diabetes Awareness Month<\/span>\n\t\t\t\t\t\t\t\t<span class=\"card__title-icon\">\n<svg xmlns=\"http:\/\/www.w3.org\/2000\/svg\" width=\"14\" height=\"9.282\" viewBox=\"0 0 14 9.282\">\n\t<path d=\"m9.923 9.054 3.849-3.849a.812.812 0 0 0 0-1.127L9.923.228a.778.778 0 1 0-1.1 1.1l2.533 2.535H.777a.778.778 0 1 0 0 1.556h10.579L8.82 7.954a.778.778 0 0 0 1.1 1.1Z\" \/>\n<\/svg>\n<\/span>\n\t\t\t<\/div>\n\n\t\t\t\t\t\t\t<\/a>\n\t\t\t\t\t\n\t\t\n\t<\/div>\n\t\n\t\n<\/article>\n<\/li><li class=\"wp-block-jdrf-query__item\"><article class=\"card image-date-title-category\" itemscope itemtype=\"https:\/\/schema.org\/Thing\">\n\t\t\t<figure class=\"card__image\">\n\t\t\t<img decoding=\"async\" src=\"https:\/\/www.breakthrought1d.org\/wp-content\/uploads\/2025\/11\/main-logo.png\" alt=\"\">\n\t\t<\/figure>\n\t\n\t\t<div class=\"card__content\">\n\t\t\t\t\t<time class=\"card__date\" aria-label=\"published date\">noviembre 14, 2025<\/time>\n\t\t\n\t\t\n\t\t\t\t\n\t\t\t\t\t\t\t<a href=\"https:\/\/www.wxyz.com\/news\/diabetes-awareness-month-how-breakthrough-t1d-is-working-to-get-people-screened-find-a-cure\" class=\"card__link\" aria-label=\"Diabetes Awareness Month: How Breakthrough T1D is working to get people screened &amp; find a cure\" itemprop=\"url\">\n\t\t\t\n\t\t\t<div class=\"card__title-wrapper\" itemprop=\"name\">\n\t\t\t\t\t\t\t\t\t<span class=\"card__title\">Diabetes Awareness Month: How Breakthrough T1D is working to get people screened &amp; find a cure<\/span>\n\t\t\t\t\t\t\t\t<span class=\"card__title-icon\">\n<svg xmlns=\"http:\/\/www.w3.org\/2000\/svg\" width=\"14\" height=\"9.282\" viewBox=\"0 0 14 9.282\">\n\t<path d=\"m9.923 9.054 3.849-3.849a.812.812 0 0 0 0-1.127L9.923.228a.778.778 0 1 0-1.1 1.1l2.533 2.535H.777a.778.778 0 1 0 0 1.556h10.579L8.82 7.954a.778.778 0 0 0 1.1 1.1Z\" \/>\n<\/svg>\n<\/span>\n\t\t\t<\/div>\n\n\t\t\t\t\t\t\t<\/a>\n\t\t\t\t\t\n\t\t\n\t<\/div>\n\t\n\t\n<\/article>\n<\/li><li class=\"wp-block-jdrf-query__item\"><article class=\"card image-date-title-category\" itemscope itemtype=\"https:\/\/schema.org\/Thing\">\n\t\t\t<figure class=\"card__image\">\n\t\t\t<img decoding=\"async\" src=\"https:\/\/www.breakthrought1d.org\/wp-content\/uploads\/2025\/11\/Screenshot-2025-11-18-at-9.17.12-AM.png\" alt=\"\">\n\t\t<\/figure>\n\t\n\t\t<div class=\"card__content\">\n\t\t\t\t\t<time class=\"card__date\" aria-label=\"published date\">noviembre 14, 2025<\/time>\n\t\t\n\t\t\n\t\t\t\t\n\t\t\t\t\t\t\t<a href=\"https:\/\/creators.yahoo.com\/lifestyle\/story\/breakthrough-t1d-launches-the-state-of-t1d-to-spotlight-the-realities-behind-a-growing-condition-005324778.html?guccounter=1&#038;guce_referrer=aHR0cHM6Ly9zdGF0aWNzLnRlYW1zLmNkbi5vZmZpY2UubmV0Lw&#038;guce_referrer_sig=AQAAAFql0GH0ndI6G53qYUoOAMXjJ9W9JGl1zb2fBaugFmqa6twRJnv8WLUDo_gmlfSw4aXTeWY0eazgHDnb0Lgkfql3w8271u7V0AMnb9DeKwOBcddCvEM6Uv-UuicTKcj8TUCFFsYc-761toZ2HgO61jnsUDCVnbSjWhTzcvP6fs5f\" class=\"card__link\" aria-label=\"Breakthrough T1D Launches \u201cThe State of T1D\u201d to Spotlight the Realities Behind a Growing Condition\" itemprop=\"url\">\n\t\t\t\n\t\t\t<div class=\"card__title-wrapper\" itemprop=\"name\">\n\t\t\t\t\t\t\t\t\t<span class=\"card__title\">Breakthrough T1D Launches \u201cThe State of T1D\u201d to Spotlight the Realities Behind a Growing Condition<\/span>\n\t\t\t\t\t\t\t\t<span class=\"card__title-icon\">\n<svg xmlns=\"http:\/\/www.w3.org\/2000\/svg\" width=\"14\" height=\"9.282\" viewBox=\"0 0 14 9.282\">\n\t<path d=\"m9.923 9.054 3.849-3.849a.812.812 0 0 0 0-1.127L9.923.228a.778.778 0 1 0-1.1 1.1l2.533 2.535H.777a.778.778 0 1 0 0 1.556h10.579L8.82 7.954a.778.778 0 0 0 1.1 1.1Z\" \/>\n<\/svg>\n<\/span>\n\t\t\t<\/div>\n\n\t\t\t\t\t\t\t<\/a>\n\t\t\t\t\t\n\t\t\n\t<\/div>\n\t\n\t\n<\/article>\n<\/li><li class=\"wp-block-jdrf-query__item\"><article class=\"card image-date-title-category\" itemscope itemtype=\"https:\/\/schema.org\/Thing\">\n\t\t\t<figure class=\"card__image\">\n\t\t\t<img decoding=\"async\" src=\"https:\/\/www.breakthrought1d.org\/wp-content\/uploads\/2025\/10\/Slides-for-HIVE4.png-copy.jpg\" alt=\"\">\n\t\t<\/figure>\n\t\n\t\t<div class=\"card__content\">\n\t\t\t\t\t<time class=\"card__date\" aria-label=\"published date\">octubre 14, 2025<\/time>\n\t\t\n\t\t\n\t\t\t\t\n\t\t\t\t\t\t\t<a href=\"https:\/\/www.scientificamerican.com\/article\/a-cure-for-type-1-diabetes-may-be-closer-than-you-think\/\" class=\"card__link\" aria-label=\"A Cure for Type 1 Diabetes Seems Close, Thanks to New Drugs and Tech\" itemprop=\"url\">\n\t\t\t\n\t\t\t<div class=\"card__title-wrapper\" itemprop=\"name\">\n\t\t\t\t\t\t\t\t\t<span class=\"card__title\">A Cure for Type 1 Diabetes Seems Close, Thanks to New Drugs and Tech<\/span>\n\t\t\t\t\t\t\t\t<span class=\"card__title-icon\">\n<svg xmlns=\"http:\/\/www.w3.org\/2000\/svg\" width=\"14\" height=\"9.282\" viewBox=\"0 0 14 9.282\">\n\t<path d=\"m9.923 9.054 3.849-3.849a.812.812 0 0 0 0-1.127L9.923.228a.778.778 0 1 0-1.1 1.1l2.533 2.535H.777a.778.778 0 1 0 0 1.556h10.579L8.82 7.954a.778.778 0 0 0 1.1 1.1Z\" \/>\n<\/svg>\n<\/span>\n\t\t\t<\/div>\n\n\t\t\t\t\t\t\t<\/a>\n\t\t\t\t\t\n\t\t\n\t<\/div>\n\t\n\t\n<\/article>\n<\/li><\/ul><\/div>\n\n\n\n<div class=\"wp-block-buttons is-layout-flex wp-block-buttons-is-layout-flex\" style=\"margin-top:var(--wp--preset--spacing--40)\">\n<div class=\"wp-block-button is-style-secondary\"><a class=\"wp-block-button__link wp-element-button\" href=\"https:\/\/www.breakthrought1d.org\/for-the-media\/coverage\/\">Ver todos<\/a><\/div>\n<\/div>\n<\/div>\n\n\n\n<div class=\"wp-block-group alignfull has-white-color has-navy-background-color has-text-color has-background has-link-color wp-elements-78948af417ad94ca69af88b92e7a60ee is-layout-constrained wp-block-group-is-layout-constrained\">\n<div class=\"wp-block-columns is-layout-flex wp-container-core-columns-is-layout-28f84493 wp-block-columns-is-layout-flex\">\n<div class=\"wp-block-column is-layout-flow wp-block-column-is-layout-flow\" style=\"flex-basis:33.33%\">\n<h2 class=\"wp-block-heading\" id=\"breakthrough-t1d-news-and-updates\">Noticias y actualizaciones sobre la DT1<\/h2>\n<\/div>\n\n\n\n<div class=\"wp-block-column is-layout-flow wp-block-column-is-layout-flow\" style=\"flex-basis:66.66%\">\n<p class=\"is-style-large-body\">Descubre historias de Breakthrough T1D sobre nuestra investigaci\u00f3n, defensa, iniciativas y nuestros colaboradores. <\/p>\n\n\n\n<div class=\"wp-block-buttons is-layout-flex wp-block-buttons-is-layout-flex\">\n<div class=\"wp-block-button is-style-secondary\"><a class=\"wp-block-button__link wp-element-button\" href=\"https:\/\/www.breakthrought1d.org\/es\/noticias-y-actualizaciones\/\">Obtener m\u00e1s informaci\u00f3n<\/a><\/div>\n<\/div>\n<\/div>\n<\/div>\n<\/div>\n","protected":false,"raw":""},"excerpt":{"rendered":"<p>Comun\u00edcate con nuestro equipo de relaciones con los medios de comunicaci\u00f3n Chelsea-Lyn Rudder Todas las solicitudes de medios de comunicaci\u00f3n de EE. UUmedia@BreakthroughT1D.org Todas las solicitudes de medios de comunicaci\u00f3n del Reino Unidopressoffice@breakthrought1d.org.uk Kenia Felton Consultas sobre famosos y embajadores media@BreakthroughT1D.org Comunicados de prensa y declaraciones El avance de la DT1 en los medios de [&hellip;]<\/p>\n","protected":false},"author":1176,"featured_media":0,"parent":0,"menu_order":0,"comment_status":"closed","ping_status":"closed","template":"","meta":{"_acf_changed":false,"ep_exclude_from_search":false,"publish_on_app_meta":"True","iawp_total_views":64,"footnotes":""},"class_list":["post-212388","page","type-page","status-publish","hentry"],"acf":[],"yoast_head":"<!-- This site is optimized with the Yoast SEO plugin v27.3 - https:\/\/yoast.com\/product\/yoast-seo-wordpress\/ -->\n<title>Comunicados de prensa - BreakthroughT1D<\/title>\n<meta name=\"description\" content=\"Los \u00faltimos avances en investigaci\u00f3n y defensa de la diabetes tipo 1. Actualizaciones sobre iniciativas innovadoras, asociaciones y avances de Breakthrough T1D.\" \/>\n<meta name=\"robots\" content=\"index, follow, max-snippet:-1, max-image-preview:large, max-video-preview:-1\" \/>\n<link rel=\"canonical\" href=\"https:\/\/www.breakthrought1d.org\/es\/para-los-medios\/\" \/>\n<meta property=\"og:locale\" content=\"es_ES\" \/>\n<meta property=\"og:type\" content=\"article\" \/>\n<meta property=\"og:title\" content=\"Comunicados de prensa - BreakthroughT1D\" \/>\n<meta property=\"og:description\" content=\"Los \u00faltimos avances en investigaci\u00f3n y defensa de la diabetes tipo 1. Actualizaciones sobre iniciativas innovadoras, asociaciones y avances de Breakthrough T1D.\" \/>\n<meta property=\"og:url\" content=\"https:\/\/www.breakthrought1d.org\/es\/para-los-medios\/\" \/>\n<meta property=\"og:site_name\" content=\"Breakthrough T1D\" \/>\n<meta property=\"article:publisher\" content=\"https:\/\/www.facebook.com\/breakthrought1dHQ\" \/>\n<meta property=\"article:modified_time\" content=\"2026-01-27T21:14:46+00:00\" \/>\n<meta property=\"og:image\" content=\"https:\/\/www.breakthrought1d.org\/wp-content\/uploads\/2024\/06\/BT1D-fallbck-scaled.jpg\" \/>\n\t<meta property=\"og:image:width\" content=\"2560\" \/>\n\t<meta property=\"og:image:height\" content=\"1440\" \/>\n\t<meta property=\"og:image:type\" content=\"image\/jpeg\" \/>\n<meta name=\"twitter:card\" content=\"summary_large_image\" \/>\n<meta name=\"twitter:site\" content=\"@breakthrought1d\" \/>\n<meta name=\"twitter:label1\" content=\"Tiempo de lectura\" \/>\n\t<meta name=\"twitter:data1\" content=\"1 minuto\" \/>\n<script type=\"application\/ld+json\" class=\"yoast-schema-graph\">{\"@context\":\"https:\\\/\\\/schema.org\",\"@graph\":[{\"@type\":\"WebPage\",\"@id\":\"https:\\\/\\\/www.breakthrought1d.org\\\/es\\\/para-los-medios\\\/\",\"url\":\"https:\\\/\\\/www.breakthrought1d.org\\\/es\\\/para-los-medios\\\/\",\"name\":\"Comunicados de prensa - BreakthroughT1D\",\"isPartOf\":{\"@id\":\"https:\\\/\\\/www.breakthrought1d.org\\\/es\\\/#website\"},\"datePublished\":\"2024-05-03T22:25:14+00:00\",\"dateModified\":\"2026-01-27T21:14:46+00:00\",\"description\":\"Los \u00faltimos avances en investigaci\u00f3n y defensa de la diabetes tipo 1. Actualizaciones sobre iniciativas innovadoras, asociaciones y avances de Breakthrough T1D.\",\"breadcrumb\":{\"@id\":\"https:\\\/\\\/www.breakthrought1d.org\\\/es\\\/para-los-medios\\\/#breadcrumb\"},\"inLanguage\":\"es\",\"potentialAction\":[{\"@type\":\"ReadAction\",\"target\":[\"https:\\\/\\\/www.breakthrought1d.org\\\/es\\\/para-los-medios\\\/\"]}]},{\"@type\":\"BreadcrumbList\",\"@id\":\"https:\\\/\\\/www.breakthrought1d.org\\\/es\\\/para-los-medios\\\/#breadcrumb\",\"itemListElement\":[{\"@type\":\"ListItem\",\"position\":1,\"name\":\"Inicio\",\"item\":\"https:\\\/\\\/www.breakthrought1d.org\\\/es\\\/\"},{\"@type\":\"ListItem\",\"position\":2,\"name\":\"Para los medios de comunicaci\u00f3n\"}]},{\"@type\":\"WebSite\",\"@id\":\"https:\\\/\\\/www.breakthrought1d.org\\\/es\\\/#website\",\"url\":\"https:\\\/\\\/www.breakthrought1d.org\\\/es\\\/\",\"name\":\"Breakthrough T1D\",\"description\":\"Improving Lives. Curing Type 1 Diabetes.\",\"publisher\":{\"@id\":\"https:\\\/\\\/www.breakthrought1d.org\\\/es\\\/#organization\"},\"potentialAction\":[{\"@type\":\"SearchAction\",\"target\":{\"@type\":\"EntryPoint\",\"urlTemplate\":\"https:\\\/\\\/www.breakthrought1d.org\\\/es\\\/?s={search_term_string}\"},\"query-input\":{\"@type\":\"PropertyValueSpecification\",\"valueRequired\":true,\"valueName\":\"search_term_string\"}}],\"inLanguage\":\"es\"},{\"@type\":\"Organization\",\"@id\":\"https:\\\/\\\/www.breakthrought1d.org\\\/es\\\/#organization\",\"name\":\"Breakthrough T1D\",\"url\":\"https:\\\/\\\/www.breakthrought1d.org\\\/es\\\/\",\"logo\":{\"@type\":\"ImageObject\",\"inLanguage\":\"es\",\"@id\":\"https:\\\/\\\/www.breakthrought1d.org\\\/es\\\/#\\\/schema\\\/logo\\\/image\\\/\",\"url\":\"https:\\\/\\\/www.breakthrought1d.org\\\/wp-content\\\/uploads\\\/2024\\\/06\\\/BT1D-favi.png\",\"contentUrl\":\"https:\\\/\\\/www.breakthrought1d.org\\\/wp-content\\\/uploads\\\/2024\\\/06\\\/BT1D-favi.png\",\"width\":400,\"height\":400,\"caption\":\"Breakthrough T1D\"},\"image\":{\"@id\":\"https:\\\/\\\/www.breakthrought1d.org\\\/es\\\/#\\\/schema\\\/logo\\\/image\\\/\"},\"sameAs\":[\"https:\\\/\\\/www.facebook.com\\\/breakthrought1dHQ\",\"https:\\\/\\\/x.com\\\/breakthrought1d\",\"https:\\\/\\\/www.youtube.com\\\/@breakthrought1d\",\"https:\\\/\\\/www.instagram.com\\\/breakthrought1d\\\/\",\"https:\\\/\\\/www.tiktok.com\\\/@breakthrought1dhq\"]}]}<\/script>\n<!-- \/ Yoast SEO plugin. -->","yoast_head_json":{"title":"Comunicados de prensa - BreakthroughT1D","description":"Los \u00faltimos avances en investigaci\u00f3n y defensa de la diabetes tipo 1. Actualizaciones sobre iniciativas innovadoras, asociaciones y avances de Breakthrough T1D.","robots":{"index":"index","follow":"follow","max-snippet":"max-snippet:-1","max-image-preview":"max-image-preview:large","max-video-preview":"max-video-preview:-1"},"canonical":"https:\/\/www.breakthrought1d.org\/es\/para-los-medios\/","og_locale":"es_ES","og_type":"article","og_title":"Comunicados de prensa - BreakthroughT1D","og_description":"Los \u00faltimos avances en investigaci\u00f3n y defensa de la diabetes tipo 1. Actualizaciones sobre iniciativas innovadoras, asociaciones y avances de Breakthrough T1D.","og_url":"https:\/\/www.breakthrought1d.org\/es\/para-los-medios\/","og_site_name":"Breakthrough T1D","article_publisher":"https:\/\/www.facebook.com\/breakthrought1dHQ","article_modified_time":"2026-01-27T21:14:46+00:00","og_image":[{"width":2560,"height":1440,"url":"https:\/\/www.breakthrought1d.org\/wp-content\/uploads\/2024\/06\/BT1D-fallbck-scaled.jpg","type":"image\/jpeg"}],"twitter_card":"summary_large_image","twitter_site":"@breakthrought1d","twitter_misc":{"Tiempo de lectura":"1 minuto"},"schema":{"@context":"https:\/\/schema.org","@graph":[{"@type":"WebPage","@id":"https:\/\/www.breakthrought1d.org\/es\/para-los-medios\/","url":"https:\/\/www.breakthrought1d.org\/es\/para-los-medios\/","name":"Comunicados de prensa - BreakthroughT1D","isPartOf":{"@id":"https:\/\/www.breakthrought1d.org\/es\/#website"},"datePublished":"2024-05-03T22:25:14+00:00","dateModified":"2026-01-27T21:14:46+00:00","description":"Los \u00faltimos avances en investigaci\u00f3n y defensa de la diabetes tipo 1. Actualizaciones sobre iniciativas innovadoras, asociaciones y avances de Breakthrough T1D.","breadcrumb":{"@id":"https:\/\/www.breakthrought1d.org\/es\/para-los-medios\/#breadcrumb"},"inLanguage":"es","potentialAction":[{"@type":"ReadAction","target":["https:\/\/www.breakthrought1d.org\/es\/para-los-medios\/"]}]},{"@type":"BreadcrumbList","@id":"https:\/\/www.breakthrought1d.org\/es\/para-los-medios\/#breadcrumb","itemListElement":[{"@type":"ListItem","position":1,"name":"Inicio","item":"https:\/\/www.breakthrought1d.org\/es\/"},{"@type":"ListItem","position":2,"name":"Para los medios de comunicaci\u00f3n"}]},{"@type":"WebSite","@id":"https:\/\/www.breakthrought1d.org\/es\/#website","url":"https:\/\/www.breakthrought1d.org\/es\/","name":"Breakthrough T1D","description":"Improving Lives. Curing Type 1 Diabetes.","publisher":{"@id":"https:\/\/www.breakthrought1d.org\/es\/#organization"},"potentialAction":[{"@type":"SearchAction","target":{"@type":"EntryPoint","urlTemplate":"https:\/\/www.breakthrought1d.org\/es\/?s={search_term_string}"},"query-input":{"@type":"PropertyValueSpecification","valueRequired":true,"valueName":"search_term_string"}}],"inLanguage":"es"},{"@type":"Organization","@id":"https:\/\/www.breakthrought1d.org\/es\/#organization","name":"Breakthrough T1D","url":"https:\/\/www.breakthrought1d.org\/es\/","logo":{"@type":"ImageObject","inLanguage":"es","@id":"https:\/\/www.breakthrought1d.org\/es\/#\/schema\/logo\/image\/","url":"https:\/\/www.breakthrought1d.org\/wp-content\/uploads\/2024\/06\/BT1D-favi.png","contentUrl":"https:\/\/www.breakthrought1d.org\/wp-content\/uploads\/2024\/06\/BT1D-favi.png","width":400,"height":400,"caption":"Breakthrough T1D"},"image":{"@id":"https:\/\/www.breakthrought1d.org\/es\/#\/schema\/logo\/image\/"},"sameAs":["https:\/\/www.facebook.com\/breakthrought1dHQ","https:\/\/x.com\/breakthrought1d","https:\/\/www.youtube.com\/@breakthrought1d","https:\/\/www.instagram.com\/breakthrought1d\/","https:\/\/www.tiktok.com\/@breakthrought1dhq"]}]}},"_links":{"self":[{"href":"https:\/\/www.breakthrought1d.org\/es\/wp-json\/wp\/v2\/pages\/212388","targetHints":{"allow":["GET"]}}],"collection":[{"href":"https:\/\/www.breakthrought1d.org\/es\/wp-json\/wp\/v2\/pages"}],"about":[{"href":"https:\/\/www.breakthrought1d.org\/es\/wp-json\/wp\/v2\/types\/page"}],"author":[{"embeddable":true,"href":"https:\/\/www.breakthrought1d.org\/es\/wp-json\/wp\/v2\/users\/1176"}],"replies":[{"embeddable":true,"href":"https:\/\/www.breakthrought1d.org\/es\/wp-json\/wp\/v2\/comments?post=212388"}],"version-history":[{"count":0,"href":"https:\/\/www.breakthrought1d.org\/es\/wp-json\/wp\/v2\/pages\/212388\/revisions"}],"wp:attachment":[{"href":"https:\/\/www.breakthrought1d.org\/es\/wp-json\/wp\/v2\/media?parent=212388"}],"curies":[{"name":"wp","href":"https:\/\/api.w.org\/{rel}","templated":true}]}}