{"id":213676,"date":"2024-07-01T11:03:49","date_gmt":"2024-07-01T15:03:49","guid":{"rendered":"https:\/\/www.breakthrought1d.org\/recursos-dt1\/guia-de-salud-mental\/encontrar-un-profesional-de-la-salud-mental\/"},"modified":"2025-11-05T15:13:50","modified_gmt":"2025-11-05T20:13:50","slug":"encontrar-un-profesional-de-salud-mental","status":"publish","type":"page","link":"https:\/\/www.breakthrought1d.org\/es\/recursos-dt1\/salud-mental\/encontrar-un-profesional-de-salud-mental\/","title":{"rendered":"Encontrar un profesional de salud mental"},"content":{"rendered":"\n<div class=\"page-header alignfull wp-block-jdfr-page-header\">\n\t<div class=\"page-header__inner-container\">\n\t\t\n<nav id=\"breadcrumbs\" class=\"site-breadcrumbs alignfull\" aria-label=\"Breadcrumbs\">\n\t<ul class=\"site-breadcrumbs__inner\"><li class=\"breadcrumb-item\"><a href=\"https:\/\/www.breakthrought1d.org\/es\/pagina-de-actualizacion-de-test\/\">Inicio<\/a><\/li><li class=\"site-breadcrumbs__separator\"><?xml version=\"1.0\"?>\n<svg xmlns=\"http:\/\/www.w3.org\/2000\/svg\" width=\"9.143\" height=\"16\" fill=\"currentColor\" viewBox=\"0 0 9.143 16\" aria-hidden=\"true\"><path d=\"M9.143,21a1.143,1.143,0,0,1-.808-1.951L14.384,13,8.335,6.951A1.143,1.143,0,0,1,9.951,5.335l6.857,6.857a1.143,1.143,0,0,1,0,1.616L9.951,20.665A1.139,1.139,0,0,1,9.143,21Z\" transform=\"translate(-8 -5)\"\/><\/svg>\n<\/li><li class=\"breadcrumb-item\" aria-current=\"page\" tabindex=\"0\" role=\"text\" aria-label=\"Current-page: \"><\/li><\/ul><\/nav>\n\n\t\t<div class=\"page-header__content\">\n\t\t\t<h1 class=\"page-header__title\">Encontrar un profesional de salud mental<\/h1>\n\t\t\t\t\t<\/div>\n\t<\/div>\n<\/div>\n\n\n\n<div class=\"wp-block-group alignfull has-gradient is-layout-constrained wp-block-group-is-layout-constrained\">\n<div class=\"wp-block-columns is-layout-flex wp-container-core-columns-is-layout-28f84493 wp-block-columns-is-layout-flex has-2-columns\">\n<div class=\"wp-block-column is-layout-flow wp-block-column-is-layout-flow\" style=\"flex-basis:80%\">\n<h2 class=\"wp-block-heading has-h-3-font-size\" id=\"type-1-diabetes-is-complicated-talking-to-a-therapist-or-psychologist-who-understands-the-hour-by-hour-pressure-and-responsibility-of-this-condition-can-make-a-big-difference\">La diabetes tipo 1 es complicada.  <\/h2>\n\n\n\n<h3 class=\"wp-block-heading has-h-5-font-size\" id=\"talking-to-a-therapist-or-psychologist-who-understands-the-pressure-and-responsibility-of-this-condition-can-make-a-big-difference-in-your-mental-health\">Hablar con un terapeuta o psic\u00f3logo que comprenda la presi\u00f3n y la responsabilidad de esta condici\u00f3n puede suponer una gran diferencia en tu salud mental.<\/h3>\n<\/div>\n\n\n\n<div class=\"wp-block-column is-layout-flow wp-block-column-is-layout-flow\" style=\"flex-basis:20%\"><\/div>\n<\/div>\n<\/div>\n\n\n\n<div class=\"wp-block-group alignfull is-layout-constrained wp-block-group-is-layout-constrained\">\n<div class=\"wp-block-columns is-layout-flex wp-container-core-columns-is-layout-28f84493 wp-block-columns-is-layout-flex has-2-columns\">\n<div class=\"wp-block-column is-layout-flow wp-block-column-is-layout-flow\" style=\"flex-basis:33.33%\">\n<h2 class=\"wp-block-heading has-h-3-font-size\" id=\"content-block-a-body-copy-1-section\">Cu\u00e1ndo buscar ayuda de un profesional de la salud mental<\/h2>\n<\/div>\n\n\n\n<div class=\"wp-block-column is-layout-flow wp-block-column-is-layout-flow\" style=\"flex-basis:66.66%\">\n<p class=\"wp-block-paragraph\">Puedes necesitar apoyo adicional si  <\/p>\n\n\n\n<ul class=\"wp-block-list\">\n<li class=\"wp-block-list-item\">Te falta motivaci\u00f3n para comprobar el nivel de glucosa en sangre o administrarte la insulina y parece que tu salud mental se interpone en el control de la diabetes.<\/li>\n\n\n\n<li class=\"wp-block-list-item\">Tienes problemas para desenvolverte en tus relaciones con la familia y los amigos.  <\/li>\n\n\n\n<li class=\"wp-block-list-item\">Puede que evites a tus seres queridos porque no te apetece estar con otras personas.  <\/li>\n\n\n\n<li class=\"wp-block-list-item\">Te olvidas de cosas que son importantes para ti, dejando de lado aficiones o actividades que normalmente no querr\u00edas perderte.  <\/li>\n<\/ul>\n\n\n\n<p class=\"wp-block-paragraph\">Si te sientes as\u00ed, no est\u00e1s solo. Encontrar un profesional de la salud mental puede parecer un gran paso, pero puede suponer una diferencia a\u00fan mayor. Si no est\u00e1s seguro de si \u00e9sta es la opci\u00f3n adecuada para ti, habla con tu equipo m\u00e9dico.<\/p>\n<\/div>\n<\/div>\n<\/div>\n\n\n\n<div class=\"wp-block-group alignfull has-light-gray-background-color has-background is-layout-constrained wp-block-group-is-layout-constrained\">\n<div class=\"wp-block-columns is-layout-flex wp-container-core-columns-is-layout-28f84493 wp-block-columns-is-layout-flex has-2-columns\">\n<div class=\"wp-block-column is-layout-flow wp-block-column-is-layout-flow\" style=\"flex-basis:33.33%\">\n<h2 class=\"wp-block-heading has-h-3-font-size\" id=\"content-block-a-body-copy-1-section\">Encontrar al profesional de salud mental adecuado<\/h2>\n<\/div>\n\n\n\n<div class=\"wp-block-column is-layout-flow wp-block-column-is-layout-flow\" style=\"flex-basis:66.66%\">\n<p class=\"wp-block-paragraph\">Recuerda: Los sentimientos y retos que est\u00e1s experimentando -depresi\u00f3n, ansiedad y todo lo dem\u00e1s- son luchas a las que se enfrenta todo el mundo, tenga o no DT1.<\/p>\n\n\n\n<p class=\"wp-block-paragraph\">Un terapeuta general puede proporcionarte la ayuda que necesitas. Por otra parte, muchas de tus emociones y luchas est\u00e1n \u00edntimamente ligadas a tu DT1. Puede ser m\u00e1s \u00fatil o reconfortante contar con un terapeuta que comprenda las complejidades de la DT1. Puedes empezar pidiendo a tu endocrino una derivaci\u00f3n o recomendaci\u00f3n.<\/p>\n\n\n\n<p class=\"wp-block-paragraph\">La Asociaci\u00f3n Americana de Diabetes tiene un directorio de profesionales de salud mental que se especializan en apoyar a individuos que viven con diabetes. Por favor nota que esta p\u00e1gina solo est\u00e1 en ingl\u00e9s. <\/p>\n\n\n\n<p class=\"wp-block-paragraph\"><a href=\"https:\/\/diabetes.org\/tools-resources\/mental-health-directory\" target=\"_blank\" rel=\"noreferrer noopener\">https:\/\/diabetes.org\/tools-resources\/mental-health-directory<\/a><\/p>\n\n\n\n<p class=\"wp-block-paragraph\">Puedes considerar la posibilidad de comprobar si hay grupos de apoyo en tu hospital o en la consulta de tu m\u00e9dico, o asistir a <a href=\"https:\/\/www.breakthrought1d.org\/t1d-community\/summits-espanol\/\">los Encuentros Comunitarios de Breakthrough T1D<\/a> para obtener apoyo.<\/p>\n\n\n\n<p class=\"wp-block-paragraph\">Buscar ayuda puede ser dif\u00edcil al principio, pero es importante recordar que no est\u00e1s solo.<\/p>\n<\/div>\n<\/div>\n<\/div>\n\n\n\n<div class=\"wp-block-group alignfull is-layout-constrained wp-block-group-is-layout-constrained\">\n<div class=\"wp-block-columns is-layout-flex wp-container-core-columns-is-layout-28f84493 wp-block-columns-is-layout-flex has-2-columns\">\n<div class=\"wp-block-column is-layout-flow wp-block-column-is-layout-flow\" style=\"flex-basis:66.66%\">\n<h2 class=\"wp-block-heading\" id=\"more-mental-health-guidance-1\">M\u00e1s orientaciones sobre salud mental<\/h2>\n<\/div>\n\n\n\n<div class=\"wp-block-column is-layout-flow wp-block-column-is-layout-flow\" style=\"flex-basis:33.33%\"><\/div>\n<\/div>\n\n\n\n<div class=\"wp-block-columns is-layout-flex wp-container-core-columns-is-layout-5f1c768b wp-block-columns-is-layout-flex has-2-columns\" style=\"margin-top:var(--wp--preset--spacing--56)\">\n<div class=\"wp-block-column is-layout-flow wp-block-column-is-layout-flow\">\n<hr class=\"wp-block-separator has-alpha-channel-opacity\"\/>\n\n\n\n<div class=\"wp-block-buttons is-layout-flex wp-block-buttons-is-layout-flex\" style=\"margin-top:var(--wp--preset--spacing--24)\">\n<div class=\"wp-block-button is-style-large-link\"><a class=\"wp-block-button__link wp-element-button\" href=\"https:\/\/www.breakthrought1d.org\/es\/recursos-dt1\/salud-mental\/ansiedad-depresion-angustia-desgaste\/\">Ansiedad, Depresi\u00f3n, Angustia y Desgaste Emocional<\/a><\/div>\n<\/div>\n\n\n\n<p class=\"wp-block-paragraph\">Comprender la diferencia entre estos problemas de salud mental<\/p>\n\n\n\n<hr class=\"wp-block-separator has-alpha-channel-opacity\" style=\"margin-top:var(--wp--preset--spacing--24)\"\/>\n\n\n\n<div class=\"wp-block-buttons is-layout-flex wp-block-buttons-is-layout-flex\" style=\"margin-top:var(--wp--preset--spacing--24)\">\n<div class=\"wp-block-button is-style-large-link\"><a class=\"wp-block-button__link wp-element-button\" href=\"https:\/\/www.breakthrought1d.org\/es\/recursos-dt1\/salud-mental\/perdida-de-sueno-con-dt1\/\">P\u00e9rdida de sue\u00f1o con la DT1<\/a><\/div>\n<\/div>\n\n\n\n<p class=\"wp-block-paragraph\">Act\u00faa para hacer del sue\u00f1o una prioridad<\/p>\n\n\n\n<hr class=\"wp-block-separator has-alpha-channel-opacity\" style=\"margin-top:var(--wp--preset--spacing--24)\"\/>\n<\/div>\n\n\n\n<div class=\"wp-block-column is-layout-flow wp-block-column-is-layout-flow\">\n<hr class=\"wp-block-separator has-alpha-channel-opacity\"\/>\n\n\n\n<div class=\"wp-block-buttons is-layout-flex wp-block-buttons-is-layout-flex\" style=\"margin-top:var(--wp--preset--spacing--24)\">\n<div class=\"wp-block-button is-style-large-link\"><a class=\"wp-block-button__link wp-element-button\" href=\"https:\/\/www.breakthrought1d.org\/es\/recursos-dt1\/salud-mental\/manejo-del-estres-de-la-dt1\/\">Manejo del estr\u00e9s de la DT1<\/a><\/div>\n<\/div>\n\n\n\n<p class=\"wp-block-paragraph\">Aprende a afrontar el peso emocional de la condici\u00f3n<\/p>\n\n\n\n<hr class=\"wp-block-separator has-alpha-channel-opacity\" style=\"margin-top:var(--wp--preset--spacing--24)\"\/>\n<\/div>\n<\/div>\n<\/div>\n\n\n\n<div class=\"wp-block-group alignfull has-white-color has-navy-background-color has-text-color has-background has-link-color wp-elements-460ac5681823bb56471ffc884d689575 is-layout-constrained wp-block-group-is-layout-constrained\">\n<div class=\"wp-block-columns is-layout-flex wp-container-core-columns-is-layout-28f84493 wp-block-columns-is-layout-flex has-2-columns\">\n<div class=\"wp-block-column is-layout-flow wp-block-column-is-layout-flow\" style=\"flex-basis:66.66%\">\n<h2 class=\"wp-block-heading has-h-3-font-size\" id=\"breakthrough-t1d-community-forum\">Foro Comunitario de Breakthrough T1D<\/h2>\n\n\n\n<p class=\"wp-block-paragraph\">Conecta con personas de todo el mundo que viven con DT1 para compartir experiencias y obtener apoyo.<\/p>\n<\/div>\n\n\n\n<div class=\"wp-block-column is-vertically-aligned-center is-layout-flow wp-block-column-is-layout-flow\" style=\"flex-basis:33.33%\">\n<div class=\"wp-block-buttons is-content-justification-right is-layout-flex wp-container-core-buttons-is-layout-d445cf74 wp-block-buttons-is-layout-flex\">\n<div class=\"wp-block-button is-style-secondary\"><a class=\"wp-block-button__link wp-element-button\" href=\"https:\/\/www.breakthrought1d.org\/es\/comunidad-dt1\/foro\/\">Consultar las Conversaciones<\/a><\/div>\n<\/div>\n<\/div>\n<\/div>\n<\/div>\n","protected":false,"raw":""},"excerpt":{"rendered":"<p>La diabetes tipo 1 es complicada. Hablar con un terapeuta o psic\u00f3logo que comprenda la presi\u00f3n y la responsabilidad de esta condici\u00f3n puede suponer una gran diferencia en tu salud mental. Cu\u00e1ndo buscar ayuda de un profesional de la salud mental Puedes necesitar apoyo adicional si Si te sientes as\u00ed, no est\u00e1s solo. Encontrar un [&hellip;]<\/p>\n","protected":false},"author":1100,"featured_media":0,"parent":213642,"menu_order":0,"comment_status":"closed","ping_status":"closed","template":"","meta":{"_acf_changed":false,"ep_exclude_from_search":false,"publish_on_app_meta":"True","iawp_total_views":18,"footnotes":""},"class_list":["post-213676","page","type-page","status-publish","hentry"],"acf":[],"yoast_head":"<!-- This site is optimized with the Yoast SEO plugin v27.3 - https:\/\/yoast.com\/product\/yoast-seo-wordpress\/ -->\n<title>Encontrar un profesional de salud mental - Breakthrough T1D<\/title>\n<meta name=\"description\" content=\"La diabetes tipo 1 es complicada. Encontrar un profesional de salud mental que comprenda la presi\u00f3n de la T1D puede suponer una gran diferencia.\" \/>\n<meta name=\"robots\" content=\"index, follow, max-snippet:-1, max-image-preview:large, max-video-preview:-1\" \/>\n<link rel=\"canonical\" href=\"https:\/\/www.breakthrought1d.org\/es\/recursos-dt1\/salud-mental\/encontrar-un-profesional-de-salud-mental\/\" \/>\n<meta property=\"og:locale\" content=\"es_ES\" \/>\n<meta property=\"og:type\" content=\"article\" \/>\n<meta property=\"og:title\" content=\"Encontrar un profesional de salud mental - Breakthrough T1D\" \/>\n<meta property=\"og:description\" content=\"La diabetes tipo 1 es complicada. Encontrar un profesional de salud mental que comprenda la presi\u00f3n de la T1D puede suponer una gran diferencia.\" \/>\n<meta property=\"og:url\" content=\"https:\/\/www.breakthrought1d.org\/es\/recursos-dt1\/salud-mental\/encontrar-un-profesional-de-salud-mental\/\" \/>\n<meta property=\"og:site_name\" content=\"Breakthrough T1D\" \/>\n<meta property=\"article:publisher\" content=\"https:\/\/www.facebook.com\/breakthrought1dHQ\" \/>\n<meta property=\"article:modified_time\" content=\"2025-11-05T20:13:50+00:00\" \/>\n<meta property=\"og:image\" content=\"https:\/\/www.breakthrought1d.org\/wp-content\/uploads\/2024\/06\/BT1D-fallbck-scaled.jpg\" \/>\n\t<meta property=\"og:image:width\" content=\"2560\" \/>\n\t<meta property=\"og:image:height\" content=\"1440\" \/>\n\t<meta property=\"og:image:type\" content=\"image\/jpeg\" \/>\n<meta name=\"twitter:card\" content=\"summary_large_image\" \/>\n<meta name=\"twitter:site\" content=\"@breakthrought1d\" \/>\n<meta name=\"twitter:label1\" content=\"Tiempo de lectura\" \/>\n\t<meta name=\"twitter:data1\" content=\"2 minutos\" \/>\n<script type=\"application\/ld+json\" class=\"yoast-schema-graph\">{\"@context\":\"https:\\\/\\\/schema.org\",\"@graph\":[{\"@type\":\"WebPage\",\"@id\":\"https:\\\/\\\/www.breakthrought1d.org\\\/es\\\/recursos-dt1\\\/salud-mental\\\/encontrar-un-profesional-de-salud-mental\\\/\",\"url\":\"https:\\\/\\\/www.breakthrought1d.org\\\/es\\\/recursos-dt1\\\/salud-mental\\\/encontrar-un-profesional-de-salud-mental\\\/\",\"name\":\"Encontrar un profesional de salud mental - Breakthrough T1D\",\"isPartOf\":{\"@id\":\"https:\\\/\\\/www.breakthrought1d.org\\\/es\\\/#website\"},\"datePublished\":\"2024-07-01T15:03:49+00:00\",\"dateModified\":\"2025-11-05T20:13:50+00:00\",\"description\":\"La diabetes tipo 1 es complicada. Encontrar un profesional de salud mental que comprenda la presi\u00f3n de la T1D puede suponer una gran diferencia.\",\"breadcrumb\":{\"@id\":\"https:\\\/\\\/www.breakthrought1d.org\\\/es\\\/recursos-dt1\\\/salud-mental\\\/encontrar-un-profesional-de-salud-mental\\\/#breadcrumb\"},\"inLanguage\":\"es\",\"potentialAction\":[{\"@type\":\"ReadAction\",\"target\":[\"https:\\\/\\\/www.breakthrought1d.org\\\/es\\\/recursos-dt1\\\/salud-mental\\\/encontrar-un-profesional-de-salud-mental\\\/\"]}]},{\"@type\":\"BreadcrumbList\",\"@id\":\"https:\\\/\\\/www.breakthrought1d.org\\\/es\\\/recursos-dt1\\\/salud-mental\\\/encontrar-un-profesional-de-salud-mental\\\/#breadcrumb\",\"itemListElement\":[{\"@type\":\"ListItem\",\"position\":1,\"name\":\"Inicio\",\"item\":\"https:\\\/\\\/www.breakthrought1d.org\\\/es\\\/pagina-de-actualizacion-de-test\\\/\"},{\"@type\":\"ListItem\",\"position\":2,\"name\":\"Biblioteca de recursos para la diabetes tipo 1\",\"item\":\"https:\\\/\\\/www.breakthrought1d.org\\\/es\\\/recursos-dt1\\\/\"},{\"@type\":\"ListItem\",\"position\":3,\"name\":\"Salud mental\",\"item\":\"https:\\\/\\\/www.breakthrought1d.org\\\/es\\\/recursos-dt1\\\/salud-mental\\\/\"},{\"@type\":\"ListItem\",\"position\":4,\"name\":\"Encontrar un profesional de salud mental\"}]},{\"@type\":\"WebSite\",\"@id\":\"https:\\\/\\\/www.breakthrought1d.org\\\/es\\\/#website\",\"url\":\"https:\\\/\\\/www.breakthrought1d.org\\\/es\\\/\",\"name\":\"Breakthrough T1D\",\"description\":\"Improving Lives. Curing Type 1 Diabetes.\",\"publisher\":{\"@id\":\"https:\\\/\\\/www.breakthrought1d.org\\\/es\\\/#organization\"},\"potentialAction\":[{\"@type\":\"SearchAction\",\"target\":{\"@type\":\"EntryPoint\",\"urlTemplate\":\"https:\\\/\\\/www.breakthrought1d.org\\\/es\\\/?s={search_term_string}\"},\"query-input\":{\"@type\":\"PropertyValueSpecification\",\"valueRequired\":true,\"valueName\":\"search_term_string\"}}],\"inLanguage\":\"es\"},{\"@type\":\"Organization\",\"@id\":\"https:\\\/\\\/www.breakthrought1d.org\\\/es\\\/#organization\",\"name\":\"Breakthrough T1D\",\"url\":\"https:\\\/\\\/www.breakthrought1d.org\\\/es\\\/\",\"logo\":{\"@type\":\"ImageObject\",\"inLanguage\":\"es\",\"@id\":\"https:\\\/\\\/www.breakthrought1d.org\\\/es\\\/#\\\/schema\\\/logo\\\/image\\\/\",\"url\":\"https:\\\/\\\/www.breakthrought1d.org\\\/wp-content\\\/uploads\\\/2024\\\/06\\\/BT1D-favi.png\",\"contentUrl\":\"https:\\\/\\\/www.breakthrought1d.org\\\/wp-content\\\/uploads\\\/2024\\\/06\\\/BT1D-favi.png\",\"width\":400,\"height\":400,\"caption\":\"Breakthrough T1D\"},\"image\":{\"@id\":\"https:\\\/\\\/www.breakthrought1d.org\\\/es\\\/#\\\/schema\\\/logo\\\/image\\\/\"},\"sameAs\":[\"https:\\\/\\\/www.facebook.com\\\/breakthrought1dHQ\",\"https:\\\/\\\/x.com\\\/breakthrought1d\",\"https:\\\/\\\/www.youtube.com\\\/@breakthrought1d\",\"https:\\\/\\\/www.instagram.com\\\/breakthrought1d\\\/\",\"https:\\\/\\\/www.tiktok.com\\\/@breakthrought1dhq\"]}]}<\/script>\n<!-- \/ Yoast SEO plugin. -->","yoast_head_json":{"title":"Encontrar un profesional de salud mental - Breakthrough T1D","description":"La diabetes tipo 1 es complicada. Encontrar un profesional de salud mental que comprenda la presi\u00f3n de la T1D puede suponer una gran diferencia.","robots":{"index":"index","follow":"follow","max-snippet":"max-snippet:-1","max-image-preview":"max-image-preview:large","max-video-preview":"max-video-preview:-1"},"canonical":"https:\/\/www.breakthrought1d.org\/es\/recursos-dt1\/salud-mental\/encontrar-un-profesional-de-salud-mental\/","og_locale":"es_ES","og_type":"article","og_title":"Encontrar un profesional de salud mental - Breakthrough T1D","og_description":"La diabetes tipo 1 es complicada. Encontrar un profesional de salud mental que comprenda la presi\u00f3n de la T1D puede suponer una gran diferencia.","og_url":"https:\/\/www.breakthrought1d.org\/es\/recursos-dt1\/salud-mental\/encontrar-un-profesional-de-salud-mental\/","og_site_name":"Breakthrough T1D","article_publisher":"https:\/\/www.facebook.com\/breakthrought1dHQ","article_modified_time":"2025-11-05T20:13:50+00:00","og_image":[{"width":2560,"height":1440,"url":"https:\/\/www.breakthrought1d.org\/wp-content\/uploads\/2024\/06\/BT1D-fallbck-scaled.jpg","type":"image\/jpeg"}],"twitter_card":"summary_large_image","twitter_site":"@breakthrought1d","twitter_misc":{"Tiempo de lectura":"2 minutos"},"schema":{"@context":"https:\/\/schema.org","@graph":[{"@type":"WebPage","@id":"https:\/\/www.breakthrought1d.org\/es\/recursos-dt1\/salud-mental\/encontrar-un-profesional-de-salud-mental\/","url":"https:\/\/www.breakthrought1d.org\/es\/recursos-dt1\/salud-mental\/encontrar-un-profesional-de-salud-mental\/","name":"Encontrar un profesional de salud mental - Breakthrough T1D","isPartOf":{"@id":"https:\/\/www.breakthrought1d.org\/es\/#website"},"datePublished":"2024-07-01T15:03:49+00:00","dateModified":"2025-11-05T20:13:50+00:00","description":"La diabetes tipo 1 es complicada. Encontrar un profesional de salud mental que comprenda la presi\u00f3n de la T1D puede suponer una gran diferencia.","breadcrumb":{"@id":"https:\/\/www.breakthrought1d.org\/es\/recursos-dt1\/salud-mental\/encontrar-un-profesional-de-salud-mental\/#breadcrumb"},"inLanguage":"es","potentialAction":[{"@type":"ReadAction","target":["https:\/\/www.breakthrought1d.org\/es\/recursos-dt1\/salud-mental\/encontrar-un-profesional-de-salud-mental\/"]}]},{"@type":"BreadcrumbList","@id":"https:\/\/www.breakthrought1d.org\/es\/recursos-dt1\/salud-mental\/encontrar-un-profesional-de-salud-mental\/#breadcrumb","itemListElement":[{"@type":"ListItem","position":1,"name":"Inicio","item":"https:\/\/www.breakthrought1d.org\/es\/pagina-de-actualizacion-de-test\/"},{"@type":"ListItem","position":2,"name":"Biblioteca de recursos para la diabetes tipo 1","item":"https:\/\/www.breakthrought1d.org\/es\/recursos-dt1\/"},{"@type":"ListItem","position":3,"name":"Salud mental","item":"https:\/\/www.breakthrought1d.org\/es\/recursos-dt1\/salud-mental\/"},{"@type":"ListItem","position":4,"name":"Encontrar un profesional de salud mental"}]},{"@type":"WebSite","@id":"https:\/\/www.breakthrought1d.org\/es\/#website","url":"https:\/\/www.breakthrought1d.org\/es\/","name":"Breakthrough T1D","description":"Improving Lives. Curing Type 1 Diabetes.","publisher":{"@id":"https:\/\/www.breakthrought1d.org\/es\/#organization"},"potentialAction":[{"@type":"SearchAction","target":{"@type":"EntryPoint","urlTemplate":"https:\/\/www.breakthrought1d.org\/es\/?s={search_term_string}"},"query-input":{"@type":"PropertyValueSpecification","valueRequired":true,"valueName":"search_term_string"}}],"inLanguage":"es"},{"@type":"Organization","@id":"https:\/\/www.breakthrought1d.org\/es\/#organization","name":"Breakthrough T1D","url":"https:\/\/www.breakthrought1d.org\/es\/","logo":{"@type":"ImageObject","inLanguage":"es","@id":"https:\/\/www.breakthrought1d.org\/es\/#\/schema\/logo\/image\/","url":"https:\/\/www.breakthrought1d.org\/wp-content\/uploads\/2024\/06\/BT1D-favi.png","contentUrl":"https:\/\/www.breakthrought1d.org\/wp-content\/uploads\/2024\/06\/BT1D-favi.png","width":400,"height":400,"caption":"Breakthrough T1D"},"image":{"@id":"https:\/\/www.breakthrought1d.org\/es\/#\/schema\/logo\/image\/"},"sameAs":["https:\/\/www.facebook.com\/breakthrought1dHQ","https:\/\/x.com\/breakthrought1d","https:\/\/www.youtube.com\/@breakthrought1d","https:\/\/www.instagram.com\/breakthrought1d\/","https:\/\/www.tiktok.com\/@breakthrought1dhq"]}]}},"_links":{"self":[{"href":"https:\/\/www.breakthrought1d.org\/es\/wp-json\/wp\/v2\/pages\/213676","targetHints":{"allow":["GET"]}}],"collection":[{"href":"https:\/\/www.breakthrought1d.org\/es\/wp-json\/wp\/v2\/pages"}],"about":[{"href":"https:\/\/www.breakthrought1d.org\/es\/wp-json\/wp\/v2\/types\/page"}],"author":[{"embeddable":true,"href":"https:\/\/www.breakthrought1d.org\/es\/wp-json\/wp\/v2\/users\/1100"}],"replies":[{"embeddable":true,"href":"https:\/\/www.breakthrought1d.org\/es\/wp-json\/wp\/v2\/comments?post=213676"}],"version-history":[{"count":0,"href":"https:\/\/www.breakthrought1d.org\/es\/wp-json\/wp\/v2\/pages\/213676\/revisions"}],"up":[{"embeddable":true,"href":"https:\/\/www.breakthrought1d.org\/es\/wp-json\/wp\/v2\/pages\/213642"}],"wp:attachment":[{"href":"https:\/\/www.breakthrought1d.org\/es\/wp-json\/wp\/v2\/media?parent=213676"}],"curies":[{"name":"wp","href":"https:\/\/api.w.org\/{rel}","templated":true}]}}