{"id":213685,"date":"2024-07-01T10:55:16","date_gmt":"2024-07-01T14:55:16","guid":{"rendered":"https:\/\/www.breakthrought1d.org\/recursos-dt1\/school-guide-es\/volver-a-la-escuela-despues-del-diagnostico\/"},"modified":"2025-04-30T14:59:09","modified_gmt":"2025-04-30T18:59:09","slug":"regreso-a-la-escuela-despues-del-diagnostico","status":"publish","type":"page","link":"https:\/\/www.breakthrought1d.org\/es\/recursos-dt1\/escuela\/regreso-a-la-escuela-despues-del-diagnostico\/","title":{"rendered":"Volver a la escuela despu\u00e9s del diagn\u00f3stico"},"content":{"rendered":"\n<div class=\"page-header alignfull wp-block-jdfr-page-header\">\n\t<div class=\"page-header__inner-container\">\n\t\t\n<nav id=\"breadcrumbs\" class=\"site-breadcrumbs alignfull\" aria-label=\"Breadcrumbs\">\n\t<ul class=\"site-breadcrumbs__inner\"><li class=\"breadcrumb-item\"><a href=\"https:\/\/www.breakthrought1d.org\/es\/\">Inicio<\/a><\/li><li class=\"site-breadcrumbs__separator\"><?xml version=\"1.0\"?>\n<svg xmlns=\"http:\/\/www.w3.org\/2000\/svg\" width=\"9.143\" height=\"16\" fill=\"currentColor\" viewBox=\"0 0 9.143 16\" aria-hidden=\"true\"><path d=\"M9.143,21a1.143,1.143,0,0,1-.808-1.951L14.384,13,8.335,6.951A1.143,1.143,0,0,1,9.951,5.335l6.857,6.857a1.143,1.143,0,0,1,0,1.616L9.951,20.665A1.139,1.139,0,0,1,9.143,21Z\" transform=\"translate(-8 -5)\"\/><\/svg>\n<\/li><li class=\"breadcrumb-item\" aria-current=\"page\" tabindex=\"0\" role=\"text\" aria-label=\"Current-page: \"><\/li><\/ul><\/nav>\n\n\t\t<div class=\"page-header__content\">\n\t\t\t<h1 class=\"page-header__title\">Volver a la escuela tras un diagn\u00f3stico de diabetes tipo 1<\/h1>\n\t\t\t\t\t<\/div>\n\t<\/div>\n<\/div>\n\n\n\n<div class=\"wp-block-group alignfull has-gradient is-layout-constrained wp-block-group-is-layout-constrained\">\n<div class=\"wp-block-columns is-layout-flex wp-container-core-columns-is-layout-28f84493 wp-block-columns-is-layout-flex has-2-columns\">\n<div class=\"wp-block-column is-layout-flow wp-block-column-is-layout-flow\" style=\"flex-basis:80%\">\n<h2 class=\"wp-block-heading has-h-3-font-size\" id=\"sending-your-child-back-to-school-after-their-type-1-diabetes-t1d-diagnosis-can-feel-daunting-with-the-right-tools-and-support-your-child-can-return-to-the-classroom-with-confidence\">Enviar a tu hijo de vuelta a la escuela tras el diagn\u00f3stico de diabetes tipo 1 (DT1) puede resultar desalentador. Con las herramientas y el apoyo adecuados, tu hijo puede volver a clase con confianza.<\/h2>\n<\/div>\n\n\n\n<div class=\"wp-block-column is-layout-flow wp-block-column-is-layout-flow\" style=\"flex-basis:20%\"><\/div>\n<\/div>\n<\/div>\n\n\n\n<div class=\"wp-block-group alignfull has-light-gray-background-color has-background is-layout-constrained wp-block-group-is-layout-constrained\">\n<div class=\"wp-block-columns is-layout-flex wp-container-core-columns-is-layout-28f84493 wp-block-columns-is-layout-flex has-2-columns\">\n<div class=\"wp-block-column is-layout-flow wp-block-column-is-layout-flow\" style=\"flex-basis:33.33%\">\n<h3 class=\"wp-block-heading\" id=\"contact-the-school-before-your-child-returns\">Ponte en contacto con la escuela antes de que vuelva tu hijo<\/h3>\n<\/div>\n\n\n\n<div class=\"wp-block-column is-layout-flow wp-block-column-is-layout-flow\" style=\"flex-basis:66.66%\">\n<p class=\"wp-block-paragraph\">Lo ideal es que te pongas en contacto con la escuela antes de que tu hijo vuelva a casa del hospital tras el diagn\u00f3stico. Habla con el director, los maestros y los entrenadores de tu hijo exponiendo tus temores, preocupaciones y esperanzas para \u00e9l en general y mientras est\u00e9 en la escuela. Esto ayudar\u00e1 y proporcionar\u00e1 a la escuela una idea m\u00e1s profunda de lo que les pasa a ti y a tu hijo.<\/p>\n<\/div>\n<\/div>\n<\/div>\n\n\n\n<div class=\"wp-block-group alignfull has-white-background-color has-background is-layout-constrained wp-block-group-is-layout-constrained\">\n<div class=\"wp-block-columns is-layout-flex wp-container-core-columns-is-layout-28f84493 wp-block-columns-is-layout-flex has-2-columns\">\n<div class=\"wp-block-column is-layout-flow wp-block-column-is-layout-flow\" style=\"flex-basis:33.33%\">\n<h3 class=\"wp-block-heading\" id=\"content-block-a-body-copy-1-section\">Organiza una reuni\u00f3n con el personal de la escuela<\/h3>\n<\/div>\n\n\n\n<div class=\"wp-block-column is-layout-flow wp-block-column-is-layout-flow\" style=\"flex-basis:66.66%\">\n<p class=\"wp-block-paragraph\">Intenta organizar una reuni\u00f3n general para el personal de la escuela en la que t\u00fa y alguien de tu equipo de salud hagan una breve presentaci\u00f3n sobre la DT1 en ni\u00f1os en edad escolar. Debe ser un repaso breve y b\u00e1sico de lo esencial de lo que es la DT1 y de c\u00f3mo se trata en general. El final debe centrarse en esbozar el plan espec\u00edfico de tu hijo. Asegura al personal de la escuela que quieres crear una alianza entre el equipo de atenci\u00f3n de la diabetes del ni\u00f1o y su equipo escolar.<\/p>\n<\/div>\n<\/div>\n<\/div>\n\n\n\n<div class=\"wp-block-group alignfull has-light-gray-background-color has-background is-layout-constrained wp-block-group-is-layout-constrained\">\n<div class=\"wp-block-columns is-layout-flex wp-container-core-columns-is-layout-28f84493 wp-block-columns-is-layout-flex has-2-columns\">\n<div class=\"wp-block-column is-layout-flow wp-block-column-is-layout-flow\" style=\"flex-basis:33.33%\">\n<h3 class=\"wp-block-heading\" id=\"content-block-a-body-copy-1-section\">Prepara un kit de suministros para DT1<\/h3>\n<\/div>\n\n\n\n<div class=\"wp-block-column is-layout-flow wp-block-column-is-layout-flow\" style=\"flex-basis:66.66%\">\n<p class=\"wp-block-paragraph\">Antes de enviar a tu hijo (de vuelta) a la escuela, aseg\u00farate de haber preparado un kit de suministros para la DT1 que permanezca en la oficina de la enfermera o del administrador del colegio. Como m\u00ednimo, el kit debe incluir:<\/p>\n\n\n\n<ul class=\"wp-block-list\">\n<li class=\"wp-block-list-item\">Insulina extra, para unos 2-3 d\u00edas en caso de emergencias como huracanes, terremotos, etc.<\/li>\n\n\n\n<li class=\"wp-block-list-item\">Agujas, jeringuillas o equipos de infusi\u00f3n de bomba de insulina adicionales.<\/li>\n\n\n\n<li class=\"wp-block-list-item\">Tratamientos contra la hipoglucemia.<\/li>\n\n\n\n<li class=\"wp-block-list-item\">Bocadillos, si el plan de manejo de tu hijo los requiere, como galletas saladas, barritas energ\u00e9ticas, etc.<\/li>\n\n\n\n<li class=\"wp-block-list-item\">Una forma de glucag\u00f3n, cuyo uso debe revisarse con el personal escolar.<\/li>\n\n\n\n<li class=\"wp-block-list-item\">Un breve resumen del r\u00e9gimen de insulina y del plan de comidas de tu hijo.<\/li>\n\n\n\n<li class=\"wp-block-list-item\">Cualquier otra cosa que se te ocurra que sea importante para que otra persona cuide de tu hijo.<\/li>\n<\/ul>\n\n\n\n<p class=\"wp-block-paragraph\">Reponer el kit de vez en cuando te da a ti, como padre\/madre, la oportunidad de pasar tiempo cara a cara con el personal de la escuela, comprobando con ellos c\u00f3mo van las cosas.<\/p>\n<\/div>\n<\/div>\n<\/div>\n\n\n\n<div class=\"wp-block-group alignfull has-white-background-color has-background is-layout-constrained wp-block-group-is-layout-constrained\">\n<div class=\"wp-block-columns is-layout-flex wp-container-core-columns-is-layout-28f84493 wp-block-columns-is-layout-flex has-2-columns\">\n<div class=\"wp-block-column is-layout-flow wp-block-column-is-layout-flow\" style=\"flex-basis:66.66%\">\n<h2 class=\"wp-block-heading\" id=\"more-school-resources\">M\u00e1s recursos escolares<\/h2>\n<\/div>\n\n\n\n<div class=\"wp-block-column is-layout-flow wp-block-column-is-layout-flow\" style=\"flex-basis:33.33%\"><\/div>\n<\/div>\n\n\n\n<div class=\"wp-block-columns is-layout-flex wp-container-core-columns-is-layout-5f1c768b wp-block-columns-is-layout-flex has-2-columns\" style=\"margin-top:var(--wp--preset--spacing--56)\">\n<div class=\"wp-block-column is-layout-flow wp-block-column-is-layout-flow\">\n<hr class=\"wp-block-separator has-alpha-channel-opacity\" \/>\n\n\n\n<div class=\"wp-block-buttons is-layout-flex wp-block-buttons-is-layout-flex\" style=\"margin-top:var(--wp--preset--spacing--24)\">\n<div class=\"wp-block-button is-style-large-link\"><a class=\"wp-block-button__link wp-element-button\" href=\"https:\/\/www.breakthrought1d.org\/wp-content\/uploads\/2024\/07\/Back-to-School-T1D-Checklist.pdf\">Lista de control para la vuelta a la escuela<\/a><\/div>\n<\/div>\n\n\n\n<p class=\"wp-block-paragraph\">Los materiales que tu hijo necesita en la escuela, la informaci\u00f3n que deben conocer los maestros y las enfermeras, y los planes que hay que tener preparados.<\/p>\n\n\n\n<hr class=\"wp-block-separator has-alpha-channel-opacity\" style=\"margin-top:var(--wp--preset--spacing--24)\" \/>\n\n\n\n<div class=\"wp-block-buttons is-layout-flex wp-block-buttons-is-layout-flex\" style=\"margin-top:var(--wp--preset--spacing--24)\">\n<div class=\"wp-block-button is-style-large-link\"><a class=\"wp-block-button__link wp-element-button\" href=\"https:\/\/www.breakthrought1d.org\/es\/recursos-dt1\/escuela\/plan-504\/\">Los planes 504 y los derechos de tu hijo en la escuela<\/a><\/div>\n<\/div>\n\n\n\n<p class=\"wp-block-paragraph\">Un Plan 504 es un documento legal escrito en el que se especifican las modificaciones y adaptaciones razonables que la escuela debe proporcionar a un alumno discapacitado. Los ni\u00f1os con DT1 est\u00e1n protegidos por esta ley.<\/p>\n<\/div>\n\n\n\n<div class=\"wp-block-column is-layout-flow wp-block-column-is-layout-flow\">\n<hr class=\"wp-block-separator has-alpha-channel-opacity\" \/>\n\n\n\n<div class=\"wp-block-buttons is-layout-flex wp-block-buttons-is-layout-flex\" style=\"margin-top:var(--wp--preset--spacing--24)\">\n<div class=\"wp-block-button is-style-large-link\"><a class=\"wp-block-button__link has-text-align-left wp-element-button\" href=\"https:\/\/www.breakthrought1d.org\/wp-content\/uploads\/2024\/07\/Lo-que-debes-saber-sobre-la-hiperglucemia.pdf\">Lo que debes saber sobre la hiperglucemia (Nivel alto de glucosa en sangre)<\/a><\/div>\n<\/div>\n\n\n\n<p class=\"wp-block-paragraph\">Una gu\u00eda imprimible \u00fatil sobre las se\u00f1ales y las causas de la hiperglucemia y c\u00f3mo tratarla.<\/p>\n\n\n\n<hr class=\"wp-block-separator has-alpha-channel-opacity\" style=\"margin-top:var(--wp--preset--spacing--24)\" \/>\n\n\n\n<div class=\"wp-block-buttons is-layout-flex wp-block-buttons-is-layout-flex\" style=\"margin-top:var(--wp--preset--spacing--24)\">\n<div class=\"wp-block-button is-style-large-link\"><a class=\"wp-block-button__link has-text-align-left wp-element-button\" href=\"https:\/\/www.breakthrought1d.org\/wp-content\/uploads\/2024\/07\/Lo-que-debes-saber-sobre-la-hipoglucemia.pdf\">Lo que debes saber sobre la hipoglucemia (nivel bajo de glucosa en sangre)<\/a><\/div>\n<\/div>\n\n\n\n<p class=\"wp-block-paragraph\">Una gu\u00eda imprimible \u00fatil sobre las se\u00f1ales y las causas de los niveles bajos de glucosa en sangre y c\u00f3mo tratarlos.<\/p>\n<\/div>\n<\/div>\n<\/div>\n","protected":false,"raw":""},"excerpt":{"rendered":"<p>Enviar a tu hijo de vuelta a la escuela tras el diagn\u00f3stico de diabetes tipo 1 (DT1) puede resultar desalentador. Con las herramientas y el apoyo adecuados, tu hijo puede volver a clase con confianza. Ponte en contacto con la escuela antes de que vuelva tu hijo Lo ideal es que te pongas en contacto [&hellip;]<\/p>\n","protected":false},"author":1100,"featured_media":0,"parent":213683,"menu_order":0,"comment_status":"closed","ping_status":"closed","template":"","meta":{"_acf_changed":false,"ep_exclude_from_search":false,"publish_on_app_meta":"True","iawp_total_views":53,"footnotes":""},"class_list":["post-213685","page","type-page","status-publish","hentry"],"acf":[],"yoast_head":"<!-- This site is optimized with the Yoast SEO plugin v27.3 - https:\/\/yoast.com\/product\/yoast-seo-wordpress\/ -->\n<title>Volver a la escuela despu\u00e9s del diagn\u00f3stico - Breakthrough T1D<\/title>\n<meta name=\"description\" content=\"Con las herramientas y el apoyo adecuados, tu hijo puede volver a clase con confianza tras un diagn\u00f3stico de diabetes tipo 1.\" \/>\n<meta name=\"robots\" content=\"index, follow, max-snippet:-1, max-image-preview:large, max-video-preview:-1\" \/>\n<link rel=\"canonical\" href=\"https:\/\/www.breakthrought1d.org\/es\/recursos-dt1\/escuela\/regreso-a-la-escuela-despues-del-diagnostico\/\" \/>\n<meta property=\"og:locale\" content=\"es_ES\" \/>\n<meta property=\"og:type\" content=\"article\" \/>\n<meta property=\"og:title\" content=\"Volver a la escuela despu\u00e9s del diagn\u00f3stico - Breakthrough T1D\" \/>\n<meta property=\"og:description\" content=\"Con las herramientas y el apoyo adecuados, tu hijo puede volver a clase con confianza tras un diagn\u00f3stico de diabetes tipo 1.\" \/>\n<meta property=\"og:url\" content=\"https:\/\/www.breakthrought1d.org\/es\/recursos-dt1\/escuela\/regreso-a-la-escuela-despues-del-diagnostico\/\" \/>\n<meta property=\"og:site_name\" content=\"Breakthrough T1D\" \/>\n<meta property=\"article:publisher\" content=\"https:\/\/www.facebook.com\/breakthrought1dHQ\" \/>\n<meta property=\"article:modified_time\" content=\"2025-04-30T18:59:09+00:00\" \/>\n<meta property=\"og:image\" content=\"https:\/\/www.breakthrought1d.org\/wp-content\/uploads\/2024\/06\/BT1D-fallbck-scaled.jpg\" \/>\n\t<meta property=\"og:image:width\" content=\"2560\" \/>\n\t<meta property=\"og:image:height\" content=\"1440\" \/>\n\t<meta property=\"og:image:type\" content=\"image\/jpeg\" \/>\n<meta name=\"twitter:card\" content=\"summary_large_image\" \/>\n<meta name=\"twitter:site\" content=\"@breakthrought1d\" \/>\n<meta name=\"twitter:label1\" content=\"Tiempo de lectura\" \/>\n\t<meta name=\"twitter:data1\" content=\"3 minutos\" \/>\n<script type=\"application\/ld+json\" class=\"yoast-schema-graph\">{\"@context\":\"https:\\\/\\\/schema.org\",\"@graph\":[{\"@type\":\"WebPage\",\"@id\":\"https:\\\/\\\/www.breakthrought1d.org\\\/es\\\/recursos-dt1\\\/escuela\\\/regreso-a-la-escuela-despues-del-diagnostico\\\/\",\"url\":\"https:\\\/\\\/www.breakthrought1d.org\\\/es\\\/recursos-dt1\\\/escuela\\\/regreso-a-la-escuela-despues-del-diagnostico\\\/\",\"name\":\"Volver a la escuela despu\u00e9s del diagn\u00f3stico - Breakthrough T1D\",\"isPartOf\":{\"@id\":\"https:\\\/\\\/www.breakthrought1d.org\\\/es\\\/#website\"},\"datePublished\":\"2024-07-01T14:55:16+00:00\",\"dateModified\":\"2025-04-30T18:59:09+00:00\",\"description\":\"Con las herramientas y el apoyo adecuados, tu hijo puede volver a clase con confianza tras un diagn\u00f3stico de diabetes tipo 1.\",\"breadcrumb\":{\"@id\":\"https:\\\/\\\/www.breakthrought1d.org\\\/es\\\/recursos-dt1\\\/escuela\\\/regreso-a-la-escuela-despues-del-diagnostico\\\/#breadcrumb\"},\"inLanguage\":\"es\",\"potentialAction\":[{\"@type\":\"ReadAction\",\"target\":[\"https:\\\/\\\/www.breakthrought1d.org\\\/es\\\/recursos-dt1\\\/escuela\\\/regreso-a-la-escuela-despues-del-diagnostico\\\/\"]}]},{\"@type\":\"BreadcrumbList\",\"@id\":\"https:\\\/\\\/www.breakthrought1d.org\\\/es\\\/recursos-dt1\\\/escuela\\\/regreso-a-la-escuela-despues-del-diagnostico\\\/#breadcrumb\",\"itemListElement\":[{\"@type\":\"ListItem\",\"position\":1,\"name\":\"Inicio\",\"item\":\"https:\\\/\\\/www.breakthrought1d.org\\\/es\\\/\"},{\"@type\":\"ListItem\",\"position\":2,\"name\":\"Biblioteca de recursos para la diabetes tipo 1\",\"item\":\"https:\\\/\\\/www.breakthrought1d.org\\\/es\\\/recursos-dt1\\\/\"},{\"@type\":\"ListItem\",\"position\":3,\"name\":\"Gu\u00eda Escolar\",\"item\":\"https:\\\/\\\/www.breakthrought1d.org\\\/es\\\/recursos-dt1\\\/escuela\\\/\"},{\"@type\":\"ListItem\",\"position\":4,\"name\":\"Volver a la escuela despu\u00e9s del diagn\u00f3stico\"}]},{\"@type\":\"WebSite\",\"@id\":\"https:\\\/\\\/www.breakthrought1d.org\\\/es\\\/#website\",\"url\":\"https:\\\/\\\/www.breakthrought1d.org\\\/es\\\/\",\"name\":\"Breakthrough T1D\",\"description\":\"Improving Lives. Curing Type 1 Diabetes.\",\"publisher\":{\"@id\":\"https:\\\/\\\/www.breakthrought1d.org\\\/es\\\/#organization\"},\"potentialAction\":[{\"@type\":\"SearchAction\",\"target\":{\"@type\":\"EntryPoint\",\"urlTemplate\":\"https:\\\/\\\/www.breakthrought1d.org\\\/es\\\/?s={search_term_string}\"},\"query-input\":{\"@type\":\"PropertyValueSpecification\",\"valueRequired\":true,\"valueName\":\"search_term_string\"}}],\"inLanguage\":\"es\"},{\"@type\":\"Organization\",\"@id\":\"https:\\\/\\\/www.breakthrought1d.org\\\/es\\\/#organization\",\"name\":\"Breakthrough T1D\",\"url\":\"https:\\\/\\\/www.breakthrought1d.org\\\/es\\\/\",\"logo\":{\"@type\":\"ImageObject\",\"inLanguage\":\"es\",\"@id\":\"https:\\\/\\\/www.breakthrought1d.org\\\/es\\\/#\\\/schema\\\/logo\\\/image\\\/\",\"url\":\"https:\\\/\\\/www.breakthrought1d.org\\\/wp-content\\\/uploads\\\/2024\\\/06\\\/BT1D-favi.png\",\"contentUrl\":\"https:\\\/\\\/www.breakthrought1d.org\\\/wp-content\\\/uploads\\\/2024\\\/06\\\/BT1D-favi.png\",\"width\":400,\"height\":400,\"caption\":\"Breakthrough T1D\"},\"image\":{\"@id\":\"https:\\\/\\\/www.breakthrought1d.org\\\/es\\\/#\\\/schema\\\/logo\\\/image\\\/\"},\"sameAs\":[\"https:\\\/\\\/www.facebook.com\\\/breakthrought1dHQ\",\"https:\\\/\\\/x.com\\\/breakthrought1d\",\"https:\\\/\\\/www.youtube.com\\\/@breakthrought1d\",\"https:\\\/\\\/www.instagram.com\\\/breakthrought1d\\\/\",\"https:\\\/\\\/www.tiktok.com\\\/@breakthrought1dhq\"]}]}<\/script>\n<!-- \/ Yoast SEO plugin. -->","yoast_head_json":{"title":"Volver a la escuela despu\u00e9s del diagn\u00f3stico - Breakthrough T1D","description":"Con las herramientas y el apoyo adecuados, tu hijo puede volver a clase con confianza tras un diagn\u00f3stico de diabetes tipo 1.","robots":{"index":"index","follow":"follow","max-snippet":"max-snippet:-1","max-image-preview":"max-image-preview:large","max-video-preview":"max-video-preview:-1"},"canonical":"https:\/\/www.breakthrought1d.org\/es\/recursos-dt1\/escuela\/regreso-a-la-escuela-despues-del-diagnostico\/","og_locale":"es_ES","og_type":"article","og_title":"Volver a la escuela despu\u00e9s del diagn\u00f3stico - Breakthrough T1D","og_description":"Con las herramientas y el apoyo adecuados, tu hijo puede volver a clase con confianza tras un diagn\u00f3stico de diabetes tipo 1.","og_url":"https:\/\/www.breakthrought1d.org\/es\/recursos-dt1\/escuela\/regreso-a-la-escuela-despues-del-diagnostico\/","og_site_name":"Breakthrough T1D","article_publisher":"https:\/\/www.facebook.com\/breakthrought1dHQ","article_modified_time":"2025-04-30T18:59:09+00:00","og_image":[{"width":2560,"height":1440,"url":"https:\/\/www.breakthrought1d.org\/wp-content\/uploads\/2024\/06\/BT1D-fallbck-scaled.jpg","type":"image\/jpeg"}],"twitter_card":"summary_large_image","twitter_site":"@breakthrought1d","twitter_misc":{"Tiempo de lectura":"3 minutos"},"schema":{"@context":"https:\/\/schema.org","@graph":[{"@type":"WebPage","@id":"https:\/\/www.breakthrought1d.org\/es\/recursos-dt1\/escuela\/regreso-a-la-escuela-despues-del-diagnostico\/","url":"https:\/\/www.breakthrought1d.org\/es\/recursos-dt1\/escuela\/regreso-a-la-escuela-despues-del-diagnostico\/","name":"Volver a la escuela despu\u00e9s del diagn\u00f3stico - Breakthrough T1D","isPartOf":{"@id":"https:\/\/www.breakthrought1d.org\/es\/#website"},"datePublished":"2024-07-01T14:55:16+00:00","dateModified":"2025-04-30T18:59:09+00:00","description":"Con las herramientas y el apoyo adecuados, tu hijo puede volver a clase con confianza tras un diagn\u00f3stico de diabetes tipo 1.","breadcrumb":{"@id":"https:\/\/www.breakthrought1d.org\/es\/recursos-dt1\/escuela\/regreso-a-la-escuela-despues-del-diagnostico\/#breadcrumb"},"inLanguage":"es","potentialAction":[{"@type":"ReadAction","target":["https:\/\/www.breakthrought1d.org\/es\/recursos-dt1\/escuela\/regreso-a-la-escuela-despues-del-diagnostico\/"]}]},{"@type":"BreadcrumbList","@id":"https:\/\/www.breakthrought1d.org\/es\/recursos-dt1\/escuela\/regreso-a-la-escuela-despues-del-diagnostico\/#breadcrumb","itemListElement":[{"@type":"ListItem","position":1,"name":"Inicio","item":"https:\/\/www.breakthrought1d.org\/es\/"},{"@type":"ListItem","position":2,"name":"Biblioteca de recursos para la diabetes tipo 1","item":"https:\/\/www.breakthrought1d.org\/es\/recursos-dt1\/"},{"@type":"ListItem","position":3,"name":"Gu\u00eda Escolar","item":"https:\/\/www.breakthrought1d.org\/es\/recursos-dt1\/escuela\/"},{"@type":"ListItem","position":4,"name":"Volver a la escuela despu\u00e9s del diagn\u00f3stico"}]},{"@type":"WebSite","@id":"https:\/\/www.breakthrought1d.org\/es\/#website","url":"https:\/\/www.breakthrought1d.org\/es\/","name":"Breakthrough T1D","description":"Improving Lives. Curing Type 1 Diabetes.","publisher":{"@id":"https:\/\/www.breakthrought1d.org\/es\/#organization"},"potentialAction":[{"@type":"SearchAction","target":{"@type":"EntryPoint","urlTemplate":"https:\/\/www.breakthrought1d.org\/es\/?s={search_term_string}"},"query-input":{"@type":"PropertyValueSpecification","valueRequired":true,"valueName":"search_term_string"}}],"inLanguage":"es"},{"@type":"Organization","@id":"https:\/\/www.breakthrought1d.org\/es\/#organization","name":"Breakthrough T1D","url":"https:\/\/www.breakthrought1d.org\/es\/","logo":{"@type":"ImageObject","inLanguage":"es","@id":"https:\/\/www.breakthrought1d.org\/es\/#\/schema\/logo\/image\/","url":"https:\/\/www.breakthrought1d.org\/wp-content\/uploads\/2024\/06\/BT1D-favi.png","contentUrl":"https:\/\/www.breakthrought1d.org\/wp-content\/uploads\/2024\/06\/BT1D-favi.png","width":400,"height":400,"caption":"Breakthrough T1D"},"image":{"@id":"https:\/\/www.breakthrought1d.org\/es\/#\/schema\/logo\/image\/"},"sameAs":["https:\/\/www.facebook.com\/breakthrought1dHQ","https:\/\/x.com\/breakthrought1d","https:\/\/www.youtube.com\/@breakthrought1d","https:\/\/www.instagram.com\/breakthrought1d\/","https:\/\/www.tiktok.com\/@breakthrought1dhq"]}]}},"_links":{"self":[{"href":"https:\/\/www.breakthrought1d.org\/es\/wp-json\/wp\/v2\/pages\/213685","targetHints":{"allow":["GET"]}}],"collection":[{"href":"https:\/\/www.breakthrought1d.org\/es\/wp-json\/wp\/v2\/pages"}],"about":[{"href":"https:\/\/www.breakthrought1d.org\/es\/wp-json\/wp\/v2\/types\/page"}],"author":[{"embeddable":true,"href":"https:\/\/www.breakthrought1d.org\/es\/wp-json\/wp\/v2\/users\/1100"}],"replies":[{"embeddable":true,"href":"https:\/\/www.breakthrought1d.org\/es\/wp-json\/wp\/v2\/comments?post=213685"}],"version-history":[{"count":0,"href":"https:\/\/www.breakthrought1d.org\/es\/wp-json\/wp\/v2\/pages\/213685\/revisions"}],"up":[{"embeddable":true,"href":"https:\/\/www.breakthrought1d.org\/es\/wp-json\/wp\/v2\/pages\/213683"}],"wp:attachment":[{"href":"https:\/\/www.breakthrought1d.org\/es\/wp-json\/wp\/v2\/media?parent=213685"}],"curies":[{"name":"wp","href":"https:\/\/api.w.org\/{rel}","templated":true}]}}