{"id":213705,"date":"2024-06-28T09:37:12","date_gmt":"2024-06-28T13:37:12","guid":{"rendered":"https:\/\/www.breakthrought1d.org\/manejo-diario\/tecnologia-para-controlar-la-t1d\/"},"modified":"2026-01-23T12:18:16","modified_gmt":"2026-01-23T17:18:16","slug":"tecnologia-dt1","status":"publish","type":"page","link":"https:\/\/www.breakthrought1d.org\/es\/manejo-diario\/tecnologia-dt1\/","title":{"rendered":"Tecnolog\u00eda para controlar la T1D"},"content":{"rendered":"\n<div class=\"page-header alignfull wp-block-jdfr-page-header\">\n\t<div class=\"page-header__inner-container\">\n\t\t\n<nav id=\"breadcrumbs\" class=\"site-breadcrumbs alignfull\" aria-label=\"Breadcrumbs\">\n\t<ul class=\"site-breadcrumbs__inner\"><li class=\"breadcrumb-item\"><a href=\"https:\/\/www.breakthrought1d.org\/es\/\">Inicio<\/a><\/li><li class=\"site-breadcrumbs__separator\"><?xml version=\"1.0\"?>\n<svg xmlns=\"http:\/\/www.w3.org\/2000\/svg\" width=\"9.143\" height=\"16\" fill=\"currentColor\" viewBox=\"0 0 9.143 16\" aria-hidden=\"true\"><path d=\"M9.143,21a1.143,1.143,0,0,1-.808-1.951L14.384,13,8.335,6.951A1.143,1.143,0,0,1,9.951,5.335l6.857,6.857a1.143,1.143,0,0,1,0,1.616L9.951,20.665A1.139,1.139,0,0,1,9.143,21Z\" transform=\"translate(-8 -5)\"\/><\/svg>\n<\/li><li class=\"breadcrumb-item\" aria-current=\"page\" tabindex=\"0\" role=\"text\" aria-label=\"Current-page: \"><\/li><\/ul><\/nav>\n\n\t\t<div class=\"page-header__content\">\n\t\t\t<h1 class=\"page-header__title\">Tecnolog\u00eda para manejar la diabetes tipo 1<\/h1>\n\t\t\t\t\t<\/div>\n\t<\/div>\n<\/div>\n\n\n\n<div class=\"wp-block-group alignfull has-gradient is-layout-constrained wp-block-group-is-layout-constrained\">\n<div class=\"wp-block-columns is-layout-flex wp-container-core-columns-is-layout-28f84493 wp-block-columns-is-layout-flex has-2-columns\">\n<div class=\"wp-block-column is-layout-flow wp-block-column-is-layout-flow\" style=\"flex-basis:80%\">\n<h2 class=\"wp-block-heading has-h-3-font-size\" id=\"technology-can-make-managing-type-1-diabetes-t1d-easier-and-safer-explore-your-options\">La tecnolog\u00eda puede hacer que el manejo de la diabetes tipo 1 (DT1) sea m\u00e1s f\u00e1cil y seguro. <\/h2>\n<\/div>\n\n\n\n<div class=\"wp-block-column is-layout-flow wp-block-column-is-layout-flow\" style=\"flex-basis:20%\"><\/div>\n<\/div>\n<\/div>\n\n\n\n<div class=\"wp-block-group alignfull has-light-gray-background-color has-background is-layout-constrained wp-block-group-is-layout-constrained\">\n<div class=\"wp-block-columns is-layout-flex wp-container-core-columns-is-layout-28f84493 wp-block-columns-is-layout-flex has-2-columns\">\n<div class=\"wp-block-column is-layout-flow wp-block-column-is-layout-flow\" style=\"flex-basis:66.66%\">\n<h2 class=\"wp-block-heading\" id=\"t1d-technology-options\">Opciones tecnol\u00f3gicas para la DT1<\/h2>\n<\/div>\n\n\n\n<div class=\"wp-block-column is-layout-flow wp-block-column-is-layout-flow\" style=\"flex-basis:33.33%\"><\/div>\n<\/div>\n\n\n\n<div class=\"wp-block-columns is-layout-flex wp-container-core-columns-is-layout-69cf8084 wp-block-columns-is-layout-flex has-3-columns\" style=\"margin-top:var(--wp--preset--spacing--40)\">\n<div class=\"wp-block-column is-layout-flow wp-block-column-is-layout-flow\"><article class=\"card\" itemscope itemtype=\"https:\/\/schema.org\/Thing\">\n\t\t\t<figure class=\"card__image\">\n\t\t\t<img loading=\"lazy\" decoding=\"async\" width=\"768\" height=\"512\" src=\"https:\/\/www.breakthrought1d.org\/wp-content\/uploads\/2024\/06\/GettyImages-1969665664-768x512.jpg\" class=\"attachment-medium_large size-medium_large\" alt=\"Young Girl That Has Type 1 Diabetes With a Automated Insulin Delivery System Pump\" srcset=\"https:\/\/www.breakthrought1d.org\/wp-content\/uploads\/2024\/06\/GettyImages-1969665664-768x512.jpg 768w, https:\/\/www.breakthrought1d.org\/wp-content\/uploads\/2024\/06\/GettyImages-1969665664-300x200.jpg 300w, https:\/\/www.breakthrought1d.org\/wp-content\/uploads\/2024\/06\/GettyImages-1969665664-1024x683.jpg 1024w, https:\/\/www.breakthrought1d.org\/wp-content\/uploads\/2024\/06\/GettyImages-1969665664-1536x1024.jpg 1536w, https:\/\/www.breakthrought1d.org\/wp-content\/uploads\/2024\/06\/GettyImages-1969665664-2048x1366.jpg 2048w, https:\/\/www.breakthrought1d.org\/wp-content\/uploads\/2024\/06\/GettyImages-1969665664-800x533.jpg 800w, https:\/\/www.breakthrought1d.org\/wp-content\/uploads\/2024\/06\/GettyImages-1969665664-1200x800.jpg 1200w\" sizes=\"auto, (max-width: 768px) 100vw, 768px\" \/>\t\t<\/figure>\n\t\n\t\t<div class=\"card__content\">\n\t\t\n\t\t\n\t\t\t\t\n\t\t\t\n\t\t\t<div class=\"card__title-wrapper\" itemprop=\"name\">\n\t\t\t\t\t\t\t\t\t<h3 class=\"card__title\"><a href=\"https:\/\/www.breakthrought1d.org\/es\/manejo-diario\/tecnologia-dt1\/sistemas-automaticos-de-administracion-de-insulina-y-bombas-de-insulina\/\"><a href=\"https:\/\/www.breakthrought1d.org\/es\/manejo-diario\/tecnologia-dt1\/sistemas-automaticos-de-administracion-de-insulina-y-bombas-de-insulina\/\">Sistemas autom\u00e1ticos de administraci\u00f3n de insulina y bombas de insulina<\/a><\/a><\/h3>\n\t\t\t\t\t\t\t\t<span class=\"card__title-icon\">\n<svg xmlns=\"http:\/\/www.w3.org\/2000\/svg\" width=\"14\" height=\"9.282\" viewBox=\"0 0 14 9.282\">\n\t<path d=\"m9.923 9.054 3.849-3.849a.812.812 0 0 0 0-1.127L9.923.228a.778.778 0 1 0-1.1 1.1l2.533 2.535H.777a.778.778 0 1 0 0 1.556h10.579L8.82 7.954a.778.778 0 0 0 1.1 1.1Z\" \/>\n<\/svg>\n<\/span>\n\t\t\t<\/div>\n\n\t\t\t\t\t\n\t\t\t\t\t<p class=\"card__excerpt\" itemprop=\"description\">Las bombas de insulina son peque\u00f1os dispositivos port\u00e1tiles programados con ajustes individualizados para administrar insulina al organismo. Combinados con un MCG, tambi\u00e9n pueden medir los niveles de glucosa en sangre y ajustar la insulina autom\u00e1ticamente.<\/p>\n\t\t\n\t<\/div>\n\t\n\t\n<\/article>\n<\/div>\n\n\n\n<div class=\"wp-block-column is-layout-flow wp-block-column-is-layout-flow\"><article class=\"card\" itemscope itemtype=\"https:\/\/schema.org\/Thing\">\n\t\t\t<figure class=\"card__image\">\n\t\t\t<img loading=\"lazy\" decoding=\"async\" width=\"768\" height=\"432\" src=\"https:\/\/www.breakthrought1d.org\/wp-content\/uploads\/2024\/06\/GettyImages-1580906667-768x432.jpg\" class=\"attachment-medium_large size-medium_large\" alt=\"Woman Wearing a Continuous Glucose Monitor for Type 1 Diabetes\" srcset=\"https:\/\/www.breakthrought1d.org\/wp-content\/uploads\/2024\/06\/GettyImages-1580906667-768x432.jpg 768w, https:\/\/www.breakthrought1d.org\/wp-content\/uploads\/2024\/06\/GettyImages-1580906667-300x169.jpg 300w, https:\/\/www.breakthrought1d.org\/wp-content\/uploads\/2024\/06\/GettyImages-1580906667-1024x576.jpg 1024w, https:\/\/www.breakthrought1d.org\/wp-content\/uploads\/2024\/06\/GettyImages-1580906667-1536x864.jpg 1536w, https:\/\/www.breakthrought1d.org\/wp-content\/uploads\/2024\/06\/GettyImages-1580906667-2048x1152.jpg 2048w, https:\/\/www.breakthrought1d.org\/wp-content\/uploads\/2024\/06\/GettyImages-1580906667-800x450.jpg 800w, https:\/\/www.breakthrought1d.org\/wp-content\/uploads\/2024\/06\/GettyImages-1580906667-1200x675.jpg 1200w\" sizes=\"auto, (max-width: 768px) 100vw, 768px\" \/>\t\t<\/figure>\n\t\n\t\t<div class=\"card__content\">\n\t\t\n\t\t\n\t\t\t\t\n\t\t\t\n\t\t\t<div class=\"card__title-wrapper\" itemprop=\"name\">\n\t\t\t\t\t\t\t\t\t<h3 class=\"card__title\"><a href=\"https:\/\/www.breakthrought1d.org\/es\/manejo-diario\/tecnologia-dt1\/monitores-continuos-de-glucosa\/\">Monitores continuos de glucosa (MCG)<\/a><\/h3>\n\t\t\t\t\t\t\t\t<span class=\"card__title-icon\">\n<svg xmlns=\"http:\/\/www.w3.org\/2000\/svg\" width=\"14\" height=\"9.282\" viewBox=\"0 0 14 9.282\">\n\t<path d=\"m9.923 9.054 3.849-3.849a.812.812 0 0 0 0-1.127L9.923.228a.778.778 0 1 0-1.1 1.1l2.533 2.535H.777a.778.778 0 1 0 0 1.556h10.579L8.82 7.954a.778.778 0 0 0 1.1 1.1Z\" \/>\n<\/svg>\n<\/span>\n\t\t\t<\/div>\n\n\t\t\t\t\t\n\t\t\t\t\t<p class=\"card__excerpt\" itemprop=\"description\">Los MCG son peque\u00f1os dispositivos port\u00e1tiles que miden continuamente los niveles de glucosa en sangre de una persona. Se utilizan en lugar de los pinchazos en los dedos.<\/p>\n\t\t\n\t<\/div>\n\t\n\t\n<\/article>\n<\/div>\n\n\n\n<div class=\"wp-block-column is-layout-flow wp-block-column-is-layout-flow\"><article class=\"card\" itemscope itemtype=\"https:\/\/schema.org\/Thing\">\n\t\t\t<figure class=\"card__image\">\n\t\t\t<img loading=\"lazy\" decoding=\"async\" width=\"768\" height=\"512\" src=\"https:\/\/www.breakthrought1d.org\/wp-content\/uploads\/2024\/06\/GettyImages-1336479721-768x512.jpg\" class=\"attachment-medium_large size-medium_large\" alt=\"Woman Using a Smart Insulin Pen for Type 1 Diabetes\" srcset=\"https:\/\/www.breakthrought1d.org\/wp-content\/uploads\/2024\/06\/GettyImages-1336479721-768x512.jpg 768w, https:\/\/www.breakthrought1d.org\/wp-content\/uploads\/2024\/06\/GettyImages-1336479721-300x200.jpg 300w, https:\/\/www.breakthrought1d.org\/wp-content\/uploads\/2024\/06\/GettyImages-1336479721-1024x683.jpg 1024w, https:\/\/www.breakthrought1d.org\/wp-content\/uploads\/2024\/06\/GettyImages-1336479721-1536x1024.jpg 1536w, https:\/\/www.breakthrought1d.org\/wp-content\/uploads\/2024\/06\/GettyImages-1336479721-2048x1365.jpg 2048w, https:\/\/www.breakthrought1d.org\/wp-content\/uploads\/2024\/06\/GettyImages-1336479721-800x533.jpg 800w, https:\/\/www.breakthrought1d.org\/wp-content\/uploads\/2024\/06\/GettyImages-1336479721-1200x800.jpg 1200w\" sizes=\"auto, (max-width: 768px) 100vw, 768px\" \/>\t\t<\/figure>\n\t\n\t\t<div class=\"card__content\">\n\t\t\n\t\t\n\t\t\t\t\n\t\t\t\n\t\t\t<div class=\"card__title-wrapper\" itemprop=\"name\">\n\t\t\t\t\t\t\t\t\t<h3 class=\"card__title\"><a href=\"https:\/\/www.breakthrought1d.org\/es\/manejo-diario\/tecnologia-dt1\/boligrafos-de-insulina-inteligentes-y-capuchones-para-boligrafos\/\"><\/a><a href=\"https:\/\/www.breakthrought1d.org\/es\/manejo-diario\/tecnologia-dt1\/boligrafos-de-insulina-inteligentes-y-capuchones-para-boligrafos\/\">Plumas de insulina inteligentes y tapones para bol\u00edgrafos<\/a><\/h3>\n\t\t\t\t\t\t\t\t<span class=\"card__title-icon\">\n<svg xmlns=\"http:\/\/www.w3.org\/2000\/svg\" width=\"14\" height=\"9.282\" viewBox=\"0 0 14 9.282\">\n\t<path d=\"m9.923 9.054 3.849-3.849a.812.812 0 0 0 0-1.127L9.923.228a.778.778 0 1 0-1.1 1.1l2.533 2.535H.777a.778.778 0 1 0 0 1.556h10.579L8.82 7.954a.778.778 0 0 0 1.1 1.1Z\" \/>\n<\/svg>\n<\/span>\n\t\t\t<\/div>\n\n\t\t\t\t\t\n\t\t\t\t\t<p class=\"card__excerpt\" itemprop=\"description\">Las plumas de insulina inteligentes y los tapones para plumas se utilizan para hacer un seguimiento de las dosis de insulina de las personas que se ponen varias inyecciones diarias (IDM) de insulina.<\/p>\n\t\t\n\t<\/div>\n\t\n\t\n<\/article>\n<\/div>\n<\/div>\n\n\n\n<div class=\"wp-block-columns is-layout-flex wp-container-core-columns-is-layout-28f84493 wp-block-columns-is-layout-flex has-3-columns\">\n<div class=\"wp-block-column is-layout-flow wp-block-column-is-layout-flow\" style=\"flex-basis:20%\"><\/div>\n\n\n\n<div class=\"wp-block-column is-layout-flow wp-block-column-is-layout-flow\" style=\"flex-basis:60%\">\n<figure class=\"wp-block-embed is-type-video is-provider-youtube wp-block-embed-youtube wp-embed-aspect-16-9 wp-has-aspect-ratio\"><div class=\"wp-block-embed__wrapper\">\n<iframe loading=\"lazy\" title=\"Aprende sobre tecnolog\u00eda y dispositivos para la DT1\" width=\"500\" height=\"281\" src=\"https:\/\/www.youtube.com\/embed\/Rzzi7Geuwo0?feature=oembed\" frameborder=\"0\" allow=\"accelerometer; autoplay; clipboard-write; encrypted-media; gyroscope; picture-in-picture; web-share\" referrerpolicy=\"strict-origin-when-cross-origin\" allowfullscreen><\/iframe>\n<\/div><\/figure>\n<\/div>\n\n\n\n<div class=\"wp-block-column is-layout-flow wp-block-column-is-layout-flow\" style=\"flex-basis:20%\"><\/div>\n<\/div>\n<\/div>\n\n\n\n<div class=\"wp-block-group alignfull has-white-color has-navy-background-color has-text-color has-background has-link-color wp-elements-3e2e481f04cda50369bf1c8dfd59c9cb is-layout-constrained wp-block-group-is-layout-constrained\">\n<div class=\"wp-block-columns is-layout-flex wp-container-core-columns-is-layout-28f84493 wp-block-columns-is-layout-flex has-2-columns\">\n<div class=\"wp-block-column is-layout-flow wp-block-column-is-layout-flow\" style=\"flex-basis:66.66%\">\n<h2 class=\"wp-block-heading has-h-3-font-size\" id=\"driving-innovation-through-research\">Impulsar la innovaci\u00f3n mediante la investigaci\u00f3n<\/h2>\n\n\n\n<p class=\"wp-block-paragraph\">Breakthrough T1D impulsa la investigaci\u00f3n que mejora los resultados de salud y la calidad de vida de las personas con DT1.<\/p>\n<\/div>\n\n\n\n<div class=\"wp-block-column is-vertically-aligned-center is-layout-flow wp-block-column-is-layout-flow\" style=\"flex-basis:33.33%\">\n<div class=\"wp-block-buttons is-content-justification-right is-layout-flex wp-container-core-buttons-is-layout-d445cf74 wp-block-buttons-is-layout-flex\">\n<div class=\"wp-block-button is-style-secondary\"><a class=\"wp-block-button__link has-text-align-left wp-element-button\" href=\"https:\/\/www.breakthrought1d.org\/es\/explora-investigacion\/\">M\u00e1s informaci\u00f3n sobre nuestra investigaci\u00f3n<\/a><\/div>\n<\/div>\n<\/div>\n<\/div>\n<\/div>\n\n\n","protected":false,"raw":""},"excerpt":{"rendered":"<p>La tecnolog\u00eda puede hacer que el manejo de la diabetes tipo 1 (DT1) sea m\u00e1s f\u00e1cil y seguro. Opciones tecnol\u00f3gicas para la DT1 Impulsar la innovaci\u00f3n mediante la investigaci\u00f3n Breakthrough T1D impulsa la investigaci\u00f3n que mejora los resultados de salud y la calidad de vida de las personas con DT1.<\/p>\n","protected":false},"author":1100,"featured_media":223717,"parent":211867,"menu_order":0,"comment_status":"closed","ping_status":"closed","template":"","meta":{"_acf_changed":false,"ep_exclude_from_search":false,"publish_on_app_meta":"True","iawp_total_views":100,"footnotes":""},"class_list":["post-213705","page","type-page","status-publish","has-post-thumbnail","hentry"],"acf":[],"yoast_head":"<!-- This site is optimized with the Yoast SEO plugin v27.3 - https:\/\/yoast.com\/product\/yoast-seo-wordpress\/ -->\n<title>Tecnolog\u00eda para manejar la diabetes tipo 1 - Breakthrough T1D<\/title>\n<meta name=\"description\" content=\"La tecnolog\u00eda puede hacer que el manejo de la diabetes tipo 1 sea m\u00e1s f\u00e1cil y seguro. Explora los monitores continuos de glucosa, las bombas de insulina, las plumas inteligentes y mucho m\u00e1s.\" \/>\n<meta name=\"robots\" content=\"index, follow, max-snippet:-1, max-image-preview:large, max-video-preview:-1\" \/>\n<link rel=\"canonical\" href=\"https:\/\/www.breakthrought1d.org\/es\/manejo-diario\/tecnologia-dt1\/\" \/>\n<meta property=\"og:locale\" content=\"es_ES\" \/>\n<meta property=\"og:type\" content=\"article\" \/>\n<meta property=\"og:title\" content=\"Tecnolog\u00eda para manejar la diabetes tipo 1 - Breakthrough T1D\" \/>\n<meta property=\"og:description\" content=\"La tecnolog\u00eda puede hacer que el manejo de la diabetes tipo 1 sea m\u00e1s f\u00e1cil y seguro. Explora los monitores continuos de glucosa, las bombas de insulina, las plumas inteligentes y mucho m\u00e1s.\" \/>\n<meta property=\"og:url\" content=\"https:\/\/www.breakthrought1d.org\/es\/manejo-diario\/tecnologia-dt1\/\" \/>\n<meta property=\"og:site_name\" content=\"Breakthrough T1D\" \/>\n<meta property=\"article:publisher\" content=\"https:\/\/www.facebook.com\/breakthrought1dHQ\" \/>\n<meta property=\"article:modified_time\" content=\"2026-01-23T17:18:16+00:00\" \/>\n<meta property=\"og:image\" content=\"https:\/\/www.breakthrought1d.org\/wp-content\/uploads\/2025\/11\/Young-woman-uses-insulin-pump.jpg\" \/>\n\t<meta property=\"og:image:width\" content=\"1548\" \/>\n\t<meta property=\"og:image:height\" content=\"1311\" \/>\n\t<meta property=\"og:image:type\" content=\"image\/jpeg\" \/>\n<meta name=\"twitter:card\" content=\"summary_large_image\" \/>\n<meta name=\"twitter:site\" content=\"@breakthrought1d\" \/>\n<meta name=\"twitter:label1\" content=\"Tiempo de lectura\" \/>\n\t<meta name=\"twitter:data1\" content=\"1 minuto\" \/>\n<script type=\"application\/ld+json\" class=\"yoast-schema-graph\">{\"@context\":\"https:\\\/\\\/schema.org\",\"@graph\":[{\"@type\":\"WebPage\",\"@id\":\"https:\\\/\\\/www.breakthrought1d.org\\\/es\\\/manejo-diario\\\/tecnologia-dt1\\\/\",\"url\":\"https:\\\/\\\/www.breakthrought1d.org\\\/es\\\/manejo-diario\\\/tecnologia-dt1\\\/\",\"name\":\"Tecnolog\u00eda para manejar la diabetes tipo 1 - Breakthrough T1D\",\"isPartOf\":{\"@id\":\"https:\\\/\\\/www.breakthrought1d.org\\\/es\\\/#website\"},\"primaryImageOfPage\":{\"@id\":\"https:\\\/\\\/www.breakthrought1d.org\\\/es\\\/manejo-diario\\\/tecnologia-dt1\\\/#primaryimage\"},\"image\":{\"@id\":\"https:\\\/\\\/www.breakthrought1d.org\\\/es\\\/manejo-diario\\\/tecnologia-dt1\\\/#primaryimage\"},\"thumbnailUrl\":\"https:\\\/\\\/www.breakthrought1d.org\\\/wp-content\\\/uploads\\\/2025\\\/11\\\/Young-woman-uses-insulin-pump.jpg\",\"datePublished\":\"2024-06-28T13:37:12+00:00\",\"dateModified\":\"2026-01-23T17:18:16+00:00\",\"description\":\"La tecnolog\u00eda puede hacer que el manejo de la diabetes tipo 1 sea m\u00e1s f\u00e1cil y seguro. Explora los monitores continuos de glucosa, las bombas de insulina, las plumas inteligentes y mucho m\u00e1s.\",\"breadcrumb\":{\"@id\":\"https:\\\/\\\/www.breakthrought1d.org\\\/es\\\/manejo-diario\\\/tecnologia-dt1\\\/#breadcrumb\"},\"inLanguage\":\"es\",\"potentialAction\":[{\"@type\":\"ReadAction\",\"target\":[\"https:\\\/\\\/www.breakthrought1d.org\\\/es\\\/manejo-diario\\\/tecnologia-dt1\\\/\"]}]},{\"@type\":\"ImageObject\",\"inLanguage\":\"es\",\"@id\":\"https:\\\/\\\/www.breakthrought1d.org\\\/es\\\/manejo-diario\\\/tecnologia-dt1\\\/#primaryimage\",\"url\":\"https:\\\/\\\/www.breakthrought1d.org\\\/wp-content\\\/uploads\\\/2025\\\/11\\\/Young-woman-uses-insulin-pump.jpg\",\"contentUrl\":\"https:\\\/\\\/www.breakthrought1d.org\\\/wp-content\\\/uploads\\\/2025\\\/11\\\/Young-woman-uses-insulin-pump.jpg\",\"width\":1548,\"height\":1311,\"caption\":\"Young woman managing type 1 diabetes using technology for health monitoring, outdoors, combining health management with daily life, using insulin pump\"},{\"@type\":\"BreadcrumbList\",\"@id\":\"https:\\\/\\\/www.breakthrought1d.org\\\/es\\\/manejo-diario\\\/tecnologia-dt1\\\/#breadcrumb\",\"itemListElement\":[{\"@type\":\"ListItem\",\"position\":1,\"name\":\"Inicio\",\"item\":\"https:\\\/\\\/www.breakthrought1d.org\\\/es\\\/\"},{\"@type\":\"ListItem\",\"position\":2,\"name\":\"Manejo diario\",\"item\":\"https:\\\/\\\/www.breakthrought1d.org\\\/es\\\/manejo-diario\\\/\"},{\"@type\":\"ListItem\",\"position\":3,\"name\":\"Tecnolog\u00eda para controlar la T1D\"}]},{\"@type\":\"WebSite\",\"@id\":\"https:\\\/\\\/www.breakthrought1d.org\\\/es\\\/#website\",\"url\":\"https:\\\/\\\/www.breakthrought1d.org\\\/es\\\/\",\"name\":\"Breakthrough T1D\",\"description\":\"Improving Lives. Curing Type 1 Diabetes.\",\"publisher\":{\"@id\":\"https:\\\/\\\/www.breakthrought1d.org\\\/es\\\/#organization\"},\"potentialAction\":[{\"@type\":\"SearchAction\",\"target\":{\"@type\":\"EntryPoint\",\"urlTemplate\":\"https:\\\/\\\/www.breakthrought1d.org\\\/es\\\/?s={search_term_string}\"},\"query-input\":{\"@type\":\"PropertyValueSpecification\",\"valueRequired\":true,\"valueName\":\"search_term_string\"}}],\"inLanguage\":\"es\"},{\"@type\":\"Organization\",\"@id\":\"https:\\\/\\\/www.breakthrought1d.org\\\/es\\\/#organization\",\"name\":\"Breakthrough T1D\",\"url\":\"https:\\\/\\\/www.breakthrought1d.org\\\/es\\\/\",\"logo\":{\"@type\":\"ImageObject\",\"inLanguage\":\"es\",\"@id\":\"https:\\\/\\\/www.breakthrought1d.org\\\/es\\\/#\\\/schema\\\/logo\\\/image\\\/\",\"url\":\"https:\\\/\\\/www.breakthrought1d.org\\\/wp-content\\\/uploads\\\/2024\\\/06\\\/BT1D-favi.png\",\"contentUrl\":\"https:\\\/\\\/www.breakthrought1d.org\\\/wp-content\\\/uploads\\\/2024\\\/06\\\/BT1D-favi.png\",\"width\":400,\"height\":400,\"caption\":\"Breakthrough T1D\"},\"image\":{\"@id\":\"https:\\\/\\\/www.breakthrought1d.org\\\/es\\\/#\\\/schema\\\/logo\\\/image\\\/\"},\"sameAs\":[\"https:\\\/\\\/www.facebook.com\\\/breakthrought1dHQ\",\"https:\\\/\\\/x.com\\\/breakthrought1d\",\"https:\\\/\\\/www.youtube.com\\\/@breakthrought1d\",\"https:\\\/\\\/www.instagram.com\\\/breakthrought1d\\\/\",\"https:\\\/\\\/www.tiktok.com\\\/@breakthrought1dhq\"]}]}<\/script>\n<!-- \/ Yoast SEO plugin. -->","yoast_head_json":{"title":"Tecnolog\u00eda para manejar la diabetes tipo 1 - Breakthrough T1D","description":"La tecnolog\u00eda puede hacer que el manejo de la diabetes tipo 1 sea m\u00e1s f\u00e1cil y seguro. Explora los monitores continuos de glucosa, las bombas de insulina, las plumas inteligentes y mucho m\u00e1s.","robots":{"index":"index","follow":"follow","max-snippet":"max-snippet:-1","max-image-preview":"max-image-preview:large","max-video-preview":"max-video-preview:-1"},"canonical":"https:\/\/www.breakthrought1d.org\/es\/manejo-diario\/tecnologia-dt1\/","og_locale":"es_ES","og_type":"article","og_title":"Tecnolog\u00eda para manejar la diabetes tipo 1 - Breakthrough T1D","og_description":"La tecnolog\u00eda puede hacer que el manejo de la diabetes tipo 1 sea m\u00e1s f\u00e1cil y seguro. Explora los monitores continuos de glucosa, las bombas de insulina, las plumas inteligentes y mucho m\u00e1s.","og_url":"https:\/\/www.breakthrought1d.org\/es\/manejo-diario\/tecnologia-dt1\/","og_site_name":"Breakthrough T1D","article_publisher":"https:\/\/www.facebook.com\/breakthrought1dHQ","article_modified_time":"2026-01-23T17:18:16+00:00","og_image":[{"width":1548,"height":1311,"url":"https:\/\/www.breakthrought1d.org\/wp-content\/uploads\/2025\/11\/Young-woman-uses-insulin-pump.jpg","type":"image\/jpeg"}],"twitter_card":"summary_large_image","twitter_site":"@breakthrought1d","twitter_misc":{"Tiempo de lectura":"1 minuto"},"schema":{"@context":"https:\/\/schema.org","@graph":[{"@type":"WebPage","@id":"https:\/\/www.breakthrought1d.org\/es\/manejo-diario\/tecnologia-dt1\/","url":"https:\/\/www.breakthrought1d.org\/es\/manejo-diario\/tecnologia-dt1\/","name":"Tecnolog\u00eda para manejar la diabetes tipo 1 - Breakthrough T1D","isPartOf":{"@id":"https:\/\/www.breakthrought1d.org\/es\/#website"},"primaryImageOfPage":{"@id":"https:\/\/www.breakthrought1d.org\/es\/manejo-diario\/tecnologia-dt1\/#primaryimage"},"image":{"@id":"https:\/\/www.breakthrought1d.org\/es\/manejo-diario\/tecnologia-dt1\/#primaryimage"},"thumbnailUrl":"https:\/\/www.breakthrought1d.org\/wp-content\/uploads\/2025\/11\/Young-woman-uses-insulin-pump.jpg","datePublished":"2024-06-28T13:37:12+00:00","dateModified":"2026-01-23T17:18:16+00:00","description":"La tecnolog\u00eda puede hacer que el manejo de la diabetes tipo 1 sea m\u00e1s f\u00e1cil y seguro. Explora los monitores continuos de glucosa, las bombas de insulina, las plumas inteligentes y mucho m\u00e1s.","breadcrumb":{"@id":"https:\/\/www.breakthrought1d.org\/es\/manejo-diario\/tecnologia-dt1\/#breadcrumb"},"inLanguage":"es","potentialAction":[{"@type":"ReadAction","target":["https:\/\/www.breakthrought1d.org\/es\/manejo-diario\/tecnologia-dt1\/"]}]},{"@type":"ImageObject","inLanguage":"es","@id":"https:\/\/www.breakthrought1d.org\/es\/manejo-diario\/tecnologia-dt1\/#primaryimage","url":"https:\/\/www.breakthrought1d.org\/wp-content\/uploads\/2025\/11\/Young-woman-uses-insulin-pump.jpg","contentUrl":"https:\/\/www.breakthrought1d.org\/wp-content\/uploads\/2025\/11\/Young-woman-uses-insulin-pump.jpg","width":1548,"height":1311,"caption":"Young woman managing type 1 diabetes using technology for health monitoring, outdoors, combining health management with daily life, using insulin pump"},{"@type":"BreadcrumbList","@id":"https:\/\/www.breakthrought1d.org\/es\/manejo-diario\/tecnologia-dt1\/#breadcrumb","itemListElement":[{"@type":"ListItem","position":1,"name":"Inicio","item":"https:\/\/www.breakthrought1d.org\/es\/"},{"@type":"ListItem","position":2,"name":"Manejo diario","item":"https:\/\/www.breakthrought1d.org\/es\/manejo-diario\/"},{"@type":"ListItem","position":3,"name":"Tecnolog\u00eda para controlar la T1D"}]},{"@type":"WebSite","@id":"https:\/\/www.breakthrought1d.org\/es\/#website","url":"https:\/\/www.breakthrought1d.org\/es\/","name":"Breakthrough T1D","description":"Improving Lives. Curing Type 1 Diabetes.","publisher":{"@id":"https:\/\/www.breakthrought1d.org\/es\/#organization"},"potentialAction":[{"@type":"SearchAction","target":{"@type":"EntryPoint","urlTemplate":"https:\/\/www.breakthrought1d.org\/es\/?s={search_term_string}"},"query-input":{"@type":"PropertyValueSpecification","valueRequired":true,"valueName":"search_term_string"}}],"inLanguage":"es"},{"@type":"Organization","@id":"https:\/\/www.breakthrought1d.org\/es\/#organization","name":"Breakthrough T1D","url":"https:\/\/www.breakthrought1d.org\/es\/","logo":{"@type":"ImageObject","inLanguage":"es","@id":"https:\/\/www.breakthrought1d.org\/es\/#\/schema\/logo\/image\/","url":"https:\/\/www.breakthrought1d.org\/wp-content\/uploads\/2024\/06\/BT1D-favi.png","contentUrl":"https:\/\/www.breakthrought1d.org\/wp-content\/uploads\/2024\/06\/BT1D-favi.png","width":400,"height":400,"caption":"Breakthrough T1D"},"image":{"@id":"https:\/\/www.breakthrought1d.org\/es\/#\/schema\/logo\/image\/"},"sameAs":["https:\/\/www.facebook.com\/breakthrought1dHQ","https:\/\/x.com\/breakthrought1d","https:\/\/www.youtube.com\/@breakthrought1d","https:\/\/www.instagram.com\/breakthrought1d\/","https:\/\/www.tiktok.com\/@breakthrought1dhq"]}]}},"_links":{"self":[{"href":"https:\/\/www.breakthrought1d.org\/es\/wp-json\/wp\/v2\/pages\/213705","targetHints":{"allow":["GET"]}}],"collection":[{"href":"https:\/\/www.breakthrought1d.org\/es\/wp-json\/wp\/v2\/pages"}],"about":[{"href":"https:\/\/www.breakthrought1d.org\/es\/wp-json\/wp\/v2\/types\/page"}],"author":[{"embeddable":true,"href":"https:\/\/www.breakthrought1d.org\/es\/wp-json\/wp\/v2\/users\/1100"}],"replies":[{"embeddable":true,"href":"https:\/\/www.breakthrought1d.org\/es\/wp-json\/wp\/v2\/comments?post=213705"}],"version-history":[{"count":0,"href":"https:\/\/www.breakthrought1d.org\/es\/wp-json\/wp\/v2\/pages\/213705\/revisions"}],"up":[{"embeddable":true,"href":"https:\/\/www.breakthrought1d.org\/es\/wp-json\/wp\/v2\/pages\/211867"}],"wp:featuredmedia":[{"embeddable":true,"href":"https:\/\/www.breakthrought1d.org\/es\/wp-json\/wp\/v2\/media\/223717"}],"wp:attachment":[{"href":"https:\/\/www.breakthrought1d.org\/es\/wp-json\/wp\/v2\/media?parent=213705"}],"curies":[{"name":"wp","href":"https:\/\/api.w.org\/{rel}","templated":true}]}}