{"id":213995,"date":"2024-07-15T11:27:19","date_gmt":"2024-07-15T15:27:19","guid":{"rendered":"https:\/\/www.breakthrought1d.org\/recursos-dt1\/alimentacion-y-dieta\/trastornos-alimentarios-y-diabetes-tipo-1\/"},"modified":"2025-04-30T12:28:02","modified_gmt":"2025-04-30T16:28:02","slug":"trastornos-alimentarios-y-dt1","status":"publish","type":"page","link":"https:\/\/www.breakthrought1d.org\/es\/recursos-dt1\/alimentacion-y-dieta\/trastornos-alimentarios-y-dt1\/","title":{"rendered":"Trastornos alimentarios y diabetes tipo 1"},"content":{"rendered":"\n<div class=\"page-header alignfull wp-block-jdfr-page-header\">\n\t<div class=\"page-header__inner-container\">\n\t\t\n<nav id=\"breadcrumbs\" class=\"site-breadcrumbs alignfull\" aria-label=\"Breadcrumbs\">\n\t<ul class=\"site-breadcrumbs__inner\"><li class=\"breadcrumb-item\"><a href=\"https:\/\/www.breakthrought1d.org\/es\/pagina-de-actualizacion-de-test\/\">Inicio<\/a><\/li><li class=\"site-breadcrumbs__separator\"><?xml version=\"1.0\"?>\n<svg xmlns=\"http:\/\/www.w3.org\/2000\/svg\" width=\"9.143\" height=\"16\" fill=\"currentColor\" viewBox=\"0 0 9.143 16\" aria-hidden=\"true\"><path d=\"M9.143,21a1.143,1.143,0,0,1-.808-1.951L14.384,13,8.335,6.951A1.143,1.143,0,0,1,9.951,5.335l6.857,6.857a1.143,1.143,0,0,1,0,1.616L9.951,20.665A1.139,1.139,0,0,1,9.143,21Z\" transform=\"translate(-8 -5)\"\/><\/svg>\n<\/li><li class=\"breadcrumb-item\" aria-current=\"page\" tabindex=\"0\" role=\"text\" aria-label=\"Current-page: \"><\/li><\/ul><\/nav>\n\n\t\t<div class=\"page-header__content\">\n\t\t\t<h1 class=\"page-header__title\">Trastornos alimenticios y diabetes tipo 1<\/h1>\n\t\t\t\t\t<\/div>\n\t<\/div>\n<\/div>\n\n\n\n<div class=\"wp-block-group alignfull has-gradient is-layout-constrained wp-block-group-is-layout-constrained\">\n<div class=\"wp-block-columns is-layout-flex wp-container-core-columns-is-layout-28f84493 wp-block-columns-is-layout-flex has-2-columns\">\n<div class=\"wp-block-column is-layout-flow wp-block-column-is-layout-flow\" style=\"flex-basis:80%\">\n<h2 class=\"wp-block-heading has-h-3-font-size\" id=\"managing-type-1-diabetes-requires-you-to-think-about-food-and-everything-you-eat-every-single-day\">Controlar la diabetes tipo 1 requiere que pienses en los alimentos y en todo lo que comes cada d\u00eda.  <\/h2>\n<\/div>\n\n\n\n<div class=\"wp-block-column is-layout-flow wp-block-column-is-layout-flow\" style=\"flex-basis:20%\"><\/div>\n<\/div>\n<\/div>\n\n\n\n<div class=\"wp-block-group alignfull has-light-gray-background-color has-background is-layout-constrained wp-block-group-is-layout-constrained\">\n<div class=\"wp-block-columns is-layout-flex wp-container-core-columns-is-layout-28f84493 wp-block-columns-is-layout-flex has-2-columns\">\n<div class=\"wp-block-column is-layout-flow wp-block-column-is-layout-flow\" style=\"flex-basis:33.33%\">\n<h2 class=\"wp-block-heading has-h-3-font-size\" id=\"the-pressure-is-real\">La presi\u00f3n es real<\/h2>\n<\/div>\n\n\n\n<div class=\"wp-block-column is-layout-flow wp-block-column-is-layout-flow\" style=\"flex-basis:66.66%\">\n<p class=\"wp-block-paragraph\">Desde el momento en que te diagnosticaron diabetes tipo 1 (DT1), probablemente toda tu relaci\u00f3n con la comida cambi\u00f3. Cada comida requiere una cuidadosa reflexi\u00f3n, algo de matem\u00e1ticas y la presi\u00f3n de hacer las elecciones &#8220;correctas&#8221;.<\/p>\n\n\n\n<p class=\"wp-block-paragraph\">Tambi\u00e9n es probable que est\u00e9s oyendo y leyendo muchas opiniones, consejos y sermones de amigos y familiares, de los medios de comunicaci\u00f3n e incluso de completos desconocidos. Puede que algo de esto no coincida con lo que te dice tu equipo de cuidado de diabetes. Combinada con la presi\u00f3n que muchas personas sienten de la sociedad para tener un aspecto determinado, la DT1 puede contribuir f\u00e1cilmente a comportamientos alimenticios desordenados, e incluso a trastornos alimenticios como la anorexia, la bulimia y los atracones.<\/p>\n\n\n\n<p class=\"wp-block-paragraph\">De hecho, las investigaciones afirman que las personas con DT1 tienen m\u00e1s probabilidades de desarrollar trastornos alimenticios que las que no tienen diabetes. Esto es especialmente cierto en el caso de las chicas y las mujeres pero los chicos y los hombres con DT1 tambi\u00e9n pueden sufrir trastornos alimenticios.<\/p>\n<\/div>\n<\/div>\n<\/div>\n\n\n\n<div class=\"wp-block-group alignfull has-white-background-color has-background is-layout-constrained wp-block-group-is-layout-constrained\">\n<div class=\"wp-block-columns is-layout-flex wp-container-core-columns-is-layout-28f84493 wp-block-columns-is-layout-flex has-2-columns\">\n<div class=\"wp-block-column is-layout-flow wp-block-column-is-layout-flow\" style=\"flex-basis:33.33%\">\n<h2 class=\"wp-block-heading has-h-3-font-size\" id=\"concerns-about-insulin-and-weight-gain\">Preocupaci\u00f3n por la insulina y el aumento de peso<\/h2>\n<\/div>\n\n\n\n<div class=\"wp-block-column is-layout-flow wp-block-column-is-layout-flow\" style=\"flex-basis:66.66%\">\n<p class=\"wp-block-paragraph\">Muchas personas pierden bastante peso en las semanas previas al diagn\u00f3stico de su DT1. Esa p\u00e9rdida de peso se produce porque sin insulina que permita utilizar la glucosa como energ\u00eda dentro de la c\u00e9lula, el cuerpo quema grasa y m\u00fasculo para obtener energ\u00eda en su lugar.<\/p>\n\n\n\n<p class=\"wp-block-paragraph\">Cuando inicies el tratamiento con insulina, puedes experimentar cierto aumento de peso. \u00a1No pasa nada! Sin embargo, para algunas personas puede ser sorprendente o frustrante. Pero es importante recordar que <em>todos los<\/em> seres humanos necesitan insulina para vivir. Si aumentas de peso m\u00e1s de lo previsto en los meses siguientes al diagn\u00f3stico, trabaja con tu equipo de salud para evaluar tus dosis de insulina y tu nutrici\u00f3n para controlar cualquier aumento de peso no deseado.<\/p>\n<\/div>\n<\/div>\n<\/div>\n\n\n\n<div class=\"wp-block-group alignfull has-light-gray-background-color has-background is-layout-constrained wp-block-group-is-layout-constrained\">\n<div class=\"wp-block-columns is-layout-flex wp-container-core-columns-is-layout-28f84493 wp-block-columns-is-layout-flex has-2-columns\">\n<div class=\"wp-block-column is-layout-flow wp-block-column-is-layout-flow\" style=\"flex-basis:33.33%\">\n<h2 class=\"wp-block-heading has-h-3-font-size\" id=\"skipping-insulin-and-risking-your-life\">Saltarse la insulina y arriesgar la vida<\/h2>\n<\/div>\n\n\n\n<div class=\"wp-block-column is-layout-flow wp-block-column-is-layout-flow\" style=\"flex-basis:66.66%\">\n<p class=\"wp-block-paragraph\">Saltarse la insulina para adelgazar es extremadamente peligroso y <em>no<\/em> es una forma eficaz de perder peso. Cualquier p\u00e9rdida de peso que puedas experimentar restringiendo la insulina ser\u00e1 temporal. Y lo que es m\u00e1s importante, restringir tu insulina te llevar\u00e1 a un nivel elevado de glucosa en sangre y te pondr\u00e1 en riesgo de sufrir complicaciones, entre otras:<\/p>\n\n\n\n<ul class=\"wp-block-list\">\n<li class=\"wp-block-list-item\">Riesgo significativo de hospitalizaci\u00f3n por cetoacidosis diab\u00e9tica (CAD)  <\/li>\n\n\n\n<li class=\"wp-block-list-item\">Fatiga<\/li>\n\n\n\n<li class=\"wp-block-list-item\">Ansias intensas de comer  <\/li>\n\n\n\n<li class=\"wp-block-list-item\">Da\u00f1os en los vasos sangu\u00edneos de los ojos, ri\u00f1ones, dedos de las manos y de los pies, coraz\u00f3n, etc.  <\/li>\n\n\n\n<li class=\"wp-block-list-item\">Mayor riesgo de infecciones que provocan amputaciones de piernas\/pies  <\/li>\n\n\n\n<li class=\"wp-block-list-item\">P\u00e9rdida de la menstruaci\u00f3n y de la fertilidad  <\/li>\n\n\n\n<li class=\"wp-block-list-item\">Candidiasis recurrentes (sobre todo en ni\u00f1as y mujeres)<\/li>\n\n\n\n<li class=\"wp-block-list-item\">Coma o muerte  <\/li>\n<\/ul>\n\n\n\n<p class=\"wp-block-paragraph\">Si t\u00fa o un ser querido se limitan o saltan la insulina a prop\u00f3sito, con niveles de glucosa en sangre peligrosamente elevados, pide ayuda a tu equipo de salud.<\/p>\n<\/div>\n<\/div>\n<\/div>\n\n\n\n<div class=\"wp-block-group alignfull has-white-background-color has-background is-layout-constrained wp-block-group-is-layout-constrained\">\n<div class=\"wp-block-columns is-layout-flex wp-container-core-columns-is-layout-28f84493 wp-block-columns-is-layout-flex has-2-columns\">\n<div class=\"wp-block-column is-layout-flow wp-block-column-is-layout-flow\" style=\"flex-basis:33.33%\">\n<h2 class=\"wp-block-heading has-h-3-font-size\" id=\"other-eating-disorders\">Otros trastornos alimenticios<\/h2>\n<\/div>\n\n\n\n<div class=\"wp-block-column is-layout-flow wp-block-column-is-layout-flow\" style=\"flex-basis:66.66%\">\n<p class=\"wp-block-paragraph\">No todos los trastornos alimenticios de la diabetes tipo 1 tienen que ver con la restricci\u00f3n u omisi\u00f3n de insulina. Las personas con DT1 pueden desarrollar otros trastornos alimenticios igual que las personas sin diabetes. Los riesgos y complicaciones de estos trastornos alimenticios pueden ser m\u00e1s peligrosos para las personas con DT1. Limitar la ingesti\u00f3n de alimentos puede aumentar el riesgo de hipoglucemia grave, mientras que los v\u00f3mitos repetidos pueden provocar bajadas graves, deshidrataci\u00f3n y CAD. Si luchas contra los trastornos alimenticios, habla con tu equipo de cuidado de diabetes. Recibir tratamiento pronto es importante tanto para tu salud y seguridad inmediatas como a largo plazo.<\/p>\n<\/div>\n<\/div>\n<\/div>\n\n\n\n<div class=\"wp-block-group alignfull has-light-gray-background-color has-background is-layout-constrained wp-block-group-is-layout-constrained\">\n<div class=\"wp-block-columns is-layout-flex wp-container-core-columns-is-layout-28f84493 wp-block-columns-is-layout-flex has-2-columns\">\n<div class=\"wp-block-column is-layout-flow wp-block-column-is-layout-flow\" style=\"flex-basis:33.33%\">\n<h2 class=\"wp-block-heading has-h-3-font-size\" id=\"getting-support-for-eating-disorders\">Conseguir apoyo para los trastornos alimenticios<\/h2>\n<\/div>\n\n\n\n<div class=\"wp-block-column is-layout-flow wp-block-column-is-layout-flow\" style=\"flex-basis:66.66%\">\n<p class=\"wp-block-paragraph\">La Asociaci\u00f3n Americana de Diabetes (ADA) recomienda que todas las personas con DT1 sean examinadas por sus proveedores de asistencia m\u00e9dica para detectar des\u00f3rdenes o trastornos alimenticios. Si tu profesional m\u00e9dica no te pregunta sobre tus sentimientos en relaci\u00f3n con tu peso y tu alimentaci\u00f3n, \u00a1es importante que hables y se lo digas! Recibir tratamiento temprano es clave para cualquier trastorno alimenticio y puede ayudar a mejorar tus resultados m\u00e9dicos y psicol\u00f3gicos a largo plazo.<\/p>\n\n\n\n<p class=\"wp-block-paragraph\">El tratamiento de los trastornos alimenticios requiere un enfoque multidisciplinario e incluye endocrin\u00f3logos, especialistas en diabetes y en educaci\u00f3n, enfermeras, nutricionistas y proveedores de salud mental. Tanto en ni\u00f1os como en adultos, esto puede incluir terapia cognitivo-conductual, terapia familiar u otra terapia basada en pruebas, as\u00ed como educaci\u00f3n en diabetes y asesoramiento nutricional.<\/p>\n\n\n\n<p class=\"wp-block-paragraph\">Si tienes des\u00f3rdenes alimenticios o te saltas tus dosis de insulina, habla con tu equipo de cuidado de diabetes. Recibir tratamiento pronto es importante tanto para tu salud y seguridad inmediatas como a largo plazo.<\/p>\n<\/div>\n<\/div>\n<\/div>\n\n\n\n<div class=\"wp-block-group alignfull has-white-background-color has-background is-layout-constrained wp-block-group-is-layout-constrained\">\n<div class=\"wp-block-columns is-layout-flex wp-container-core-columns-is-layout-28f84493 wp-block-columns-is-layout-flex has-2-columns\">\n<div class=\"wp-block-column is-layout-flow wp-block-column-is-layout-flow\" style=\"flex-basis:66.66%\">\n<h2 class=\"wp-block-heading\" id=\"more-food-and-diet-guidance\">M\u00e1s orientaci\u00f3n sobre alimentos y dieta<\/h2>\n<\/div>\n\n\n\n<div class=\"wp-block-column is-layout-flow wp-block-column-is-layout-flow\" style=\"flex-basis:33.33%\"><\/div>\n<\/div>\n\n\n\n<div class=\"wp-block-columns is-layout-flex wp-container-core-columns-is-layout-5f1c768b wp-block-columns-is-layout-flex has-2-columns\" style=\"margin-top:var(--wp--preset--spacing--56)\">\n<div class=\"wp-block-column is-layout-flow wp-block-column-is-layout-flow\">\n<hr class=\"wp-block-separator has-alpha-channel-opacity\" \/>\n\n\n\n<div class=\"wp-block-buttons is-layout-flex wp-block-buttons-is-layout-flex\" style=\"margin-top:var(--wp--preset--spacing--24)\">\n<div class=\"wp-block-button is-style-large-link\"><a class=\"wp-block-button__link wp-element-button\" href=\"https:\/\/www.breakthrought1d.org\/es\/recursos-dt1\/alimentacion-y-dieta\/puedes-comerte-eso\/\">\u00bfPuedes comerte eso?<\/a><\/div>\n<\/div>\n\n\n\n<p class=\"wp-block-paragraph\">Aprende sobre nutrici\u00f3n adoptando un enfoque realista<\/p>\n\n\n\n<hr class=\"wp-block-separator has-alpha-channel-opacity\" style=\"margin-top:var(--wp--preset--spacing--24)\" \/>\n<\/div>\n\n\n\n<div class=\"wp-block-column is-layout-flow wp-block-column-is-layout-flow\">\n<hr class=\"wp-block-separator has-alpha-channel-opacity\" \/>\n\n\n\n<div class=\"wp-block-buttons is-layout-flex wp-block-buttons-is-layout-flex\" style=\"margin-top:var(--wp--preset--spacing--24)\">\n<div class=\"wp-block-button is-style-large-link\"><a class=\"wp-block-button__link wp-element-button\" href=\"https:\/\/www.breakthrought1d.org\/es\/recursos-dt1\/alimentacion-y-dieta\/trastornos-alimentarios-y-dt1\/\">Trastornos alimenticios y diabetes tipo 1<\/a><\/div>\n<\/div>\n\n\n\n<p class=\"wp-block-paragraph\">Presta atenci\u00f3n a tu relaci\u00f3n con la comida<\/p>\n\n\n\n<hr class=\"wp-block-separator has-alpha-channel-opacity\" style=\"margin-top:var(--wp--preset--spacing--24)\" \/>\n<\/div>\n<\/div>\n<\/div>\n","protected":false,"raw":""},"excerpt":{"rendered":"<p>Controlar la diabetes tipo 1 requiere que pienses en los alimentos y en todo lo que comes cada d\u00eda. La presi\u00f3n es real Desde el momento en que te diagnosticaron diabetes tipo 1 (DT1), probablemente toda tu relaci\u00f3n con la comida cambi\u00f3. Cada comida requiere una cuidadosa reflexi\u00f3n, algo de matem\u00e1ticas y la presi\u00f3n de [&hellip;]<\/p>\n","protected":false},"author":1100,"featured_media":0,"parent":213992,"menu_order":0,"comment_status":"closed","ping_status":"closed","template":"","meta":{"_acf_changed":false,"ep_exclude_from_search":false,"publish_on_app_meta":"True","iawp_total_views":79,"footnotes":""},"class_list":["post-213995","page","type-page","status-publish","hentry"],"acf":[],"yoast_head":"<!-- This site is optimized with the Yoast SEO plugin v27.3 - https:\/\/yoast.com\/product\/yoast-seo-wordpress\/ -->\n<title>Trastornos alimentarios y diabetes tipo 1 - Breakthrough T1D<\/title>\n<meta name=\"description\" content=\"Inf\u00f3rmate sobre los trastornos alimentarios y la diabetes tipo 1 (T1D), los riesgos y d\u00f3nde obtener apoyo y tratamiento.\" \/>\n<meta name=\"robots\" content=\"index, follow, max-snippet:-1, max-image-preview:large, max-video-preview:-1\" \/>\n<link rel=\"canonical\" href=\"https:\/\/www.breakthrought1d.org\/es\/recursos-dt1\/alimentacion-y-dieta\/trastornos-alimentarios-y-dt1\/\" \/>\n<meta property=\"og:locale\" content=\"es_ES\" \/>\n<meta property=\"og:type\" content=\"article\" \/>\n<meta property=\"og:title\" content=\"Trastornos alimentarios y diabetes tipo 1 - Breakthrough T1D\" \/>\n<meta property=\"og:description\" content=\"Inf\u00f3rmate sobre los trastornos alimentarios y la diabetes tipo 1 (T1D), los riesgos y d\u00f3nde obtener apoyo y tratamiento.\" \/>\n<meta property=\"og:url\" content=\"https:\/\/www.breakthrought1d.org\/es\/recursos-dt1\/alimentacion-y-dieta\/trastornos-alimentarios-y-dt1\/\" \/>\n<meta property=\"og:site_name\" content=\"Breakthrough T1D\" \/>\n<meta property=\"article:publisher\" content=\"https:\/\/www.facebook.com\/breakthrought1dHQ\" \/>\n<meta property=\"article:modified_time\" content=\"2025-04-30T16:28:02+00:00\" \/>\n<meta property=\"og:image\" content=\"https:\/\/www.breakthrought1d.org\/wp-content\/uploads\/2024\/06\/BT1D-fallbck-scaled.jpg\" \/>\n\t<meta property=\"og:image:width\" content=\"2560\" \/>\n\t<meta property=\"og:image:height\" content=\"1440\" \/>\n\t<meta property=\"og:image:type\" content=\"image\/jpeg\" \/>\n<meta name=\"twitter:card\" content=\"summary_large_image\" \/>\n<meta name=\"twitter:site\" content=\"@breakthrought1d\" \/>\n<meta name=\"twitter:label1\" content=\"Tiempo de lectura\" \/>\n\t<meta name=\"twitter:data1\" content=\"4 minutos\" \/>\n<script type=\"application\/ld+json\" class=\"yoast-schema-graph\">{\"@context\":\"https:\\\/\\\/schema.org\",\"@graph\":[{\"@type\":\"WebPage\",\"@id\":\"https:\\\/\\\/www.breakthrought1d.org\\\/es\\\/recursos-dt1\\\/alimentacion-y-dieta\\\/trastornos-alimentarios-y-dt1\\\/\",\"url\":\"https:\\\/\\\/www.breakthrought1d.org\\\/es\\\/recursos-dt1\\\/alimentacion-y-dieta\\\/trastornos-alimentarios-y-dt1\\\/\",\"name\":\"Trastornos alimentarios y diabetes tipo 1 - Breakthrough T1D\",\"isPartOf\":{\"@id\":\"https:\\\/\\\/www.breakthrought1d.org\\\/es\\\/#website\"},\"datePublished\":\"2024-07-15T15:27:19+00:00\",\"dateModified\":\"2025-04-30T16:28:02+00:00\",\"description\":\"Inf\u00f3rmate sobre los trastornos alimentarios y la diabetes tipo 1 (T1D), los riesgos y d\u00f3nde obtener apoyo y tratamiento.\",\"breadcrumb\":{\"@id\":\"https:\\\/\\\/www.breakthrought1d.org\\\/es\\\/recursos-dt1\\\/alimentacion-y-dieta\\\/trastornos-alimentarios-y-dt1\\\/#breadcrumb\"},\"inLanguage\":\"es\",\"potentialAction\":[{\"@type\":\"ReadAction\",\"target\":[\"https:\\\/\\\/www.breakthrought1d.org\\\/es\\\/recursos-dt1\\\/alimentacion-y-dieta\\\/trastornos-alimentarios-y-dt1\\\/\"]}]},{\"@type\":\"BreadcrumbList\",\"@id\":\"https:\\\/\\\/www.breakthrought1d.org\\\/es\\\/recursos-dt1\\\/alimentacion-y-dieta\\\/trastornos-alimentarios-y-dt1\\\/#breadcrumb\",\"itemListElement\":[{\"@type\":\"ListItem\",\"position\":1,\"name\":\"Inicio\",\"item\":\"https:\\\/\\\/www.breakthrought1d.org\\\/es\\\/pagina-de-actualizacion-de-test\\\/\"},{\"@type\":\"ListItem\",\"position\":2,\"name\":\"Biblioteca de recursos para la diabetes tipo 1\",\"item\":\"https:\\\/\\\/www.breakthrought1d.org\\\/es\\\/recursos-dt1\\\/\"},{\"@type\":\"ListItem\",\"position\":3,\"name\":\"Alimentaci\u00f3n y dieta\",\"item\":\"https:\\\/\\\/www.breakthrought1d.org\\\/es\\\/recursos-dt1\\\/alimentacion-y-dieta\\\/\"},{\"@type\":\"ListItem\",\"position\":4,\"name\":\"Trastornos alimentarios y diabetes tipo 1\"}]},{\"@type\":\"WebSite\",\"@id\":\"https:\\\/\\\/www.breakthrought1d.org\\\/es\\\/#website\",\"url\":\"https:\\\/\\\/www.breakthrought1d.org\\\/es\\\/\",\"name\":\"Breakthrough T1D\",\"description\":\"Improving Lives. Curing Type 1 Diabetes.\",\"publisher\":{\"@id\":\"https:\\\/\\\/www.breakthrought1d.org\\\/es\\\/#organization\"},\"potentialAction\":[{\"@type\":\"SearchAction\",\"target\":{\"@type\":\"EntryPoint\",\"urlTemplate\":\"https:\\\/\\\/www.breakthrought1d.org\\\/es\\\/?s={search_term_string}\"},\"query-input\":{\"@type\":\"PropertyValueSpecification\",\"valueRequired\":true,\"valueName\":\"search_term_string\"}}],\"inLanguage\":\"es\"},{\"@type\":\"Organization\",\"@id\":\"https:\\\/\\\/www.breakthrought1d.org\\\/es\\\/#organization\",\"name\":\"Breakthrough T1D\",\"url\":\"https:\\\/\\\/www.breakthrought1d.org\\\/es\\\/\",\"logo\":{\"@type\":\"ImageObject\",\"inLanguage\":\"es\",\"@id\":\"https:\\\/\\\/www.breakthrought1d.org\\\/es\\\/#\\\/schema\\\/logo\\\/image\\\/\",\"url\":\"https:\\\/\\\/www.breakthrought1d.org\\\/wp-content\\\/uploads\\\/2024\\\/06\\\/BT1D-favi.png\",\"contentUrl\":\"https:\\\/\\\/www.breakthrought1d.org\\\/wp-content\\\/uploads\\\/2024\\\/06\\\/BT1D-favi.png\",\"width\":400,\"height\":400,\"caption\":\"Breakthrough T1D\"},\"image\":{\"@id\":\"https:\\\/\\\/www.breakthrought1d.org\\\/es\\\/#\\\/schema\\\/logo\\\/image\\\/\"},\"sameAs\":[\"https:\\\/\\\/www.facebook.com\\\/breakthrought1dHQ\",\"https:\\\/\\\/x.com\\\/breakthrought1d\",\"https:\\\/\\\/www.youtube.com\\\/@breakthrought1d\",\"https:\\\/\\\/www.instagram.com\\\/breakthrought1d\\\/\",\"https:\\\/\\\/www.tiktok.com\\\/@breakthrought1dhq\"]}]}<\/script>\n<!-- \/ Yoast SEO plugin. -->","yoast_head_json":{"title":"Trastornos alimentarios y diabetes tipo 1 - Breakthrough T1D","description":"Inf\u00f3rmate sobre los trastornos alimentarios y la diabetes tipo 1 (T1D), los riesgos y d\u00f3nde obtener apoyo y tratamiento.","robots":{"index":"index","follow":"follow","max-snippet":"max-snippet:-1","max-image-preview":"max-image-preview:large","max-video-preview":"max-video-preview:-1"},"canonical":"https:\/\/www.breakthrought1d.org\/es\/recursos-dt1\/alimentacion-y-dieta\/trastornos-alimentarios-y-dt1\/","og_locale":"es_ES","og_type":"article","og_title":"Trastornos alimentarios y diabetes tipo 1 - Breakthrough T1D","og_description":"Inf\u00f3rmate sobre los trastornos alimentarios y la diabetes tipo 1 (T1D), los riesgos y d\u00f3nde obtener apoyo y tratamiento.","og_url":"https:\/\/www.breakthrought1d.org\/es\/recursos-dt1\/alimentacion-y-dieta\/trastornos-alimentarios-y-dt1\/","og_site_name":"Breakthrough T1D","article_publisher":"https:\/\/www.facebook.com\/breakthrought1dHQ","article_modified_time":"2025-04-30T16:28:02+00:00","og_image":[{"width":2560,"height":1440,"url":"https:\/\/www.breakthrought1d.org\/wp-content\/uploads\/2024\/06\/BT1D-fallbck-scaled.jpg","type":"image\/jpeg"}],"twitter_card":"summary_large_image","twitter_site":"@breakthrought1d","twitter_misc":{"Tiempo de lectura":"4 minutos"},"schema":{"@context":"https:\/\/schema.org","@graph":[{"@type":"WebPage","@id":"https:\/\/www.breakthrought1d.org\/es\/recursos-dt1\/alimentacion-y-dieta\/trastornos-alimentarios-y-dt1\/","url":"https:\/\/www.breakthrought1d.org\/es\/recursos-dt1\/alimentacion-y-dieta\/trastornos-alimentarios-y-dt1\/","name":"Trastornos alimentarios y diabetes tipo 1 - Breakthrough T1D","isPartOf":{"@id":"https:\/\/www.breakthrought1d.org\/es\/#website"},"datePublished":"2024-07-15T15:27:19+00:00","dateModified":"2025-04-30T16:28:02+00:00","description":"Inf\u00f3rmate sobre los trastornos alimentarios y la diabetes tipo 1 (T1D), los riesgos y d\u00f3nde obtener apoyo y tratamiento.","breadcrumb":{"@id":"https:\/\/www.breakthrought1d.org\/es\/recursos-dt1\/alimentacion-y-dieta\/trastornos-alimentarios-y-dt1\/#breadcrumb"},"inLanguage":"es","potentialAction":[{"@type":"ReadAction","target":["https:\/\/www.breakthrought1d.org\/es\/recursos-dt1\/alimentacion-y-dieta\/trastornos-alimentarios-y-dt1\/"]}]},{"@type":"BreadcrumbList","@id":"https:\/\/www.breakthrought1d.org\/es\/recursos-dt1\/alimentacion-y-dieta\/trastornos-alimentarios-y-dt1\/#breadcrumb","itemListElement":[{"@type":"ListItem","position":1,"name":"Inicio","item":"https:\/\/www.breakthrought1d.org\/es\/pagina-de-actualizacion-de-test\/"},{"@type":"ListItem","position":2,"name":"Biblioteca de recursos para la diabetes tipo 1","item":"https:\/\/www.breakthrought1d.org\/es\/recursos-dt1\/"},{"@type":"ListItem","position":3,"name":"Alimentaci\u00f3n y dieta","item":"https:\/\/www.breakthrought1d.org\/es\/recursos-dt1\/alimentacion-y-dieta\/"},{"@type":"ListItem","position":4,"name":"Trastornos alimentarios y diabetes tipo 1"}]},{"@type":"WebSite","@id":"https:\/\/www.breakthrought1d.org\/es\/#website","url":"https:\/\/www.breakthrought1d.org\/es\/","name":"Breakthrough T1D","description":"Improving Lives. Curing Type 1 Diabetes.","publisher":{"@id":"https:\/\/www.breakthrought1d.org\/es\/#organization"},"potentialAction":[{"@type":"SearchAction","target":{"@type":"EntryPoint","urlTemplate":"https:\/\/www.breakthrought1d.org\/es\/?s={search_term_string}"},"query-input":{"@type":"PropertyValueSpecification","valueRequired":true,"valueName":"search_term_string"}}],"inLanguage":"es"},{"@type":"Organization","@id":"https:\/\/www.breakthrought1d.org\/es\/#organization","name":"Breakthrough T1D","url":"https:\/\/www.breakthrought1d.org\/es\/","logo":{"@type":"ImageObject","inLanguage":"es","@id":"https:\/\/www.breakthrought1d.org\/es\/#\/schema\/logo\/image\/","url":"https:\/\/www.breakthrought1d.org\/wp-content\/uploads\/2024\/06\/BT1D-favi.png","contentUrl":"https:\/\/www.breakthrought1d.org\/wp-content\/uploads\/2024\/06\/BT1D-favi.png","width":400,"height":400,"caption":"Breakthrough T1D"},"image":{"@id":"https:\/\/www.breakthrought1d.org\/es\/#\/schema\/logo\/image\/"},"sameAs":["https:\/\/www.facebook.com\/breakthrought1dHQ","https:\/\/x.com\/breakthrought1d","https:\/\/www.youtube.com\/@breakthrought1d","https:\/\/www.instagram.com\/breakthrought1d\/","https:\/\/www.tiktok.com\/@breakthrought1dhq"]}]}},"_links":{"self":[{"href":"https:\/\/www.breakthrought1d.org\/es\/wp-json\/wp\/v2\/pages\/213995","targetHints":{"allow":["GET"]}}],"collection":[{"href":"https:\/\/www.breakthrought1d.org\/es\/wp-json\/wp\/v2\/pages"}],"about":[{"href":"https:\/\/www.breakthrought1d.org\/es\/wp-json\/wp\/v2\/types\/page"}],"author":[{"embeddable":true,"href":"https:\/\/www.breakthrought1d.org\/es\/wp-json\/wp\/v2\/users\/1100"}],"replies":[{"embeddable":true,"href":"https:\/\/www.breakthrought1d.org\/es\/wp-json\/wp\/v2\/comments?post=213995"}],"version-history":[{"count":0,"href":"https:\/\/www.breakthrought1d.org\/es\/wp-json\/wp\/v2\/pages\/213995\/revisions"}],"up":[{"embeddable":true,"href":"https:\/\/www.breakthrought1d.org\/es\/wp-json\/wp\/v2\/pages\/213992"}],"wp:attachment":[{"href":"https:\/\/www.breakthrought1d.org\/es\/wp-json\/wp\/v2\/media?parent=213995"}],"curies":[{"name":"wp","href":"https:\/\/api.w.org\/{rel}","templated":true}]}}