{"id":215589,"date":"2024-10-23T10:47:55","date_gmt":"2024-10-23T14:47:55","guid":{"rendered":"https:\/\/www.breakthrought1d.org\/?page_id=215589"},"modified":"2024-10-23T10:49:00","modified_gmt":"2024-10-23T14:49:00","slug":"breakthrough-t1d-bolsa-de-esperanza-gracias","status":"publish","type":"page","link":"https:\/\/www.breakthrought1d.org\/es\/soporte-ninos\/bolsa-de-esperanza\/solicita-bolsa-de-esperanza-esp\/breakthrough-t1d-bolsa-de-esperanza-gracias\/","title":{"rendered":"Breakthrough T1D Bolsa de Esperanza Gracias"},"content":{"rendered":"\n<div class=\"page-header alignfull wp-block-jdfr-page-header\">\n\t<div class=\"page-header__inner-container\">\n\t\t\n<nav id=\"breadcrumbs\" class=\"site-breadcrumbs alignfull\" aria-label=\"Breadcrumbs\">\n\t<ul class=\"site-breadcrumbs__inner\"><li class=\"breadcrumb-item\"><a href=\"https:\/\/www.breakthrought1d.org\/es\/\">Inicio<\/a><\/li><li class=\"site-breadcrumbs__separator\"><?xml version=\"1.0\"?>\n<svg xmlns=\"http:\/\/www.w3.org\/2000\/svg\" width=\"9.143\" height=\"16\" fill=\"currentColor\" viewBox=\"0 0 9.143 16\" aria-hidden=\"true\"><path d=\"M9.143,21a1.143,1.143,0,0,1-.808-1.951L14.384,13,8.335,6.951A1.143,1.143,0,0,1,9.951,5.335l6.857,6.857a1.143,1.143,0,0,1,0,1.616L9.951,20.665A1.139,1.139,0,0,1,9.143,21Z\" transform=\"translate(-8 -5)\"\/><\/svg>\n<\/li><li class=\"breadcrumb-item\" aria-current=\"page\" tabindex=\"0\" role=\"text\" aria-label=\"Current-page: \"><\/li><\/ul><\/nav>\n\n\t\t<div class=\"page-header__content\">\n\t\t\t<h1 class=\"page-header__title\">Breakthrough T1D <br>Bolsa de Esperanza<\/h1>\n\t\t\t\t\t<\/div>\n\t<\/div>\n<\/div>\n\n\n\n<div class=\"wp-block-group is-layout-constrained wp-block-group-is-layout-constrained\" style=\"padding-top:var(--wp--preset--spacing--128);padding-bottom:var(--wp--preset--spacing--128)\">\n<div class=\"wp-block-columns is-layout-flex wp-container-core-columns-is-layout-28f84493 wp-block-columns-is-layout-flex\">\n<div class=\"wp-block-column is-layout-flow wp-block-column-is-layout-flow\" style=\"flex-basis:40%\">\n<h2 class=\"wp-block-heading\" id=\"gracias-por-solicitar-su-breakthrough-bolsa-de-esperanza\">Gracias por solicitar su Breakthrough Bolsa de Esperanza<\/h2>\n<\/div>\n\n\n\n<div class=\"wp-block-column is-layout-flow wp-block-column-is-layout-flow\" style=\"flex-basis:60%\">\n<p>El Breakthrough T1D Bolsa de Esperanza es solo su punto de partida: \u00a1hay m\u00e1s apoyo en camino! Pronto recibir\u00e1 noticias de un voluntario que podr\u00e1 responder cualquier pregunta que pueda tener. Tambi\u00e9n lo conectar\u00e1n con recursos adicionales para ayudar a su familia en su viaje hacia la diabetes Tipo 1.<\/p>\n\n\n\n<div class=\"wp-block-buttons is-layout-flex wp-block-buttons-is-layout-flex\">\n<div class=\"wp-block-button is-style-secondary\"><a class=\"wp-block-button__link wp-element-button\" href=\"\/es\/soporte-ninos\/\">Volver a Apoyo para ni\u00f1os<\/a><\/div>\n<\/div>\n<\/div>\n<\/div>\n<\/div>\n","protected":false,"raw":""},"excerpt":{"rendered":"<p>Gracias por solicitar su Breakthrough Bolsa de Esperanza El Breakthrough T1D Bolsa de Esperanza es solo su punto de partida: \u00a1hay m\u00e1s apoyo en camino! Pronto recibir\u00e1 noticias de un voluntario que podr\u00e1 responder cualquier pregunta que pueda tener. Tambi\u00e9n lo conectar\u00e1n con recursos adicionales para ayudar a su familia en su viaje hacia la [&hellip;]<\/p>\n","protected":false},"author":8,"featured_media":0,"parent":215582,"menu_order":0,"comment_status":"closed","ping_status":"closed","template":"","meta":{"_acf_changed":false,"ep_exclude_from_search":false,"publish_on_app_meta":"True","iawp_total_views":247,"footnotes":""},"class_list":["post-215589","page","type-page","status-publish","hentry"],"acf":[],"yoast_head":"<!-- This site is optimized with the Yoast SEO plugin v27.3 - https:\/\/yoast.com\/product\/yoast-seo-wordpress\/ -->\n<title>Breakthrough T1D Bolsa de Esperanza Gracias - Breakthrough T1D<\/title>\n<meta name=\"robots\" content=\"index, follow, max-snippet:-1, max-image-preview:large, max-video-preview:-1\" \/>\n<link rel=\"canonical\" href=\"https:\/\/www.breakthrought1d.org\/es\/soporte-ninos\/bolsa-de-esperanza\/solicita-bolsa-de-esperanza-esp\/breakthrough-t1d-bolsa-de-esperanza-gracias\/\" \/>\n<meta property=\"og:locale\" content=\"es_ES\" \/>\n<meta property=\"og:type\" content=\"article\" \/>\n<meta property=\"og:title\" content=\"Breakthrough T1D Bolsa de Esperanza Gracias - Breakthrough T1D\" \/>\n<meta property=\"og:description\" content=\"Gracias por solicitar su Breakthrough Bolsa de Esperanza El Breakthrough T1D Bolsa de Esperanza es solo su punto de partida: \u00a1hay m\u00e1s apoyo en camino! Pronto recibir\u00e1 noticias de un voluntario que podr\u00e1 responder cualquier pregunta que pueda tener. Tambi\u00e9n lo conectar\u00e1n con recursos adicionales para ayudar a su familia en su viaje hacia la [&hellip;]\" \/>\n<meta property=\"og:url\" content=\"https:\/\/www.breakthrought1d.org\/es\/soporte-ninos\/bolsa-de-esperanza\/solicita-bolsa-de-esperanza-esp\/breakthrough-t1d-bolsa-de-esperanza-gracias\/\" \/>\n<meta property=\"og:site_name\" content=\"Breakthrough T1D\" \/>\n<meta property=\"article:publisher\" content=\"https:\/\/www.facebook.com\/breakthrought1dHQ\" \/>\n<meta property=\"article:modified_time\" content=\"2024-10-23T14:49:00+00:00\" \/>\n<meta property=\"og:image\" content=\"https:\/\/www.breakthrought1d.org\/wp-content\/uploads\/2024\/06\/BT1D-fallbck-scaled.jpg\" \/>\n\t<meta property=\"og:image:width\" content=\"2560\" \/>\n\t<meta property=\"og:image:height\" content=\"1440\" \/>\n\t<meta property=\"og:image:type\" content=\"image\/jpeg\" \/>\n<meta name=\"twitter:card\" content=\"summary_large_image\" \/>\n<meta name=\"twitter:site\" content=\"@breakthrought1d\" \/>\n<meta name=\"twitter:label1\" content=\"Tiempo de lectura\" \/>\n\t<meta name=\"twitter:data1\" content=\"1 minuto\" \/>\n<script type=\"application\/ld+json\" class=\"yoast-schema-graph\">{\"@context\":\"https:\\\/\\\/schema.org\",\"@graph\":[{\"@type\":\"WebPage\",\"@id\":\"https:\\\/\\\/www.breakthrought1d.org\\\/es\\\/soporte-ninos\\\/bolsa-de-esperanza\\\/solicita-bolsa-de-esperanza-esp\\\/breakthrough-t1d-bolsa-de-esperanza-gracias\\\/\",\"url\":\"https:\\\/\\\/www.breakthrought1d.org\\\/es\\\/soporte-ninos\\\/bolsa-de-esperanza\\\/solicita-bolsa-de-esperanza-esp\\\/breakthrough-t1d-bolsa-de-esperanza-gracias\\\/\",\"name\":\"Breakthrough T1D Bolsa de Esperanza Gracias - Breakthrough T1D\",\"isPartOf\":{\"@id\":\"https:\\\/\\\/www.breakthrought1d.org\\\/es\\\/#website\"},\"datePublished\":\"2024-10-23T14:47:55+00:00\",\"dateModified\":\"2024-10-23T14:49:00+00:00\",\"breadcrumb\":{\"@id\":\"https:\\\/\\\/www.breakthrought1d.org\\\/es\\\/soporte-ninos\\\/bolsa-de-esperanza\\\/solicita-bolsa-de-esperanza-esp\\\/breakthrough-t1d-bolsa-de-esperanza-gracias\\\/#breadcrumb\"},\"inLanguage\":\"es\",\"potentialAction\":[{\"@type\":\"ReadAction\",\"target\":[\"https:\\\/\\\/www.breakthrought1d.org\\\/es\\\/soporte-ninos\\\/bolsa-de-esperanza\\\/solicita-bolsa-de-esperanza-esp\\\/breakthrough-t1d-bolsa-de-esperanza-gracias\\\/\"]}]},{\"@type\":\"BreadcrumbList\",\"@id\":\"https:\\\/\\\/www.breakthrought1d.org\\\/es\\\/soporte-ninos\\\/bolsa-de-esperanza\\\/solicita-bolsa-de-esperanza-esp\\\/breakthrough-t1d-bolsa-de-esperanza-gracias\\\/#breadcrumb\",\"itemListElement\":[{\"@type\":\"ListItem\",\"position\":1,\"name\":\"Inicio\",\"item\":\"https:\\\/\\\/www.breakthrought1d.org\\\/es\\\/\"},{\"@type\":\"ListItem\",\"position\":2,\"name\":\"Apoyo Ni\u00f1os\",\"item\":\"https:\\\/\\\/www.breakthrought1d.org\\\/es\\\/soporte-ninos\\\/\"},{\"@type\":\"ListItem\",\"position\":3,\"name\":\"Bolsa de Esperanza de Breakthrough T1D\",\"item\":\"https:\\\/\\\/www.breakthrought1d.org\\\/es\\\/soporte-ninos\\\/bolsa-de-esperanza\\\/\"},{\"@type\":\"ListItem\",\"position\":4,\"name\":\"Solicita una Bolsa de Esperanza\",\"item\":\"https:\\\/\\\/www.breakthrought1d.org\\\/es\\\/soporte-ninos\\\/bolsa-de-esperanza\\\/solicita-bolsa-de-esperanza-esp\\\/\"},{\"@type\":\"ListItem\",\"position\":5,\"name\":\"Breakthrough T1D Bolsa de Esperanza Gracias\"}]},{\"@type\":\"WebSite\",\"@id\":\"https:\\\/\\\/www.breakthrought1d.org\\\/es\\\/#website\",\"url\":\"https:\\\/\\\/www.breakthrought1d.org\\\/es\\\/\",\"name\":\"Breakthrough T1D\",\"description\":\"Improving Lives. Curing Type 1 Diabetes.\",\"publisher\":{\"@id\":\"https:\\\/\\\/www.breakthrought1d.org\\\/es\\\/#organization\"},\"potentialAction\":[{\"@type\":\"SearchAction\",\"target\":{\"@type\":\"EntryPoint\",\"urlTemplate\":\"https:\\\/\\\/www.breakthrought1d.org\\\/es\\\/?s={search_term_string}\"},\"query-input\":{\"@type\":\"PropertyValueSpecification\",\"valueRequired\":true,\"valueName\":\"search_term_string\"}}],\"inLanguage\":\"es\"},{\"@type\":\"Organization\",\"@id\":\"https:\\\/\\\/www.breakthrought1d.org\\\/es\\\/#organization\",\"name\":\"Breakthrough T1D\",\"url\":\"https:\\\/\\\/www.breakthrought1d.org\\\/es\\\/\",\"logo\":{\"@type\":\"ImageObject\",\"inLanguage\":\"es\",\"@id\":\"https:\\\/\\\/www.breakthrought1d.org\\\/es\\\/#\\\/schema\\\/logo\\\/image\\\/\",\"url\":\"https:\\\/\\\/www.breakthrought1d.org\\\/wp-content\\\/uploads\\\/2024\\\/06\\\/BT1D-favi.png\",\"contentUrl\":\"https:\\\/\\\/www.breakthrought1d.org\\\/wp-content\\\/uploads\\\/2024\\\/06\\\/BT1D-favi.png\",\"width\":400,\"height\":400,\"caption\":\"Breakthrough T1D\"},\"image\":{\"@id\":\"https:\\\/\\\/www.breakthrought1d.org\\\/es\\\/#\\\/schema\\\/logo\\\/image\\\/\"},\"sameAs\":[\"https:\\\/\\\/www.facebook.com\\\/breakthrought1dHQ\",\"https:\\\/\\\/x.com\\\/breakthrought1d\",\"https:\\\/\\\/www.youtube.com\\\/@breakthrought1d\",\"https:\\\/\\\/www.instagram.com\\\/breakthrought1d\\\/\",\"https:\\\/\\\/www.tiktok.com\\\/@breakthrought1dhq\"]}]}<\/script>\n<!-- \/ Yoast SEO plugin. -->","yoast_head_json":{"title":"Breakthrough T1D Bolsa de Esperanza Gracias - Breakthrough T1D","robots":{"index":"index","follow":"follow","max-snippet":"max-snippet:-1","max-image-preview":"max-image-preview:large","max-video-preview":"max-video-preview:-1"},"canonical":"https:\/\/www.breakthrought1d.org\/es\/soporte-ninos\/bolsa-de-esperanza\/solicita-bolsa-de-esperanza-esp\/breakthrough-t1d-bolsa-de-esperanza-gracias\/","og_locale":"es_ES","og_type":"article","og_title":"Breakthrough T1D Bolsa de Esperanza Gracias - Breakthrough T1D","og_description":"Gracias por solicitar su Breakthrough Bolsa de Esperanza El Breakthrough T1D Bolsa de Esperanza es solo su punto de partida: \u00a1hay m\u00e1s apoyo en camino! Pronto recibir\u00e1 noticias de un voluntario que podr\u00e1 responder cualquier pregunta que pueda tener. Tambi\u00e9n lo conectar\u00e1n con recursos adicionales para ayudar a su familia en su viaje hacia la [&hellip;]","og_url":"https:\/\/www.breakthrought1d.org\/es\/soporte-ninos\/bolsa-de-esperanza\/solicita-bolsa-de-esperanza-esp\/breakthrough-t1d-bolsa-de-esperanza-gracias\/","og_site_name":"Breakthrough T1D","article_publisher":"https:\/\/www.facebook.com\/breakthrought1dHQ","article_modified_time":"2024-10-23T14:49:00+00:00","og_image":[{"width":2560,"height":1440,"url":"https:\/\/www.breakthrought1d.org\/wp-content\/uploads\/2024\/06\/BT1D-fallbck-scaled.jpg","type":"image\/jpeg"}],"twitter_card":"summary_large_image","twitter_site":"@breakthrought1d","twitter_misc":{"Tiempo de lectura":"1 minuto"},"schema":{"@context":"https:\/\/schema.org","@graph":[{"@type":"WebPage","@id":"https:\/\/www.breakthrought1d.org\/es\/soporte-ninos\/bolsa-de-esperanza\/solicita-bolsa-de-esperanza-esp\/breakthrough-t1d-bolsa-de-esperanza-gracias\/","url":"https:\/\/www.breakthrought1d.org\/es\/soporte-ninos\/bolsa-de-esperanza\/solicita-bolsa-de-esperanza-esp\/breakthrough-t1d-bolsa-de-esperanza-gracias\/","name":"Breakthrough T1D Bolsa de Esperanza Gracias - Breakthrough T1D","isPartOf":{"@id":"https:\/\/www.breakthrought1d.org\/es\/#website"},"datePublished":"2024-10-23T14:47:55+00:00","dateModified":"2024-10-23T14:49:00+00:00","breadcrumb":{"@id":"https:\/\/www.breakthrought1d.org\/es\/soporte-ninos\/bolsa-de-esperanza\/solicita-bolsa-de-esperanza-esp\/breakthrough-t1d-bolsa-de-esperanza-gracias\/#breadcrumb"},"inLanguage":"es","potentialAction":[{"@type":"ReadAction","target":["https:\/\/www.breakthrought1d.org\/es\/soporte-ninos\/bolsa-de-esperanza\/solicita-bolsa-de-esperanza-esp\/breakthrough-t1d-bolsa-de-esperanza-gracias\/"]}]},{"@type":"BreadcrumbList","@id":"https:\/\/www.breakthrought1d.org\/es\/soporte-ninos\/bolsa-de-esperanza\/solicita-bolsa-de-esperanza-esp\/breakthrough-t1d-bolsa-de-esperanza-gracias\/#breadcrumb","itemListElement":[{"@type":"ListItem","position":1,"name":"Inicio","item":"https:\/\/www.breakthrought1d.org\/es\/"},{"@type":"ListItem","position":2,"name":"Apoyo Ni\u00f1os","item":"https:\/\/www.breakthrought1d.org\/es\/soporte-ninos\/"},{"@type":"ListItem","position":3,"name":"Bolsa de Esperanza de Breakthrough T1D","item":"https:\/\/www.breakthrought1d.org\/es\/soporte-ninos\/bolsa-de-esperanza\/"},{"@type":"ListItem","position":4,"name":"Solicita una Bolsa de Esperanza","item":"https:\/\/www.breakthrought1d.org\/es\/soporte-ninos\/bolsa-de-esperanza\/solicita-bolsa-de-esperanza-esp\/"},{"@type":"ListItem","position":5,"name":"Breakthrough T1D Bolsa de Esperanza Gracias"}]},{"@type":"WebSite","@id":"https:\/\/www.breakthrought1d.org\/es\/#website","url":"https:\/\/www.breakthrought1d.org\/es\/","name":"Breakthrough T1D","description":"Improving Lives. Curing Type 1 Diabetes.","publisher":{"@id":"https:\/\/www.breakthrought1d.org\/es\/#organization"},"potentialAction":[{"@type":"SearchAction","target":{"@type":"EntryPoint","urlTemplate":"https:\/\/www.breakthrought1d.org\/es\/?s={search_term_string}"},"query-input":{"@type":"PropertyValueSpecification","valueRequired":true,"valueName":"search_term_string"}}],"inLanguage":"es"},{"@type":"Organization","@id":"https:\/\/www.breakthrought1d.org\/es\/#organization","name":"Breakthrough T1D","url":"https:\/\/www.breakthrought1d.org\/es\/","logo":{"@type":"ImageObject","inLanguage":"es","@id":"https:\/\/www.breakthrought1d.org\/es\/#\/schema\/logo\/image\/","url":"https:\/\/www.breakthrought1d.org\/wp-content\/uploads\/2024\/06\/BT1D-favi.png","contentUrl":"https:\/\/www.breakthrought1d.org\/wp-content\/uploads\/2024\/06\/BT1D-favi.png","width":400,"height":400,"caption":"Breakthrough T1D"},"image":{"@id":"https:\/\/www.breakthrought1d.org\/es\/#\/schema\/logo\/image\/"},"sameAs":["https:\/\/www.facebook.com\/breakthrought1dHQ","https:\/\/x.com\/breakthrought1d","https:\/\/www.youtube.com\/@breakthrought1d","https:\/\/www.instagram.com\/breakthrought1d\/","https:\/\/www.tiktok.com\/@breakthrought1dhq"]}]}},"_links":{"self":[{"href":"https:\/\/www.breakthrought1d.org\/es\/wp-json\/wp\/v2\/pages\/215589","targetHints":{"allow":["GET"]}}],"collection":[{"href":"https:\/\/www.breakthrought1d.org\/es\/wp-json\/wp\/v2\/pages"}],"about":[{"href":"https:\/\/www.breakthrought1d.org\/es\/wp-json\/wp\/v2\/types\/page"}],"author":[{"embeddable":true,"href":"https:\/\/www.breakthrought1d.org\/es\/wp-json\/wp\/v2\/users\/8"}],"replies":[{"embeddable":true,"href":"https:\/\/www.breakthrought1d.org\/es\/wp-json\/wp\/v2\/comments?post=215589"}],"version-history":[{"count":0,"href":"https:\/\/www.breakthrought1d.org\/es\/wp-json\/wp\/v2\/pages\/215589\/revisions"}],"up":[{"embeddable":true,"href":"https:\/\/www.breakthrought1d.org\/es\/wp-json\/wp\/v2\/pages\/215582"}],"wp:attachment":[{"href":"https:\/\/www.breakthrought1d.org\/es\/wp-json\/wp\/v2\/media?parent=215589"}],"curies":[{"name":"wp","href":"https:\/\/api.w.org\/{rel}","templated":true}]}}