{"id":216901,"date":"2024-11-12T15:32:32","date_gmt":"2024-11-12T20:32:32","guid":{"rendered":"https:\/\/www.breakthrought1d.org\/recursos-dt1\/transicion-a-la-independencia\/"},"modified":"2025-07-16T15:20:11","modified_gmt":"2025-07-16T19:20:11","slug":"transicion-a-la-independencia","status":"publish","type":"page","link":"https:\/\/www.breakthrought1d.org\/es\/recursos-dt1\/transicion-a-la-independencia\/","title":{"rendered":"Transici\u00f3n a la independencia"},"content":{"rendered":"\n<div class=\"page-header alignfull wp-block-jdfr-page-header\">\n\t<div class=\"page-header__inner-container\">\n\t\t\n<nav id=\"breadcrumbs\" class=\"site-breadcrumbs alignfull\" aria-label=\"Breadcrumbs\">\n\t<ul class=\"site-breadcrumbs__inner\"><li class=\"breadcrumb-item\"><a href=\"https:\/\/www.breakthrought1d.org\/es\/pagina-de-actualizacion-de-test\/\">Inicio<\/a><\/li><li class=\"site-breadcrumbs__separator\"><?xml version=\"1.0\"?>\n<svg xmlns=\"http:\/\/www.w3.org\/2000\/svg\" width=\"9.143\" height=\"16\" fill=\"currentColor\" viewBox=\"0 0 9.143 16\" aria-hidden=\"true\"><path d=\"M9.143,21a1.143,1.143,0,0,1-.808-1.951L14.384,13,8.335,6.951A1.143,1.143,0,0,1,9.951,5.335l6.857,6.857a1.143,1.143,0,0,1,0,1.616L9.951,20.665A1.139,1.139,0,0,1,9.143,21Z\" transform=\"translate(-8 -5)\"\/><\/svg>\n<\/li><li class=\"breadcrumb-item\" aria-current=\"page\" tabindex=\"0\" role=\"text\" aria-label=\"Current-page: \"><\/li><\/ul><\/nav>\n\n\t\t<div class=\"page-header__content\">\n\t\t\t<h1 class=\"page-header__title\">Transici\u00f3n a la independencia<\/h1>\n\t\t\t\t\t<\/div>\n\t<\/div>\n<\/div>\n\n\n\n<div class=\"wp-block-group alignfull is-layout-constrained wp-block-group-is-layout-constrained\">\n<div class=\"wp-block-columns is-layout-flex wp-container-core-columns-is-layout-28f84493 wp-block-columns-is-layout-flex\">\n<div class=\"wp-block-column is-layout-flow wp-block-column-is-layout-flow\" style=\"flex-basis:33.33%\">\n<h2 class=\"wp-block-heading\" id=\"a-guide-for-young-adults-with-t1d\">Gu\u00eda para j\u00f3venes adultos con DT1<\/h2>\n<\/div>\n\n\n\n<div class=\"wp-block-column is-layout-flow wp-block-column-is-layout-flow\" style=\"flex-basis:66.7%\">\n<figure class=\"wp-block-image size-large\"><img loading=\"lazy\" decoding=\"async\" width=\"1024\" height=\"683\" src=\"https:\/\/www.breakthrought1d.org\/wp-content\/uploads\/2024\/05\/GettyImages-1432339351-1024x683.jpg\" alt=\"Adulto joven buscando recursos sobre la diabetes tipo 1\" class=\"wp-image-192401\" srcset=\"https:\/\/www.breakthrought1d.org\/wp-content\/uploads\/2024\/05\/GettyImages-1432339351-1024x683.jpg 1024w, https:\/\/www.breakthrought1d.org\/wp-content\/uploads\/2024\/05\/GettyImages-1432339351-300x200.jpg 300w, https:\/\/www.breakthrought1d.org\/wp-content\/uploads\/2024\/05\/GettyImages-1432339351-768x512.jpg 768w, https:\/\/www.breakthrought1d.org\/wp-content\/uploads\/2024\/05\/GettyImages-1432339351-1536x1024.jpg 1536w, https:\/\/www.breakthrought1d.org\/wp-content\/uploads\/2024\/05\/GettyImages-1432339351-2048x1365.jpg 2048w, https:\/\/www.breakthrought1d.org\/wp-content\/uploads\/2024\/05\/GettyImages-1432339351-800x533.jpg 800w, https:\/\/www.breakthrought1d.org\/wp-content\/uploads\/2024\/05\/GettyImages-1432339351-1200x800.jpg 1200w\" sizes=\"auto, (max-width: 1024px) 100vw, 1024px\" \/><\/figure>\n<\/div>\n<\/div>\n<\/div>\n\n\n\n<div class=\"wp-block-group alignfull has-light-gray-background-color has-background is-layout-constrained wp-block-group-is-layout-constrained\">\n<div class=\"wp-block-columns is-layout-flex wp-container-core-columns-is-layout-28f84493 wp-block-columns-is-layout-flex\">\n<div class=\"wp-block-column is-layout-flow wp-block-column-is-layout-flow\" style=\"flex-basis:66.66%\">\n<h2 class=\"wp-block-heading\" id=\"information-and-guidance\">Informaci\u00f3n y orientaci\u00f3n<\/h2>\n<\/div>\n\n\n\n<div class=\"wp-block-column is-layout-flow wp-block-column-is-layout-flow\" style=\"flex-basis:33.33%\"><\/div>\n<\/div>\n\n\n\n<div class=\"wp-block-columns is-layout-flex wp-container-core-columns-is-layout-5f1c768b wp-block-columns-is-layout-flex\" style=\"margin-top:var(--wp--preset--spacing--56)\">\n<div class=\"wp-block-column is-layout-flow wp-block-column-is-layout-flow\">\n<hr class=\"wp-block-separator has-alpha-channel-opacity\" \/>\n\n\n\n<div class=\"wp-block-buttons is-layout-flex wp-block-buttons-is-layout-flex\" style=\"margin-top:var(--wp--preset--spacing--24)\">\n<div class=\"wp-block-button is-style-large-link\"><a class=\"wp-block-button__link wp-element-button\" href=\"https:\/\/www.breakthrought1d.org\/es\/recursos-dt1\/transicion-a-la-independencia\/habitos-saludables\/\"><strong>Bienestar<\/strong><\/a><\/div>\n<\/div>\n\n\n\n<p>El desarrollo de una base s\u00f3lida es fundamental para el manejo exitoso y consistente de la diabetes tipo 1 (DT1).<\/p>\n\n\n\n<hr class=\"wp-block-separator has-alpha-channel-opacity\" style=\"margin-top:var(--wp--preset--spacing--24)\" \/>\n\n\n\n<div class=\"wp-block-buttons is-layout-flex wp-block-buttons-is-layout-flex\" style=\"margin-top:var(--wp--preset--spacing--24)\">\n<div class=\"wp-block-button is-style-large-link\"><a class=\"wp-block-button__link wp-element-button\" href=\"https:\/\/www.breakthrought1d.org\/es\/recursos-dt1\/transicion-a-la-independencia\/gestionar-las-relaciones\/\">Manejo de las relaciones<\/a><\/div>\n<\/div>\n\n\n\n<p>Manejar las relaciones a la vez que se maneja la DT1, ya sea en la universidad, en el trabajo o en tu vida personal, puede crear desaf\u00edos adicionales. La comunicaci\u00f3n abierta y la comprensi\u00f3n son fundamentales.<\/p>\n\n\n\n<hr class=\"wp-block-separator has-alpha-channel-opacity\" style=\"margin-top:var(--wp--preset--spacing--24)\" \/>\n\n\n\n<div class=\"wp-block-buttons is-layout-flex wp-block-buttons-is-layout-flex\" style=\"margin-top:var(--wp--preset--spacing--24)\">\n<div class=\"wp-block-button is-style-large-link\"><a class=\"wp-block-button__link wp-element-button\" href=\"https:\/\/www.breakthrought1d.org\/es\/recursos-dt1\/transicion-a-la-independencia\/preparacion-para-la-universidad\/\">Preparaci\u00f3n para la universidad<\/a><\/div>\n<\/div>\n\n\n\n<p>\u00bfVas a ir a la universidad y te sientes abrumado por los pr\u00f3ximos pasos? No te preocupes: hemos creado una lista de control para ayudar a prepararte.<\/p>\n<\/div>\n\n\n\n<div class=\"wp-block-column is-layout-flow wp-block-column-is-layout-flow\">\n<hr class=\"wp-block-separator has-alpha-channel-opacity\" \/>\n\n\n\n<div class=\"wp-block-buttons is-layout-flex wp-block-buttons-is-layout-flex\" style=\"margin-top:var(--wp--preset--spacing--24)\">\n<div class=\"wp-block-button is-style-large-link\"><a class=\"wp-block-button__link wp-element-button\" href=\"https:\/\/www.breakthrought1d.org\/es\/recursos-dt1\/transicion-a-la-independencia\/alojamientos-universitarios\/\">Acomodaciones universitarias<\/a><\/div>\n<\/div>\n\n\n\n<p>Conseguir acomodaciones para la diabetes tipo 1 en la universidad es un viaje polifac\u00e9tico que requiere comunicaci\u00f3n proactiva, autodefensa y conocimiento de las pol\u00edticas espec\u00edficas de la universidad.<\/p>\n\n\n\n<hr class=\"wp-block-separator has-alpha-channel-opacity\" style=\"margin-top:var(--wp--preset--spacing--24)\" \/>\n\n\n\n<div class=\"wp-block-buttons is-layout-flex wp-block-buttons-is-layout-flex\" style=\"margin-top:var(--wp--preset--spacing--24)\">\n<div class=\"wp-block-button is-style-large-link\"><a class=\"wp-block-button__link wp-element-button\" href=\"https:\/\/www.breakthrought1d.org\/es\/recursos-dt1\/transicion-a-la-independencia\/estudiar-en-el-extranjero\/\">Estudiar en el extranjero<\/a><\/div>\n<\/div>\n\n\n\n<p>Los estudios internacionales son una parte cada vez mayor de la experiencia universitaria y, con un poco de planificaci\u00f3n adicional, puedes estar seguro de que vivir y estudiar en el extranjero es posible como estudiante con DT1.<\/p>\n\n\n\n<hr class=\"wp-block-separator has-alpha-channel-opacity\" style=\"margin-top:var(--wp--preset--spacing--24)\" \/>\n\n\n\n<div class=\"wp-block-buttons is-layout-flex wp-block-buttons-is-layout-flex\" style=\"margin-top:var(--wp--preset--spacing--24)\">\n<div class=\"wp-block-button is-style-large-link\"><a class=\"wp-block-button__link has-text-align-left wp-element-button\" href=\"https:\/\/www.breakthrought1d.org\/es\/recursos-dt1\/transicion-a-la-independencia\/recursos-humanos-y-conversaciones-sobre-el-primer-contratado\/\">Recursos Humanos y Conversaciones con Personas Reci\u00e9n Contratadas<\/a><\/div>\n<\/div>\n\n\n\n<p>Entrar en el mundo laboral plantea retos \u00fanicos pero la diabetes tipo 1 no tiene por qu\u00e9 complicar esa transici\u00f3n.<\/p>\n<\/div>\n<\/div>\n<\/div>\n\n\n\n<div class=\"wp-block-group alignfull is-layout-constrained wp-block-group-is-layout-constrained\">\n<div class=\"wp-block-columns is-layout-flex wp-container-core-columns-is-layout-28f84493 wp-block-columns-is-layout-flex\">\n<div class=\"wp-block-column is-layout-flow wp-block-column-is-layout-flow\" style=\"flex-basis:33.33%\">\n<h2 class=\"wp-block-heading has-h-3-font-size\" id=\"about-this-guide\">Acerca de esta gu\u00eda<\/h2>\n<\/div>\n\n\n\n<div class=\"wp-block-column is-layout-flow wp-block-column-is-layout-flow\" style=\"flex-basis:66.66%\">\n<p>Este contenido ha sido recopilado por miembros del Consejo de Defensa de Adultos J\u00f3venes de Breakthrough T1D (YAAC, por sus siglas en ingl\u00e9s), un grupo de adultos j\u00f3venes que apoyan activamente el avance de las \u00e1reas prioritarias de defensa de Breakthrough T1D y difunden la concienciaci\u00f3n sobre la diabetes tipo 1 en sus comunidades.<\/p>\n\n\n\n<p>La gu\u00eda de transici\u00f3n a la independencia s\u00f3lo tiene fines informativos y no debe utilizarse en lugar del consejo m\u00e9dico de un profesional de salud.<\/p>\n<\/div>\n<\/div>\n<\/div>\n\n\n\n<div class=\"wp-block-media-text alignfull is-stacked-on-mobile has-white-color has-navy-background-color has-text-color has-background has-link-color wp-elements-854f6316bb466aed2131b2ed12324307\" style=\"grid-template-columns:35% auto\"><figure class=\"wp-block-media-text__media\"><img loading=\"lazy\" decoding=\"async\" width=\"1024\" height=\"757\" src=\"https:\/\/www.breakthrought1d.org\/wp-content\/uploads\/2024\/08\/yaac-1.jpeg\" alt=\"Consejo de defensa de adultos j\u00f3venes\" class=\"wp-image-214410 size-full\" srcset=\"https:\/\/www.breakthrought1d.org\/wp-content\/uploads\/2024\/08\/yaac-1.jpeg 1024w, https:\/\/www.breakthrought1d.org\/wp-content\/uploads\/2024\/08\/yaac-1-300x222.jpeg 300w, https:\/\/www.breakthrought1d.org\/wp-content\/uploads\/2024\/08\/yaac-1-768x568.jpeg 768w, https:\/\/www.breakthrought1d.org\/wp-content\/uploads\/2024\/08\/yaac-1-800x591.jpeg 800w\" sizes=\"auto, (max-width: 1024px) 100vw, 1024px\" \/><\/figure><div class=\"wp-block-media-text__content\">\n<h2 class=\"wp-block-heading has-h-3-font-size\" id=\"young-adult-advocacy-council\">Consejo de Defensa de Adultos J\u00f3venes<\/h2>\n\n\n\n<p>El Consejo de Defensa de Adultos J\u00f3venes (YAAC) es un grupo de j\u00f3venes adultos que son profesionales de los negocios, l\u00edderes de la comunidad y estudiantes comprometidos que apoyan activamente el avance de las \u00e1reas prioritarias de defensa de Breakthrough T1D, difunden la concienciaci\u00f3n sobre la DT1 en sus comunidades e inspiran a los j\u00f3venes para que utilicen sus voces y compartan sus historias con los principales responsables de la toma de decisiones.<\/p>\n\n\n\n<div class=\"wp-block-buttons is-layout-flex wp-block-buttons-is-layout-flex\" style=\"margin-top:var(--wp--preset--spacing--32)\">\n<div class=\"wp-block-button is-style-secondary\"><a class=\"wp-block-button__link wp-element-button\" href=\"https:\/\/www.breakthrought1d.org\/es\/defensa\/consejo-defensa-adultos-jovenes\/\">M\u00e1s informaci\u00f3n sobre el YAAC<\/a><\/div>\n<\/div>\n<\/div><\/div>\n","protected":false,"raw":""},"excerpt":{"rendered":"<p>Gu\u00eda para j\u00f3venes adultos con DT1 Informaci\u00f3n y orientaci\u00f3n El desarrollo de una base s\u00f3lida es fundamental para el manejo exitoso y consistente de la diabetes tipo 1 (DT1). Manejar las relaciones a la vez que se maneja la DT1, ya sea en la universidad, en el trabajo o en tu vida personal, puede crear [&hellip;]<\/p>\n","protected":false},"author":1100,"featured_media":192402,"parent":212099,"menu_order":0,"comment_status":"closed","ping_status":"closed","template":"","meta":{"_acf_changed":false,"ep_exclude_from_search":false,"publish_on_app_meta":"True","iawp_total_views":17,"footnotes":""},"class_list":["post-216901","page","type-page","status-publish","has-post-thumbnail","hentry"],"acf":[],"yoast_head":"<!-- This site is optimized with the Yoast SEO plugin v27.3 - https:\/\/yoast.com\/product\/yoast-seo-wordpress\/ -->\n<title>Transici\u00f3n a la independencia - Breakthrough T1D<\/title>\n<meta name=\"description\" content=\"Una gu\u00eda para j\u00f3venes adultos con diabetes tipo 1 que incluye informaci\u00f3n sobre h\u00e1bitos saludables, preparaci\u00f3n para la universidad e incorporaci\u00f3n al mundo laboral.\" \/>\n<meta name=\"robots\" content=\"index, follow, max-snippet:-1, max-image-preview:large, max-video-preview:-1\" \/>\n<link rel=\"canonical\" href=\"https:\/\/www.breakthrought1d.org\/es\/recursos-dt1\/transicion-a-la-independencia\/\" \/>\n<meta property=\"og:locale\" content=\"es_ES\" \/>\n<meta property=\"og:type\" content=\"article\" \/>\n<meta property=\"og:title\" content=\"Transici\u00f3n a la independencia - Breakthrough T1D\" \/>\n<meta property=\"og:description\" content=\"Una gu\u00eda para j\u00f3venes adultos con diabetes tipo 1 que incluye informaci\u00f3n sobre h\u00e1bitos saludables, preparaci\u00f3n para la universidad e incorporaci\u00f3n al mundo laboral.\" \/>\n<meta property=\"og:url\" content=\"https:\/\/www.breakthrought1d.org\/es\/recursos-dt1\/transicion-a-la-independencia\/\" \/>\n<meta property=\"og:site_name\" content=\"Breakthrough T1D\" \/>\n<meta property=\"article:publisher\" content=\"https:\/\/www.facebook.com\/breakthrought1dHQ\" \/>\n<meta property=\"article:modified_time\" content=\"2025-07-16T19:20:11+00:00\" \/>\n<meta property=\"og:image\" content=\"https:\/\/www.breakthrought1d.org\/wp-content\/uploads\/2024\/05\/GettyImages-1432339351-scaled.jpg\" \/>\n\t<meta property=\"og:image:width\" content=\"2560\" \/>\n\t<meta property=\"og:image:height\" content=\"1707\" \/>\n\t<meta property=\"og:image:type\" content=\"image\/jpeg\" \/>\n<meta name=\"twitter:card\" content=\"summary_large_image\" \/>\n<meta name=\"twitter:site\" content=\"@breakthrought1d\" \/>\n<meta name=\"twitter:label1\" content=\"Tiempo de lectura\" \/>\n\t<meta name=\"twitter:data1\" content=\"3 minutos\" \/>\n<script type=\"application\/ld+json\" class=\"yoast-schema-graph\">{\"@context\":\"https:\\\/\\\/schema.org\",\"@graph\":[{\"@type\":\"WebPage\",\"@id\":\"https:\\\/\\\/www.breakthrought1d.org\\\/es\\\/recursos-dt1\\\/transicion-a-la-independencia\\\/\",\"url\":\"https:\\\/\\\/www.breakthrought1d.org\\\/es\\\/recursos-dt1\\\/transicion-a-la-independencia\\\/\",\"name\":\"Transici\u00f3n a la independencia - Breakthrough T1D\",\"isPartOf\":{\"@id\":\"https:\\\/\\\/www.breakthrought1d.org\\\/es\\\/#website\"},\"primaryImageOfPage\":{\"@id\":\"https:\\\/\\\/www.breakthrought1d.org\\\/es\\\/recursos-dt1\\\/transicion-a-la-independencia\\\/#primaryimage\"},\"image\":{\"@id\":\"https:\\\/\\\/www.breakthrought1d.org\\\/es\\\/recursos-dt1\\\/transicion-a-la-independencia\\\/#primaryimage\"},\"thumbnailUrl\":\"https:\\\/\\\/www.breakthrought1d.org\\\/wp-content\\\/uploads\\\/2024\\\/05\\\/GettyImages-1432339351-scaled.jpg\",\"datePublished\":\"2024-11-12T20:32:32+00:00\",\"dateModified\":\"2025-07-16T19:20:11+00:00\",\"description\":\"Una gu\u00eda para j\u00f3venes adultos con diabetes tipo 1 que incluye informaci\u00f3n sobre h\u00e1bitos saludables, preparaci\u00f3n para la universidad e incorporaci\u00f3n al mundo laboral.\",\"breadcrumb\":{\"@id\":\"https:\\\/\\\/www.breakthrought1d.org\\\/es\\\/recursos-dt1\\\/transicion-a-la-independencia\\\/#breadcrumb\"},\"inLanguage\":\"es\",\"potentialAction\":[{\"@type\":\"ReadAction\",\"target\":[\"https:\\\/\\\/www.breakthrought1d.org\\\/es\\\/recursos-dt1\\\/transicion-a-la-independencia\\\/\"]}]},{\"@type\":\"ImageObject\",\"inLanguage\":\"es\",\"@id\":\"https:\\\/\\\/www.breakthrought1d.org\\\/es\\\/recursos-dt1\\\/transicion-a-la-independencia\\\/#primaryimage\",\"url\":\"https:\\\/\\\/www.breakthrought1d.org\\\/wp-content\\\/uploads\\\/2024\\\/05\\\/GettyImages-1432339351-scaled.jpg\",\"contentUrl\":\"https:\\\/\\\/www.breakthrought1d.org\\\/wp-content\\\/uploads\\\/2024\\\/05\\\/GettyImages-1432339351-scaled.jpg\",\"width\":2560,\"height\":1707,\"caption\":\"Smiling young adult woman using digital tablet relaxing at home office - Entrepreneur people and technology concept\"},{\"@type\":\"BreadcrumbList\",\"@id\":\"https:\\\/\\\/www.breakthrought1d.org\\\/es\\\/recursos-dt1\\\/transicion-a-la-independencia\\\/#breadcrumb\",\"itemListElement\":[{\"@type\":\"ListItem\",\"position\":1,\"name\":\"Inicio\",\"item\":\"https:\\\/\\\/www.breakthrought1d.org\\\/es\\\/pagina-de-actualizacion-de-test\\\/\"},{\"@type\":\"ListItem\",\"position\":2,\"name\":\"Biblioteca de recursos para la diabetes tipo 1\",\"item\":\"https:\\\/\\\/www.breakthrought1d.org\\\/es\\\/recursos-dt1\\\/\"},{\"@type\":\"ListItem\",\"position\":3,\"name\":\"Transici\u00f3n a la independencia\"}]},{\"@type\":\"WebSite\",\"@id\":\"https:\\\/\\\/www.breakthrought1d.org\\\/es\\\/#website\",\"url\":\"https:\\\/\\\/www.breakthrought1d.org\\\/es\\\/\",\"name\":\"Breakthrough T1D\",\"description\":\"Improving Lives. Curing Type 1 Diabetes.\",\"publisher\":{\"@id\":\"https:\\\/\\\/www.breakthrought1d.org\\\/es\\\/#organization\"},\"potentialAction\":[{\"@type\":\"SearchAction\",\"target\":{\"@type\":\"EntryPoint\",\"urlTemplate\":\"https:\\\/\\\/www.breakthrought1d.org\\\/es\\\/?s={search_term_string}\"},\"query-input\":{\"@type\":\"PropertyValueSpecification\",\"valueRequired\":true,\"valueName\":\"search_term_string\"}}],\"inLanguage\":\"es\"},{\"@type\":\"Organization\",\"@id\":\"https:\\\/\\\/www.breakthrought1d.org\\\/es\\\/#organization\",\"name\":\"Breakthrough T1D\",\"url\":\"https:\\\/\\\/www.breakthrought1d.org\\\/es\\\/\",\"logo\":{\"@type\":\"ImageObject\",\"inLanguage\":\"es\",\"@id\":\"https:\\\/\\\/www.breakthrought1d.org\\\/es\\\/#\\\/schema\\\/logo\\\/image\\\/\",\"url\":\"https:\\\/\\\/www.breakthrought1d.org\\\/wp-content\\\/uploads\\\/2024\\\/06\\\/BT1D-favi.png\",\"contentUrl\":\"https:\\\/\\\/www.breakthrought1d.org\\\/wp-content\\\/uploads\\\/2024\\\/06\\\/BT1D-favi.png\",\"width\":400,\"height\":400,\"caption\":\"Breakthrough T1D\"},\"image\":{\"@id\":\"https:\\\/\\\/www.breakthrought1d.org\\\/es\\\/#\\\/schema\\\/logo\\\/image\\\/\"},\"sameAs\":[\"https:\\\/\\\/www.facebook.com\\\/breakthrought1dHQ\",\"https:\\\/\\\/x.com\\\/breakthrought1d\",\"https:\\\/\\\/www.youtube.com\\\/@breakthrought1d\",\"https:\\\/\\\/www.instagram.com\\\/breakthrought1d\\\/\",\"https:\\\/\\\/www.tiktok.com\\\/@breakthrought1dhq\"]}]}<\/script>\n<!-- \/ Yoast SEO plugin. -->","yoast_head_json":{"title":"Transici\u00f3n a la independencia - Breakthrough T1D","description":"Una gu\u00eda para j\u00f3venes adultos con diabetes tipo 1 que incluye informaci\u00f3n sobre h\u00e1bitos saludables, preparaci\u00f3n para la universidad e incorporaci\u00f3n al mundo laboral.","robots":{"index":"index","follow":"follow","max-snippet":"max-snippet:-1","max-image-preview":"max-image-preview:large","max-video-preview":"max-video-preview:-1"},"canonical":"https:\/\/www.breakthrought1d.org\/es\/recursos-dt1\/transicion-a-la-independencia\/","og_locale":"es_ES","og_type":"article","og_title":"Transici\u00f3n a la independencia - Breakthrough T1D","og_description":"Una gu\u00eda para j\u00f3venes adultos con diabetes tipo 1 que incluye informaci\u00f3n sobre h\u00e1bitos saludables, preparaci\u00f3n para la universidad e incorporaci\u00f3n al mundo laboral.","og_url":"https:\/\/www.breakthrought1d.org\/es\/recursos-dt1\/transicion-a-la-independencia\/","og_site_name":"Breakthrough T1D","article_publisher":"https:\/\/www.facebook.com\/breakthrought1dHQ","article_modified_time":"2025-07-16T19:20:11+00:00","og_image":[{"width":2560,"height":1707,"url":"https:\/\/www.breakthrought1d.org\/wp-content\/uploads\/2024\/05\/GettyImages-1432339351-scaled.jpg","type":"image\/jpeg"}],"twitter_card":"summary_large_image","twitter_site":"@breakthrought1d","twitter_misc":{"Tiempo de lectura":"3 minutos"},"schema":{"@context":"https:\/\/schema.org","@graph":[{"@type":"WebPage","@id":"https:\/\/www.breakthrought1d.org\/es\/recursos-dt1\/transicion-a-la-independencia\/","url":"https:\/\/www.breakthrought1d.org\/es\/recursos-dt1\/transicion-a-la-independencia\/","name":"Transici\u00f3n a la independencia - Breakthrough T1D","isPartOf":{"@id":"https:\/\/www.breakthrought1d.org\/es\/#website"},"primaryImageOfPage":{"@id":"https:\/\/www.breakthrought1d.org\/es\/recursos-dt1\/transicion-a-la-independencia\/#primaryimage"},"image":{"@id":"https:\/\/www.breakthrought1d.org\/es\/recursos-dt1\/transicion-a-la-independencia\/#primaryimage"},"thumbnailUrl":"https:\/\/www.breakthrought1d.org\/wp-content\/uploads\/2024\/05\/GettyImages-1432339351-scaled.jpg","datePublished":"2024-11-12T20:32:32+00:00","dateModified":"2025-07-16T19:20:11+00:00","description":"Una gu\u00eda para j\u00f3venes adultos con diabetes tipo 1 que incluye informaci\u00f3n sobre h\u00e1bitos saludables, preparaci\u00f3n para la universidad e incorporaci\u00f3n al mundo laboral.","breadcrumb":{"@id":"https:\/\/www.breakthrought1d.org\/es\/recursos-dt1\/transicion-a-la-independencia\/#breadcrumb"},"inLanguage":"es","potentialAction":[{"@type":"ReadAction","target":["https:\/\/www.breakthrought1d.org\/es\/recursos-dt1\/transicion-a-la-independencia\/"]}]},{"@type":"ImageObject","inLanguage":"es","@id":"https:\/\/www.breakthrought1d.org\/es\/recursos-dt1\/transicion-a-la-independencia\/#primaryimage","url":"https:\/\/www.breakthrought1d.org\/wp-content\/uploads\/2024\/05\/GettyImages-1432339351-scaled.jpg","contentUrl":"https:\/\/www.breakthrought1d.org\/wp-content\/uploads\/2024\/05\/GettyImages-1432339351-scaled.jpg","width":2560,"height":1707,"caption":"Smiling young adult woman using digital tablet relaxing at home office - Entrepreneur people and technology concept"},{"@type":"BreadcrumbList","@id":"https:\/\/www.breakthrought1d.org\/es\/recursos-dt1\/transicion-a-la-independencia\/#breadcrumb","itemListElement":[{"@type":"ListItem","position":1,"name":"Inicio","item":"https:\/\/www.breakthrought1d.org\/es\/pagina-de-actualizacion-de-test\/"},{"@type":"ListItem","position":2,"name":"Biblioteca de recursos para la diabetes tipo 1","item":"https:\/\/www.breakthrought1d.org\/es\/recursos-dt1\/"},{"@type":"ListItem","position":3,"name":"Transici\u00f3n a la independencia"}]},{"@type":"WebSite","@id":"https:\/\/www.breakthrought1d.org\/es\/#website","url":"https:\/\/www.breakthrought1d.org\/es\/","name":"Breakthrough T1D","description":"Improving Lives. Curing Type 1 Diabetes.","publisher":{"@id":"https:\/\/www.breakthrought1d.org\/es\/#organization"},"potentialAction":[{"@type":"SearchAction","target":{"@type":"EntryPoint","urlTemplate":"https:\/\/www.breakthrought1d.org\/es\/?s={search_term_string}"},"query-input":{"@type":"PropertyValueSpecification","valueRequired":true,"valueName":"search_term_string"}}],"inLanguage":"es"},{"@type":"Organization","@id":"https:\/\/www.breakthrought1d.org\/es\/#organization","name":"Breakthrough T1D","url":"https:\/\/www.breakthrought1d.org\/es\/","logo":{"@type":"ImageObject","inLanguage":"es","@id":"https:\/\/www.breakthrought1d.org\/es\/#\/schema\/logo\/image\/","url":"https:\/\/www.breakthrought1d.org\/wp-content\/uploads\/2024\/06\/BT1D-favi.png","contentUrl":"https:\/\/www.breakthrought1d.org\/wp-content\/uploads\/2024\/06\/BT1D-favi.png","width":400,"height":400,"caption":"Breakthrough T1D"},"image":{"@id":"https:\/\/www.breakthrought1d.org\/es\/#\/schema\/logo\/image\/"},"sameAs":["https:\/\/www.facebook.com\/breakthrought1dHQ","https:\/\/x.com\/breakthrought1d","https:\/\/www.youtube.com\/@breakthrought1d","https:\/\/www.instagram.com\/breakthrought1d\/","https:\/\/www.tiktok.com\/@breakthrought1dhq"]}]}},"_links":{"self":[{"href":"https:\/\/www.breakthrought1d.org\/es\/wp-json\/wp\/v2\/pages\/216901","targetHints":{"allow":["GET"]}}],"collection":[{"href":"https:\/\/www.breakthrought1d.org\/es\/wp-json\/wp\/v2\/pages"}],"about":[{"href":"https:\/\/www.breakthrought1d.org\/es\/wp-json\/wp\/v2\/types\/page"}],"author":[{"embeddable":true,"href":"https:\/\/www.breakthrought1d.org\/es\/wp-json\/wp\/v2\/users\/1100"}],"replies":[{"embeddable":true,"href":"https:\/\/www.breakthrought1d.org\/es\/wp-json\/wp\/v2\/comments?post=216901"}],"version-history":[{"count":0,"href":"https:\/\/www.breakthrought1d.org\/es\/wp-json\/wp\/v2\/pages\/216901\/revisions"}],"up":[{"embeddable":true,"href":"https:\/\/www.breakthrought1d.org\/es\/wp-json\/wp\/v2\/pages\/212099"}],"wp:featuredmedia":[{"embeddable":true,"href":"https:\/\/www.breakthrought1d.org\/es\/wp-json\/wp\/v2\/media\/192402"}],"wp:attachment":[{"href":"https:\/\/www.breakthrought1d.org\/es\/wp-json\/wp\/v2\/media?parent=216901"}],"curies":[{"name":"wp","href":"https:\/\/api.w.org\/{rel}","templated":true}]}}