{"id":218561,"date":"2025-02-13T10:04:29","date_gmt":"2025-02-13T15:04:29","guid":{"rendered":"https:\/\/www.breakthrought1d.org\/defensa\/programa-de-jovenes-lideres-de-defensa\/"},"modified":"2025-08-08T14:41:07","modified_gmt":"2025-08-08T18:41:07","slug":"programa-de-jovenes-lideres-de-defensa","status":"publish","type":"page","link":"https:\/\/www.breakthrought1d.org\/es\/defensa\/programa-de-jovenes-lideres-de-defensa\/","title":{"rendered":"Programa de J\u00f3venes L\u00edderes de Defensa"},"content":{"rendered":"\n<div class=\"page-header alignfull wp-block-jdfr-page-header\">\n\t<div class=\"page-header__inner-container\">\n\t\t\n<nav id=\"breadcrumbs\" class=\"site-breadcrumbs alignfull\" aria-label=\"Breadcrumbs\">\n\t<ul class=\"site-breadcrumbs__inner\"><li class=\"breadcrumb-item\"><a href=\"https:\/\/www.breakthrought1d.org\/es\/\">Inicio<\/a><\/li><li class=\"site-breadcrumbs__separator\"><?xml version=\"1.0\"?>\n<svg xmlns=\"http:\/\/www.w3.org\/2000\/svg\" width=\"9.143\" height=\"16\" fill=\"currentColor\" viewBox=\"0 0 9.143 16\" aria-hidden=\"true\"><path d=\"M9.143,21a1.143,1.143,0,0,1-.808-1.951L14.384,13,8.335,6.951A1.143,1.143,0,0,1,9.951,5.335l6.857,6.857a1.143,1.143,0,0,1,0,1.616L9.951,20.665A1.139,1.139,0,0,1,9.143,21Z\" transform=\"translate(-8 -5)\"\/><\/svg>\n<\/li><li class=\"breadcrumb-item\" aria-current=\"page\" tabindex=\"0\" role=\"text\" aria-label=\"Current-page: \"><\/li><\/ul><\/nav>\n\n\t\t<div class=\"page-header__content\">\n\t\t\t<h1 class=\"page-header__title\">Youth Advocacy Leader program<\/h1>\n\t\t\t\t\t<\/div>\n\t<\/div>\n<\/div>\n\n<div class=\"wp-block-group alignfull is-layout-constrained wp-block-group-is-layout-constrained\">\n<div class=\"wp-block-media-text has-media-on-the-right is-stacked-on-mobile\" style=\"grid-template-columns:auto 45%\"><div class=\"wp-block-media-text__content\">\n<h2 class=\"wp-block-heading\" id=\"young-adult-advocacy-council-1\">Acerca del programa L\u00edder de la Defensa de los J\u00f3venes<\/h2>\n\n\n\n<p class=\"wp-block-paragraph\" style=\"margin-top:var(--wp--preset--spacing--24);margin-bottom:var(--wp--preset--spacing--32)\">El programa Breakthrough T1D Youth Advocacy Leader (YAL) tiene como objetivo inspirar a los defensores en ciernes para que compartan sus historias personales y utilicen sus voces en nombre de la comunidad de la diabetes tipo 1 (T1D) para avanzar en cuestiones que son importantes para las personas afectadas por esta enfermedad.<\/p>\n\n\n\n<p class=\"wp-block-paragraph\">El programa YAL est\u00e1 abierto a j\u00f3venes de 17 a\u00f1os o menos.  <\/p>\n\n\n\n<div style=\"height:25px\" aria-hidden=\"true\" class=\"wp-block-spacer\"><\/div>\n\n\n\n<div class=\"wp-block-buttons is-layout-flex wp-block-buttons-is-layout-flex\">\n<div class=\"wp-block-button is-style-secondary\"><a class=\"wp-block-button__link wp-element-button\" href=\"https:\/\/www.breakthrought1d.org\/advocacy\/yal-signup\">Solicitar ahora<\/a><\/div>\n<\/div>\n<\/div><figure class=\"wp-block-media-text__media\"><img loading=\"lazy\" decoding=\"async\" width=\"1024\" height=\"683\" src=\"https:\/\/www.breakthrought1d.org\/wp-content\/uploads\/2025\/02\/Youth-group-working-together-1024x683.jpg\" alt=\"Youth Advocacy Leader Program at Breakthrough T1D\" class=\"wp-image-217223 size-full\" srcset=\"https:\/\/www.breakthrought1d.org\/wp-content\/uploads\/2025\/02\/Youth-group-working-together-1024x683.jpg 1024w, https:\/\/www.breakthrought1d.org\/wp-content\/uploads\/2025\/02\/Youth-group-working-together-300x200.jpg 300w, https:\/\/www.breakthrought1d.org\/wp-content\/uploads\/2025\/02\/Youth-group-working-together-768x512.jpg 768w, https:\/\/www.breakthrought1d.org\/wp-content\/uploads\/2025\/02\/Youth-group-working-together-1536x1025.jpg 1536w, https:\/\/www.breakthrought1d.org\/wp-content\/uploads\/2025\/02\/Youth-group-working-together-800x534.jpg 800w, https:\/\/www.breakthrought1d.org\/wp-content\/uploads\/2025\/02\/Youth-group-working-together-1200x801.jpg 1200w, https:\/\/www.breakthrought1d.org\/wp-content\/uploads\/2025\/02\/Youth-group-working-together.jpg 1908w\" sizes=\"auto, (max-width: 1024px) 100vw, 1024px\" \/><\/figure><\/div>\n<\/div>\n\n<div class=\"wp-block-group alignfull has-light-gray-background-color has-background is-layout-constrained wp-block-group-is-layout-constrained\">\n<div class=\"wp-block-columns is-layout-flex wp-container-core-columns-is-layout-28f84493 wp-block-columns-is-layout-flex has-2-columns\">\n<div class=\"wp-block-column is-layout-flow wp-block-column-is-layout-flow\" style=\"flex-basis:33.33%\">\n<h3 class=\"wp-block-heading\" id=\"specific-responsibilities-include\">Las responsabilidades espec\u00edficas incluyen:<\/h3>\n<\/div>\n\n\n\n<div class=\"wp-block-column is-layout-flow wp-block-column-is-layout-flow\" style=\"flex-basis:66.66%\">\n<ul class=\"wp-block-list\">\n<li class=\"wp-block-list-item\">Participar en las reuniones de YAL, organizadas por el equipo de defensa de Breakthrough T1D, para estar al d\u00eda de las prioridades y actividades de defensa.<\/li>\n\n\n\n<li class=\"wp-block-list-item\">Ayudar en las actividades de defensa local de la secci\u00f3n de Breakthrough T1D m\u00e1s cercana, incluido el voluntariado en las Marchas de Breakthrough T1D, las Cumbres Comunitarias y otros eventos.<\/li>\n\n\n\n<li class=\"wp-block-list-item\">Participar en campa\u00f1as de base presenciales y virtuales iniciadas por Breakthrough T1D, incluida la campa\u00f1a Juntos Podemos (antes Promesa de Recordarme), y la Iniciativa de Divulgaci\u00f3n de Nuevos Miembros.<\/li>\n\n\n\n<li class=\"wp-block-list-item\">Act\u00faa sobre las alertas urgentes de Breakthrough T1D advocacy y comp\u00e1rtelas con tus amigos y familiares.<\/li>\n\n\n\n<li class=\"wp-block-list-item\">Dar a conocer el programa YAL y reclutar nuevos miembros potenciales.<\/li>\n\n\n\n<li class=\"wp-block-list-item\">\u00bfTienes un hermano y\/o familiar con T1D? \u00a1T\u00fa (\u00a1y ellos!) sois bienvenidos! <\/li>\n<\/ul>\n<\/div>\n<\/div>\n<\/div>\n\n<div class=\"wp-block-group alignfull has-white-color has-navy-background-color has-text-color has-background has-link-color wp-elements-4eabce902dbdfd191be03f831cb307b3 is-layout-constrained wp-block-group-is-layout-constrained\" style=\"padding-top:var(--wp--preset--spacing--72);padding-bottom:var(--wp--preset--spacing--72)\">\n<div class=\"wp-block-columns is-layout-flex wp-container-core-columns-is-layout-28f84493 wp-block-columns-is-layout-flex has-2-columns\">\n<div class=\"wp-block-column is-layout-flow wp-block-column-is-layout-flow\" style=\"flex-basis:66.66%\">\n<h2 class=\"wp-block-heading has-h-3-font-size\" id=\"interested-get-involved-1\">\u00bfTe interesa? \u00a1Participa!<\/h2>\n\n\n\n<p class=\"wp-block-paragraph\">\u00bfEst\u00e1s interesado en unirte al programa de J\u00f3venes L\u00edderes de la Abogac\u00eda? \u00a1Completa cinco retos de promoci\u00f3n para empezar! <\/p>\n<\/div>\n\n\n\n<div class=\"wp-block-column is-vertically-aligned-center is-layout-flow wp-block-column-is-layout-flow\" style=\"flex-basis:33.33%\">\n<div class=\"wp-block-buttons is-content-justification-right is-layout-flex wp-container-core-buttons-is-layout-d445cf74 wp-block-buttons-is-layout-flex\">\n<div class=\"wp-block-button\"><a class=\"wp-block-button__link wp-element-button\" href=\"https:\/\/www.breakthrought1d.org\/advocacy\/yal-signup\">\u00a1Inscr\u00edbete ya!<\/a><\/div>\n<\/div>\n<\/div>\n<\/div>\n\n\n\n<p class=\"wp-block-paragraph\"><em>Pueden solicitarlo los j\u00f3venes de 17 a\u00f1os o menos.  <\/em><\/p>\n<\/div>\n\n<div class=\"wp-block-group alignfull is-layout-constrained wp-block-group-is-layout-constrained\">\n<div class=\"wp-block-media-text is-stacked-on-mobile\"><figure class=\"wp-block-media-text__media\"><img loading=\"lazy\" decoding=\"async\" width=\"1024\" height=\"683\" src=\"https:\/\/www.breakthrought1d.org\/wp-content\/uploads\/2024\/05\/advocacy-news-hero-1024x683.jpg\" alt=\"Advocating at Capital Hill For Type 1 Diabetes Cures\" class=\"wp-image-212258 size-full\" srcset=\"https:\/\/www.breakthrought1d.org\/wp-content\/uploads\/2024\/05\/advocacy-news-hero-1024x683.jpg 1024w, https:\/\/www.breakthrought1d.org\/wp-content\/uploads\/2024\/05\/advocacy-news-hero-300x200.jpg 300w, https:\/\/www.breakthrought1d.org\/wp-content\/uploads\/2024\/05\/advocacy-news-hero-768x512.jpg 768w, https:\/\/www.breakthrought1d.org\/wp-content\/uploads\/2024\/05\/advocacy-news-hero-800x533.jpg 800w, https:\/\/www.breakthrought1d.org\/wp-content\/uploads\/2024\/05\/advocacy-news-hero.jpg 1200w\" sizes=\"auto, (max-width: 1024px) 100vw, 1024px\" \/><\/figure><div class=\"wp-block-media-text__content\">\n<h2 class=\"wp-block-heading has-h-3-font-size\" id=\"highlight-for-priority-content-e-g-event-1\">Lo que defendemos<\/h2>\n\n\n\n<p class=\"wp-block-paragraph\" style=\"margin-top:var(--wp--preset--spacing--24);margin-bottom:var(--wp--preset--spacing--32)\">Hasta que haya una cura para la DT1, abogamos por los millones de personas afectadas por esta condici\u00f3n. Inf\u00f3rmate exactamente por qu\u00e9 luchamos. <\/p>\n\n\n\n<div class=\"wp-block-buttons is-layout-flex wp-block-buttons-is-layout-flex\">\n<div class=\"wp-block-button is-style-primary\"><a class=\"wp-block-button__link wp-element-button\" href=\"https:\/\/www.breakthrought1d.org\/es\/explora-defensa\/\">Explora Nuestros Esfuerzos de Defensa<\/a><\/div>\n<\/div>\n<\/div><\/div>\n<\/div>\n\n<p class=\"wp-block-paragraph\"><\/p>\n","protected":false,"raw":""},"excerpt":{"rendered":"<p>Acerca del programa L\u00edder de la Defensa de los J\u00f3venes El programa Breakthrough T1D Youth Advocacy Leader (YAL) tiene como objetivo inspirar a los defensores en ciernes para que compartan sus historias personales y utilicen sus voces en nombre de la comunidad de la diabetes tipo 1 (T1D) para avanzar en cuestiones que son importantes [&hellip;]<\/p>\n","protected":false},"author":1100,"featured_media":0,"parent":212307,"menu_order":0,"comment_status":"closed","ping_status":"closed","template":"","meta":{"_acf_changed":false,"ep_exclude_from_search":false,"publish_on_app_meta":"True","iawp_total_views":8,"footnotes":""},"class_list":["post-218561","page","type-page","status-publish","hentry"],"acf":[],"yoast_head":"<!-- This site is optimized with the Yoast SEO plugin v27.3 - https:\/\/yoast.com\/product\/yoast-seo-wordpress\/ -->\n<title>Programa de J\u00f3venes L\u00edderes de Defensa - Breakthrough T1D<\/title>\n<meta name=\"description\" content=\"Nuestro programa L\u00edder Juvenil de Defensa tiene como objetivo inspirar a los defensores en ciernes para que ayuden a apoyar la legislaci\u00f3n y las pol\u00edticas que beneficien a la comunidad de T1D.\" \/>\n<meta name=\"robots\" content=\"index, follow, max-snippet:-1, max-image-preview:large, max-video-preview:-1\" \/>\n<link rel=\"canonical\" href=\"https:\/\/www.breakthrought1d.org\/es\/defensa\/programa-de-jovenes-lideres-de-defensa\/\" \/>\n<meta property=\"og:locale\" content=\"es_ES\" \/>\n<meta property=\"og:type\" content=\"article\" \/>\n<meta property=\"og:title\" content=\"Programa de J\u00f3venes L\u00edderes de Defensa - Breakthrough T1D\" \/>\n<meta property=\"og:description\" content=\"Nuestro programa L\u00edder Juvenil de Defensa tiene como objetivo inspirar a los defensores en ciernes para que ayuden a apoyar la legislaci\u00f3n y las pol\u00edticas que beneficien a la comunidad de T1D.\" \/>\n<meta property=\"og:url\" content=\"https:\/\/www.breakthrought1d.org\/es\/defensa\/programa-de-jovenes-lideres-de-defensa\/\" \/>\n<meta property=\"og:site_name\" content=\"Breakthrough T1D\" \/>\n<meta property=\"article:publisher\" content=\"https:\/\/www.facebook.com\/breakthrought1dHQ\" \/>\n<meta property=\"article:modified_time\" content=\"2025-08-08T18:41:07+00:00\" \/>\n<meta property=\"og:image\" content=\"https:\/\/www.breakthrought1d.org\/wp-content\/uploads\/2025\/02\/Youth-group-working-together.jpg\" \/>\n\t<meta property=\"og:image:width\" content=\"1908\" \/>\n\t<meta property=\"og:image:height\" content=\"1273\" \/>\n\t<meta property=\"og:image:type\" content=\"image\/jpeg\" \/>\n<meta name=\"twitter:card\" content=\"summary_large_image\" \/>\n<meta name=\"twitter:site\" content=\"@breakthrought1d\" \/>\n<meta name=\"twitter:label1\" content=\"Tiempo de lectura\" \/>\n\t<meta name=\"twitter:data1\" content=\"2 minutos\" \/>\n<script type=\"application\/ld+json\" class=\"yoast-schema-graph\">{\"@context\":\"https:\\\/\\\/schema.org\",\"@graph\":[{\"@type\":\"WebPage\",\"@id\":\"https:\\\/\\\/www.breakthrought1d.org\\\/es\\\/defensa\\\/programa-de-jovenes-lideres-de-defensa\\\/\",\"url\":\"https:\\\/\\\/www.breakthrought1d.org\\\/es\\\/defensa\\\/programa-de-jovenes-lideres-de-defensa\\\/\",\"name\":\"Programa de J\u00f3venes L\u00edderes de Defensa - Breakthrough T1D\",\"isPartOf\":{\"@id\":\"https:\\\/\\\/www.breakthrought1d.org\\\/es\\\/#website\"},\"primaryImageOfPage\":{\"@id\":\"https:\\\/\\\/www.breakthrought1d.org\\\/es\\\/defensa\\\/programa-de-jovenes-lideres-de-defensa\\\/#primaryimage\"},\"image\":{\"@id\":\"https:\\\/\\\/www.breakthrought1d.org\\\/es\\\/defensa\\\/programa-de-jovenes-lideres-de-defensa\\\/#primaryimage\"},\"thumbnailUrl\":\"https:\\\/\\\/www.breakthrought1d.org\\\/wp-content\\\/uploads\\\/2025\\\/02\\\/Youth-group-working-together-1024x683.jpg\",\"datePublished\":\"2025-02-13T15:04:29+00:00\",\"dateModified\":\"2025-08-08T18:41:07+00:00\",\"description\":\"Nuestro programa L\u00edder Juvenil de Defensa tiene como objetivo inspirar a los defensores en ciernes para que ayuden a apoyar la legislaci\u00f3n y las pol\u00edticas que beneficien a la comunidad de T1D.\",\"breadcrumb\":{\"@id\":\"https:\\\/\\\/www.breakthrought1d.org\\\/es\\\/defensa\\\/programa-de-jovenes-lideres-de-defensa\\\/#breadcrumb\"},\"inLanguage\":\"es\",\"potentialAction\":[{\"@type\":\"ReadAction\",\"target\":[\"https:\\\/\\\/www.breakthrought1d.org\\\/es\\\/defensa\\\/programa-de-jovenes-lideres-de-defensa\\\/\"]}]},{\"@type\":\"ImageObject\",\"inLanguage\":\"es\",\"@id\":\"https:\\\/\\\/www.breakthrought1d.org\\\/es\\\/defensa\\\/programa-de-jovenes-lideres-de-defensa\\\/#primaryimage\",\"url\":\"https:\\\/\\\/www.breakthrought1d.org\\\/wp-content\\\/uploads\\\/2025\\\/02\\\/Youth-group-working-together-1024x683.jpg\",\"contentUrl\":\"https:\\\/\\\/www.breakthrought1d.org\\\/wp-content\\\/uploads\\\/2025\\\/02\\\/Youth-group-working-together-1024x683.jpg\"},{\"@type\":\"BreadcrumbList\",\"@id\":\"https:\\\/\\\/www.breakthrought1d.org\\\/es\\\/defensa\\\/programa-de-jovenes-lideres-de-defensa\\\/#breadcrumb\",\"itemListElement\":[{\"@type\":\"ListItem\",\"position\":1,\"name\":\"Inicio\",\"item\":\"https:\\\/\\\/www.breakthrought1d.org\\\/es\\\/\"},{\"@type\":\"ListItem\",\"position\":2,\"name\":\"\u00danete a Nuestro Movimiento de Defensa\",\"item\":\"https:\\\/\\\/www.breakthrought1d.org\\\/es\\\/defensa\\\/\"},{\"@type\":\"ListItem\",\"position\":3,\"name\":\"Programa de J\u00f3venes L\u00edderes de Defensa\"}]},{\"@type\":\"WebSite\",\"@id\":\"https:\\\/\\\/www.breakthrought1d.org\\\/es\\\/#website\",\"url\":\"https:\\\/\\\/www.breakthrought1d.org\\\/es\\\/\",\"name\":\"Breakthrough T1D\",\"description\":\"Improving Lives. Curing Type 1 Diabetes.\",\"publisher\":{\"@id\":\"https:\\\/\\\/www.breakthrought1d.org\\\/es\\\/#organization\"},\"potentialAction\":[{\"@type\":\"SearchAction\",\"target\":{\"@type\":\"EntryPoint\",\"urlTemplate\":\"https:\\\/\\\/www.breakthrought1d.org\\\/es\\\/?s={search_term_string}\"},\"query-input\":{\"@type\":\"PropertyValueSpecification\",\"valueRequired\":true,\"valueName\":\"search_term_string\"}}],\"inLanguage\":\"es\"},{\"@type\":\"Organization\",\"@id\":\"https:\\\/\\\/www.breakthrought1d.org\\\/es\\\/#organization\",\"name\":\"Breakthrough T1D\",\"url\":\"https:\\\/\\\/www.breakthrought1d.org\\\/es\\\/\",\"logo\":{\"@type\":\"ImageObject\",\"inLanguage\":\"es\",\"@id\":\"https:\\\/\\\/www.breakthrought1d.org\\\/es\\\/#\\\/schema\\\/logo\\\/image\\\/\",\"url\":\"https:\\\/\\\/www.breakthrought1d.org\\\/wp-content\\\/uploads\\\/2024\\\/06\\\/BT1D-favi.png\",\"contentUrl\":\"https:\\\/\\\/www.breakthrought1d.org\\\/wp-content\\\/uploads\\\/2024\\\/06\\\/BT1D-favi.png\",\"width\":400,\"height\":400,\"caption\":\"Breakthrough T1D\"},\"image\":{\"@id\":\"https:\\\/\\\/www.breakthrought1d.org\\\/es\\\/#\\\/schema\\\/logo\\\/image\\\/\"},\"sameAs\":[\"https:\\\/\\\/www.facebook.com\\\/breakthrought1dHQ\",\"https:\\\/\\\/x.com\\\/breakthrought1d\",\"https:\\\/\\\/www.youtube.com\\\/@breakthrought1d\",\"https:\\\/\\\/www.instagram.com\\\/breakthrought1d\\\/\",\"https:\\\/\\\/www.tiktok.com\\\/@breakthrought1dhq\"]}]}<\/script>\n<!-- \/ Yoast SEO plugin. -->","yoast_head_json":{"title":"Programa de J\u00f3venes L\u00edderes de Defensa - Breakthrough T1D","description":"Nuestro programa L\u00edder Juvenil de Defensa tiene como objetivo inspirar a los defensores en ciernes para que ayuden a apoyar la legislaci\u00f3n y las pol\u00edticas que beneficien a la comunidad de T1D.","robots":{"index":"index","follow":"follow","max-snippet":"max-snippet:-1","max-image-preview":"max-image-preview:large","max-video-preview":"max-video-preview:-1"},"canonical":"https:\/\/www.breakthrought1d.org\/es\/defensa\/programa-de-jovenes-lideres-de-defensa\/","og_locale":"es_ES","og_type":"article","og_title":"Programa de J\u00f3venes L\u00edderes de Defensa - Breakthrough T1D","og_description":"Nuestro programa L\u00edder Juvenil de Defensa tiene como objetivo inspirar a los defensores en ciernes para que ayuden a apoyar la legislaci\u00f3n y las pol\u00edticas que beneficien a la comunidad de T1D.","og_url":"https:\/\/www.breakthrought1d.org\/es\/defensa\/programa-de-jovenes-lideres-de-defensa\/","og_site_name":"Breakthrough T1D","article_publisher":"https:\/\/www.facebook.com\/breakthrought1dHQ","article_modified_time":"2025-08-08T18:41:07+00:00","og_image":[{"width":1908,"height":1273,"url":"https:\/\/www.breakthrought1d.org\/wp-content\/uploads\/2025\/02\/Youth-group-working-together.jpg","type":"image\/jpeg"}],"twitter_card":"summary_large_image","twitter_site":"@breakthrought1d","twitter_misc":{"Tiempo de lectura":"2 minutos"},"schema":{"@context":"https:\/\/schema.org","@graph":[{"@type":"WebPage","@id":"https:\/\/www.breakthrought1d.org\/es\/defensa\/programa-de-jovenes-lideres-de-defensa\/","url":"https:\/\/www.breakthrought1d.org\/es\/defensa\/programa-de-jovenes-lideres-de-defensa\/","name":"Programa de J\u00f3venes L\u00edderes de Defensa - Breakthrough T1D","isPartOf":{"@id":"https:\/\/www.breakthrought1d.org\/es\/#website"},"primaryImageOfPage":{"@id":"https:\/\/www.breakthrought1d.org\/es\/defensa\/programa-de-jovenes-lideres-de-defensa\/#primaryimage"},"image":{"@id":"https:\/\/www.breakthrought1d.org\/es\/defensa\/programa-de-jovenes-lideres-de-defensa\/#primaryimage"},"thumbnailUrl":"https:\/\/www.breakthrought1d.org\/wp-content\/uploads\/2025\/02\/Youth-group-working-together-1024x683.jpg","datePublished":"2025-02-13T15:04:29+00:00","dateModified":"2025-08-08T18:41:07+00:00","description":"Nuestro programa L\u00edder Juvenil de Defensa tiene como objetivo inspirar a los defensores en ciernes para que ayuden a apoyar la legislaci\u00f3n y las pol\u00edticas que beneficien a la comunidad de T1D.","breadcrumb":{"@id":"https:\/\/www.breakthrought1d.org\/es\/defensa\/programa-de-jovenes-lideres-de-defensa\/#breadcrumb"},"inLanguage":"es","potentialAction":[{"@type":"ReadAction","target":["https:\/\/www.breakthrought1d.org\/es\/defensa\/programa-de-jovenes-lideres-de-defensa\/"]}]},{"@type":"ImageObject","inLanguage":"es","@id":"https:\/\/www.breakthrought1d.org\/es\/defensa\/programa-de-jovenes-lideres-de-defensa\/#primaryimage","url":"https:\/\/www.breakthrought1d.org\/wp-content\/uploads\/2025\/02\/Youth-group-working-together-1024x683.jpg","contentUrl":"https:\/\/www.breakthrought1d.org\/wp-content\/uploads\/2025\/02\/Youth-group-working-together-1024x683.jpg"},{"@type":"BreadcrumbList","@id":"https:\/\/www.breakthrought1d.org\/es\/defensa\/programa-de-jovenes-lideres-de-defensa\/#breadcrumb","itemListElement":[{"@type":"ListItem","position":1,"name":"Inicio","item":"https:\/\/www.breakthrought1d.org\/es\/"},{"@type":"ListItem","position":2,"name":"\u00danete a Nuestro Movimiento de Defensa","item":"https:\/\/www.breakthrought1d.org\/es\/defensa\/"},{"@type":"ListItem","position":3,"name":"Programa de J\u00f3venes L\u00edderes de Defensa"}]},{"@type":"WebSite","@id":"https:\/\/www.breakthrought1d.org\/es\/#website","url":"https:\/\/www.breakthrought1d.org\/es\/","name":"Breakthrough T1D","description":"Improving Lives. Curing Type 1 Diabetes.","publisher":{"@id":"https:\/\/www.breakthrought1d.org\/es\/#organization"},"potentialAction":[{"@type":"SearchAction","target":{"@type":"EntryPoint","urlTemplate":"https:\/\/www.breakthrought1d.org\/es\/?s={search_term_string}"},"query-input":{"@type":"PropertyValueSpecification","valueRequired":true,"valueName":"search_term_string"}}],"inLanguage":"es"},{"@type":"Organization","@id":"https:\/\/www.breakthrought1d.org\/es\/#organization","name":"Breakthrough T1D","url":"https:\/\/www.breakthrought1d.org\/es\/","logo":{"@type":"ImageObject","inLanguage":"es","@id":"https:\/\/www.breakthrought1d.org\/es\/#\/schema\/logo\/image\/","url":"https:\/\/www.breakthrought1d.org\/wp-content\/uploads\/2024\/06\/BT1D-favi.png","contentUrl":"https:\/\/www.breakthrought1d.org\/wp-content\/uploads\/2024\/06\/BT1D-favi.png","width":400,"height":400,"caption":"Breakthrough T1D"},"image":{"@id":"https:\/\/www.breakthrought1d.org\/es\/#\/schema\/logo\/image\/"},"sameAs":["https:\/\/www.facebook.com\/breakthrought1dHQ","https:\/\/x.com\/breakthrought1d","https:\/\/www.youtube.com\/@breakthrought1d","https:\/\/www.instagram.com\/breakthrought1d\/","https:\/\/www.tiktok.com\/@breakthrought1dhq"]}]}},"_links":{"self":[{"href":"https:\/\/www.breakthrought1d.org\/es\/wp-json\/wp\/v2\/pages\/218561","targetHints":{"allow":["GET"]}}],"collection":[{"href":"https:\/\/www.breakthrought1d.org\/es\/wp-json\/wp\/v2\/pages"}],"about":[{"href":"https:\/\/www.breakthrought1d.org\/es\/wp-json\/wp\/v2\/types\/page"}],"author":[{"embeddable":true,"href":"https:\/\/www.breakthrought1d.org\/es\/wp-json\/wp\/v2\/users\/1100"}],"replies":[{"embeddable":true,"href":"https:\/\/www.breakthrought1d.org\/es\/wp-json\/wp\/v2\/comments?post=218561"}],"version-history":[{"count":0,"href":"https:\/\/www.breakthrought1d.org\/es\/wp-json\/wp\/v2\/pages\/218561\/revisions"}],"up":[{"embeddable":true,"href":"https:\/\/www.breakthrought1d.org\/es\/wp-json\/wp\/v2\/pages\/212307"}],"wp:attachment":[{"href":"https:\/\/www.breakthrought1d.org\/es\/wp-json\/wp\/v2\/media?parent=218561"}],"curies":[{"name":"wp","href":"https:\/\/api.w.org\/{rel}","templated":true}]}}